{"id":5720,"date":"2018-03-13T13:15:28","date_gmt":"2018-03-13T13:15:28","guid":{"rendered":"https:\/\/avalencia.com\/wer-bin-ich\/"},"modified":"2022-11-26T18:55:21","modified_gmt":"2022-11-26T18:55:21","slug":"stadtfuehrungen-in-valencia","status":"publish","type":"page","link":"https:\/\/avalencia.com\/de\/stadtfuehrungen-in-valencia\/","title":{"rendered":"Wer Bin ich?"},"content":{"rendered":"<div  class='avia-table main_color avia-pricing-table-container  avia_pricing_default   avia-builder-el-0  el_before_av_textblock  avia-builder-el-first  avia-table-1'  itemscope=\"itemscope\" itemtype=\"https:\/\/schema.org\/Table\" ><div class='pricing-table-wrap'><ul class='pricing-table '><li class=''><div class='first-table-item'><div id=\"TA_linkingWidgetRedesign952\" class=\"TA_linkingWidgetRedesign\">\n<ul id=\"FOZNALfgvA7\" class=\"TA_links vhJXpk8OuNXi\">\n<li id=\"Pi8Z3U\" class=\"tX4q3w\"><a href=\"https:\/\/www.tripadvisor.es\/\" target=\"_blank\" rel=\"noopener noreferrer\"><img decoding=\"async\" src=\"https:\/\/www.tripadvisor.es\/img\/cdsi\/partner\/tripadvisor_logo_115x18-15079-2.gif\" alt=\"TripAdvisor\"><\/a><\/li>\n<\/ul>\n<\/div>\n<p><script async=\"\" src=\"https:\/\/www.jscache.com\/wejs?wtype=linkingWidgetRedesign&#038;uniq=952&#038;locationId=15224628&#038;lang=es&#038;border=true&#038;display_version=2\" data-loadtrk=\"\" onload=\"this.loadtrk=true\"><\/script><\/div><span class='pricing-extra'><\/span><\/li><\/ul><\/div><\/div>\n<section class=\"av_textblock_section \"  itemscope=\"itemscope\" itemtype=\"https:\/\/schema.org\/CreativeWork\" ><div class='avia_textblock   av-small-font-size-overwrite av-small-font-size-18 av-mini-font-size-overwrite av-mini-font-size-18'   itemprop=\"text\" ><h2 class=\"wp-block-heading\" style=\"text-align: center;\"><strong>Stadtf\u00fchrungen in Valencia<\/strong><\/h2>\n<h3 style=\"text-align: center;\"><strong>Angela Mar\u00ed Soler<\/strong><\/h3>\n<h2><img decoding=\"async\" class=\"aligncenter wp-image-15252 size-medium\" src=\"https:\/\/avalencia.com\/wp-content\/uploads\/2022\/07\/32-Quien-soy--264x300.webp\" alt=\"Stadtf\u00fchrer Valencia\" width=\"264\" height=\"300\" srcset=\"https:\/\/avalencia.com\/wp-content\/uploads\/2022\/07\/32-Quien-soy--264x300.webp 264w, https:\/\/avalencia.com\/wp-content\/uploads\/2022\/07\/32-Quien-soy-.webp 347w\" sizes=\"(max-width: 264px) 100vw, 264px\" \/><\/h2>\n<p>Ich bin staatlich anerkannte Fremdenf\u00fchrerin in Valencia, Mitglied des Fremdenverkehrsvereins von der Autonomienregion Valencia. Ich arbeite schon seit 20 Jahren als heimische Stadtf\u00fchrerin und ich sage Ihnen, das ist meine Leidenschaft!<\/p>\n<p>Ich kann f\u00fcr Sie individuell abgestimmte F\u00fchrungen organisieren, weil ich \u00fcber eine gro\u03b2e Erfahrung verf\u00fcge.<\/p>\n<p>Valencia ist eine dynamische Stadt, die sich in den letzten Jahren viel ver\u00e4ndert hat. Dar\u00fcberhinaus ist Valencia eine historische Stadt, deren gro\u03b2e architektonische Erbe von den r\u00f6mischen Urspr\u00fcngen bis zu der modernen avantgardistischen Architektur des ber\u00fchmten valencianischen Architekten Santiago Calatrava reicht.<\/p>\n<p>Valencia und Umgebung hat noch mehr zu bieten, wie der Naturpark Albufera, Wassersport am Meer, der Segelhafen des Americas&#8217; Cup, Str\u00e4nde mit guten Restaurants, Fahrradtouren und ein lebendiges Nachtleben.<\/p>\n<p>Ich biete Stadtbesichtigungen f\u00fcr Gruppen, Einzelreisende, Agenturen, Betriebe, Vereine und Schulen an.<br \/>\nAu\u03b2erdem mache ich Assistenz am Hafen, am Flughafen, am Bahnhof, Transfers von und zu den Hotels, F\u00fchrungen mit dem Fahrrad, <em>Tapas<\/em> Kostprobe, u.s.w.<\/p>\n<p>Kommen Sie also nach Valencia. Entdecken Sie diese faszinierende Stadt mit einer erfahrenen heimischen Stadtf\u00fchrerin!<\/p>\n<div class=\"wp-block-buttons is-content-justification-center is-layout-flex wp-block-buttons-is-layout-flex\">\n<div class=\"wp-block-button\" style=\"text-align: center;\"><a class=\"wp-block-button__link\" href=\"https:\/\/avalencia.com\/de\/kontakt\/\" target=\"_blank\" rel=\"noreferrer noopener\">Kontakt<\/a><\/div>\n<\/div>\n<h3 class=\"has-text-align-center wp-block-heading\"><\/h3>\n<figure class=\"aligncenter size-large is-resized\"><img decoding=\"async\" class=\"size-medium wp-image-15291 aligncenter\" src=\"https:\/\/avalencia.com\/wp-content\/uploads\/2022\/07\/02-5-Logo-AGO-300x78.webp\" alt=\"\" width=\"300\" height=\"78\" srcset=\"https:\/\/avalencia.com\/wp-content\/uploads\/2022\/07\/02-5-Logo-AGO-300x78.webp 300w, https:\/\/avalencia.com\/wp-content\/uploads\/2022\/07\/02-5-Logo-AGO.webp 383w\" sizes=\"(max-width: 300px) 100vw, 300px\" \/><br \/>\n<img decoding=\"async\" class=\"size-medium wp-image-15296 aligncenter\" src=\"https:\/\/avalencia.com\/wp-content\/uploads\/2022\/07\/03-7-Cefapit-paraweb-300x87.webp\" alt=\"\" width=\"300\" height=\"87\" srcset=\"https:\/\/avalencia.com\/wp-content\/uploads\/2022\/07\/03-7-Cefapit-paraweb-300x87.webp 300w, https:\/\/avalencia.com\/wp-content\/uploads\/2022\/07\/03-7-Cefapit-paraweb.webp 380w\" sizes=\"(max-width: 300px) 100vw, 300px\" \/><\/figure>\n<\/div><\/section>\n<div  class='av-social-sharing-box  avia-builder-el-2  el_after_av_textblock  avia-builder-el-last  '><div class='av-share-box'><h5 class='av-share-link-description av-no-toc '>Teilen<\/h5><ul class='av-share-box-list noLightbox'><li class='av-share-link av-social-link-facebook' ><a target=\"_blank\" aria-label=\"Teilen auf Facebook\" href='https:\/\/www.facebook.com\/sharer.php?u=https:\/\/avalencia.com\/de\/stadtfuehrungen-in-valencia\/&#038;t=Wer%20Bin%20ich%3F' aria-hidden='false' data-av_icon='\ue8f3' data-av_iconfont='entypo-fontello' title='' data-avia-related-tooltip='Teilen auf Facebook' rel=\"noopener\"><span class='avia_hidden_link_text'>Teilen auf Facebook<\/span><\/a><\/li><li class='av-share-link av-social-link-twitter' ><a target=\"_blank\" aria-label=\"Teilen auf Twitter\" href='https:\/\/twitter.com\/share?text=Wer%20Bin%20ich%3F&#038;url=https:\/\/avalencia.com\/de\/?p=5720' aria-hidden='false' data-av_icon='\ue8f1' data-av_iconfont='entypo-fontello' title='' data-avia-related-tooltip='Teilen auf Twitter' rel=\"noopener\"><span class='avia_hidden_link_text'>Teilen auf Twitter<\/span><\/a><\/li><li class='av-share-link av-social-link-pinterest' ><a target=\"_blank\" aria-label=\"Teilen auf Pinterest\" href='https:\/\/pinterest.com\/pin\/create\/button\/?url=https%3A%2F%2Favalencia.com%2Fde%2Fstadtfuehrungen-in-valencia%2F&#038;description=Wer%20Bin%20ich%3F&#038;media=https%3A%2F%2Favalencia.com%2Fwp-content%2Fuploads%2F2022%2F07%2F32-Quien-soy-.webp' aria-hidden='false' data-av_icon='\ue8f8' data-av_iconfont='entypo-fontello' title='' data-avia-related-tooltip='Teilen auf Pinterest' rel=\"noopener\"><span class='avia_hidden_link_text'>Teilen auf Pinterest<\/span><\/a><\/li><li class='av-share-link av-social-link-linkedin' ><a target=\"_blank\" aria-label=\"Teilen auf LinkedIn\" href='https:\/\/linkedin.com\/shareArticle?mini=true&#038;title=Wer%20Bin%20ich%3F&#038;url=https:\/\/avalencia.com\/de\/stadtfuehrungen-in-valencia\/' aria-hidden='false' data-av_icon='\ue8fc' data-av_iconfont='entypo-fontello' title='' data-avia-related-tooltip='Teilen auf LinkedIn' rel=\"noopener\"><span class='avia_hidden_link_text'>Teilen auf LinkedIn<\/span><\/a><\/li><li class='av-share-link av-social-link-mail' ><a  aria-label=\"Per E-Mail teilen\" href='mailto:?subject=Wer%20Bin%20ich%3F&#038;body=https:\/\/avalencia.com\/de\/stadtfuehrungen-in-valencia\/' aria-hidden='false' data-av_icon='\ue805' data-av_iconfont='entypo-fontello' title='' data-avia-related-tooltip='Per E-Mail teilen'><span class='avia_hidden_link_text'>Per E-Mail teilen<\/span><\/a><\/li><\/ul><\/div><\/div>\n","protected":false},"excerpt":{"rendered":"<p>Angela Maria Soler &#8211; Guia oficial de turismo Valencia<\/p>\n","protected":false},"author":3,"featured_media":15252,"parent":0,"menu_order":0,"comment_status":"closed","ping_status":"closed","template":"","meta":{"footnotes":""},"class_list":["post-5720","page","type-page","status-publish","has-post-thumbnail","hentry"],"yoast_head":"<!-- This site is optimized with the Yoast SEO plugin v26.8 - https:\/\/yoast.com\/product\/yoast-seo-wordpress\/ -->\n<title>Stadtf\u00fchrungen in Valencia mit offizieller Fremdenf\u00fchrerin \/ AValencia<\/title>\n<meta name=\"description\" content=\"Ich kann individuell abgestimmte F\u00fchrungen f\u00fcr Sie organisieren, weil ich \u00fcber lange Erfahrung verf\u00fcge.Es gibt viele Sehensw\u00fcrdigkeiten hier.\" \/>\n<meta name=\"robots\" content=\"index, follow, max-snippet:-1, max-image-preview:large, max-video-preview:-1\" \/>\n<link rel=\"canonical\" href=\"https:\/\/avalencia.com\/de\/stadtfuehrungen-in-valencia\/\" \/>\n<meta property=\"og:locale\" content=\"de_DE\" \/>\n<meta property=\"og:type\" content=\"article\" \/>\n<meta property=\"og:title\" content=\"Stadtf\u00fchrungen in Valencia mit offizieller Fremdenf\u00fchrerin \/ AValencia\" \/>\n<meta property=\"og:description\" content=\"Ich kann individuell abgestimmte F\u00fchrungen f\u00fcr Sie organisieren, weil ich \u00fcber lange Erfahrung verf\u00fcge.Es gibt viele Sehensw\u00fcrdigkeiten hier.\" \/>\n<meta property=\"og:url\" content=\"https:\/\/avalencia.com\/de\/stadtfuehrungen-in-valencia\/\" \/>\n<meta property=\"og:site_name\" content=\"AVALENCIA\" \/>\n<meta property=\"article:publisher\" content=\"https:\/\/www.facebook.com\/angela.marisoler\" \/>\n<meta property=\"article:modified_time\" content=\"2022-11-26T18:55:21+00:00\" \/>\n<meta property=\"og:image\" content=\"https:\/\/avalencia.com\/wp-content\/uploads\/2022\/07\/32-Quien-soy-.webp\" \/>\n\t<meta property=\"og:image:width\" content=\"347\" \/>\n\t<meta property=\"og:image:height\" content=\"395\" \/>\n\t<meta property=\"og:image:type\" content=\"image\/webp\" \/>\n<meta name=\"twitter:card\" content=\"summary_large_image\" \/>\n<meta name=\"twitter:site\" content=\"@angelamari400\" \/>\n<meta name=\"twitter:label1\" content=\"Est. reading time\" \/>\n\t<meta name=\"twitter:data1\" content=\"2 minutes\" \/>\n<script type=\"application\/ld+json\" class=\"yoast-schema-graph\">{\"@context\":\"https:\/\/schema.org\",\"@graph\":[{\"@type\":\"WebPage\",\"@id\":\"https:\/\/avalencia.com\/de\/stadtfuehrungen-in-valencia\/\",\"url\":\"https:\/\/avalencia.com\/de\/stadtfuehrungen-in-valencia\/\",\"name\":\"Stadtf\u00fchrungen in Valencia mit offizieller Fremdenf\u00fchrerin \/ AValencia\",\"isPartOf\":{\"@id\":\"https:\/\/avalencia.com\/de\/#website\"},\"primaryImageOfPage\":{\"@id\":\"https:\/\/avalencia.com\/de\/stadtfuehrungen-in-valencia\/#primaryimage\"},\"image\":{\"@id\":\"https:\/\/avalencia.com\/de\/stadtfuehrungen-in-valencia\/#primaryimage\"},\"thumbnailUrl\":\"https:\/\/avalencia.com\/wp-content\/uploads\/2022\/07\/32-Quien-soy-.webp\",\"datePublished\":\"2018-03-13T13:15:28+00:00\",\"dateModified\":\"2022-11-26T18:55:21+00:00\",\"description\":\"Ich kann individuell abgestimmte F\u00fchrungen f\u00fcr Sie organisieren, weil ich \u00fcber lange Erfahrung verf\u00fcge.Es gibt viele Sehensw\u00fcrdigkeiten hier.\",\"breadcrumb\":{\"@id\":\"https:\/\/avalencia.com\/de\/stadtfuehrungen-in-valencia\/#breadcrumb\"},\"inLanguage\":\"de-DE\",\"potentialAction\":[{\"@type\":\"ReadAction\",\"target\":[\"https:\/\/avalencia.com\/de\/stadtfuehrungen-in-valencia\/\"]}]},{\"@type\":\"ImageObject\",\"inLanguage\":\"de-DE\",\"@id\":\"https:\/\/avalencia.com\/de\/stadtfuehrungen-in-valencia\/#primaryimage\",\"url\":\"https:\/\/avalencia.com\/wp-content\/uploads\/2022\/07\/32-Quien-soy-.webp\",\"contentUrl\":\"https:\/\/avalencia.com\/wp-content\/uploads\/2022\/07\/32-Quien-soy-.webp\",\"width\":347,\"height\":395,\"caption\":\"Gu\u00eda en Valencia\"},{\"@type\":\"BreadcrumbList\",\"@id\":\"https:\/\/avalencia.com\/de\/stadtfuehrungen-in-valencia\/#breadcrumb\",\"itemListElement\":[{\"@type\":\"ListItem\",\"position\":1,\"name\":\"Portada\",\"item\":\"https:\/\/avalencia.com\/de\/\"},{\"@type\":\"ListItem\",\"position\":2,\"name\":\"Wer Bin ich?\"}]},{\"@type\":\"WebSite\",\"@id\":\"https:\/\/avalencia.com\/de\/#website\",\"url\":\"https:\/\/avalencia.com\/de\/\",\"name\":\"AVALENCIA\",\"description\":\"Visitas culturales por Valencia y alrededores\",\"publisher\":{\"@id\":\"https:\/\/avalencia.com\/de\/#organization\"},\"potentialAction\":[{\"@type\":\"SearchAction\",\"target\":{\"@type\":\"EntryPoint\",\"urlTemplate\":\"https:\/\/avalencia.com\/de\/?s={search_term_string}\"},\"query-input\":{\"@type\":\"PropertyValueSpecification\",\"valueRequired\":true,\"valueName\":\"search_term_string\"}}],\"inLanguage\":\"de-DE\"},{\"@type\":\"Organization\",\"@id\":\"https:\/\/avalencia.com\/de\/#organization\",\"name\":\"Gu\u00eda Valencia\",\"url\":\"https:\/\/avalencia.com\/de\/\",\"logo\":{\"@type\":\"ImageObject\",\"inLanguage\":\"de-DE\",\"@id\":\"https:\/\/avalencia.com\/de\/#\/schema\/logo\/image\/\",\"url\":\"\",\"contentUrl\":\"\",\"caption\":\"Gu\u00eda Valencia\"},\"image\":{\"@id\":\"https:\/\/avalencia.com\/de\/#\/schema\/logo\/image\/\"},\"sameAs\":[\"https:\/\/www.facebook.com\/angela.marisoler\",\"https:\/\/x.com\/angelamari400\",\"https:\/\/www.instagram.com\/angelamarisoler\/\",\"https:\/\/www.linkedin.com\/feed\/?trk=guest_homepage-basic_sign-in-submit\",\"https:\/\/www.youtube.com\/channel\/UC4bWyTV2CWI65Qf0r1pjuXg?view_as=subscriber\"]}]}<\/script>\n<!-- \/ Yoast SEO plugin. -->","yoast_head_json":{"title":"Stadtf\u00fchrungen in Valencia mit offizieller Fremdenf\u00fchrerin \/ AValencia","description":"Ich kann individuell abgestimmte F\u00fchrungen f\u00fcr Sie organisieren, weil ich \u00fcber lange Erfahrung verf\u00fcge.Es gibt viele Sehensw\u00fcrdigkeiten hier.","robots":{"index":"index","follow":"follow","max-snippet":"max-snippet:-1","max-image-preview":"max-image-preview:large","max-video-preview":"max-video-preview:-1"},"canonical":"https:\/\/avalencia.com\/de\/stadtfuehrungen-in-valencia\/","og_locale":"de_DE","og_type":"article","og_title":"Stadtf\u00fchrungen in Valencia mit offizieller Fremdenf\u00fchrerin \/ AValencia","og_description":"Ich kann individuell abgestimmte F\u00fchrungen f\u00fcr Sie organisieren, weil ich \u00fcber lange Erfahrung verf\u00fcge.Es gibt viele Sehensw\u00fcrdigkeiten hier.","og_url":"https:\/\/avalencia.com\/de\/stadtfuehrungen-in-valencia\/","og_site_name":"AVALENCIA","article_publisher":"https:\/\/www.facebook.com\/angela.marisoler","article_modified_time":"2022-11-26T18:55:21+00:00","og_image":[{"width":347,"height":395,"url":"https:\/\/avalencia.com\/wp-content\/uploads\/2022\/07\/32-Quien-soy-.webp","type":"image\/webp"}],"twitter_card":"summary_large_image","twitter_site":"@angelamari400","twitter_misc":{"Est. reading time":"2 minutes"},"schema":{"@context":"https:\/\/schema.org","@graph":[{"@type":"WebPage","@id":"https:\/\/avalencia.com\/de\/stadtfuehrungen-in-valencia\/","url":"https:\/\/avalencia.com\/de\/stadtfuehrungen-in-valencia\/","name":"Stadtf\u00fchrungen in Valencia mit offizieller Fremdenf\u00fchrerin \/ AValencia","isPartOf":{"@id":"https:\/\/avalencia.com\/de\/#website"},"primaryImageOfPage":{"@id":"https:\/\/avalencia.com\/de\/stadtfuehrungen-in-valencia\/#primaryimage"},"image":{"@id":"https:\/\/avalencia.com\/de\/stadtfuehrungen-in-valencia\/#primaryimage"},"thumbnailUrl":"https:\/\/avalencia.com\/wp-content\/uploads\/2022\/07\/32-Quien-soy-.webp","datePublished":"2018-03-13T13:15:28+00:00","dateModified":"2022-11-26T18:55:21+00:00","description":"Ich kann individuell abgestimmte F\u00fchrungen f\u00fcr Sie organisieren, weil ich \u00fcber lange Erfahrung verf\u00fcge.Es gibt viele Sehensw\u00fcrdigkeiten hier.","breadcrumb":{"@id":"https:\/\/avalencia.com\/de\/stadtfuehrungen-in-valencia\/#breadcrumb"},"inLanguage":"de-DE","potentialAction":[{"@type":"ReadAction","target":["https:\/\/avalencia.com\/de\/stadtfuehrungen-in-valencia\/"]}]},{"@type":"ImageObject","inLanguage":"de-DE","@id":"https:\/\/avalencia.com\/de\/stadtfuehrungen-in-valencia\/#primaryimage","url":"https:\/\/avalencia.com\/wp-content\/uploads\/2022\/07\/32-Quien-soy-.webp","contentUrl":"https:\/\/avalencia.com\/wp-content\/uploads\/2022\/07\/32-Quien-soy-.webp","width":347,"height":395,"caption":"Gu\u00eda en Valencia"},{"@type":"BreadcrumbList","@id":"https:\/\/avalencia.com\/de\/stadtfuehrungen-in-valencia\/#breadcrumb","itemListElement":[{"@type":"ListItem","position":1,"name":"Portada","item":"https:\/\/avalencia.com\/de\/"},{"@type":"ListItem","position":2,"name":"Wer Bin ich?"}]},{"@type":"WebSite","@id":"https:\/\/avalencia.com\/de\/#website","url":"https:\/\/avalencia.com\/de\/","name":"AVALENCIA","description":"Visitas culturales por Valencia y alrededores","publisher":{"@id":"https:\/\/avalencia.com\/de\/#organization"},"potentialAction":[{"@type":"SearchAction","target":{"@type":"EntryPoint","urlTemplate":"https:\/\/avalencia.com\/de\/?s={search_term_string}"},"query-input":{"@type":"PropertyValueSpecification","valueRequired":true,"valueName":"search_term_string"}}],"inLanguage":"de-DE"},{"@type":"Organization","@id":"https:\/\/avalencia.com\/de\/#organization","name":"Gu\u00eda Valencia","url":"https:\/\/avalencia.com\/de\/","logo":{"@type":"ImageObject","inLanguage":"de-DE","@id":"https:\/\/avalencia.com\/de\/#\/schema\/logo\/image\/","url":"","contentUrl":"","caption":"Gu\u00eda Valencia"},"image":{"@id":"https:\/\/avalencia.com\/de\/#\/schema\/logo\/image\/"},"sameAs":["https:\/\/www.facebook.com\/angela.marisoler","https:\/\/x.com\/angelamari400","https:\/\/www.instagram.com\/angelamarisoler\/","https:\/\/www.linkedin.com\/feed\/?trk=guest_homepage-basic_sign-in-submit","https:\/\/www.youtube.com\/channel\/UC4bWyTV2CWI65Qf0r1pjuXg?view_as=subscriber"]}]}},"featured_image_src":"https:\/\/avalencia.com\/wp-content\/uploads\/2022\/07\/32-Quien-soy-.webp","featured_image_src_square":"https:\/\/avalencia.com\/wp-content\/uploads\/2022\/07\/32-Quien-soy-.webp","_links":{"self":[{"href":"https:\/\/avalencia.com\/de\/wp-json\/wp\/v2\/pages\/5720","targetHints":{"allow":["GET"]}}],"collection":[{"href":"https:\/\/avalencia.com\/de\/wp-json\/wp\/v2\/pages"}],"about":[{"href":"https:\/\/avalencia.com\/de\/wp-json\/wp\/v2\/types\/page"}],"author":[{"embeddable":true,"href":"https:\/\/avalencia.com\/de\/wp-json\/wp\/v2\/users\/3"}],"replies":[{"embeddable":true,"href":"https:\/\/avalencia.com\/de\/wp-json\/wp\/v2\/comments?post=5720"}],"version-history":[{"count":0,"href":"https:\/\/avalencia.com\/de\/wp-json\/wp\/v2\/pages\/5720\/revisions"}],"wp:featuredmedia":[{"embeddable":true,"href":"https:\/\/avalencia.com\/de\/wp-json\/wp\/v2\/media\/15252"}],"wp:attachment":[{"href":"https:\/\/avalencia.com\/de\/wp-json\/wp\/v2\/media?parent=5720"}],"curies":[{"name":"wp","href":"https:\/\/api.w.org\/{rel}","templated":true}]}}