{"id":5776,"date":"2018-03-31T18:52:03","date_gmt":"2018-03-31T18:52:03","guid":{"rendered":"https:\/\/avalencia.com\/puig-kloster\/"},"modified":"2024-07-24T10:36:58","modified_gmt":"2024-07-24T10:36:58","slug":"puig-kloster-valencia","status":"publish","type":"page","link":"https:\/\/avalencia.com\/de\/puig-kloster-valencia\/","title":{"rendered":"Puig-kloster Valencia"},"content":{"rendered":"<h5>\u00a0<\/h5>\n<h3><strong><em>K\u00f6nigliches Kloster von Santa Mar\u00eda del Puig<\/em><\/strong><\/h3>\n<p>Das Puig-Kloster befindet sich in derselben Stadt, die seinen Namen tr\u00e4gt, nur 12 km n\u00f6rdlich von Valencia.<\/p>\n<h4><em><strong>Geschichte &#8211; Kloster &#8211; Heiligtum<\/strong><\/em><\/h4>\n<p>Dieses Kloster verdankt seinen Ursprung der Entdeckung eines Marienbildes von San Pedro Nolasco, dem Gr\u00fcnder des Ordens der Mercedarier, 1237 unter einer Glocke auf der Spitze des H\u00fcgels (Puig in valencianischer Sprache), w\u00e4hrend die Truppen von Jaime I sich auf die Eroberung der nah gelegenen Hauptstadt vorbereiteten.<\/p>\n<p>Dieses Bild ist auf dem Hauptaltar des Heiligtums erhalten, und dort k\u00f6nnen die Leute es verehren. Jaime I der Eroberer, betrachtete den Schutz der Jungfrau als entscheidendes und wirksames Mittel f\u00fcr die Eroberung des K\u00f6nigreichs Valencia. Deshalb proklamierte er Santa Mar\u00eda de el Puig als Patronin des eroberten K\u00f6nigreichs und errichtete den ersten Tempel f\u00fcr die himmlische Frau des geretteten Landes und wollte, dass die Mercedarier Ordensleute die ewigen W\u00e4chter des Heiligtums seien.<\/p>\n<p><span style=\"color: #ff0000;\"><span class=\"collapseomatic \" id=\"id69e79f10af897\"  tabindex=\"0\" title=\"lesen sie weiter bitte \u2026\"    >lesen sie weiter bitte \u2026<\/span><div id=\"target-id69e79f10af897\" class=\"collapseomatic_content \"><\/span><\/p>\n<h4>Das Kloster<\/h4>\n<p>Es besteht aus zwei verschiedenen architektonischen Elementen: dem Kloster selbst (Residenz der Ordensbr\u00fcder) und dem Heiligtum der Schutzpatronin des K\u00f6nigreichs Valencia. Beide Elemente bilden den grandiosen rechteckigen Bau, flankiert von vier robusten T\u00fcrmen, der sich von den gr\u00fcnen Gem\u00fcsefeldern und dem umgebenden Stadtbau abhebt.<\/p>\n<p>Die Menschen in Valencia kamen immer auf leidenschaftlichen und ununterbrochenen Pilgerreisen zum Heiligtum von Santa Mar\u00eda de El Puig. Der K\u00f6nig Jaime I, Alfonso X \u201cel Sabio (der Weise)\u201c, Pedro III el Grande (der Gro\u00dfe), Pedro el Cruel (der Schreckliche), Felipe III, und unser emeritiertes K\u00f6nigspaar Juan Carlos I und Sof\u00eda haben hier ihre Huldigung dargebracht. Und vor dem Bild der Heiligen Santa Mar\u00eda de El Puig haben die P\u00e4pste Benedicto XIII, Calixto III und Alejandro VI, sowie die Erzbisch\u00f6fe Thomas von Villanueva, Johannes von Ribera und die anderen Pr\u00e4laten von Valentin ausnahmslos bis heute ihre Ehre erwiesen.<\/p>\n<p>Das heutige Kloster im \u201eEscorialense\u201c Grundriss und Stil, wurde mit dem Segen von San Juan de Ribera am 1. September 1588, (dem Tag, an dem der erste Stein in die Fundamente des S\u00fcdostturms gelegt wurde) mit dem Bau begonnen. Sein Architekt und erster Baumeister war Ant\u00f3n Dexado de la Cossa.\u00a0<span style=\"color: #ff0000;\"><\/div><\/span><\/p>\n<h4><strong>W\u00e4hrend des Besuchs werden wir zwei Kreuzg\u00e4nge besuchen:<\/strong><\/h4>\n<p><strong>Der erste enth\u00e4lt das Refektorium der Gemeinde und insbesondere einen gotischen Saal<\/strong>, zus\u00e4tzlich zu den vier Fl\u00fcgeln, in denen zahlreiche Gem\u00e4lde von Jos\u00e9 Vergara (1726 &#8211; 1799) in der Mitte ausgestellt werden, und von den vier Fl\u00fcgeln des Kreuzgangs, kann man auf den zentralen Innenhof gelangen.<\/p>\n<p><strong>Im zweiten k\u00f6nnen Sie auch Gem\u00e4lde verschiedener Autoren und Themen bewundern<\/strong> wie\u00a0Vergara, Espinosa usw. <strong>Dar\u00fcber hinaus gibt es die k\u00f6nigliche Halle, die Halle des Ritterordens von Puig<\/strong>, mehrere Vitrinen mit Ornamenten und alten Bildern usw. Von hier aus kann man die Kirche betreten. \/ in die Kirche gelangen.<\/p>\n<h4><strong>Das Heiligtum<\/strong>:<\/h4>\n<p>Der Bau des heutigen Geb\u00e4udes wurde von Admiral Don Roger de Lauria im Jahr 1300 begonnen, von seiner Frau, Frau Saurina de Entenza, fortgesetzt und (Mitte des 14. Jahrhunderts) von ihrer Tochter, Frau Margarita de Lauria und Entesa, abgeschlossen.<\/p>\n<p>Der Tempel hat einen rechteckigen Grundriss mit drei Schiffen mit Kreuzgew\u00f6lben, die von robusten Pilastern getragen werden. Der Tempel wird vom Presbyterium der Hauptkapelle mit einer quadratischen Apsis im Stil der westgotischen Tempel dominiert.<\/p>\n<p><img decoding=\"async\" class=\"aligncenter wp-image-16620 size-medium\" src=\"https:\/\/avalencia.com\/wp-content\/uploads\/2022\/08\/GL1-01-Elpuig-1-300x300.webp\" alt=\"Kloster von Santa Mar\u00eda del Puig - Valencia\" width=\"300\" height=\"300\" srcset=\"https:\/\/avalencia.com\/wp-content\/uploads\/2022\/08\/GL1-01-Elpuig-1-300x300.webp 300w, https:\/\/avalencia.com\/wp-content\/uploads\/2022\/08\/GL1-01-Elpuig-1-120x120.webp 120w, https:\/\/avalencia.com\/wp-content\/uploads\/2022\/08\/GL1-01-Elpuig-1-36x36.webp 36w, https:\/\/avalencia.com\/wp-content\/uploads\/2022\/08\/GL1-01-Elpuig-1-180x180.webp 180w, https:\/\/avalencia.com\/wp-content\/uploads\/2022\/08\/GL1-01-Elpuig-1-600x600.webp 600w, https:\/\/avalencia.com\/wp-content\/uploads\/2022\/08\/GL1-01-Elpuig-1.webp 680w\" sizes=\"(max-width: 300px) 100vw, 300px\" \/><\/p>\n<p><span style=\"color: #ff0000;\"><span class=\"collapseomatic \" id=\"id69e79f10af91f\"  tabindex=\"0\" title=\"lesen sie weiter bitte \u2026\"    >lesen sie weiter bitte \u2026<\/span><div id=\"target-id69e79f10af91f\" class=\"collapseomatic_content \"><\/span><\/p>\n<p><strong>Die vorherige Kirche besa\u00df nur ein Kirchenschiff, das 1238 im Auftrag von Jaime I erbaut wurde<\/strong>.<\/p>\n<p>Im Jahr 1240 \u00fcbergab der Monarch dem Orden von Merced diese Kirche, von der nur die au\u00dfergew\u00f6hnliche Fassade erhalten ist, die von ihrem urspr\u00fcnglichen Standort an den seitlich gelegenen Platz \u00fcbertragen wurde, den sie heute einnimmt.<\/p>\n<h4><strong>El Camar\u00edn de la Virgen -das K\u00e4mmerlein der Jungfrau<\/strong> &#8211; befindet sich hinter der Hauptkapelle.<\/h4>\n<p>Auf seiner Kuppel, seinen Bogenzwickeln und W\u00e4nden malte Jos\u00e9 Vergara im Jahr 1871 was diese Tradition uns von dem Bild Unserer Lieben Frau von El Puig erz\u00e4hlt:<\/p>\n<p>Dass die Engel es aus einem Stein aus dem Grab Mariens gemacht haben;\u00a0dass sie es nach El Puig brachten und hier Apostel und M\u00f6nche die Jungfrau verehrten; dass die M\u00f6nche sie bei der muslimischen Invasion unter einer Glocke begraben hatten, welche sp\u00e4ter gefunden wurde; und dass D. Jaime I die Schl\u00fcssel der Stadt Valencia der himmlischen Dame zu F\u00fc\u03b2en legte, als er diese vom maurischen K\u00f6nig Zey\u00e1n erhielt. <span style=\"color: #ff0000;\"><\/div><\/span><\/p>\n<h4><strong>Hier befindet sich auch <a href=\"http:\/\/www.encajabaja.com\/2012\/01\/el-museo-de-la-imprenta-de-el-puig.html\" target=\"_blank\" rel=\"noopener noreferrer\">das Druckereimuseum<\/a><\/strong><\/h4>\n<p>Im Jahr 1985 er\u00f6ffnet wurde und zwischen 2007 und 2008 noch umgebaut und erweitert wurde. Es war das erste in Spanien und (Experten zufolge) das zweitwichtigste in Europa nach dem von Mainz.<\/p>\n<p>F\u00fcr weitere Informationen kontaktieren Sie bitte<\/p>\n\n\n<div class=\"wp-block-buttons is-layout-flex wp-block-buttons-is-layout-flex\">\n<div class=\"wp-block-button\"><a class=\"wp-block-button__link wp-element-button\" href=\"https:\/\/avalencia.com\/de\/kontakt\/\" target=\"_blank\" rel=\"noreferrer noopener\">Kontakt<\/a><\/div>\n<\/div>\n\n\n\n<!--more-->\n\n\n\n<div style=\"height:36px\" aria-hidden=\"true\" class=\"wp-block-spacer\"><\/div>\n\n\n<div  class='av-social-sharing-box  avia-builder-el-0  avia-builder-el-no-sibling   0'><div class='av-share-box'><h5 class='av-share-link-description av-no-toc '>Teilen Sie mit<\/h5><ul class='av-share-box-list noLightbox'><li class='av-share-link av-social-link-facebook' ><a target=\"_blank\" aria-label=\"Teilen auf Facebook\" href='https:\/\/www.facebook.com\/sharer.php?u=https:\/\/avalencia.com\/de\/puig-kloster-valencia\/&#038;t=Puig-kloster%20Valencia' aria-hidden='false' data-av_icon='\ue8f3' data-av_iconfont='entypo-fontello' title='' data-avia-related-tooltip='Teilen auf Facebook' rel=\"noopener\"><span class='avia_hidden_link_text'>Teilen auf Facebook<\/span><\/a><\/li><li class='av-share-link av-social-link-twitter' ><a target=\"_blank\" aria-label=\"Teilen auf Twitter\" href='https:\/\/twitter.com\/share?text=Puig-kloster%20Valencia&#038;url=https:\/\/avalencia.com\/de\/?p=5776' aria-hidden='false' data-av_icon='\ue8f1' data-av_iconfont='entypo-fontello' title='' data-avia-related-tooltip='Teilen auf Twitter' rel=\"noopener\"><span class='avia_hidden_link_text'>Teilen auf Twitter<\/span><\/a><\/li><li class='av-share-link av-social-link-pinterest' ><a target=\"_blank\" aria-label=\"Teilen auf Pinterest\" href='https:\/\/pinterest.com\/pin\/create\/button\/?url=https%3A%2F%2Favalencia.com%2Fde%2Fpuig-kloster-valencia%2F&#038;description=Puig-kloster%20Valencia&#038;media=https%3A%2F%2Favalencia.com%2Fwp-content%2Fuploads%2F2022%2F08%2FDestacada-el-Puig-705x418.webp' aria-hidden='false' data-av_icon='\ue8f8' data-av_iconfont='entypo-fontello' title='' data-avia-related-tooltip='Teilen auf Pinterest' rel=\"noopener\"><span class='avia_hidden_link_text'>Teilen auf Pinterest<\/span><\/a><\/li><\/ul><\/div><\/div>\n","protected":false},"excerpt":{"rendered":"<p>Puig-Kloster<\/p>\n","protected":false},"author":3,"featured_media":16615,"parent":0,"menu_order":0,"comment_status":"closed","ping_status":"closed","template":"","meta":{"footnotes":""},"class_list":["post-5776","page","type-page","status-publish","has-post-thumbnail","hentry"],"yoast_head":"<!-- This site is optimized with the Yoast SEO plugin v26.8 - https:\/\/yoast.com\/product\/yoast-seo-wordpress\/ -->\n<title>Puig-kloster Valencia - AValencia<\/title>\n<meta name=\"description\" content=\"Dieses Kloster verdankt seinen Ursprung der Entdeckung eines Marienbildes von San Pedro Nolasco, dem Gr\u00fcnder des Ordens der Mercedarier, besuchen Sie es!\" \/>\n<meta name=\"robots\" content=\"index, follow, max-snippet:-1, max-image-preview:large, max-video-preview:-1\" \/>\n<link rel=\"canonical\" href=\"https:\/\/avalencia.com\/de\/puig-kloster-valencia\/\" \/>\n<meta property=\"og:locale\" content=\"de_DE\" \/>\n<meta property=\"og:type\" content=\"article\" \/>\n<meta property=\"og:title\" content=\"Puig-kloster Valencia - AValencia\" \/>\n<meta property=\"og:description\" content=\"Dieses Kloster verdankt seinen Ursprung der Entdeckung eines Marienbildes von San Pedro Nolasco, dem Gr\u00fcnder des Ordens der Mercedarier, besuchen Sie es!\" \/>\n<meta property=\"og:url\" content=\"https:\/\/avalencia.com\/de\/puig-kloster-valencia\/\" \/>\n<meta property=\"og:site_name\" content=\"AVALENCIA\" \/>\n<meta property=\"article:publisher\" content=\"https:\/\/www.facebook.com\/angela.marisoler\" \/>\n<meta property=\"article:modified_time\" content=\"2024-07-24T10:36:58+00:00\" \/>\n<meta property=\"og:image\" content=\"https:\/\/avalencia.com\/wp-content\/uploads\/2022\/08\/Destacada-el-Puig.webp\" \/>\n\t<meta property=\"og:image:width\" content=\"1000\" \/>\n\t<meta property=\"og:image:height\" content=\"593\" \/>\n\t<meta property=\"og:image:type\" content=\"image\/webp\" \/>\n<meta name=\"twitter:card\" content=\"summary_large_image\" \/>\n<meta name=\"twitter:site\" content=\"@angelamari400\" \/>\n<meta name=\"twitter:label1\" content=\"Est. reading time\" \/>\n\t<meta name=\"twitter:data1\" content=\"4 minutes\" \/>\n<script type=\"application\/ld+json\" class=\"yoast-schema-graph\">{\"@context\":\"https:\/\/schema.org\",\"@graph\":[{\"@type\":\"WebPage\",\"@id\":\"https:\/\/avalencia.com\/de\/puig-kloster-valencia\/\",\"url\":\"https:\/\/avalencia.com\/de\/puig-kloster-valencia\/\",\"name\":\"Puig-kloster Valencia - AValencia\",\"isPartOf\":{\"@id\":\"https:\/\/avalencia.com\/de\/#website\"},\"primaryImageOfPage\":{\"@id\":\"https:\/\/avalencia.com\/de\/puig-kloster-valencia\/#primaryimage\"},\"image\":{\"@id\":\"https:\/\/avalencia.com\/de\/puig-kloster-valencia\/#primaryimage\"},\"thumbnailUrl\":\"https:\/\/avalencia.com\/wp-content\/uploads\/2022\/08\/Destacada-el-Puig.webp\",\"datePublished\":\"2018-03-31T18:52:03+00:00\",\"dateModified\":\"2024-07-24T10:36:58+00:00\",\"description\":\"Dieses Kloster verdankt seinen Ursprung der Entdeckung eines Marienbildes von San Pedro Nolasco, dem Gr\u00fcnder des Ordens der Mercedarier, besuchen Sie es!\",\"breadcrumb\":{\"@id\":\"https:\/\/avalencia.com\/de\/puig-kloster-valencia\/#breadcrumb\"},\"inLanguage\":\"de-DE\",\"potentialAction\":[{\"@type\":\"ReadAction\",\"target\":[\"https:\/\/avalencia.com\/de\/puig-kloster-valencia\/\"]}]},{\"@type\":\"ImageObject\",\"inLanguage\":\"de-DE\",\"@id\":\"https:\/\/avalencia.com\/de\/puig-kloster-valencia\/#primaryimage\",\"url\":\"https:\/\/avalencia.com\/wp-content\/uploads\/2022\/08\/Destacada-el-Puig.webp\",\"contentUrl\":\"https:\/\/avalencia.com\/wp-content\/uploads\/2022\/08\/Destacada-el-Puig.webp\",\"width\":1000,\"height\":593,\"caption\":\"Iglesia de Santa Mar\u00eda del Puig\"},{\"@type\":\"BreadcrumbList\",\"@id\":\"https:\/\/avalencia.com\/de\/puig-kloster-valencia\/#breadcrumb\",\"itemListElement\":[{\"@type\":\"ListItem\",\"position\":1,\"name\":\"Portada\",\"item\":\"https:\/\/avalencia.com\/de\/\"},{\"@type\":\"ListItem\",\"position\":2,\"name\":\"Puig-kloster Valencia\"}]},{\"@type\":\"WebSite\",\"@id\":\"https:\/\/avalencia.com\/de\/#website\",\"url\":\"https:\/\/avalencia.com\/de\/\",\"name\":\"AVALENCIA\",\"description\":\"Visitas culturales por Valencia y alrededores\",\"publisher\":{\"@id\":\"https:\/\/avalencia.com\/de\/#organization\"},\"potentialAction\":[{\"@type\":\"SearchAction\",\"target\":{\"@type\":\"EntryPoint\",\"urlTemplate\":\"https:\/\/avalencia.com\/de\/?s={search_term_string}\"},\"query-input\":{\"@type\":\"PropertyValueSpecification\",\"valueRequired\":true,\"valueName\":\"search_term_string\"}}],\"inLanguage\":\"de-DE\"},{\"@type\":\"Organization\",\"@id\":\"https:\/\/avalencia.com\/de\/#organization\",\"name\":\"Gu\u00eda Valencia\",\"url\":\"https:\/\/avalencia.com\/de\/\",\"logo\":{\"@type\":\"ImageObject\",\"inLanguage\":\"de-DE\",\"@id\":\"https:\/\/avalencia.com\/de\/#\/schema\/logo\/image\/\",\"url\":\"\",\"contentUrl\":\"\",\"caption\":\"Gu\u00eda Valencia\"},\"image\":{\"@id\":\"https:\/\/avalencia.com\/de\/#\/schema\/logo\/image\/\"},\"sameAs\":[\"https:\/\/www.facebook.com\/angela.marisoler\",\"https:\/\/x.com\/angelamari400\",\"https:\/\/www.instagram.com\/angelamarisoler\/\",\"https:\/\/www.linkedin.com\/feed\/?trk=guest_homepage-basic_sign-in-submit\",\"https:\/\/www.youtube.com\/channel\/UC4bWyTV2CWI65Qf0r1pjuXg?view_as=subscriber\"]}]}<\/script>\n<!-- \/ Yoast SEO plugin. -->","yoast_head_json":{"title":"Puig-kloster Valencia - AValencia","description":"Dieses Kloster verdankt seinen Ursprung der Entdeckung eines Marienbildes von San Pedro Nolasco, dem Gr\u00fcnder des Ordens der Mercedarier, besuchen Sie es!","robots":{"index":"index","follow":"follow","max-snippet":"max-snippet:-1","max-image-preview":"max-image-preview:large","max-video-preview":"max-video-preview:-1"},"canonical":"https:\/\/avalencia.com\/de\/puig-kloster-valencia\/","og_locale":"de_DE","og_type":"article","og_title":"Puig-kloster Valencia - AValencia","og_description":"Dieses Kloster verdankt seinen Ursprung der Entdeckung eines Marienbildes von San Pedro Nolasco, dem Gr\u00fcnder des Ordens der Mercedarier, besuchen Sie es!","og_url":"https:\/\/avalencia.com\/de\/puig-kloster-valencia\/","og_site_name":"AVALENCIA","article_publisher":"https:\/\/www.facebook.com\/angela.marisoler","article_modified_time":"2024-07-24T10:36:58+00:00","og_image":[{"width":1000,"height":593,"url":"https:\/\/avalencia.com\/wp-content\/uploads\/2022\/08\/Destacada-el-Puig.webp","type":"image\/webp"}],"twitter_card":"summary_large_image","twitter_site":"@angelamari400","twitter_misc":{"Est. reading time":"4 minutes"},"schema":{"@context":"https:\/\/schema.org","@graph":[{"@type":"WebPage","@id":"https:\/\/avalencia.com\/de\/puig-kloster-valencia\/","url":"https:\/\/avalencia.com\/de\/puig-kloster-valencia\/","name":"Puig-kloster Valencia - AValencia","isPartOf":{"@id":"https:\/\/avalencia.com\/de\/#website"},"primaryImageOfPage":{"@id":"https:\/\/avalencia.com\/de\/puig-kloster-valencia\/#primaryimage"},"image":{"@id":"https:\/\/avalencia.com\/de\/puig-kloster-valencia\/#primaryimage"},"thumbnailUrl":"https:\/\/avalencia.com\/wp-content\/uploads\/2022\/08\/Destacada-el-Puig.webp","datePublished":"2018-03-31T18:52:03+00:00","dateModified":"2024-07-24T10:36:58+00:00","description":"Dieses Kloster verdankt seinen Ursprung der Entdeckung eines Marienbildes von San Pedro Nolasco, dem Gr\u00fcnder des Ordens der Mercedarier, besuchen Sie es!","breadcrumb":{"@id":"https:\/\/avalencia.com\/de\/puig-kloster-valencia\/#breadcrumb"},"inLanguage":"de-DE","potentialAction":[{"@type":"ReadAction","target":["https:\/\/avalencia.com\/de\/puig-kloster-valencia\/"]}]},{"@type":"ImageObject","inLanguage":"de-DE","@id":"https:\/\/avalencia.com\/de\/puig-kloster-valencia\/#primaryimage","url":"https:\/\/avalencia.com\/wp-content\/uploads\/2022\/08\/Destacada-el-Puig.webp","contentUrl":"https:\/\/avalencia.com\/wp-content\/uploads\/2022\/08\/Destacada-el-Puig.webp","width":1000,"height":593,"caption":"Iglesia de Santa Mar\u00eda del Puig"},{"@type":"BreadcrumbList","@id":"https:\/\/avalencia.com\/de\/puig-kloster-valencia\/#breadcrumb","itemListElement":[{"@type":"ListItem","position":1,"name":"Portada","item":"https:\/\/avalencia.com\/de\/"},{"@type":"ListItem","position":2,"name":"Puig-kloster Valencia"}]},{"@type":"WebSite","@id":"https:\/\/avalencia.com\/de\/#website","url":"https:\/\/avalencia.com\/de\/","name":"AVALENCIA","description":"Visitas culturales por Valencia y alrededores","publisher":{"@id":"https:\/\/avalencia.com\/de\/#organization"},"potentialAction":[{"@type":"SearchAction","target":{"@type":"EntryPoint","urlTemplate":"https:\/\/avalencia.com\/de\/?s={search_term_string}"},"query-input":{"@type":"PropertyValueSpecification","valueRequired":true,"valueName":"search_term_string"}}],"inLanguage":"de-DE"},{"@type":"Organization","@id":"https:\/\/avalencia.com\/de\/#organization","name":"Gu\u00eda Valencia","url":"https:\/\/avalencia.com\/de\/","logo":{"@type":"ImageObject","inLanguage":"de-DE","@id":"https:\/\/avalencia.com\/de\/#\/schema\/logo\/image\/","url":"","contentUrl":"","caption":"Gu\u00eda Valencia"},"image":{"@id":"https:\/\/avalencia.com\/de\/#\/schema\/logo\/image\/"},"sameAs":["https:\/\/www.facebook.com\/angela.marisoler","https:\/\/x.com\/angelamari400","https:\/\/www.instagram.com\/angelamarisoler\/","https:\/\/www.linkedin.com\/feed\/?trk=guest_homepage-basic_sign-in-submit","https:\/\/www.youtube.com\/channel\/UC4bWyTV2CWI65Qf0r1pjuXg?view_as=subscriber"]}]}},"featured_image_src":"https:\/\/avalencia.com\/wp-content\/uploads\/2022\/08\/Destacada-el-Puig-600x400.webp","featured_image_src_square":"https:\/\/avalencia.com\/wp-content\/uploads\/2022\/08\/Destacada-el-Puig-600x593.webp","_links":{"self":[{"href":"https:\/\/avalencia.com\/de\/wp-json\/wp\/v2\/pages\/5776","targetHints":{"allow":["GET"]}}],"collection":[{"href":"https:\/\/avalencia.com\/de\/wp-json\/wp\/v2\/pages"}],"about":[{"href":"https:\/\/avalencia.com\/de\/wp-json\/wp\/v2\/types\/page"}],"author":[{"embeddable":true,"href":"https:\/\/avalencia.com\/de\/wp-json\/wp\/v2\/users\/3"}],"replies":[{"embeddable":true,"href":"https:\/\/avalencia.com\/de\/wp-json\/wp\/v2\/comments?post=5776"}],"version-history":[{"count":1,"href":"https:\/\/avalencia.com\/de\/wp-json\/wp\/v2\/pages\/5776\/revisions"}],"predecessor-version":[{"id":18752,"href":"https:\/\/avalencia.com\/de\/wp-json\/wp\/v2\/pages\/5776\/revisions\/18752"}],"wp:featuredmedia":[{"embeddable":true,"href":"https:\/\/avalencia.com\/de\/wp-json\/wp\/v2\/media\/16615"}],"wp:attachment":[{"href":"https:\/\/avalencia.com\/de\/wp-json\/wp\/v2\/media?parent=5776"}],"curies":[{"name":"wp","href":"https:\/\/api.w.org\/{rel}","templated":true}]}}