{"id":5782,"date":"2018-04-01T13:09:55","date_gmt":"2018-04-01T13:09:55","guid":{"rendered":"https:\/\/avalencia.com\/fallero-museum\/"},"modified":"2022-08-06T19:26:08","modified_gmt":"2022-08-06T19:26:08","slug":"das-fallas-museum","status":"publish","type":"page","link":"https:\/\/avalencia.com\/de\/das-fallas-museum\/","title":{"rendered":"Das Fallas Museum"},"content":{"rendered":"\n<h1 class=\"wp-block-heading\">Besuchen Sie das Fallas Museum<\/h1>\n\n\n\n<p>Einzigartig auf der Welt is das Fallas-Museum, das die <a href=\"https:\/\/www.spain.info\/de_DE\/que-quieres\/agenda\/fiestas\/valencia\/fallas_de_san_jose.html\" target=\"_blank\" rel=\"noreferrer noopener\">&#8220;ninots indultats&#8221; die vom Feuer verschonten Figuren<\/a> ab dem Jahr 1934 enth\u00e4lt. Auch k\u00f6nnen wir Fotograf\u00eden Plakate und andere Objekte, die die Geschichte der Fallas aufzeigen sehen. Es gew\u00e4hrt dem Besucher einen Einblick in den arbeitsaufwendigen Entstehungsprozess jener Pappm\u00e2ch\u00e9kolosse.<\/p>\n\n\n\n<p>F\u00fcr die Leute, die zum ersten Mal nach Valencia kommen, ist es vielleicht nicht einfach den Sinn einer Falla (Sankt-Josefs-Feuer) und die Bedeutung dieses Museums zu verstehen, das sich in dem Geb\u00e4ude des ehemaligen Lazaristenklosters (Vater Paul) befindet.<\/p>\n\n\n\n<figure class=\"wp-block-gallery has-nested-images columns-default is-cropped wp-block-gallery-1 is-layout-flex wp-block-gallery-is-layout-flex\">\n<figure class=\"wp-block-image size-full\"><a href=\"https:\/\/avalencia.com\/wp-content\/uploads\/2022\/08\/01GL-01Museo-Fallero-GP-Bontravel-05-01-2019-3-1.webp\"><img decoding=\"async\" width=\"900\" height=\"604\" data-id=\"16880\" src=\"https:\/\/avalencia.com\/wp-content\/uploads\/2022\/08\/01GL-01Museo-Fallero-GP-Bontravel-05-01-2019-3-1.webp\" alt=\"\" class=\"wp-image-16880\" srcset=\"https:\/\/avalencia.com\/wp-content\/uploads\/2022\/08\/01GL-01Museo-Fallero-GP-Bontravel-05-01-2019-3-1.webp 900w, https:\/\/avalencia.com\/wp-content\/uploads\/2022\/08\/01GL-01Museo-Fallero-GP-Bontravel-05-01-2019-3-1-300x201.webp 300w, https:\/\/avalencia.com\/wp-content\/uploads\/2022\/08\/01GL-01Museo-Fallero-GP-Bontravel-05-01-2019-3-1-768x515.webp 768w, https:\/\/avalencia.com\/wp-content\/uploads\/2022\/08\/01GL-01Museo-Fallero-GP-Bontravel-05-01-2019-3-1-705x473.webp 705w\" sizes=\"(max-width: 900px) 100vw, 900px\" \/><\/a><\/figure>\n\n\n\n<figure class=\"wp-block-image size-full\"><a href=\"https:\/\/avalencia.com\/wp-content\/uploads\/2022\/08\/01GL-02-Museo-Fallero-GP-Bontravel-05-01-2019-4-1.webp\"><img decoding=\"async\" width=\"900\" height=\"605\" data-id=\"16885\" src=\"https:\/\/avalencia.com\/wp-content\/uploads\/2022\/08\/01GL-02-Museo-Fallero-GP-Bontravel-05-01-2019-4-1.webp\" alt=\"\" class=\"wp-image-16885\" srcset=\"https:\/\/avalencia.com\/wp-content\/uploads\/2022\/08\/01GL-02-Museo-Fallero-GP-Bontravel-05-01-2019-4-1.webp 900w, https:\/\/avalencia.com\/wp-content\/uploads\/2022\/08\/01GL-02-Museo-Fallero-GP-Bontravel-05-01-2019-4-1-300x202.webp 300w, https:\/\/avalencia.com\/wp-content\/uploads\/2022\/08\/01GL-02-Museo-Fallero-GP-Bontravel-05-01-2019-4-1-768x516.webp 768w, https:\/\/avalencia.com\/wp-content\/uploads\/2022\/08\/01GL-02-Museo-Fallero-GP-Bontravel-05-01-2019-4-1-705x474.webp 705w\" sizes=\"(max-width: 900px) 100vw, 900px\" \/><\/a><\/figure>\n\n\n\n<figure class=\"wp-block-image size-full\"><a href=\"https:\/\/avalencia.com\/wp-content\/uploads\/2022\/08\/01GL-03-Museo-Fallero-GP-Bontravel-05-01-2019-10-1.webp\"><img decoding=\"async\" width=\"900\" height=\"605\" data-id=\"16890\" src=\"https:\/\/avalencia.com\/wp-content\/uploads\/2022\/08\/01GL-03-Museo-Fallero-GP-Bontravel-05-01-2019-10-1.webp\" alt=\"\" class=\"wp-image-16890\" srcset=\"https:\/\/avalencia.com\/wp-content\/uploads\/2022\/08\/01GL-03-Museo-Fallero-GP-Bontravel-05-01-2019-10-1.webp 900w, https:\/\/avalencia.com\/wp-content\/uploads\/2022\/08\/01GL-03-Museo-Fallero-GP-Bontravel-05-01-2019-10-1-300x202.webp 300w, https:\/\/avalencia.com\/wp-content\/uploads\/2022\/08\/01GL-03-Museo-Fallero-GP-Bontravel-05-01-2019-10-1-768x516.webp 768w, https:\/\/avalencia.com\/wp-content\/uploads\/2022\/08\/01GL-03-Museo-Fallero-GP-Bontravel-05-01-2019-10-1-705x474.webp 705w\" sizes=\"(max-width: 900px) 100vw, 900px\" \/><\/a><\/figure>\n\n\n\n<figure class=\"wp-block-image size-full\"><a href=\"https:\/\/avalencia.com\/wp-content\/uploads\/2022\/08\/01GL-04-Museo-Fallero-GP-Bontravel-05-01-2019-11-1.webp\"><img decoding=\"async\" width=\"900\" height=\"605\" data-id=\"16895\" src=\"https:\/\/avalencia.com\/wp-content\/uploads\/2022\/08\/01GL-04-Museo-Fallero-GP-Bontravel-05-01-2019-11-1.webp\" alt=\"\" class=\"wp-image-16895\" srcset=\"https:\/\/avalencia.com\/wp-content\/uploads\/2022\/08\/01GL-04-Museo-Fallero-GP-Bontravel-05-01-2019-11-1.webp 900w, https:\/\/avalencia.com\/wp-content\/uploads\/2022\/08\/01GL-04-Museo-Fallero-GP-Bontravel-05-01-2019-11-1-300x202.webp 300w, https:\/\/avalencia.com\/wp-content\/uploads\/2022\/08\/01GL-04-Museo-Fallero-GP-Bontravel-05-01-2019-11-1-768x516.webp 768w, https:\/\/avalencia.com\/wp-content\/uploads\/2022\/08\/01GL-04-Museo-Fallero-GP-Bontravel-05-01-2019-11-1-705x474.webp 705w\" sizes=\"(max-width: 900px) 100vw, 900px\" \/><\/a><\/figure>\n\n\n\n<figure class=\"wp-block-image size-full\"><a href=\"https:\/\/avalencia.com\/wp-content\/uploads\/2022\/08\/01GL-05-Museo-Fallero-GP-Bontravel-05-01-2019-14-1.webp\"><img decoding=\"async\" width=\"999\" height=\"671\" data-id=\"16900\" src=\"https:\/\/avalencia.com\/wp-content\/uploads\/2022\/08\/01GL-05-Museo-Fallero-GP-Bontravel-05-01-2019-14-1.webp\" alt=\"\" class=\"wp-image-16900\" srcset=\"https:\/\/avalencia.com\/wp-content\/uploads\/2022\/08\/01GL-05-Museo-Fallero-GP-Bontravel-05-01-2019-14-1.webp 999w, https:\/\/avalencia.com\/wp-content\/uploads\/2022\/08\/01GL-05-Museo-Fallero-GP-Bontravel-05-01-2019-14-1-300x202.webp 300w, https:\/\/avalencia.com\/wp-content\/uploads\/2022\/08\/01GL-05-Museo-Fallero-GP-Bontravel-05-01-2019-14-1-768x516.webp 768w, https:\/\/avalencia.com\/wp-content\/uploads\/2022\/08\/01GL-05-Museo-Fallero-GP-Bontravel-05-01-2019-14-1-705x474.webp 705w\" sizes=\"(max-width: 999px) 100vw, 999px\" \/><\/a><\/figure>\n\n\n\n<figure class=\"wp-block-image size-full\"><a href=\"https:\/\/avalencia.com\/wp-content\/uploads\/2022\/08\/01GL-06-Museo-Fallero-GP-Bontravel-05-01-2019-13-1.webp\"><img decoding=\"async\" width=\"900\" height=\"605\" data-id=\"16905\" src=\"https:\/\/avalencia.com\/wp-content\/uploads\/2022\/08\/01GL-06-Museo-Fallero-GP-Bontravel-05-01-2019-13-1.webp\" alt=\"\" class=\"wp-image-16905\" srcset=\"https:\/\/avalencia.com\/wp-content\/uploads\/2022\/08\/01GL-06-Museo-Fallero-GP-Bontravel-05-01-2019-13-1.webp 900w, https:\/\/avalencia.com\/wp-content\/uploads\/2022\/08\/01GL-06-Museo-Fallero-GP-Bontravel-05-01-2019-13-1-300x202.webp 300w, https:\/\/avalencia.com\/wp-content\/uploads\/2022\/08\/01GL-06-Museo-Fallero-GP-Bontravel-05-01-2019-13-1-768x516.webp 768w, https:\/\/avalencia.com\/wp-content\/uploads\/2022\/08\/01GL-06-Museo-Fallero-GP-Bontravel-05-01-2019-13-1-705x474.webp 705w\" sizes=\"(max-width: 900px) 100vw, 900px\" \/><\/a><\/figure>\n<\/figure>\n\n\n\n<p>Die Fallas sind eigent\u00fcmliche, satirische Bauwerke, die aus brennbaren Materialien (Karton, holz, etc) bestehen und auf den Pl\u00e4tzen und den gr\u00f6\u00dferen Stra\u00dfenkreuzungen aufgebaut werden. Einige Tage lang k\u00f6nnen sie von der \u00d6ffentlichkeit bewundert werden, und in der Nacht des 19. M\u00e4rz zu Ehren des Heiligen Josef verbrannt sind.<\/p>\n\n\n\n<figure class=\"wp-block-gallery has-nested-images columns-default is-cropped wp-block-gallery-2 is-layout-flex wp-block-gallery-is-layout-flex\">\n<figure class=\"wp-block-image size-full\"><a href=\"https:\/\/avalencia.com\/wp-content\/uploads\/2022\/08\/02GL-01-Museo-Fallero-GP-Italia-01-11-2016-6-1024x768-1-1.webp\"><img decoding=\"async\" width=\"900\" height=\"604\" data-id=\"16911\" src=\"https:\/\/avalencia.com\/wp-content\/uploads\/2022\/08\/02GL-01-Museo-Fallero-GP-Italia-01-11-2016-6-1024x768-1-1.webp\" alt=\"\" class=\"wp-image-16911\" srcset=\"https:\/\/avalencia.com\/wp-content\/uploads\/2022\/08\/02GL-01-Museo-Fallero-GP-Italia-01-11-2016-6-1024x768-1-1.webp 900w, https:\/\/avalencia.com\/wp-content\/uploads\/2022\/08\/02GL-01-Museo-Fallero-GP-Italia-01-11-2016-6-1024x768-1-1-300x201.webp 300w, https:\/\/avalencia.com\/wp-content\/uploads\/2022\/08\/02GL-01-Museo-Fallero-GP-Italia-01-11-2016-6-1024x768-1-1-768x515.webp 768w, https:\/\/avalencia.com\/wp-content\/uploads\/2022\/08\/02GL-01-Museo-Fallero-GP-Italia-01-11-2016-6-1024x768-1-1-705x473.webp 705w\" sizes=\"(max-width: 900px) 100vw, 900px\" \/><\/a><\/figure>\n\n\n\n<figure class=\"wp-block-image size-full\"><a href=\"https:\/\/avalencia.com\/wp-content\/uploads\/2022\/08\/02GL-02-Museo-Fallero-GP-Bontravel-05-01-2019-1.webp\"><img decoding=\"async\" width=\"900\" height=\"605\" data-id=\"16916\" src=\"https:\/\/avalencia.com\/wp-content\/uploads\/2022\/08\/02GL-02-Museo-Fallero-GP-Bontravel-05-01-2019-1.webp\" alt=\"\" class=\"wp-image-16916\" srcset=\"https:\/\/avalencia.com\/wp-content\/uploads\/2022\/08\/02GL-02-Museo-Fallero-GP-Bontravel-05-01-2019-1.webp 900w, https:\/\/avalencia.com\/wp-content\/uploads\/2022\/08\/02GL-02-Museo-Fallero-GP-Bontravel-05-01-2019-1-300x202.webp 300w, https:\/\/avalencia.com\/wp-content\/uploads\/2022\/08\/02GL-02-Museo-Fallero-GP-Bontravel-05-01-2019-1-768x516.webp 768w, https:\/\/avalencia.com\/wp-content\/uploads\/2022\/08\/02GL-02-Museo-Fallero-GP-Bontravel-05-01-2019-1-705x474.webp 705w\" sizes=\"(max-width: 900px) 100vw, 900px\" \/><\/a><\/figure>\n\n\n\n<figure class=\"wp-block-image size-full\"><a href=\"https:\/\/avalencia.com\/wp-content\/uploads\/2022\/08\/02GL-03-Museo-Fallero.5-1.webp\"><img decoding=\"async\" width=\"900\" height=\"603\" data-id=\"16921\" src=\"https:\/\/avalencia.com\/wp-content\/uploads\/2022\/08\/02GL-03-Museo-Fallero.5-1.webp\" alt=\"\" class=\"wp-image-16921\" srcset=\"https:\/\/avalencia.com\/wp-content\/uploads\/2022\/08\/02GL-03-Museo-Fallero.5-1.webp 900w, https:\/\/avalencia.com\/wp-content\/uploads\/2022\/08\/02GL-03-Museo-Fallero.5-1-300x201.webp 300w, https:\/\/avalencia.com\/wp-content\/uploads\/2022\/08\/02GL-03-Museo-Fallero.5-1-768x515.webp 768w, https:\/\/avalencia.com\/wp-content\/uploads\/2022\/08\/02GL-03-Museo-Fallero.5-1-705x472.webp 705w\" sizes=\"(max-width: 900px) 100vw, 900px\" \/><\/a><\/figure>\n\n\n\n<figure class=\"wp-block-image size-full\"><a href=\"https:\/\/avalencia.com\/wp-content\/uploads\/2022\/08\/02GL-04-museo_fallero_6-1.webp\"><img decoding=\"async\" width=\"900\" height=\"603\" data-id=\"16926\" src=\"https:\/\/avalencia.com\/wp-content\/uploads\/2022\/08\/02GL-04-museo_fallero_6-1.webp\" alt=\"\" class=\"wp-image-16926\" srcset=\"https:\/\/avalencia.com\/wp-content\/uploads\/2022\/08\/02GL-04-museo_fallero_6-1.webp 900w, https:\/\/avalencia.com\/wp-content\/uploads\/2022\/08\/02GL-04-museo_fallero_6-1-300x201.webp 300w, https:\/\/avalencia.com\/wp-content\/uploads\/2022\/08\/02GL-04-museo_fallero_6-1-768x515.webp 768w, https:\/\/avalencia.com\/wp-content\/uploads\/2022\/08\/02GL-04-museo_fallero_6-1-705x472.webp 705w\" sizes=\"(max-width: 900px) 100vw, 900px\" \/><\/a><\/figure>\n\n\n\n<figure class=\"wp-block-image size-full\"><a href=\"https:\/\/avalencia.com\/wp-content\/uploads\/2022\/08\/02GL-05-Museo-Fallero-GP-Italia-01-11-2016-5-1024x768-1.webp\"><img decoding=\"async\" width=\"900\" height=\"604\" data-id=\"16931\" src=\"https:\/\/avalencia.com\/wp-content\/uploads\/2022\/08\/02GL-05-Museo-Fallero-GP-Italia-01-11-2016-5-1024x768-1.webp\" alt=\"\" class=\"wp-image-16931\" srcset=\"https:\/\/avalencia.com\/wp-content\/uploads\/2022\/08\/02GL-05-Museo-Fallero-GP-Italia-01-11-2016-5-1024x768-1.webp 900w, https:\/\/avalencia.com\/wp-content\/uploads\/2022\/08\/02GL-05-Museo-Fallero-GP-Italia-01-11-2016-5-1024x768-1-300x201.webp 300w, https:\/\/avalencia.com\/wp-content\/uploads\/2022\/08\/02GL-05-Museo-Fallero-GP-Italia-01-11-2016-5-1024x768-1-768x515.webp 768w, https:\/\/avalencia.com\/wp-content\/uploads\/2022\/08\/02GL-05-Museo-Fallero-GP-Italia-01-11-2016-5-1024x768-1-705x473.webp 705w\" sizes=\"(max-width: 900px) 100vw, 900px\" \/><\/a><\/figure>\n\n\n\n<figure class=\"wp-block-image size-full\"><a href=\"https:\/\/avalencia.com\/wp-content\/uploads\/2022\/08\/02GL-06-museo_fallero_7-1.webp\"><img decoding=\"async\" width=\"900\" height=\"603\" data-id=\"16936\" src=\"https:\/\/avalencia.com\/wp-content\/uploads\/2022\/08\/02GL-06-museo_fallero_7-1.webp\" alt=\"\" class=\"wp-image-16936\" srcset=\"https:\/\/avalencia.com\/wp-content\/uploads\/2022\/08\/02GL-06-museo_fallero_7-1.webp 900w, https:\/\/avalencia.com\/wp-content\/uploads\/2022\/08\/02GL-06-museo_fallero_7-1-300x201.webp 300w, https:\/\/avalencia.com\/wp-content\/uploads\/2022\/08\/02GL-06-museo_fallero_7-1-768x515.webp 768w, https:\/\/avalencia.com\/wp-content\/uploads\/2022\/08\/02GL-06-museo_fallero_7-1-705x472.webp 705w\" sizes=\"(max-width: 900px) 100vw, 900px\" \/><\/a><\/figure>\n<\/figure>\n\n\n\n<div class=\"wp-block-buttons is-content-justification-center is-layout-flex wp-container-core-buttons-is-layout-1 wp-block-buttons-is-layout-flex\">\n<div class=\"wp-block-button\"><a class=\"wp-block-button__link\" href=\"https:\/\/avalencia.com\/de\/kontakt\/\" target=\"_blank\" rel=\"noreferrer noopener\">Kontakt<\/a><\/div>\n<\/div>\n\n\n\n<div style=\"height:48px\" aria-hidden=\"true\" class=\"wp-block-spacer\"><\/div>\n\n\n<div  class='av-social-sharing-box  avia-builder-el-0  avia-builder-el-no-sibling  '><div class='av-share-box'><h5 class='av-share-link-description av-no-toc '>Teilen Sie mit<\/h5><ul class='av-share-box-list noLightbox'><li class='av-share-link av-social-link-facebook' ><a target=\"_blank\" aria-label=\"Teilen auf Facebook\" href='https:\/\/www.facebook.com\/sharer.php?u=https:\/\/avalencia.com\/de\/das-fallas-museum\/&#038;t=Das%20Fallas%20Museum' aria-hidden='false' data-av_icon='\ue8f3' data-av_iconfont='entypo-fontello' title='' data-avia-related-tooltip='Teilen auf Facebook' rel=\"noopener\"><span class='avia_hidden_link_text'>Teilen auf Facebook<\/span><\/a><\/li><li class='av-share-link av-social-link-twitter' ><a target=\"_blank\" aria-label=\"Teilen auf Twitter\" href='https:\/\/twitter.com\/share?text=Das%20Fallas%20Museum&#038;url=https:\/\/avalencia.com\/de\/?p=5782' aria-hidden='false' data-av_icon='\ue8f1' data-av_iconfont='entypo-fontello' title='' data-avia-related-tooltip='Teilen auf Twitter' rel=\"noopener\"><span class='avia_hidden_link_text'>Teilen auf Twitter<\/span><\/a><\/li><li class='av-share-link av-social-link-pinterest' ><a target=\"_blank\" aria-label=\"Teilen auf Pinterest\" href='https:\/\/pinterest.com\/pin\/create\/button\/?url=https%3A%2F%2Favalencia.com%2Fde%2Fdas-fallas-museum%2F&#038;description=Das%20Fallas%20Museum&#038;media=https%3A%2F%2Favalencia.com%2Fwp-content%2Fuploads%2F2022%2F08%2Fdestacada-museo_fallero_0-999x423-1-705x306.webp' aria-hidden='false' data-av_icon='\ue8f8' data-av_iconfont='entypo-fontello' title='' data-avia-related-tooltip='Teilen auf Pinterest' rel=\"noopener\"><span class='avia_hidden_link_text'>Teilen auf Pinterest<\/span><\/a><\/li><li class='av-share-link av-social-link-linkedin' ><a target=\"_blank\" aria-label=\"Teilen auf LinkedIn\" href='https:\/\/linkedin.com\/shareArticle?mini=true&#038;title=Das%20Fallas%20Museum&#038;url=https:\/\/avalencia.com\/de\/das-fallas-museum\/' aria-hidden='false' data-av_icon='\ue8fc' data-av_iconfont='entypo-fontello' title='' data-avia-related-tooltip='Teilen auf LinkedIn' rel=\"noopener\"><span class='avia_hidden_link_text'>Teilen auf LinkedIn<\/span><\/a><\/li><li class='av-share-link av-social-link-mail' ><a  aria-label=\"Per E-Mail teilen\" href='mailto:?subject=Das%20Fallas%20Museum&#038;body=https:\/\/avalencia.com\/de\/das-fallas-museum\/' aria-hidden='false' data-av_icon='\ue805' data-av_iconfont='entypo-fontello' title='' data-avia-related-tooltip='Per E-Mail teilen'><span class='avia_hidden_link_text'>Per E-Mail teilen<\/span><\/a><\/li><\/ul><\/div><\/div>\n","protected":false},"excerpt":{"rendered":"<p>Fallero Museum<\/p>\n","protected":false},"author":3,"featured_media":16873,"parent":0,"menu_order":0,"comment_status":"closed","ping_status":"closed","template":"","meta":{"footnotes":""},"class_list":["post-5782","page","type-page","status-publish","has-post-thumbnail","hentry"],"yoast_head":"<!-- This site is optimized with the Yoast SEO plugin v26.8 - https:\/\/yoast.com\/product\/yoast-seo-wordpress\/ -->\n<title>Das Fallas Museum - mit AValencia -die vom Feuer begnadigten Figuren<\/title>\n<meta name=\"description\" content=\"Einzigartig auf der Welt is das Fallas-Museum, das die &quot;ninots indultats&quot; die vom Feuer verschonten Figuren ab dem Jahr 1934 enth\u00e4lt.\" \/>\n<meta name=\"robots\" content=\"index, follow, max-snippet:-1, max-image-preview:large, max-video-preview:-1\" \/>\n<link rel=\"canonical\" href=\"https:\/\/avalencia.com\/de\/das-fallas-museum\/\" \/>\n<meta property=\"og:locale\" content=\"de_DE\" \/>\n<meta property=\"og:type\" content=\"article\" \/>\n<meta property=\"og:title\" content=\"Das Fallas Museum - mit AValencia -die vom Feuer begnadigten Figuren\" \/>\n<meta property=\"og:description\" content=\"Einzigartig auf der Welt is das Fallas-Museum, das die &quot;ninots indultats&quot; die vom Feuer verschonten Figuren ab dem Jahr 1934 enth\u00e4lt.\" \/>\n<meta property=\"og:url\" content=\"https:\/\/avalencia.com\/de\/das-fallas-museum\/\" \/>\n<meta property=\"og:site_name\" content=\"AVALENCIA\" \/>\n<meta property=\"article:publisher\" content=\"https:\/\/www.facebook.com\/angela.marisoler\" \/>\n<meta property=\"article:modified_time\" content=\"2022-08-06T19:26:08+00:00\" \/>\n<meta property=\"og:image\" content=\"https:\/\/avalencia.com\/wp-content\/uploads\/2022\/08\/destacada-museo_fallero_0-999x423-1.webp\" \/>\n\t<meta property=\"og:image:width\" content=\"973\" \/>\n\t<meta property=\"og:image:height\" content=\"423\" \/>\n\t<meta property=\"og:image:type\" content=\"image\/webp\" \/>\n<meta name=\"twitter:card\" content=\"summary_large_image\" \/>\n<meta name=\"twitter:site\" content=\"@angelamari400\" \/>\n<meta name=\"twitter:label1\" content=\"Est. reading time\" \/>\n\t<meta name=\"twitter:data1\" content=\"4 minutes\" \/>\n<script type=\"application\/ld+json\" class=\"yoast-schema-graph\">{\"@context\":\"https:\/\/schema.org\",\"@graph\":[{\"@type\":\"WebPage\",\"@id\":\"https:\/\/avalencia.com\/de\/das-fallas-museum\/\",\"url\":\"https:\/\/avalencia.com\/de\/das-fallas-museum\/\",\"name\":\"Das Fallas Museum - mit AValencia -die vom Feuer begnadigten Figuren\",\"isPartOf\":{\"@id\":\"https:\/\/avalencia.com\/de\/#website\"},\"primaryImageOfPage\":{\"@id\":\"https:\/\/avalencia.com\/de\/das-fallas-museum\/#primaryimage\"},\"image\":{\"@id\":\"https:\/\/avalencia.com\/de\/das-fallas-museum\/#primaryimage\"},\"thumbnailUrl\":\"https:\/\/avalencia.com\/wp-content\/uploads\/2022\/08\/destacada-museo_fallero_0-999x423-1.webp\",\"datePublished\":\"2018-04-01T13:09:55+00:00\",\"dateModified\":\"2022-08-06T19:26:08+00:00\",\"description\":\"Einzigartig auf der Welt is das Fallas-Museum, das die \\\"ninots indultats\\\" die vom Feuer verschonten Figuren ab dem Jahr 1934 enth\u00e4lt.\",\"breadcrumb\":{\"@id\":\"https:\/\/avalencia.com\/de\/das-fallas-museum\/#breadcrumb\"},\"inLanguage\":\"de-DE\",\"potentialAction\":[{\"@type\":\"ReadAction\",\"target\":[\"https:\/\/avalencia.com\/de\/das-fallas-museum\/\"]}]},{\"@type\":\"ImageObject\",\"inLanguage\":\"de-DE\",\"@id\":\"https:\/\/avalencia.com\/de\/das-fallas-museum\/#primaryimage\",\"url\":\"https:\/\/avalencia.com\/wp-content\/uploads\/2022\/08\/destacada-museo_fallero_0-999x423-1.webp\",\"contentUrl\":\"https:\/\/avalencia.com\/wp-content\/uploads\/2022\/08\/destacada-museo_fallero_0-999x423-1.webp\",\"width\":973,\"height\":423},{\"@type\":\"BreadcrumbList\",\"@id\":\"https:\/\/avalencia.com\/de\/das-fallas-museum\/#breadcrumb\",\"itemListElement\":[{\"@type\":\"ListItem\",\"position\":1,\"name\":\"Portada\",\"item\":\"https:\/\/avalencia.com\/de\/\"},{\"@type\":\"ListItem\",\"position\":2,\"name\":\"Das Fallas Museum\"}]},{\"@type\":\"WebSite\",\"@id\":\"https:\/\/avalencia.com\/de\/#website\",\"url\":\"https:\/\/avalencia.com\/de\/\",\"name\":\"AVALENCIA\",\"description\":\"Visitas culturales por Valencia y alrededores\",\"publisher\":{\"@id\":\"https:\/\/avalencia.com\/de\/#organization\"},\"potentialAction\":[{\"@type\":\"SearchAction\",\"target\":{\"@type\":\"EntryPoint\",\"urlTemplate\":\"https:\/\/avalencia.com\/de\/?s={search_term_string}\"},\"query-input\":{\"@type\":\"PropertyValueSpecification\",\"valueRequired\":true,\"valueName\":\"search_term_string\"}}],\"inLanguage\":\"de-DE\"},{\"@type\":\"Organization\",\"@id\":\"https:\/\/avalencia.com\/de\/#organization\",\"name\":\"Gu\u00eda Valencia\",\"url\":\"https:\/\/avalencia.com\/de\/\",\"logo\":{\"@type\":\"ImageObject\",\"inLanguage\":\"de-DE\",\"@id\":\"https:\/\/avalencia.com\/de\/#\/schema\/logo\/image\/\",\"url\":\"\",\"contentUrl\":\"\",\"caption\":\"Gu\u00eda Valencia\"},\"image\":{\"@id\":\"https:\/\/avalencia.com\/de\/#\/schema\/logo\/image\/\"},\"sameAs\":[\"https:\/\/www.facebook.com\/angela.marisoler\",\"https:\/\/x.com\/angelamari400\",\"https:\/\/www.instagram.com\/angelamarisoler\/\",\"https:\/\/www.linkedin.com\/feed\/?trk=guest_homepage-basic_sign-in-submit\",\"https:\/\/www.youtube.com\/channel\/UC4bWyTV2CWI65Qf0r1pjuXg?view_as=subscriber\"]}]}<\/script>\n<!-- \/ Yoast SEO plugin. -->","yoast_head_json":{"title":"Das Fallas Museum - mit AValencia -die vom Feuer begnadigten Figuren","description":"Einzigartig auf der Welt is das Fallas-Museum, das die \"ninots indultats\" die vom Feuer verschonten Figuren ab dem Jahr 1934 enth\u00e4lt.","robots":{"index":"index","follow":"follow","max-snippet":"max-snippet:-1","max-image-preview":"max-image-preview:large","max-video-preview":"max-video-preview:-1"},"canonical":"https:\/\/avalencia.com\/de\/das-fallas-museum\/","og_locale":"de_DE","og_type":"article","og_title":"Das Fallas Museum - mit AValencia -die vom Feuer begnadigten Figuren","og_description":"Einzigartig auf der Welt is das Fallas-Museum, das die \"ninots indultats\" die vom Feuer verschonten Figuren ab dem Jahr 1934 enth\u00e4lt.","og_url":"https:\/\/avalencia.com\/de\/das-fallas-museum\/","og_site_name":"AVALENCIA","article_publisher":"https:\/\/www.facebook.com\/angela.marisoler","article_modified_time":"2022-08-06T19:26:08+00:00","og_image":[{"width":973,"height":423,"url":"https:\/\/avalencia.com\/wp-content\/uploads\/2022\/08\/destacada-museo_fallero_0-999x423-1.webp","type":"image\/webp"}],"twitter_card":"summary_large_image","twitter_site":"@angelamari400","twitter_misc":{"Est. reading time":"4 minutes"},"schema":{"@context":"https:\/\/schema.org","@graph":[{"@type":"WebPage","@id":"https:\/\/avalencia.com\/de\/das-fallas-museum\/","url":"https:\/\/avalencia.com\/de\/das-fallas-museum\/","name":"Das Fallas Museum - mit AValencia -die vom Feuer begnadigten Figuren","isPartOf":{"@id":"https:\/\/avalencia.com\/de\/#website"},"primaryImageOfPage":{"@id":"https:\/\/avalencia.com\/de\/das-fallas-museum\/#primaryimage"},"image":{"@id":"https:\/\/avalencia.com\/de\/das-fallas-museum\/#primaryimage"},"thumbnailUrl":"https:\/\/avalencia.com\/wp-content\/uploads\/2022\/08\/destacada-museo_fallero_0-999x423-1.webp","datePublished":"2018-04-01T13:09:55+00:00","dateModified":"2022-08-06T19:26:08+00:00","description":"Einzigartig auf der Welt is das Fallas-Museum, das die \"ninots indultats\" die vom Feuer verschonten Figuren ab dem Jahr 1934 enth\u00e4lt.","breadcrumb":{"@id":"https:\/\/avalencia.com\/de\/das-fallas-museum\/#breadcrumb"},"inLanguage":"de-DE","potentialAction":[{"@type":"ReadAction","target":["https:\/\/avalencia.com\/de\/das-fallas-museum\/"]}]},{"@type":"ImageObject","inLanguage":"de-DE","@id":"https:\/\/avalencia.com\/de\/das-fallas-museum\/#primaryimage","url":"https:\/\/avalencia.com\/wp-content\/uploads\/2022\/08\/destacada-museo_fallero_0-999x423-1.webp","contentUrl":"https:\/\/avalencia.com\/wp-content\/uploads\/2022\/08\/destacada-museo_fallero_0-999x423-1.webp","width":973,"height":423},{"@type":"BreadcrumbList","@id":"https:\/\/avalencia.com\/de\/das-fallas-museum\/#breadcrumb","itemListElement":[{"@type":"ListItem","position":1,"name":"Portada","item":"https:\/\/avalencia.com\/de\/"},{"@type":"ListItem","position":2,"name":"Das Fallas Museum"}]},{"@type":"WebSite","@id":"https:\/\/avalencia.com\/de\/#website","url":"https:\/\/avalencia.com\/de\/","name":"AVALENCIA","description":"Visitas culturales por Valencia y alrededores","publisher":{"@id":"https:\/\/avalencia.com\/de\/#organization"},"potentialAction":[{"@type":"SearchAction","target":{"@type":"EntryPoint","urlTemplate":"https:\/\/avalencia.com\/de\/?s={search_term_string}"},"query-input":{"@type":"PropertyValueSpecification","valueRequired":true,"valueName":"search_term_string"}}],"inLanguage":"de-DE"},{"@type":"Organization","@id":"https:\/\/avalencia.com\/de\/#organization","name":"Gu\u00eda Valencia","url":"https:\/\/avalencia.com\/de\/","logo":{"@type":"ImageObject","inLanguage":"de-DE","@id":"https:\/\/avalencia.com\/de\/#\/schema\/logo\/image\/","url":"","contentUrl":"","caption":"Gu\u00eda Valencia"},"image":{"@id":"https:\/\/avalencia.com\/de\/#\/schema\/logo\/image\/"},"sameAs":["https:\/\/www.facebook.com\/angela.marisoler","https:\/\/x.com\/angelamari400","https:\/\/www.instagram.com\/angelamarisoler\/","https:\/\/www.linkedin.com\/feed\/?trk=guest_homepage-basic_sign-in-submit","https:\/\/www.youtube.com\/channel\/UC4bWyTV2CWI65Qf0r1pjuXg?view_as=subscriber"]}]}},"featured_image_src":"https:\/\/avalencia.com\/wp-content\/uploads\/2022\/08\/destacada-museo_fallero_0-999x423-1-600x400.webp","featured_image_src_square":"https:\/\/avalencia.com\/wp-content\/uploads\/2022\/08\/destacada-museo_fallero_0-999x423-1-600x423.webp","_links":{"self":[{"href":"https:\/\/avalencia.com\/de\/wp-json\/wp\/v2\/pages\/5782","targetHints":{"allow":["GET"]}}],"collection":[{"href":"https:\/\/avalencia.com\/de\/wp-json\/wp\/v2\/pages"}],"about":[{"href":"https:\/\/avalencia.com\/de\/wp-json\/wp\/v2\/types\/page"}],"author":[{"embeddable":true,"href":"https:\/\/avalencia.com\/de\/wp-json\/wp\/v2\/users\/3"}],"replies":[{"embeddable":true,"href":"https:\/\/avalencia.com\/de\/wp-json\/wp\/v2\/comments?post=5782"}],"version-history":[{"count":0,"href":"https:\/\/avalencia.com\/de\/wp-json\/wp\/v2\/pages\/5782\/revisions"}],"wp:featuredmedia":[{"embeddable":true,"href":"https:\/\/avalencia.com\/de\/wp-json\/wp\/v2\/media\/16873"}],"wp:attachment":[{"href":"https:\/\/avalencia.com\/de\/wp-json\/wp\/v2\/media?parent=5782"}],"curies":[{"name":"wp","href":"https:\/\/api.w.org\/{rel}","templated":true}]}}