{"id":5823,"date":"2019-09-22T09:09:58","date_gmt":"2019-09-22T09:09:58","guid":{"rendered":"https:\/\/avalencia.com\/route-der-seide\/"},"modified":"2022-11-29T17:59:32","modified_gmt":"2022-11-29T17:59:32","slug":"seidenstrasse-in-valencia","status":"publish","type":"page","link":"https:\/\/avalencia.com\/de\/seidenstrasse-in-valencia\/","title":{"rendered":"Seidenstra\u00dfe in Valencia"},"content":{"rendered":"\n<h1 class=\"wp-block-heading\">Route der <strong>Seidenstra\u00dfe in Valencia<\/strong><\/h1>\n\n\n\n<p>Spanien wurde 2015 als 32te Mitgliedstaat in das Seidenstra\u00dfen Programm der UNESCO aufgenommen.<br>Valencia war ein wichtiges Seide-Zentrum, dass am kilometer 9090 der Route der Seide liegt.<br>In der Nachbarschaft von Velluters und Mercat haben wir die emblematischen Geb\u00e4uden, die uns an ihre historische Bedeutung erinnern.<\/p>\n\n\n\n<figure class=\"wp-block-gallery has-nested-images columns-default is-cropped wp-block-gallery-1 is-layout-flex wp-block-gallery-is-layout-flex\">\n<figure class=\"wp-block-image size-full\"><a href=\"https:\/\/avalencia.com\/wp-content\/uploads\/2022\/07\/GL-01-01-02-Ruta-de-la-Seda-taller-March-1.webp\"><img decoding=\"async\" width=\"756\" height=\"454\" data-id=\"16361\" src=\"https:\/\/avalencia.com\/wp-content\/uploads\/2022\/07\/GL-01-01-02-Ruta-de-la-Seda-taller-March-1.webp\" alt=\"Route der Seidenstra\u00dfe in Valencia\" class=\"wp-image-16361\" srcset=\"https:\/\/avalencia.com\/wp-content\/uploads\/2022\/07\/GL-01-01-02-Ruta-de-la-Seda-taller-March-1.webp 756w, https:\/\/avalencia.com\/wp-content\/uploads\/2022\/07\/GL-01-01-02-Ruta-de-la-Seda-taller-March-1-300x180.webp 300w, https:\/\/avalencia.com\/wp-content\/uploads\/2022\/07\/GL-01-01-02-Ruta-de-la-Seda-taller-March-1-705x423.webp 705w\" sizes=\"(max-width: 756px) 100vw, 756px\" \/><\/a><\/figure>\n\n\n\n<figure class=\"wp-block-image size-full\"><a href=\"https:\/\/avalencia.com\/wp-content\/uploads\/2022\/07\/GL-01-02-Ruta-de-la-Seda-Museo-Seda-1.webp\"><img decoding=\"async\" width=\"850\" height=\"637\" data-id=\"16366\" src=\"https:\/\/avalencia.com\/wp-content\/uploads\/2022\/07\/GL-01-02-Ruta-de-la-Seda-Museo-Seda-1.webp\" alt=\"Reisef\u00fchrer Valencia - Webst\u00fchle des Museums\" class=\"wp-image-16366\" srcset=\"https:\/\/avalencia.com\/wp-content\/uploads\/2022\/07\/GL-01-02-Ruta-de-la-Seda-Museo-Seda-1.webp 850w, https:\/\/avalencia.com\/wp-content\/uploads\/2022\/07\/GL-01-02-Ruta-de-la-Seda-Museo-Seda-1-300x225.webp 300w, https:\/\/avalencia.com\/wp-content\/uploads\/2022\/07\/GL-01-02-Ruta-de-la-Seda-Museo-Seda-1-768x576.webp 768w, https:\/\/avalencia.com\/wp-content\/uploads\/2022\/07\/GL-01-02-Ruta-de-la-Seda-Museo-Seda-1-705x528.webp 705w\" sizes=\"(max-width: 850px) 100vw, 850px\" \/><\/a><\/figure>\n\n\n\n<figure class=\"wp-block-image size-full\"><a href=\"https:\/\/avalencia.com\/wp-content\/uploads\/2022\/07\/GL-02-02-Ruta-de-la-Seda-07-06-2020-4-copia-1.webp\"><img decoding=\"async\" width=\"900\" height=\"604\" data-id=\"16382\" src=\"https:\/\/avalencia.com\/wp-content\/uploads\/2022\/07\/GL-02-02-Ruta-de-la-Seda-07-06-2020-4-copia-1.webp\" alt=\"Reisef\u00fchrer Seidenstra\u00dfe Valencia \" class=\"wp-image-16382\" srcset=\"https:\/\/avalencia.com\/wp-content\/uploads\/2022\/07\/GL-02-02-Ruta-de-la-Seda-07-06-2020-4-copia-1.webp 900w, https:\/\/avalencia.com\/wp-content\/uploads\/2022\/07\/GL-02-02-Ruta-de-la-Seda-07-06-2020-4-copia-1-300x201.webp 300w, https:\/\/avalencia.com\/wp-content\/uploads\/2022\/07\/GL-02-02-Ruta-de-la-Seda-07-06-2020-4-copia-1-768x515.webp 768w, https:\/\/avalencia.com\/wp-content\/uploads\/2022\/07\/GL-02-02-Ruta-de-la-Seda-07-06-2020-4-copia-1-705x473.webp 705w\" sizes=\"(max-width: 900px) 100vw, 900px\" \/><\/a><\/figure>\n\n\n\n<figure class=\"wp-block-image size-full\"><a href=\"https:\/\/avalencia.com\/wp-content\/uploads\/2022\/07\/GL-02-03-Ruta-de-la-Seda-07-06-2020-5-1.webp\"><img decoding=\"async\" width=\"900\" height=\"604\" data-id=\"16387\" src=\"https:\/\/avalencia.com\/wp-content\/uploads\/2022\/07\/GL-02-03-Ruta-de-la-Seda-07-06-2020-5-1.webp\" alt=\"Seidenmarkt die von Valencia\" class=\"wp-image-16387\" srcset=\"https:\/\/avalencia.com\/wp-content\/uploads\/2022\/07\/GL-02-03-Ruta-de-la-Seda-07-06-2020-5-1.webp 900w, https:\/\/avalencia.com\/wp-content\/uploads\/2022\/07\/GL-02-03-Ruta-de-la-Seda-07-06-2020-5-1-300x201.webp 300w, https:\/\/avalencia.com\/wp-content\/uploads\/2022\/07\/GL-02-03-Ruta-de-la-Seda-07-06-2020-5-1-768x515.webp 768w, https:\/\/avalencia.com\/wp-content\/uploads\/2022\/07\/GL-02-03-Ruta-de-la-Seda-07-06-2020-5-1-705x473.webp 705w\" sizes=\"(max-width: 900px) 100vw, 900px\" \/><\/a><\/figure>\n\n\n\n<figure class=\"wp-block-image size-full\"><a href=\"https:\/\/avalencia.com\/wp-content\/uploads\/2022\/07\/GL-02-04-Ruta-de-la-Seda-07-06-2020-3-1.webp\"><img decoding=\"async\" width=\"900\" height=\"604\" data-id=\"16392\" src=\"https:\/\/avalencia.com\/wp-content\/uploads\/2022\/07\/GL-02-04-Ruta-de-la-Seda-07-06-2020-3-1.webp\" alt=\" Seidenmuseum Valencia\" class=\"wp-image-16392\" srcset=\"https:\/\/avalencia.com\/wp-content\/uploads\/2022\/07\/GL-02-04-Ruta-de-la-Seda-07-06-2020-3-1.webp 900w, https:\/\/avalencia.com\/wp-content\/uploads\/2022\/07\/GL-02-04-Ruta-de-la-Seda-07-06-2020-3-1-300x201.webp 300w, https:\/\/avalencia.com\/wp-content\/uploads\/2022\/07\/GL-02-04-Ruta-de-la-Seda-07-06-2020-3-1-768x515.webp 768w, https:\/\/avalencia.com\/wp-content\/uploads\/2022\/07\/GL-02-04-Ruta-de-la-Seda-07-06-2020-3-1-705x473.webp 705w\" sizes=\"(max-width: 900px) 100vw, 900px\" \/><\/a><\/figure>\n\n\n\n<figure class=\"wp-block-image size-full\"><a href=\"https:\/\/avalencia.com\/wp-content\/uploads\/2022\/07\/GL-02-05-LlonjadelaSeda-1-1.webp\"><img decoding=\"async\" width=\"900\" height=\"629\" data-id=\"16397\" src=\"https:\/\/avalencia.com\/wp-content\/uploads\/2022\/07\/GL-02-05-LlonjadelaSeda-1-1.webp\" alt=\"Leitfaden f\u00fcr das Seidenmuseum Valencia\" class=\"wp-image-16397\" srcset=\"https:\/\/avalencia.com\/wp-content\/uploads\/2022\/07\/GL-02-05-LlonjadelaSeda-1-1.webp 900w, https:\/\/avalencia.com\/wp-content\/uploads\/2022\/07\/GL-02-05-LlonjadelaSeda-1-1-300x210.webp 300w, https:\/\/avalencia.com\/wp-content\/uploads\/2022\/07\/GL-02-05-LlonjadelaSeda-1-1-768x537.webp 768w, https:\/\/avalencia.com\/wp-content\/uploads\/2022\/07\/GL-02-05-LlonjadelaSeda-1-1-705x493.webp 705w\" sizes=\"(max-width: 900px) 100vw, 900px\" \/><\/a><\/figure>\n<\/figure>\n\n\n\n<h4 class=\"wp-block-heading\"><strong>W\u00e4hrend dieser Tour besuchen wir:<\/strong><\/h4>\n\n\n\n<h4 class=\"wp-block-heading\">\u2022 <strong>Das Seidenmuseum, Zunfthaus der Seidenh\u00e4ndler<\/strong>.- <\/h4>\n\n\n\n<p>Ein historisches Geb\u00e4ude, Symbol f\u00fcr die Pracht des valencianischen Seidenhandels und der Seidenindustrie, das seine T\u00fcren v\u00f6llig wiederhergestellt im Juni 2016 nach zwei Jahren Restaurierung als Seidenmuseum von Valencia \u00f6ffnete, und nach einer privaten Investition von fast zwei Millionen Euro durch die Hortensia Herrero Stiftung, die die Rettung des Geb\u00e4udes zu \u00fcbernehmen beschloss.<br>Wir werden die Ausstellung besuchen, um mehr \u00fcber die Geschichte der valencianischen Seide zu erfahren. Wir werden das Archiv, die Kapelle, die Pometa Halle, die Ruhmeshalle, die Halle der Kleinkunst besuchen und an den Webst\u00fchlen eine Demonstration des handwerklichen Ausarbeitung Prozesses des \u201eespolin\u201c Schiffchen besuchen.<\/p>\n\n\n\n<h5 class=\"wp-block-heading\">Spaziergang durch das Viertel Velluters<\/h5>\n\n\n\n<p>\u2022 <strong>Wir werden durch das Viertel Velluters spazieren gehen<\/strong>, um etwas \u00fcber seine Geschichte und seine physische Konfiguration zu erfahren, die mit dem Ursprung der Werkst\u00e4tten und Herstellung der Seide \u201eHaus-Werkstatt\u201c, verbunden blieb. Wir werden eine von diesen Fassaden der Typologie \u201eWohnwerkstatt\u201c sehen, wie der <strong>Tamarit- Palast<\/strong>.<br>Dieses Geb\u00e4ude wurde im 18. Jahrhundert von Herr Vicente Tamarit als Familienhaus und Werkstatt erbaut und ist heute Sitz von FUNDACODE (Stiftung f\u00fcr Interregionale Zusammenarbeit und Entwicklung) sowie Hauptsitz der Unesco \/ Valencia in der Seidenstrasse in Valencia.<\/p>\n\n\n\n<p>\u2022 Wir werden <strong>den Balmes Palas<\/strong>t besuchen, ein architektonisches Juwel, das im XV Jahrhundert von den valencianischen Holz Handwerkern f\u00fcr die Versammlungen der Bruderschaft erbaut wurde. Es wurde wieder in dem XVIII Jahrhundert von den Zimmerleuten selbst als Hauptsitz der Holz Handwerkern aufgebaut. Es wurde noch Ende des 20. Jahrhunderts rehabilitiert.<\/p>\n\n\n\n<p>\u2022 <strong><a href=\"https:\/\/de.wikipedia.org\/wiki\/Lonja_de_la_Seda\" target=\"_blank\" rel=\"noreferrer noopener\">La Lonja de la Seda<\/a> \u2013die Seidenb\u00f6rse<\/strong>&#8211; , emblematisches Geb\u00e4ude von Valencia, der b\u00fcrgerlichen Gotik der XV-XVI Jahrhundert und das beste Zeugnis f\u00fcr die Pracht des Seide Handels in Valencia. Als Tempel f\u00fcr den Handel Konzipiert und haupts\u00e4chlich f\u00fcr den Kauf und Verkauf von Seidenstoffen verwendet. Die Seidenb\u00f6rse hatte im Laufe der Geschichte unterschiedliche Verwendungszwecke. Hier fand vom 8. bis 12. Juni 2016 das zweite Treffen des Unesco-Programms in Valencia \u00abSilk Road\u00bb statt.<\/p>\n\n\n\n<h5 class=\"wp-block-heading\">Es gibt eine M\u00f6glichkeit des Besuchs del <strong>Real Colegio de las Escuelas Pias: <\/strong><\/h5>\n\n\n\n<p><strong>\u2013 Die K\u00f6nigliche Hochschule von Piaristen<\/strong>-, dessen Orden der armen regul\u00e4ren Kleriker in den fr\u00fchen XVII Jahrhundert von dem Spaniers San Jos\u00e9 de Calasanz gegr\u00fcndet wurde. Ihr Ziel war es, Kindern ohne wirtschaftliche Ressourcen zu erziehen.<br>Die Kirche der Piaristen &#8211; Escuelas P\u00edas -ist ein klares und reines Beispiel f\u00fcr die religi\u00f6se Architektur des Neoklassizismus in Valencia. Die 40-Meter-Kuppel ist die zweitgr\u00f6\u00dfte in Spanien und die erste in der valencianischen Gemeinschaft.<\/p>\n\n\n\n<h5 class=\"wp-block-heading\"><strong>Die March Werkstatt<\/strong>  <\/h5>\n\n\n\n<p>Taller March &#8211; befindet sich im Herzen des Viertels el Carmen, eines der charmantesten Viertel in Valencia.<br>Die Wohnwerkstatt March wurde in der Mitte des 19. Jahrhunderts als Seidenwerkstatt gegr\u00fcndet, aber bald begann es, andere Aktivit\u00e4ten wie Bilder, Goldschmiedekunst, Schmieden und Keramik zu veranstalten, wobei immer die traditionelle Werkstattstruktur beibehalten wurde. <\/p>\n\n\n\n<p>Heute ist es Sitz der Vereinigung der K\u00fcnstler und Handwerker \u00abLabor Art\u00bb und eine der letzten Handwerksbetriebe im historischen Zentrum von Valencia.<\/p>\n\n\n\n<p>Bei diesem Besuch k\u00f6nnen wir <strong>den Zentralmarkt<\/strong> Einschlie\u00dfen, ein Geb\u00e4ude im Jugendstil, das 1928 er\u00f6ffnet wurde und sich vor der Seidenb\u00f6rse befindet.<\/p>\n\n\n\n<p>Und wenn wir noch Zeit haben, k\u00f6nnen wir &#8220;Horchata&#8221; und &#8220;Fart\u00f3&#8221; probieren.<\/p>\n\n\n\n<div class=\"wp-block-buttons is-layout-flex wp-block-buttons-is-layout-flex\">\n<div class=\"wp-block-button\"><a class=\"wp-block-button__link wp-element-button\" href=\"https:\/\/avalencia.com\/de\/kontakt\/\" target=\"_blank\" rel=\"noreferrer noopener\">Kontakt<\/a><\/div>\n<\/div>\n\n\n\n<div style=\"height:49px\" aria-hidden=\"true\" class=\"wp-block-spacer\"><\/div>\n\n\n<div  class='av-social-sharing-box  avia-builder-el-0  avia-builder-el-no-sibling  '><div class='av-share-box'><h5 class='av-share-link-description av-no-toc '>Teilen Sie mit<\/h5><ul class='av-share-box-list noLightbox'><li class='av-share-link av-social-link-facebook' ><a target=\"_blank\" aria-label=\"Teilen auf Facebook\" href='https:\/\/www.facebook.com\/sharer.php?u=https:\/\/avalencia.com\/de\/seidenstrasse-in-valencia\/&#038;t=Seidenstra%C3%9Fe%20in%20Valencia' aria-hidden='false' data-av_icon='\ue8f3' data-av_iconfont='entypo-fontello' title='' data-avia-related-tooltip='Teilen auf Facebook' rel=\"noopener\"><span class='avia_hidden_link_text'>Teilen auf Facebook<\/span><\/a><\/li><li class='av-share-link av-social-link-twitter' ><a target=\"_blank\" aria-label=\"Teilen auf Twitter\" href='https:\/\/twitter.com\/share?text=Seidenstra%C3%9Fe%20in%20Valencia&#038;url=https:\/\/avalencia.com\/de\/?p=5823' aria-hidden='false' data-av_icon='\ue8f1' data-av_iconfont='entypo-fontello' title='' data-avia-related-tooltip='Teilen auf Twitter' rel=\"noopener\"><span class='avia_hidden_link_text'>Teilen auf Twitter<\/span><\/a><\/li><li class='av-share-link av-social-link-pinterest' ><a target=\"_blank\" aria-label=\"Teilen auf Pinterest\" href='https:\/\/pinterest.com\/pin\/create\/button\/?url=https%3A%2F%2Favalencia.com%2Fde%2Fseidenstrasse-in-valencia%2F&#038;description=Seidenstra%C3%9Fe%20in%20Valencia&#038;media=https%3A%2F%2Favalencia.com%2Fwp-content%2Fuploads%2F2022%2F07%2Fdestacada-Ruta-de-la-Seda-20170518_201423--705x409.webp' aria-hidden='false' data-av_icon='\ue8f8' data-av_iconfont='entypo-fontello' title='' data-avia-related-tooltip='Teilen auf Pinterest' rel=\"noopener\"><span class='avia_hidden_link_text'>Teilen auf Pinterest<\/span><\/a><\/li><li class='av-share-link av-social-link-linkedin' ><a target=\"_blank\" aria-label=\"Teilen auf LinkedIn\" href='https:\/\/linkedin.com\/shareArticle?mini=true&#038;title=Seidenstra%C3%9Fe%20in%20Valencia&#038;url=https:\/\/avalencia.com\/de\/seidenstrasse-in-valencia\/' aria-hidden='false' data-av_icon='\ue8fc' data-av_iconfont='entypo-fontello' title='' data-avia-related-tooltip='Teilen auf LinkedIn' rel=\"noopener\"><span class='avia_hidden_link_text'>Teilen auf LinkedIn<\/span><\/a><\/li><li class='av-share-link av-social-link-mail' ><a  aria-label=\"Per E-Mail teilen\" href='mailto:?subject=Seidenstra%C3%9Fe%20in%20Valencia&#038;body=https:\/\/avalencia.com\/de\/seidenstrasse-in-valencia\/' aria-hidden='false' data-av_icon='\ue805' data-av_iconfont='entypo-fontello' title='' data-avia-related-tooltip='Per E-Mail teilen'><span class='avia_hidden_link_text'>Per E-Mail teilen<\/span><\/a><\/li><\/ul><\/div><\/div>\n","protected":false},"excerpt":{"rendered":"<p>Route der Seidenstra\u00dfe in Valencia Spanien wurde 2015 als 32te Mitgliedstaat in das Seidenstra\u00dfen Programm der UNESCO aufgenommen.Valencia war ein wichtiges Seide-Zentrum, dass am kilometer 9090 der Route der Seide liegt.In der Nachbarschaft von Velluters und Mercat haben wir die emblematischen Geb\u00e4uden, die uns an ihre historische Bedeutung erinnern. W\u00e4hrend dieser Tour besuchen wir: \u2022 [&hellip;]<\/p>\n","protected":false},"author":3,"featured_media":16354,"parent":0,"menu_order":0,"comment_status":"closed","ping_status":"closed","template":"","meta":{"footnotes":""},"class_list":["post-5823","page","type-page","status-publish","has-post-thumbnail","hentry"],"yoast_head":"<!-- This site is optimized with the Yoast SEO plugin v26.8 - https:\/\/yoast.com\/product\/yoast-seo-wordpress\/ -->\n<title>Seidenstra\u00dfe in Valencia - AValencia<\/title>\n<meta name=\"description\" content=\"Bei dieser F\u00fchrung der Seiden Strasse in Valencia, haben Sie die M\u00f6glichkeit Valencia als Mittelpunkt der Seide der Welt zu erkunden....\" \/>\n<meta name=\"robots\" content=\"index, follow, max-snippet:-1, max-image-preview:large, max-video-preview:-1\" \/>\n<link rel=\"canonical\" href=\"https:\/\/avalencia.com\/de\/seidenstrasse-in-valencia\/\" \/>\n<meta property=\"og:locale\" content=\"de_DE\" \/>\n<meta property=\"og:type\" content=\"article\" \/>\n<meta property=\"og:title\" content=\"Seidenstra\u00dfe in Valencia - AValencia\" \/>\n<meta property=\"og:description\" content=\"Bei dieser F\u00fchrung der Seiden Strasse in Valencia, haben Sie die M\u00f6glichkeit Valencia als Mittelpunkt der Seide der Welt zu erkunden....\" \/>\n<meta property=\"og:url\" content=\"https:\/\/avalencia.com\/de\/seidenstrasse-in-valencia\/\" \/>\n<meta property=\"og:site_name\" content=\"AVALENCIA\" \/>\n<meta property=\"article:publisher\" content=\"https:\/\/www.facebook.com\/angela.marisoler\" \/>\n<meta property=\"article:modified_time\" content=\"2022-11-29T17:59:32+00:00\" \/>\n<meta property=\"og:image\" content=\"https:\/\/avalencia.com\/wp-content\/uploads\/2022\/07\/destacada-Ruta-de-la-Seda-20170518_201423--e1659009083117.webp\" \/>\n\t<meta property=\"og:image:width\" content=\"999\" \/>\n\t<meta property=\"og:image:height\" content=\"579\" \/>\n\t<meta property=\"og:image:type\" content=\"image\/webp\" \/>\n<meta name=\"twitter:card\" content=\"summary_large_image\" \/>\n<meta name=\"twitter:site\" content=\"@angelamari400\" \/>\n<meta name=\"twitter:label1\" content=\"Est. reading time\" \/>\n\t<meta name=\"twitter:data1\" content=\"4 minutes\" \/>\n<script type=\"application\/ld+json\" class=\"yoast-schema-graph\">{\"@context\":\"https:\/\/schema.org\",\"@graph\":[{\"@type\":\"WebPage\",\"@id\":\"https:\/\/avalencia.com\/de\/seidenstrasse-in-valencia\/\",\"url\":\"https:\/\/avalencia.com\/de\/seidenstrasse-in-valencia\/\",\"name\":\"Seidenstra\u00dfe in Valencia - AValencia\",\"isPartOf\":{\"@id\":\"https:\/\/avalencia.com\/de\/#website\"},\"primaryImageOfPage\":{\"@id\":\"https:\/\/avalencia.com\/de\/seidenstrasse-in-valencia\/#primaryimage\"},\"image\":{\"@id\":\"https:\/\/avalencia.com\/de\/seidenstrasse-in-valencia\/#primaryimage\"},\"thumbnailUrl\":\"https:\/\/avalencia.com\/wp-content\/uploads\/2022\/07\/destacada-Ruta-de-la-Seda-20170518_201423--e1659009083117.webp\",\"datePublished\":\"2019-09-22T09:09:58+00:00\",\"dateModified\":\"2022-11-29T17:59:32+00:00\",\"description\":\"Bei dieser F\u00fchrung der Seiden Strasse in Valencia, haben Sie die M\u00f6glichkeit Valencia als Mittelpunkt der Seide der Welt zu erkunden....\",\"breadcrumb\":{\"@id\":\"https:\/\/avalencia.com\/de\/seidenstrasse-in-valencia\/#breadcrumb\"},\"inLanguage\":\"de-DE\",\"potentialAction\":[{\"@type\":\"ReadAction\",\"target\":[\"https:\/\/avalencia.com\/de\/seidenstrasse-in-valencia\/\"]}]},{\"@type\":\"ImageObject\",\"inLanguage\":\"de-DE\",\"@id\":\"https:\/\/avalencia.com\/de\/seidenstrasse-in-valencia\/#primaryimage\",\"url\":\"https:\/\/avalencia.com\/wp-content\/uploads\/2022\/07\/destacada-Ruta-de-la-Seda-20170518_201423--e1659009083117.webp\",\"contentUrl\":\"https:\/\/avalencia.com\/wp-content\/uploads\/2022\/07\/destacada-Ruta-de-la-Seda-20170518_201423--e1659009083117.webp\",\"width\":999,\"height\":579},{\"@type\":\"BreadcrumbList\",\"@id\":\"https:\/\/avalencia.com\/de\/seidenstrasse-in-valencia\/#breadcrumb\",\"itemListElement\":[{\"@type\":\"ListItem\",\"position\":1,\"name\":\"Portada\",\"item\":\"https:\/\/avalencia.com\/de\/\"},{\"@type\":\"ListItem\",\"position\":2,\"name\":\"Seidenstra\u00dfe in Valencia\"}]},{\"@type\":\"WebSite\",\"@id\":\"https:\/\/avalencia.com\/de\/#website\",\"url\":\"https:\/\/avalencia.com\/de\/\",\"name\":\"AVALENCIA\",\"description\":\"Visitas culturales por Valencia y alrededores\",\"publisher\":{\"@id\":\"https:\/\/avalencia.com\/de\/#organization\"},\"potentialAction\":[{\"@type\":\"SearchAction\",\"target\":{\"@type\":\"EntryPoint\",\"urlTemplate\":\"https:\/\/avalencia.com\/de\/?s={search_term_string}\"},\"query-input\":{\"@type\":\"PropertyValueSpecification\",\"valueRequired\":true,\"valueName\":\"search_term_string\"}}],\"inLanguage\":\"de-DE\"},{\"@type\":\"Organization\",\"@id\":\"https:\/\/avalencia.com\/de\/#organization\",\"name\":\"Gu\u00eda Valencia\",\"url\":\"https:\/\/avalencia.com\/de\/\",\"logo\":{\"@type\":\"ImageObject\",\"inLanguage\":\"de-DE\",\"@id\":\"https:\/\/avalencia.com\/de\/#\/schema\/logo\/image\/\",\"url\":\"\",\"contentUrl\":\"\",\"caption\":\"Gu\u00eda Valencia\"},\"image\":{\"@id\":\"https:\/\/avalencia.com\/de\/#\/schema\/logo\/image\/\"},\"sameAs\":[\"https:\/\/www.facebook.com\/angela.marisoler\",\"https:\/\/x.com\/angelamari400\",\"https:\/\/www.instagram.com\/angelamarisoler\/\",\"https:\/\/www.linkedin.com\/feed\/?trk=guest_homepage-basic_sign-in-submit\",\"https:\/\/www.youtube.com\/channel\/UC4bWyTV2CWI65Qf0r1pjuXg?view_as=subscriber\"]}]}<\/script>\n<!-- \/ Yoast SEO plugin. -->","yoast_head_json":{"title":"Seidenstra\u00dfe in Valencia - AValencia","description":"Bei dieser F\u00fchrung der Seiden Strasse in Valencia, haben Sie die M\u00f6glichkeit Valencia als Mittelpunkt der Seide der Welt zu erkunden....","robots":{"index":"index","follow":"follow","max-snippet":"max-snippet:-1","max-image-preview":"max-image-preview:large","max-video-preview":"max-video-preview:-1"},"canonical":"https:\/\/avalencia.com\/de\/seidenstrasse-in-valencia\/","og_locale":"de_DE","og_type":"article","og_title":"Seidenstra\u00dfe in Valencia - AValencia","og_description":"Bei dieser F\u00fchrung der Seiden Strasse in Valencia, haben Sie die M\u00f6glichkeit Valencia als Mittelpunkt der Seide der Welt zu erkunden....","og_url":"https:\/\/avalencia.com\/de\/seidenstrasse-in-valencia\/","og_site_name":"AVALENCIA","article_publisher":"https:\/\/www.facebook.com\/angela.marisoler","article_modified_time":"2022-11-29T17:59:32+00:00","og_image":[{"width":999,"height":579,"url":"https:\/\/avalencia.com\/wp-content\/uploads\/2022\/07\/destacada-Ruta-de-la-Seda-20170518_201423--e1659009083117.webp","type":"image\/webp"}],"twitter_card":"summary_large_image","twitter_site":"@angelamari400","twitter_misc":{"Est. reading time":"4 minutes"},"schema":{"@context":"https:\/\/schema.org","@graph":[{"@type":"WebPage","@id":"https:\/\/avalencia.com\/de\/seidenstrasse-in-valencia\/","url":"https:\/\/avalencia.com\/de\/seidenstrasse-in-valencia\/","name":"Seidenstra\u00dfe in Valencia - AValencia","isPartOf":{"@id":"https:\/\/avalencia.com\/de\/#website"},"primaryImageOfPage":{"@id":"https:\/\/avalencia.com\/de\/seidenstrasse-in-valencia\/#primaryimage"},"image":{"@id":"https:\/\/avalencia.com\/de\/seidenstrasse-in-valencia\/#primaryimage"},"thumbnailUrl":"https:\/\/avalencia.com\/wp-content\/uploads\/2022\/07\/destacada-Ruta-de-la-Seda-20170518_201423--e1659009083117.webp","datePublished":"2019-09-22T09:09:58+00:00","dateModified":"2022-11-29T17:59:32+00:00","description":"Bei dieser F\u00fchrung der Seiden Strasse in Valencia, haben Sie die M\u00f6glichkeit Valencia als Mittelpunkt der Seide der Welt zu erkunden....","breadcrumb":{"@id":"https:\/\/avalencia.com\/de\/seidenstrasse-in-valencia\/#breadcrumb"},"inLanguage":"de-DE","potentialAction":[{"@type":"ReadAction","target":["https:\/\/avalencia.com\/de\/seidenstrasse-in-valencia\/"]}]},{"@type":"ImageObject","inLanguage":"de-DE","@id":"https:\/\/avalencia.com\/de\/seidenstrasse-in-valencia\/#primaryimage","url":"https:\/\/avalencia.com\/wp-content\/uploads\/2022\/07\/destacada-Ruta-de-la-Seda-20170518_201423--e1659009083117.webp","contentUrl":"https:\/\/avalencia.com\/wp-content\/uploads\/2022\/07\/destacada-Ruta-de-la-Seda-20170518_201423--e1659009083117.webp","width":999,"height":579},{"@type":"BreadcrumbList","@id":"https:\/\/avalencia.com\/de\/seidenstrasse-in-valencia\/#breadcrumb","itemListElement":[{"@type":"ListItem","position":1,"name":"Portada","item":"https:\/\/avalencia.com\/de\/"},{"@type":"ListItem","position":2,"name":"Seidenstra\u00dfe in Valencia"}]},{"@type":"WebSite","@id":"https:\/\/avalencia.com\/de\/#website","url":"https:\/\/avalencia.com\/de\/","name":"AVALENCIA","description":"Visitas culturales por Valencia y alrededores","publisher":{"@id":"https:\/\/avalencia.com\/de\/#organization"},"potentialAction":[{"@type":"SearchAction","target":{"@type":"EntryPoint","urlTemplate":"https:\/\/avalencia.com\/de\/?s={search_term_string}"},"query-input":{"@type":"PropertyValueSpecification","valueRequired":true,"valueName":"search_term_string"}}],"inLanguage":"de-DE"},{"@type":"Organization","@id":"https:\/\/avalencia.com\/de\/#organization","name":"Gu\u00eda Valencia","url":"https:\/\/avalencia.com\/de\/","logo":{"@type":"ImageObject","inLanguage":"de-DE","@id":"https:\/\/avalencia.com\/de\/#\/schema\/logo\/image\/","url":"","contentUrl":"","caption":"Gu\u00eda Valencia"},"image":{"@id":"https:\/\/avalencia.com\/de\/#\/schema\/logo\/image\/"},"sameAs":["https:\/\/www.facebook.com\/angela.marisoler","https:\/\/x.com\/angelamari400","https:\/\/www.instagram.com\/angelamarisoler\/","https:\/\/www.linkedin.com\/feed\/?trk=guest_homepage-basic_sign-in-submit","https:\/\/www.youtube.com\/channel\/UC4bWyTV2CWI65Qf0r1pjuXg?view_as=subscriber"]}]}},"featured_image_src":"https:\/\/avalencia.com\/wp-content\/uploads\/2022\/07\/destacada-Ruta-de-la-Seda-20170518_201423--600x400.webp","featured_image_src_square":"https:\/\/avalencia.com\/wp-content\/uploads\/2022\/07\/destacada-Ruta-de-la-Seda-20170518_201423--600x579.webp","_links":{"self":[{"href":"https:\/\/avalencia.com\/de\/wp-json\/wp\/v2\/pages\/5823","targetHints":{"allow":["GET"]}}],"collection":[{"href":"https:\/\/avalencia.com\/de\/wp-json\/wp\/v2\/pages"}],"about":[{"href":"https:\/\/avalencia.com\/de\/wp-json\/wp\/v2\/types\/page"}],"author":[{"embeddable":true,"href":"https:\/\/avalencia.com\/de\/wp-json\/wp\/v2\/users\/3"}],"replies":[{"embeddable":true,"href":"https:\/\/avalencia.com\/de\/wp-json\/wp\/v2\/comments?post=5823"}],"version-history":[{"count":0,"href":"https:\/\/avalencia.com\/de\/wp-json\/wp\/v2\/pages\/5823\/revisions"}],"wp:featuredmedia":[{"embeddable":true,"href":"https:\/\/avalencia.com\/de\/wp-json\/wp\/v2\/media\/16354"}],"wp:attachment":[{"href":"https:\/\/avalencia.com\/de\/wp-json\/wp\/v2\/media?parent=5823"}],"curies":[{"name":"wp","href":"https:\/\/api.w.org\/{rel}","templated":true}]}}