{"id":5834,"date":"2020-02-05T13:49:44","date_gmt":"2020-02-05T13:49:44","guid":{"rendered":"https:\/\/avalencia.com\/videos\/"},"modified":"2022-10-29T11:29:45","modified_gmt":"2022-10-29T11:29:45","slug":"besuchen-sie-valencia","status":"publish","type":"page","link":"https:\/\/avalencia.com\/de\/besuchen-sie-valencia\/","title":{"rendered":"V\u00eddeos"},"content":{"rendered":"\n<h1 class=\"has-text-align-center wp-block-heading\">Videos von Valencia<\/h1>\n\n\n\n<h3 class=\"wp-block-heading\"><a href=\"https:\/\/avalencia.com\/guia-oficial-de-turismo\/\"><br><\/a><\/h3>\n\n\n\n<h3 class=\"wp-block-heading\"><a href=\"https:\/\/avalencia.com\/de\/historisches-zentrum-valencia\/\" target=\"_blank\" rel=\"noreferrer noopener\">Die Altstadt von Valencia<\/a><\/h3>\n\n\n\n<figure class=\"wp-block-embed is-type-video is-provider-youtube wp-block-embed-youtube wp-embed-aspect-16-9 wp-has-aspect-ratio\"><div class=\"wp-block-embed__wrapper\">\n<div class='avia-iframe-wrap'><iframe title=\"Visitas guiadas Valencia con gu\u00eda oficial\" width=\"1500\" height=\"844\" src=\"https:\/\/www.youtube.com\/embed\/ZaI0z9tIDbw?feature=oembed\" frameborder=\"0\" allow=\"accelerometer; autoplay; clipboard-write; encrypted-media; gyroscope; picture-in-picture\" allowfullscreen><\/iframe><\/div>\n<\/div><\/figure>\n\n\n\n<figure><figcaption>Stadtf\u00fchrerin Valencia: Stadtf\u00fchrung durch das historische Zentrum von Valencia<\/figcaption><\/figure>\n\n\n\n<h3 class=\"wp-block-heading\"><strong>Graffiti Valencia<\/strong><\/h3>\n\n\n\n<figure class=\"wp-block-embed is-type-video is-provider-youtube wp-block-embed-youtube wp-embed-aspect-16-9 wp-has-aspect-ratio\"><div class=\"wp-block-embed__wrapper\">\n<div class='avia-iframe-wrap'><iframe title=\"Visita guiada Grafiti Valencia\" width=\"1500\" height=\"844\" src=\"https:\/\/www.youtube.com\/embed\/AjiHII9ZhfI?feature=oembed\" frameborder=\"0\" allow=\"accelerometer; autoplay; clipboard-write; encrypted-media; gyroscope; picture-in-picture\" allowfullscreen><\/iframe><\/div>\n<\/div><\/figure>\n\n\n\n<h3 class=\"wp-block-heading\">Video<a href=\"http:\/\/turismo.sagunto.es\/\"> Sagunto<\/a><\/h3>\n\n\n\n<figure class=\"wp-block-embed is-type-video is-provider-youtube wp-block-embed-youtube wp-embed-aspect-16-9 wp-has-aspect-ratio\"><div class=\"wp-block-embed__wrapper\">\n<div class='avia-iframe-wrap'><iframe title=\"Sagunto Valencia\" width=\"1500\" height=\"844\" src=\"https:\/\/www.youtube.com\/embed\/UX5l53qJ36w?feature=oembed\" frameborder=\"0\" allow=\"accelerometer; autoplay; clipboard-write; encrypted-media; gyroscope; picture-in-picture\" allowfullscreen><\/iframe><\/div>\n<\/div><\/figure>\n\n\n\n<figure><figcaption> Stadtf\u00fchrung in Sagunto, 25 kilometer von Valencia entfernt, in der Region von -el Camp del Morverdre- ist mehr als 2000 Jahre alt. <\/figcaption><\/figure>\n\n\n\n<p>Corpus Christi<\/p>\n\n\n\n<figure class=\"wp-block-embed is-type-video is-provider-youtube wp-block-embed-youtube wp-embed-aspect-16-9 wp-has-aspect-ratio\"><div class=\"wp-block-embed__wrapper\">\n<div class='avia-iframe-wrap'><iframe title=\"Gu\u00eda Valencia, Procesi\u00f3n del Corpus Valencia\" width=\"1500\" height=\"844\" src=\"https:\/\/www.youtube.com\/embed\/bxlDcPtHkdU?feature=oembed\" frameborder=\"0\" allow=\"accelerometer; autoplay; clipboard-write; encrypted-media; gyroscope; picture-in-picture\" allowfullscreen><\/iframe><\/div>\n<\/div><\/figure>\n\n\n\n<figure><figcaption>Stadf\u00fchrerin Valencia &#8211; das Fronleichnam Museum befindet sich im alten Felsenhaus in das Viertel &#8211; el Carmen -. <br> \u00dcber Jahrhunderte war es das bedeutendste Fest der Stadt. <\/figcaption><\/figure>\n\n\n<h3>&nbsp;<\/h3>\n<h3>Das Verbrennen von der Falla des Rathausplatzes 2020 hinter Verschlossenen T\u00fcren wegen Covid-19<\/h3>\n<p><div class='avia-iframe-wrap'><iframe title=\"Crem\u00e0 Falles Valencia 2021\" width=\"1500\" height=\"844\" src=\"https:\/\/www.youtube.com\/embed\/tmsscYl1uK4?feature=oembed\" frameborder=\"0\" allow=\"accelerometer; autoplay; clipboard-write; encrypted-media; gyroscope; picture-in-picture\" allowfullscreen><\/iframe><\/div><\/p>\n<p><\/p>\n\n\n<h3 class=\"wp-block-heading\"> La Valencia Romana<\/h3>\n\n\n\n<figure class=\"wp-block-embed is-type-video is-provider-youtube wp-block-embed-youtube wp-embed-aspect-16-9 wp-has-aspect-ratio\"><div class=\"wp-block-embed__wrapper\">\n<div class='avia-iframe-wrap'><iframe title=\"La Valencia Romana\" width=\"1500\" height=\"844\" src=\"https:\/\/www.youtube.com\/embed\/EZ3wr8XuAog?feature=oembed\" frameborder=\"0\" allow=\"accelerometer; autoplay; clipboard-write; encrypted-media; gyroscope; picture-in-picture\" allowfullscreen><\/iframe><\/div>\n<\/div><\/figure>\n\n\n\n<figure><figcaption>Die r\u00f6mische Valentia, der Ursprung der Stadt, entdecken Sie unsere \u00e4lteste Geschichte, die Valentia Edetanorum, 138 v.Chr. gegr\u00fcndet.<\/figcaption><\/figure>\n\n\n\n<div style=\"height:48px\" aria-hidden=\"true\" class=\"wp-block-spacer\"><\/div>\n","protected":false},"excerpt":{"rendered":"<p>Videos von Valencia Die Altstadt von Valencia Stadtf\u00fchrerin Valencia: Stadtf\u00fchrung durch das historische Zentrum von Valencia Graffiti Valencia Video Sagunto Stadtf\u00fchrung in Sagunto, 25 kilometer von Valencia entfernt, in der Region von -el Camp del Morverdre- ist mehr als 2000 Jahre alt. Corpus Christi Stadf\u00fchrerin Valencia &#8211; das Fronleichnam Museum befindet sich im alten Felsenhaus [&hellip;]<\/p>\n","protected":false},"author":3,"featured_media":0,"parent":0,"menu_order":0,"comment_status":"open","ping_status":"closed","template":"","meta":{"footnotes":""},"class_list":["post-5834","page","type-page","status-publish","hentry"],"yoast_head":"<!-- This site is optimized with the Yoast SEO plugin v26.8 - https:\/\/yoast.com\/product\/yoast-seo-wordpress\/ -->\n<title>Besuchen Sie Valencia -V\u00eddeos - AVALENCIA<\/title>\n<meta name=\"description\" content=\"Videos von Valencia von Angela Mar\u00ed Soler, offizieller Stadtf\u00fchrerin: Historisches Zentrum; Sagunto; el Carmen Viertel; das Fronleichnam Museum...\" \/>\n<meta name=\"robots\" content=\"index, follow, max-snippet:-1, max-image-preview:large, max-video-preview:-1\" \/>\n<link rel=\"canonical\" href=\"https:\/\/avalencia.com\/de\/besuchen-sie-valencia\/\" \/>\n<meta property=\"og:locale\" content=\"de_DE\" \/>\n<meta property=\"og:type\" content=\"article\" \/>\n<meta property=\"og:title\" content=\"Besuchen Sie Valencia -V\u00eddeos - AVALENCIA\" \/>\n<meta property=\"og:description\" content=\"Videos von Valencia von Angela Mar\u00ed Soler, offizieller Stadtf\u00fchrerin: Historisches Zentrum; Sagunto; el Carmen Viertel; das Fronleichnam Museum...\" \/>\n<meta property=\"og:url\" content=\"https:\/\/avalencia.com\/de\/besuchen-sie-valencia\/\" \/>\n<meta property=\"og:site_name\" content=\"AVALENCIA\" \/>\n<meta property=\"article:publisher\" content=\"https:\/\/www.facebook.com\/angela.marisoler\" \/>\n<meta property=\"article:modified_time\" content=\"2022-10-29T11:29:45+00:00\" \/>\n<meta name=\"twitter:card\" content=\"summary_large_image\" \/>\n<meta name=\"twitter:site\" content=\"@angelamari400\" \/>\n<meta name=\"twitter:label1\" content=\"Est. reading time\" \/>\n\t<meta name=\"twitter:data1\" content=\"1 minute\" \/>\n<script type=\"application\/ld+json\" class=\"yoast-schema-graph\">{\"@context\":\"https:\/\/schema.org\",\"@graph\":[{\"@type\":\"WebPage\",\"@id\":\"https:\/\/avalencia.com\/de\/besuchen-sie-valencia\/\",\"url\":\"https:\/\/avalencia.com\/de\/besuchen-sie-valencia\/\",\"name\":\"Besuchen Sie Valencia -V\u00eddeos - AVALENCIA\",\"isPartOf\":{\"@id\":\"https:\/\/avalencia.com\/de\/#website\"},\"datePublished\":\"2020-02-05T13:49:44+00:00\",\"dateModified\":\"2022-10-29T11:29:45+00:00\",\"description\":\"Videos von Valencia von Angela Mar\u00ed Soler, offizieller Stadtf\u00fchrerin: Historisches Zentrum; Sagunto; el Carmen Viertel; das Fronleichnam Museum...\",\"breadcrumb\":{\"@id\":\"https:\/\/avalencia.com\/de\/besuchen-sie-valencia\/#breadcrumb\"},\"inLanguage\":\"de-DE\",\"potentialAction\":[{\"@type\":\"ReadAction\",\"target\":[\"https:\/\/avalencia.com\/de\/besuchen-sie-valencia\/\"]}]},{\"@type\":\"BreadcrumbList\",\"@id\":\"https:\/\/avalencia.com\/de\/besuchen-sie-valencia\/#breadcrumb\",\"itemListElement\":[{\"@type\":\"ListItem\",\"position\":1,\"name\":\"Portada\",\"item\":\"https:\/\/avalencia.com\/de\/\"},{\"@type\":\"ListItem\",\"position\":2,\"name\":\"V\u00eddeos\"}]},{\"@type\":\"WebSite\",\"@id\":\"https:\/\/avalencia.com\/de\/#website\",\"url\":\"https:\/\/avalencia.com\/de\/\",\"name\":\"AVALENCIA\",\"description\":\"Visitas culturales por Valencia y alrededores\",\"publisher\":{\"@id\":\"https:\/\/avalencia.com\/de\/#organization\"},\"potentialAction\":[{\"@type\":\"SearchAction\",\"target\":{\"@type\":\"EntryPoint\",\"urlTemplate\":\"https:\/\/avalencia.com\/de\/?s={search_term_string}\"},\"query-input\":{\"@type\":\"PropertyValueSpecification\",\"valueRequired\":true,\"valueName\":\"search_term_string\"}}],\"inLanguage\":\"de-DE\"},{\"@type\":\"Organization\",\"@id\":\"https:\/\/avalencia.com\/de\/#organization\",\"name\":\"Gu\u00eda Valencia\",\"url\":\"https:\/\/avalencia.com\/de\/\",\"logo\":{\"@type\":\"ImageObject\",\"inLanguage\":\"de-DE\",\"@id\":\"https:\/\/avalencia.com\/de\/#\/schema\/logo\/image\/\",\"url\":\"\",\"contentUrl\":\"\",\"caption\":\"Gu\u00eda Valencia\"},\"image\":{\"@id\":\"https:\/\/avalencia.com\/de\/#\/schema\/logo\/image\/\"},\"sameAs\":[\"https:\/\/www.facebook.com\/angela.marisoler\",\"https:\/\/x.com\/angelamari400\",\"https:\/\/www.instagram.com\/angelamarisoler\/\",\"https:\/\/www.linkedin.com\/feed\/?trk=guest_homepage-basic_sign-in-submit\",\"https:\/\/www.youtube.com\/channel\/UC4bWyTV2CWI65Qf0r1pjuXg?view_as=subscriber\"]}]}<\/script>\n<!-- \/ Yoast SEO plugin. -->","yoast_head_json":{"title":"Besuchen Sie Valencia -V\u00eddeos - AVALENCIA","description":"Videos von Valencia von Angela Mar\u00ed Soler, offizieller Stadtf\u00fchrerin: Historisches Zentrum; Sagunto; el Carmen Viertel; das Fronleichnam Museum...","robots":{"index":"index","follow":"follow","max-snippet":"max-snippet:-1","max-image-preview":"max-image-preview:large","max-video-preview":"max-video-preview:-1"},"canonical":"https:\/\/avalencia.com\/de\/besuchen-sie-valencia\/","og_locale":"de_DE","og_type":"article","og_title":"Besuchen Sie Valencia -V\u00eddeos - AVALENCIA","og_description":"Videos von Valencia von Angela Mar\u00ed Soler, offizieller Stadtf\u00fchrerin: Historisches Zentrum; Sagunto; el Carmen Viertel; das Fronleichnam Museum...","og_url":"https:\/\/avalencia.com\/de\/besuchen-sie-valencia\/","og_site_name":"AVALENCIA","article_publisher":"https:\/\/www.facebook.com\/angela.marisoler","article_modified_time":"2022-10-29T11:29:45+00:00","twitter_card":"summary_large_image","twitter_site":"@angelamari400","twitter_misc":{"Est. reading time":"1 minute"},"schema":{"@context":"https:\/\/schema.org","@graph":[{"@type":"WebPage","@id":"https:\/\/avalencia.com\/de\/besuchen-sie-valencia\/","url":"https:\/\/avalencia.com\/de\/besuchen-sie-valencia\/","name":"Besuchen Sie Valencia -V\u00eddeos - AVALENCIA","isPartOf":{"@id":"https:\/\/avalencia.com\/de\/#website"},"datePublished":"2020-02-05T13:49:44+00:00","dateModified":"2022-10-29T11:29:45+00:00","description":"Videos von Valencia von Angela Mar\u00ed Soler, offizieller Stadtf\u00fchrerin: Historisches Zentrum; Sagunto; el Carmen Viertel; das Fronleichnam Museum...","breadcrumb":{"@id":"https:\/\/avalencia.com\/de\/besuchen-sie-valencia\/#breadcrumb"},"inLanguage":"de-DE","potentialAction":[{"@type":"ReadAction","target":["https:\/\/avalencia.com\/de\/besuchen-sie-valencia\/"]}]},{"@type":"BreadcrumbList","@id":"https:\/\/avalencia.com\/de\/besuchen-sie-valencia\/#breadcrumb","itemListElement":[{"@type":"ListItem","position":1,"name":"Portada","item":"https:\/\/avalencia.com\/de\/"},{"@type":"ListItem","position":2,"name":"V\u00eddeos"}]},{"@type":"WebSite","@id":"https:\/\/avalencia.com\/de\/#website","url":"https:\/\/avalencia.com\/de\/","name":"AVALENCIA","description":"Visitas culturales por Valencia y alrededores","publisher":{"@id":"https:\/\/avalencia.com\/de\/#organization"},"potentialAction":[{"@type":"SearchAction","target":{"@type":"EntryPoint","urlTemplate":"https:\/\/avalencia.com\/de\/?s={search_term_string}"},"query-input":{"@type":"PropertyValueSpecification","valueRequired":true,"valueName":"search_term_string"}}],"inLanguage":"de-DE"},{"@type":"Organization","@id":"https:\/\/avalencia.com\/de\/#organization","name":"Gu\u00eda Valencia","url":"https:\/\/avalencia.com\/de\/","logo":{"@type":"ImageObject","inLanguage":"de-DE","@id":"https:\/\/avalencia.com\/de\/#\/schema\/logo\/image\/","url":"","contentUrl":"","caption":"Gu\u00eda Valencia"},"image":{"@id":"https:\/\/avalencia.com\/de\/#\/schema\/logo\/image\/"},"sameAs":["https:\/\/www.facebook.com\/angela.marisoler","https:\/\/x.com\/angelamari400","https:\/\/www.instagram.com\/angelamarisoler\/","https:\/\/www.linkedin.com\/feed\/?trk=guest_homepage-basic_sign-in-submit","https:\/\/www.youtube.com\/channel\/UC4bWyTV2CWI65Qf0r1pjuXg?view_as=subscriber"]}]}},"featured_image_src":null,"featured_image_src_square":null,"_links":{"self":[{"href":"https:\/\/avalencia.com\/de\/wp-json\/wp\/v2\/pages\/5834","targetHints":{"allow":["GET"]}}],"collection":[{"href":"https:\/\/avalencia.com\/de\/wp-json\/wp\/v2\/pages"}],"about":[{"href":"https:\/\/avalencia.com\/de\/wp-json\/wp\/v2\/types\/page"}],"author":[{"embeddable":true,"href":"https:\/\/avalencia.com\/de\/wp-json\/wp\/v2\/users\/3"}],"replies":[{"embeddable":true,"href":"https:\/\/avalencia.com\/de\/wp-json\/wp\/v2\/comments?post=5834"}],"version-history":[{"count":0,"href":"https:\/\/avalencia.com\/de\/wp-json\/wp\/v2\/pages\/5834\/revisions"}],"wp:attachment":[{"href":"https:\/\/avalencia.com\/de\/wp-json\/wp\/v2\/media?parent=5834"}],"curies":[{"name":"wp","href":"https:\/\/api.w.org\/{rel}","templated":true}]}}