{"id":5641,"date":"2020-04-29T08:18:45","date_gmt":"2020-04-29T08:18:45","guid":{"rendered":"https:\/\/avalencia.com\/?page_id=5641"},"modified":"2021-05-18T12:26:52","modified_gmt":"2021-05-18T12:26:52","slug":"official-tourist-guide-in-valencia-guided-tours","status":"publish","type":"page","link":"https:\/\/avalencia.com\/en\/official-tourist-guide-in-valencia-guided-tours\/","title":{"rendered":"Official tourist guide in Valencia &#8211; guided tours &#8211;"},"content":{"rendered":"\n<div class=\"wp-block-atomic-blocks-ab-container ab-layout-business-1 ab-block-container alignfull\"><div class=\"ab-container-inside\"><div class=\"ab-container-content\" style=\"max-width:1600px\">\n<div style=\"background-color:#0b0b0b;padding-left:5%;padding-right:5%;padding-bottom:9.5%;padding-top:7%\" class=\"wp-block-atomic-blocks-ab-container ab-layout-hero-1 ab-block-container alignfull\"><div class=\"ab-container-inside\"><div class=\"ab-container-image-wrap\"><img decoding=\"async\" class=\"ab-container-image has-background-dim-80 has-background-dim\" src=\"https:\/\/avalencia.com\/wp-content\/uploads\/2020\/04\/guia-oficial-valencia.jpg\" alt=\"\"\/><\/div><div class=\"ab-container-content\" style=\"max-width:850px\">\n<h2 class=\"has-text-align-center ab-white-text has-text-color wp-block-heading\" style=\"color:#ffffff\">Official tourist guide in Valencia<\/h2>\n\n\n\n<h3 class=\"has-text-align-center wp-block-heading\">My name is \u00c1ngela Mar\u00ed Soler, and I work as official tourist guide in Valencia since 1999<\/h3>\n\n\n\n<div style=\"text-align:center\" class=\"wp-block-atomic-blocks-ab-button ab-block-button\"><a href=\"https:\/\/avalencia.com\/en\/contact\/ \" class=\"ab-button ab-button-shape-rounded ab-button-size-medium\" style=\"color:#ffffff;background-color:#3373dc\">Contact me<\/a><\/div>\n\n\n\n<div style=\"color:#ddd\" class=\"wp-block-atomic-blocks-ab-spacer ab-block-spacer ab-divider-solid ab-divider-size-1\"><hr style=\"height:196px\"\/><\/div>\n<\/div><\/div><\/div>\n\n\n\n<div class=\"wp-block-atomic-blocks-ab-columns ab-layout-service-2 ab-layout-columns-1 one-column ab-columns-center\" style=\"padding-right:5%;padding-left:5%\"><div class=\"ab-layout-column-wrap ab-block-layout-column-gap-2 ab-is-responsive-column\" style=\"max-width:1200px\">\n<div class=\"wp-block-atomic-blocks-ab-column ab-block-layout-column\"><div class=\"ab-block-layout-column-inner\" style=\"margin-top:12px;margin-bottom:6px;padding-top:20px;padding-bottom:2px\">\n<div style=\"margin-bottom:5%\" class=\"wp-block-atomic-blocks-ab-container ab-block-container\"><div class=\"ab-container-inside\"><div class=\"ab-container-content\" style=\"max-width:700px\">\n<h2 class=\"has-text-align-center wp-block-heading\"><a href=\"https:\/\/avalencia.com\/que-ver-y-visitar-en-valencia\" target=\"_blank\" rel=\"noreferrer noopener\">Things to see in Valencia with an official tour guide<\/a> <\/h2>\n\n\n\n<h3 class=\"has-text-align-center wp-block-heading\">Guided tours in Valencia, there is a lot to see and do, here are some examples for Valencia tourist attractions<\/h3>\n\n\n\n<p><\/p>\n<\/div><\/div><\/div>\n\n\n\n<div class=\"wp-block-atomic-blocks-ab-columns ab-layout-columns-4 ab-4-col-equal\" style=\"margin-bottom:3%\"><div class=\"ab-layout-column-wrap ab-block-layout-column-gap-2 ab-is-responsive-column\">\n<div class=\"wp-block-atomic-blocks-ab-column ab-block-layout-column\"><div class=\"ab-block-layout-column-inner\">\n<h3 class=\"wp-block-heading\"><a href=\"https:\/\/avalencia.com\/en\/historical-centre\/\" target=\"_blank\" rel=\"noreferrer noopener\">Historic centre<\/a><\/h3>\n\n\n\n<p>Esta visita no te la puedes perder. Haremos un recorrido panor\u00e1mico y luego una ruta a pie para ver lo m\u00e1s destacado.<\/p>\n<\/div><\/div>\n\n\n\n<div class=\"wp-block-atomic-blocks-ab-column ab-block-layout-column\"><div class=\"ab-block-layout-column-inner\">\n<h3 class=\"wp-block-heading\"><a href=\"https:\/\/avalencia.com\/en\/the-albufera-natural-park\/\" target=\"_blank\" rel=\"noreferrer noopener\">Visit the Albufera<\/a><\/h3>\n\n\n\n<p>En el parque natural de la Albufera se pueden realizar distintos tipos de visitas: rom\u00e1nticas, gastron\u00f3micas, etc. <\/p>\n<\/div><\/div>\n\n\n\n<div class=\"wp-block-atomic-blocks-ab-column ab-block-layout-column\"><div class=\"ab-block-layout-column-inner\">\n<h3 class=\"wp-block-heading\"><a href=\"https:\/\/avalencia.com\/en\/tapas-tour\/\" target=\"_blank\" rel=\"noreferrer noopener\">Tapas tour<\/a><\/h3>\n\n\n\n<p>Recorrido por el Centro Hist\u00f3rico de Valencia para degustar las tapas m\u00e1s t\u00edpicas, en diferentes restaurantes, etc.<\/p>\n<\/div><\/div>\n\n\n\n<div class=\"wp-block-atomic-blocks-ab-column ab-block-layout-column\"><div class=\"ab-block-layout-column-inner\">\n<h3 class=\"wp-block-heading\"><a href=\"https:\/\/avalencia.com\/en\/the-fallas-museum-valencia\/\" target=\"_blank\" rel=\"noreferrer noopener\">Fallas museum<\/a><\/h3>\n\n\n\n<p>El Museo Fallero tiene dos plantas expositivas y una sala donde se proyecta un audiovisual sobre las Fallas. <\/p>\n<\/div><\/div>\n<\/div><\/div>\n<\/div><\/div>\n<\/div><\/div>\n\n\n\n<div class=\"wp-block-atomic-blocks-ab-columns ab-layout-testimonial-1 ab-layout-columns-1 one-column ab-has-custom-background-color ab-columns-center\" style=\"padding-top:5%;padding-right:5%;padding-bottom:5%;padding-left:5%;background-color:#f1f1f1\"><div class=\"ab-layout-column-wrap ab-block-layout-column-gap-2 ab-is-responsive-column\" style=\"max-width:1200px\">\n<div class=\"wp-block-atomic-blocks-ab-column ab-block-layout-column\"><div class=\"ab-block-layout-column-inner\">\n<div style=\"margin-bottom:5%\" class=\"wp-block-atomic-blocks-ab-container ab-block-container\"><div class=\"ab-container-inside\"><div class=\"ab-container-content\" style=\"max-width:700px\">\n<h2 class=\"has-text-align-center wp-block-heading\">What my clients are saying<\/h2>\n<\/div><\/div><\/div>\n\n\n\n<div class=\"wp-block-atomic-blocks-ab-columns ab-layout-columns-3 ab-3-col-equal\"><div class=\"ab-layout-column-wrap ab-block-layout-column-gap-2 ab-is-responsive-column\">\n<div class=\"wp-block-atomic-blocks-ab-column ab-block-layout-column\"><div class=\"ab-block-layout-column-inner\">\n<div style=\"background-color:#ffffff;color:#32373c\" class=\"wp-block-atomic-blocks-ab-testimonial left-aligned ab-has-avatar ab-font-size-14 ab-block-testimonial\"><div class=\"ab-testimonial-text\"><p>Hermosa gu\u00eda excepcional de Valencia y \u00c1ngela. Nos hizo invadir incluso m\u00e1s que la ciudad. Puntual disponible, en definitiva, qu\u00e9 decir la gu\u00eda que a todos les gustar\u00eda. Muy recomendable. Gracias nuevamente del grupo CRALRT ROMA<\/p><\/div><div class=\"ab-testimonial-info\"><div class=\"ab-testimonial-avatar-wrap\"><div class=\"ab-testimonial-image-wrap\"><img decoding=\"async\" class=\"ab-testimonial-avatar\" src=\"https:\/\/avalencia.com\/wp-content\/uploads\/2020\/04\/angela-g.jpg\" alt=\"avatar\"\/><\/div><\/div><h2 class=\"ab-testimonial-name\" style=\"color:#32373c\"><a rel=\"noreferrer noopener\" href=\"https:\/\/www.tripadvisor.it\/Profile\/AngyG2412\" target=\"_blank\">Angela G<\/a><\/h2><small class=\"ab-testimonial-title\" style=\"color:#32373c\">Roma, Lacio, Italia<\/small><\/div><\/div>\n\n\n\n<div style=\"background-color:#ffffff;color:#32373c\" class=\"wp-block-atomic-blocks-ab-testimonial left-aligned ab-has-avatar ab-font-size-14 ab-block-testimonial\"><div class=\"ab-testimonial-text\"><p>Magn\u00edficos recorridos con una gu\u00eda con perfecto conocimiento de la ciudad y la regi\u00f3n. La visita de la ciudad hist\u00f3rica es muy completa e informativa.<\/p><\/div><div class=\"ab-testimonial-info\"><div class=\"ab-testimonial-avatar-wrap\"><div class=\"ab-testimonial-image-wrap\"><img decoding=\"async\" class=\"ab-testimonial-avatar\" src=\"https:\/\/avalencia.com\/wp-content\/uploads\/2020\/04\/didier.jpg\" alt=\"avatar\"\/><\/div><\/div><h2 class=\"ab-testimonial-name\" style=\"color:#32373c\"><a href=\"https:\/\/www.tripadvisor.it\/Profile\/DST_TRVX\" target=\"_blank\" rel=\"noreferrer noopener\">Didier<\/a><\/h2><small class=\"ab-testimonial-title\" style=\"color:#32373c\">Treyvaux<\/small><\/div><\/div>\n<\/div><\/div>\n\n\n\n<div class=\"wp-block-atomic-blocks-ab-column ab-block-layout-column\"><div class=\"ab-block-layout-column-inner\">\n<div style=\"background-color:#ffffff;color:#32373c\" class=\"wp-block-atomic-blocks-ab-testimonial left-aligned ab-has-avatar ab-font-size-14 ab-block-testimonial\"><div class=\"ab-testimonial-text\"><p>Pas\u00e9 unas horas maravillosas con Angela, deambulamos por las calles del centro hist\u00f3rico, para visitar los espectaculares edificios, monumentos, arte callejero y grafiti.\u00a0Ella est\u00e1 muy bien informada de su amada ciudad.\u00a0<\/p><\/div><div class=\"ab-testimonial-info\"><div class=\"ab-testimonial-avatar-wrap\"><div class=\"ab-testimonial-image-wrap\"><img decoding=\"async\" class=\"ab-testimonial-avatar\" src=\"https:\/\/avalencia.com\/wp-content\/uploads\/2020\/04\/jean-h.jpg\" alt=\"avatar\"\/><\/div><\/div><h2 class=\"ab-testimonial-name\" style=\"color:#32373c\"><a href=\"https:\/\/www.tripadvisor.it\/Profile\/Ladyredbird21\" target=\"_blank\" rel=\"noreferrer noopener\">Jean H<\/a><\/h2><small class=\"ab-testimonial-title\" style=\"color:#32373c\">Aylesbury, Reino Unido<\/small><\/div><\/div>\n\n\n\n<div style=\"background-color:#ffffff;color:#32373c\" class=\"wp-block-atomic-blocks-ab-testimonial left-aligned ab-has-avatar ab-font-size-14 ab-block-testimonial\"><div class=\"ab-testimonial-text\"><p>\u00c1ngela es una gran gu\u00eda con excelente experiencia. Hicimos muchas visitas interesantes por Valencia con ella. <br\/>Gracias \u00c1ngela!<\/p><\/div><div class=\"ab-testimonial-info\"><div class=\"ab-testimonial-avatar-wrap\"><div class=\"ab-testimonial-image-wrap\"><img decoding=\"async\" class=\"ab-testimonial-avatar\" src=\"https:\/\/avalencia.com\/wp-content\/uploads\/2020\/04\/susredo.jpg\" alt=\"avatar\"\/><\/div><\/div><h2 class=\"ab-testimonial-name\" style=\"color:#32373c\"><a href=\"https:\/\/www.tripadvisor.es\/Profile\/susredo\" target=\"_blank\" rel=\"noreferrer noopener\">Susredo<\/a><\/h2><small class=\"ab-testimonial-title\" style=\"color:#32373c\">Winterthur, Suiza<\/small><\/div><\/div>\n\n\n\n<p><\/p>\n<\/div><\/div>\n\n\n\n<div class=\"wp-block-atomic-blocks-ab-column ab-block-layout-column\"><div class=\"ab-block-layout-column-inner\">\n<div style=\"background-color:#ffffff;color:#32373c\" class=\"wp-block-atomic-blocks-ab-testimonial left-aligned ab-has-avatar ab-font-size-14 ab-block-testimonial\"><div class=\"ab-testimonial-text\"><p>\u00c1ngela nos present\u00f3 a los distritos de Seda y Carmen a trav\u00e9s de una ruta profunda y detallada dedicada al arte callejero. Una mirada realmente interesante que nos permiti\u00f3 conocer la historia del arte urbano valenciano.<\/p><\/div><div class=\"ab-testimonial-info\"><div class=\"ab-testimonial-avatar-wrap\"><div class=\"ab-testimonial-image-wrap\"><img decoding=\"async\" class=\"ab-testimonial-avatar\" src=\"https:\/\/avalencia.com\/wp-content\/uploads\/2020\/04\/paolo.jpg\" alt=\"avatar\"\/><\/div><\/div><h2 class=\"ab-testimonial-name\" style=\"color:#32373c\"><a href=\"https:\/\/www.tripadvisor.it\/Profile\/pfranzoni\" target=\"_blank\" rel=\"noreferrer noopener\">Paolo F<\/a><\/h2><small class=\"ab-testimonial-title\" style=\"color:#32373c\">Sulzano, Italia<\/small><\/div><\/div>\n\n\n\n<div style=\"background-color:#ffffff;color:#32373c\" class=\"wp-block-atomic-blocks-ab-testimonial left-aligned ab-has-avatar ab-font-size-14 ab-block-testimonial\"><div class=\"ab-testimonial-text\"><p>Me gustar\u00eda agradecer a \u00c1ngela Soler, una gu\u00eda de gran profesionalidad y cortes\u00eda, por los buenos momentos que pasamos juntos hoy en Valencia. <\/p><\/div><div class=\"ab-testimonial-info\"><div class=\"ab-testimonial-avatar-wrap\"><div class=\"ab-testimonial-image-wrap\"><img decoding=\"async\" class=\"ab-testimonial-avatar\" src=\"https:\/\/avalencia.com\/wp-content\/uploads\/2020\/04\/franco.jpeg\" alt=\"avatar\"\/><\/div><\/div><h2 class=\"ab-testimonial-name\" style=\"color:#32373c\"><a href=\"http:\/\/users4.smartgb.com\/g\/g.php?a=s&amp;i=g41-04073-0d\" target=\"_blank\" rel=\"noreferrer noopener\">Franco Bagagli<\/a><\/h2><small class=\"ab-testimonial-title\" style=\"color:#32373c\">Tur\u00edn, Italia<\/small><\/div><\/div>\n<\/div><\/div>\n<\/div><\/div>\n\n\n\n<div style=\"height:54px\" aria-hidden=\"true\" class=\"wp-block-spacer\"><\/div>\n\n\n\n<div style=\"text-align:center\" class=\"wp-block-atomic-blocks-ab-button ab-block-button\"><a href=\"http:\/\/users4.smartgb.com\/g\/g.php?a=s&amp;i=g41-04073-0d\" target=\"_blank\" rel=\"noopener noreferrer\" class=\"ab-button ab-button-shape-rounded ab-button-size-large\" style=\"color:#ffffff;background-color:#0073e5\">Read other reviews<\/a><\/div>\n<\/div><\/div>\n<\/div><\/div>\n<\/div><\/div><\/div>\n\n\n\n<p><\/p>\n","protected":false},"excerpt":{"rendered":"","protected":false},"author":3,"featured_media":0,"parent":0,"menu_order":0,"comment_status":"closed","ping_status":"closed","template":"","meta":{"footnotes":""},"class_list":["post-5641","page","type-page","status-publish","hentry"],"yoast_head":"<!-- This site is optimized with the Yoast SEO plugin v26.8 - https:\/\/yoast.com\/product\/yoast-seo-wordpress\/ -->\n<title>Official tourist guide in Valencia - guided tours - Avalencia<\/title>\n<meta name=\"description\" content=\"My name is \u00c1ngela Mar\u00ed Soler, I work as official tourist guide in Valencia since 1999, I do guided tours in different languages, adapted to your needs for individuals or groups\" \/>\n<meta name=\"robots\" content=\"index, follow, max-snippet:-1, max-image-preview:large, max-video-preview:-1\" \/>\n<link rel=\"canonical\" href=\"https:\/\/avalencia.com\/en\/official-tourist-guide-in-valencia-guided-tours\/\" \/>\n<meta property=\"og:locale\" content=\"en_US\" \/>\n<meta property=\"og:type\" content=\"article\" \/>\n<meta property=\"og:title\" content=\"Official tourist guide in Valencia - guided tours - Avalencia\" \/>\n<meta property=\"og:description\" content=\"My name is \u00c1ngela Mar\u00ed Soler, I work as official tourist guide in Valencia since 1999, I do guided tours in different languages, adapted to your needs for individuals or groups\" \/>\n<meta property=\"og:url\" content=\"https:\/\/avalencia.com\/en\/official-tourist-guide-in-valencia-guided-tours\/\" \/>\n<meta property=\"og:site_name\" content=\"AVALENCIA\" \/>\n<meta property=\"article:publisher\" content=\"https:\/\/www.facebook.com\/angela.marisoler\" \/>\n<meta property=\"article:modified_time\" content=\"2021-05-18T12:26:52+00:00\" \/>\n<meta property=\"og:image\" content=\"https:\/\/avalencia.com\/wp-content\/uploads\/2020\/04\/guia-oficial-valencia.jpg\" \/>\n<meta name=\"twitter:card\" content=\"summary_large_image\" \/>\n<meta name=\"twitter:site\" content=\"@angelamari400\" \/>\n<meta name=\"twitter:label1\" content=\"Est. reading time\" \/>\n\t<meta name=\"twitter:data1\" content=\"3 minutes\" \/>\n<script type=\"application\/ld+json\" class=\"yoast-schema-graph\">{\"@context\":\"https:\/\/schema.org\",\"@graph\":[{\"@type\":\"WebPage\",\"@id\":\"https:\/\/avalencia.com\/en\/official-tourist-guide-in-valencia-guided-tours\/\",\"url\":\"https:\/\/avalencia.com\/en\/official-tourist-guide-in-valencia-guided-tours\/\",\"name\":\"Official tourist guide in Valencia - guided tours - Avalencia\",\"isPartOf\":{\"@id\":\"https:\/\/avalencia.com\/en\/#website\"},\"primaryImageOfPage\":{\"@id\":\"https:\/\/avalencia.com\/en\/official-tourist-guide-in-valencia-guided-tours\/#primaryimage\"},\"image\":{\"@id\":\"https:\/\/avalencia.com\/en\/official-tourist-guide-in-valencia-guided-tours\/#primaryimage\"},\"thumbnailUrl\":\"https:\/\/avalencia.com\/wp-content\/uploads\/2020\/04\/guia-oficial-valencia.jpg\",\"datePublished\":\"2020-04-29T08:18:45+00:00\",\"dateModified\":\"2021-05-18T12:26:52+00:00\",\"description\":\"My name is \u00c1ngela Mar\u00ed Soler, I work as official tourist guide in Valencia since 1999, I do guided tours in different languages, adapted to your needs for individuals or groups\",\"breadcrumb\":{\"@id\":\"https:\/\/avalencia.com\/en\/official-tourist-guide-in-valencia-guided-tours\/#breadcrumb\"},\"inLanguage\":\"en-US\",\"potentialAction\":[{\"@type\":\"ReadAction\",\"target\":[\"https:\/\/avalencia.com\/en\/official-tourist-guide-in-valencia-guided-tours\/\"]}]},{\"@type\":\"ImageObject\",\"inLanguage\":\"en-US\",\"@id\":\"https:\/\/avalencia.com\/en\/official-tourist-guide-in-valencia-guided-tours\/#primaryimage\",\"url\":\"https:\/\/avalencia.com\/wp-content\/uploads\/2020\/04\/guia-oficial-valencia.jpg\",\"contentUrl\":\"https:\/\/avalencia.com\/wp-content\/uploads\/2020\/04\/guia-oficial-valencia.jpg\"},{\"@type\":\"BreadcrumbList\",\"@id\":\"https:\/\/avalencia.com\/en\/official-tourist-guide-in-valencia-guided-tours\/#breadcrumb\",\"itemListElement\":[{\"@type\":\"ListItem\",\"position\":1,\"name\":\"Portada\",\"item\":\"https:\/\/avalencia.com\/en\/\"},{\"@type\":\"ListItem\",\"position\":2,\"name\":\"Official tourist guide in Valencia &#8211; guided tours &#8211;\"}]},{\"@type\":\"WebSite\",\"@id\":\"https:\/\/avalencia.com\/en\/#website\",\"url\":\"https:\/\/avalencia.com\/en\/\",\"name\":\"AVALENCIA\",\"description\":\"Visitas culturales por Valencia y alrededores\",\"publisher\":{\"@id\":\"https:\/\/avalencia.com\/en\/#organization\"},\"potentialAction\":[{\"@type\":\"SearchAction\",\"target\":{\"@type\":\"EntryPoint\",\"urlTemplate\":\"https:\/\/avalencia.com\/en\/?s={search_term_string}\"},\"query-input\":{\"@type\":\"PropertyValueSpecification\",\"valueRequired\":true,\"valueName\":\"search_term_string\"}}],\"inLanguage\":\"en-US\"},{\"@type\":\"Organization\",\"@id\":\"https:\/\/avalencia.com\/en\/#organization\",\"name\":\"Gu\u00eda Valencia\",\"url\":\"https:\/\/avalencia.com\/en\/\",\"logo\":{\"@type\":\"ImageObject\",\"inLanguage\":\"en-US\",\"@id\":\"https:\/\/avalencia.com\/en\/#\/schema\/logo\/image\/\",\"url\":\"\",\"contentUrl\":\"\",\"caption\":\"Gu\u00eda Valencia\"},\"image\":{\"@id\":\"https:\/\/avalencia.com\/en\/#\/schema\/logo\/image\/\"},\"sameAs\":[\"https:\/\/www.facebook.com\/angela.marisoler\",\"https:\/\/x.com\/angelamari400\",\"https:\/\/www.instagram.com\/angelamarisoler\/\",\"https:\/\/www.linkedin.com\/feed\/?trk=guest_homepage-basic_sign-in-submit\",\"https:\/\/www.youtube.com\/channel\/UC4bWyTV2CWI65Qf0r1pjuXg?view_as=subscriber\"]}]}<\/script>\n<!-- \/ Yoast SEO plugin. -->","yoast_head_json":{"title":"Official tourist guide in Valencia - guided tours - Avalencia","description":"My name is \u00c1ngela Mar\u00ed Soler, I work as official tourist guide in Valencia since 1999, I do guided tours in different languages, adapted to your needs for individuals or groups","robots":{"index":"index","follow":"follow","max-snippet":"max-snippet:-1","max-image-preview":"max-image-preview:large","max-video-preview":"max-video-preview:-1"},"canonical":"https:\/\/avalencia.com\/en\/official-tourist-guide-in-valencia-guided-tours\/","og_locale":"en_US","og_type":"article","og_title":"Official tourist guide in Valencia - guided tours - Avalencia","og_description":"My name is \u00c1ngela Mar\u00ed Soler, I work as official tourist guide in Valencia since 1999, I do guided tours in different languages, adapted to your needs for individuals or groups","og_url":"https:\/\/avalencia.com\/en\/official-tourist-guide-in-valencia-guided-tours\/","og_site_name":"AVALENCIA","article_publisher":"https:\/\/www.facebook.com\/angela.marisoler","article_modified_time":"2021-05-18T12:26:52+00:00","og_image":[{"url":"https:\/\/avalencia.com\/wp-content\/uploads\/2020\/04\/guia-oficial-valencia.jpg","type":"","width":"","height":""}],"twitter_card":"summary_large_image","twitter_site":"@angelamari400","twitter_misc":{"Est. reading time":"3 minutes"},"schema":{"@context":"https:\/\/schema.org","@graph":[{"@type":"WebPage","@id":"https:\/\/avalencia.com\/en\/official-tourist-guide-in-valencia-guided-tours\/","url":"https:\/\/avalencia.com\/en\/official-tourist-guide-in-valencia-guided-tours\/","name":"Official tourist guide in Valencia - guided tours - Avalencia","isPartOf":{"@id":"https:\/\/avalencia.com\/en\/#website"},"primaryImageOfPage":{"@id":"https:\/\/avalencia.com\/en\/official-tourist-guide-in-valencia-guided-tours\/#primaryimage"},"image":{"@id":"https:\/\/avalencia.com\/en\/official-tourist-guide-in-valencia-guided-tours\/#primaryimage"},"thumbnailUrl":"https:\/\/avalencia.com\/wp-content\/uploads\/2020\/04\/guia-oficial-valencia.jpg","datePublished":"2020-04-29T08:18:45+00:00","dateModified":"2021-05-18T12:26:52+00:00","description":"My name is \u00c1ngela Mar\u00ed Soler, I work as official tourist guide in Valencia since 1999, I do guided tours in different languages, adapted to your needs for individuals or groups","breadcrumb":{"@id":"https:\/\/avalencia.com\/en\/official-tourist-guide-in-valencia-guided-tours\/#breadcrumb"},"inLanguage":"en-US","potentialAction":[{"@type":"ReadAction","target":["https:\/\/avalencia.com\/en\/official-tourist-guide-in-valencia-guided-tours\/"]}]},{"@type":"ImageObject","inLanguage":"en-US","@id":"https:\/\/avalencia.com\/en\/official-tourist-guide-in-valencia-guided-tours\/#primaryimage","url":"https:\/\/avalencia.com\/wp-content\/uploads\/2020\/04\/guia-oficial-valencia.jpg","contentUrl":"https:\/\/avalencia.com\/wp-content\/uploads\/2020\/04\/guia-oficial-valencia.jpg"},{"@type":"BreadcrumbList","@id":"https:\/\/avalencia.com\/en\/official-tourist-guide-in-valencia-guided-tours\/#breadcrumb","itemListElement":[{"@type":"ListItem","position":1,"name":"Portada","item":"https:\/\/avalencia.com\/en\/"},{"@type":"ListItem","position":2,"name":"Official tourist guide in Valencia &#8211; guided tours &#8211;"}]},{"@type":"WebSite","@id":"https:\/\/avalencia.com\/en\/#website","url":"https:\/\/avalencia.com\/en\/","name":"AVALENCIA","description":"Visitas culturales por Valencia y alrededores","publisher":{"@id":"https:\/\/avalencia.com\/en\/#organization"},"potentialAction":[{"@type":"SearchAction","target":{"@type":"EntryPoint","urlTemplate":"https:\/\/avalencia.com\/en\/?s={search_term_string}"},"query-input":{"@type":"PropertyValueSpecification","valueRequired":true,"valueName":"search_term_string"}}],"inLanguage":"en-US"},{"@type":"Organization","@id":"https:\/\/avalencia.com\/en\/#organization","name":"Gu\u00eda Valencia","url":"https:\/\/avalencia.com\/en\/","logo":{"@type":"ImageObject","inLanguage":"en-US","@id":"https:\/\/avalencia.com\/en\/#\/schema\/logo\/image\/","url":"","contentUrl":"","caption":"Gu\u00eda Valencia"},"image":{"@id":"https:\/\/avalencia.com\/en\/#\/schema\/logo\/image\/"},"sameAs":["https:\/\/www.facebook.com\/angela.marisoler","https:\/\/x.com\/angelamari400","https:\/\/www.instagram.com\/angelamarisoler\/","https:\/\/www.linkedin.com\/feed\/?trk=guest_homepage-basic_sign-in-submit","https:\/\/www.youtube.com\/channel\/UC4bWyTV2CWI65Qf0r1pjuXg?view_as=subscriber"]}]}},"featured_image_src":null,"featured_image_src_square":null,"_links":{"self":[{"href":"https:\/\/avalencia.com\/en\/wp-json\/wp\/v2\/pages\/5641","targetHints":{"allow":["GET"]}}],"collection":[{"href":"https:\/\/avalencia.com\/en\/wp-json\/wp\/v2\/pages"}],"about":[{"href":"https:\/\/avalencia.com\/en\/wp-json\/wp\/v2\/types\/page"}],"author":[{"embeddable":true,"href":"https:\/\/avalencia.com\/en\/wp-json\/wp\/v2\/users\/3"}],"replies":[{"embeddable":true,"href":"https:\/\/avalencia.com\/en\/wp-json\/wp\/v2\/comments?post=5641"}],"version-history":[{"count":0,"href":"https:\/\/avalencia.com\/en\/wp-json\/wp\/v2\/pages\/5641\/revisions"}],"wp:attachment":[{"href":"https:\/\/avalencia.com\/en\/wp-json\/wp\/v2\/media?parent=5641"}],"curies":[{"name":"wp","href":"https:\/\/api.w.org\/{rel}","templated":true}]}}