{"id":5833,"date":"2020-02-05T13:49:44","date_gmt":"2020-02-05T13:49:44","guid":{"rendered":"https:\/\/avalencia.com\/videos\/"},"modified":"2022-10-29T10:40:22","modified_gmt":"2022-10-29T10:40:22","slug":"videos-valencia","status":"publish","type":"page","link":"https:\/\/avalencia.com\/en\/videos-valencia\/","title":{"rendered":"V\u00eddeos"},"content":{"rendered":"\n<h3 class=\"wp-block-heading\"> <a href=\"https:\/\/avalencia.com\/en\/historical-centre-valencia\/\" target=\"_blank\" rel=\"noreferrer noopener\">Walking tour Historical Centre<\/a><\/h3>\n\n\n<h1 style=\"text-align: center;\">Valencia Tourist Attractions<\/h1>\n<h3>&nbsp;<\/h3>\n<h3>VIDEOS<\/h3>\n<h3><strong>Guided tours in the historical city centre Valencia<\/strong><\/h3>\n\n\n<figure class=\"wp-block-embed is-type-video is-provider-youtube wp-block-embed-youtube wp-embed-aspect-16-9 wp-has-aspect-ratio\"><div class=\"wp-block-embed__wrapper\">\n<div class='avia-iframe-wrap'><iframe title=\"Visitas guiadas Valencia con gu\u00eda oficial\" width=\"1500\" height=\"844\" src=\"https:\/\/www.youtube.com\/embed\/ZaI0z9tIDbw?feature=oembed\" frameborder=\"0\" allow=\"accelerometer; autoplay; clipboard-write; encrypted-media; gyroscope; picture-in-picture\" allowfullscreen><\/iframe><\/div>\n<\/div><\/figure>\n\n\n\n<figure><figcaption>Gu\u00eda Valencia: guided tours in the historical city centre Valencia, to see the hotspots of the city<\/figcaption><\/figure>\n\n\n\n<h3 class=\"wp-block-heading\">Street Art Valencia<\/h3>\n\n\n\n<figure class=\"wp-block-embed is-type-video is-provider-youtube wp-block-embed-youtube wp-embed-aspect-16-9 wp-has-aspect-ratio\"><div class=\"wp-block-embed__wrapper\">\n<div class='avia-iframe-wrap'><iframe title=\"Visita guiada Grafiti Valencia\" width=\"1500\" height=\"844\" src=\"https:\/\/www.youtube.com\/embed\/AjiHII9ZhfI?feature=oembed\" frameborder=\"0\" allow=\"accelerometer; autoplay; clipboard-write; encrypted-media; gyroscope; picture-in-picture\" allowfullscreen><\/iframe><\/div>\n<\/div><\/figure>\n\n\n\n<h3 class=\"wp-block-heading\">Opera House <\/h3>\n\n\n\n<figure class=\"wp-block-embed is-type-video is-provider-youtube wp-block-embed-youtube wp-embed-aspect-16-9 wp-has-aspect-ratio\"><div class=\"wp-block-embed__wrapper\">\n<div class='avia-iframe-wrap'><iframe title=\"Visita guiada CAC - Palacio de la Opera - Valencia\" width=\"1500\" height=\"844\" src=\"https:\/\/www.youtube.com\/embed\/oKWn3X6OM08?feature=oembed\" frameborder=\"0\" allow=\"accelerometer; autoplay; clipboard-write; encrypted-media; gyroscope; picture-in-picture\" allowfullscreen><\/iframe><\/div>\n<\/div><\/figure>\n\n\n\n<h3 class=\"wp-block-heading\"> Video<a href=\"http:\/\/turismo.sagunto.es\/\"> Sagunto<\/a><\/h3>\n\n\n\n<figure class=\"wp-block-embed is-type-video is-provider-youtube wp-block-embed-youtube wp-embed-aspect-16-9 wp-has-aspect-ratio\"><div class=\"wp-block-embed__wrapper\">\n<div class='avia-iframe-wrap'><iframe title=\"Sagunto Valencia\" width=\"1500\" height=\"844\" src=\"https:\/\/www.youtube.com\/embed\/UX5l53qJ36w?feature=oembed\" frameborder=\"0\" allow=\"accelerometer; autoplay; clipboard-write; encrypted-media; gyroscope; picture-in-picture\" allowfullscreen><\/iframe><\/div>\n<\/div><\/figure>\n\n\n\n<figure><figcaption> Visit Sagunto, located 25 kilometers from Valencia in the Camp del Morverdre region, is a town whose historical importance is well documented throughout its over two thousand years of existence. <\/figcaption><\/figure>\n\n\n\n<p><\/p>\n\n\n\n<h3 class=\"wp-block-heading\">Fallas (Floats festival) The burning of the floats behind closed doors in 2020 because of the covid-2019<\/h3>\n\n\n\n<p><\/p>\n\n\n\n<figure class=\"wp-block-embed is-type-video is-provider-youtube wp-block-embed-youtube wp-embed-aspect-16-9 wp-has-aspect-ratio\"><div class=\"wp-block-embed__wrapper\">\n<div class='avia-iframe-wrap'><iframe title=\"Crem\u00e0FallaAjuntament\" width=\"1500\" height=\"844\" src=\"https:\/\/www.youtube.com\/embed\/MyYwiVR5yGs?feature=oembed\" frameborder=\"0\" allow=\"accelerometer; autoplay; clipboard-write; encrypted-media; gyroscope; picture-in-picture\" allowfullscreen><\/iframe><\/div>\n<\/div><\/figure>\n\n\n\n<h3 class=\"wp-block-heading\">Albufera Natural Park<\/h3>\n\n\n\n<figure class=\"wp-block-embed is-type-video is-provider-youtube wp-block-embed-youtube wp-embed-aspect-16-9 wp-has-aspect-ratio\"><div class=\"wp-block-embed__wrapper\">\n<div class='avia-iframe-wrap'><iframe title=\"Albufera de Valencia - Rutas Devesa Saler\" width=\"1500\" height=\"844\" src=\"https:\/\/www.youtube.com\/embed\/IyTRNLriYkc?feature=oembed\" frameborder=\"0\" allow=\"accelerometer; autoplay; clipboard-write; encrypted-media; gyroscope; picture-in-picture\" allowfullscreen><\/iframe><\/div>\n<\/div><figcaption>The Albufera natural Park Valencia is a paradise for migratory birds, it is located at 11 kms south of the city of Valencia. It was a declared a natural park 1986, it is included in the list of wetlands zones of international natural park of importance, also calssified in the ZEPA area, a zone of for special protection for birds. In this area we can also get a boat to be able to see the sights of the lake and the landscape and the birds.<\/figcaption><\/figure>\n\n\n\n<h3 class=\"wp-block-heading\">Corpus Christi Festivity<\/h3>\n\n\n\n<figure class=\"wp-block-embed is-type-video is-provider-youtube wp-block-embed-youtube wp-embed-aspect-16-9 wp-has-aspect-ratio\"><div class=\"wp-block-embed__wrapper\">\n<div class='avia-iframe-wrap'><iframe title=\"Gu\u00eda Valencia, Procesi\u00f3n del Corpus Valencia\" width=\"1500\" height=\"844\" src=\"https:\/\/www.youtube.com\/embed\/bxlDcPtHkdU?feature=oembed\" frameborder=\"0\" allow=\"accelerometer; autoplay; clipboard-write; encrypted-media; gyroscope; picture-in-picture\" allowfullscreen><\/iframe><\/div>\n<\/div><\/figure>\n\n\n\n<figure><figcaption>Gu\u00eda Valencia &#8211; The Corpus Museum is located in the former house of the Rocks. <br>The Corpus Christi Festivity is considered one of the most important in Valencia. <\/figcaption><\/figure>\n\n\n\n<h3 class=\"wp-block-heading\">The Roman Valencia<\/h3>\n\n\n\n<figure class=\"wp-block-embed is-type-video is-provider-youtube wp-block-embed-youtube wp-embed-aspect-16-9 wp-has-aspect-ratio\"><div class=\"wp-block-embed__wrapper\">\n<div class='avia-iframe-wrap'><iframe title=\"La Valencia Romana\" width=\"1500\" height=\"844\" src=\"https:\/\/www.youtube.com\/embed\/EZ3wr8XuAog?feature=oembed\" frameborder=\"0\" allow=\"accelerometer; autoplay; clipboard-write; encrypted-media; gyroscope; picture-in-picture\" allowfullscreen><\/iframe><\/div>\n<\/div><\/figure>\n\n\n\n<figure><figcaption>The roman Valentia by Official Tourist Guide, discover our oldest history, The Edetanorum Valencia, founded in 138 B.C.<\/figcaption><\/figure>\n","protected":false},"excerpt":{"rendered":"<p>Walking tour Historical Centre Valencia Tourist Attractions &nbsp; VIDEOS Guided tours in the historical city centre Valencia Gu\u00eda Valencia: guided tours in the historical city centre Valencia, to see the hotspots of the city Street Art Valencia Opera House Video Sagunto Visit Sagunto, located 25 kilometers from Valencia in the Camp del Morverdre region, is [&hellip;]<\/p>\n","protected":false},"author":3,"featured_media":0,"parent":0,"menu_order":0,"comment_status":"open","ping_status":"closed","template":"","meta":{"footnotes":""},"class_list":["post-5833","page","type-page","status-publish","hentry"],"yoast_head":"<!-- This site is optimized with the Yoast SEO plugin v26.8 - https:\/\/yoast.com\/product\/yoast-seo-wordpress\/ -->\n<title>Valencia tourist attractions - V\u00eddeos from Avalencia<\/title>\n<meta name=\"description\" content=\"Videos from Valencia by \u00c1ngela Mar\u00ed Soler, official tourist guide: historical centre Valencia, Sagunto, Corpus Museum, Carmen quarter.\" \/>\n<meta name=\"robots\" content=\"index, follow, max-snippet:-1, max-image-preview:large, max-video-preview:-1\" \/>\n<link rel=\"canonical\" href=\"https:\/\/avalencia.com\/en\/videos-valencia\/\" \/>\n<meta property=\"og:locale\" content=\"en_US\" \/>\n<meta property=\"og:type\" content=\"article\" \/>\n<meta property=\"og:title\" content=\"Valencia tourist attractions - V\u00eddeos from Avalencia\" \/>\n<meta property=\"og:description\" content=\"Videos from Valencia by \u00c1ngela Mar\u00ed Soler, official tourist guide: historical centre Valencia, Sagunto, Corpus Museum, Carmen quarter.\" \/>\n<meta property=\"og:url\" content=\"https:\/\/avalencia.com\/en\/videos-valencia\/\" \/>\n<meta property=\"og:site_name\" content=\"AVALENCIA\" \/>\n<meta property=\"article:publisher\" content=\"https:\/\/www.facebook.com\/angela.marisoler\" \/>\n<meta property=\"article:modified_time\" content=\"2022-10-29T10:40:22+00:00\" \/>\n<meta name=\"twitter:card\" content=\"summary_large_image\" \/>\n<meta name=\"twitter:site\" content=\"@angelamari400\" \/>\n<meta name=\"twitter:label1\" content=\"Est. reading time\" \/>\n\t<meta name=\"twitter:data1\" content=\"2 minutes\" \/>\n<script type=\"application\/ld+json\" class=\"yoast-schema-graph\">{\"@context\":\"https:\/\/schema.org\",\"@graph\":[{\"@type\":\"WebPage\",\"@id\":\"https:\/\/avalencia.com\/en\/videos-valencia\/\",\"url\":\"https:\/\/avalencia.com\/en\/videos-valencia\/\",\"name\":\"Valencia tourist attractions - V\u00eddeos from Avalencia\",\"isPartOf\":{\"@id\":\"https:\/\/avalencia.com\/en\/#website\"},\"datePublished\":\"2020-02-05T13:49:44+00:00\",\"dateModified\":\"2022-10-29T10:40:22+00:00\",\"description\":\"Videos from Valencia by \u00c1ngela Mar\u00ed Soler, official tourist guide: historical centre Valencia, Sagunto, Corpus Museum, Carmen quarter.\",\"breadcrumb\":{\"@id\":\"https:\/\/avalencia.com\/en\/videos-valencia\/#breadcrumb\"},\"inLanguage\":\"en-US\",\"potentialAction\":[{\"@type\":\"ReadAction\",\"target\":[\"https:\/\/avalencia.com\/en\/videos-valencia\/\"]}]},{\"@type\":\"BreadcrumbList\",\"@id\":\"https:\/\/avalencia.com\/en\/videos-valencia\/#breadcrumb\",\"itemListElement\":[{\"@type\":\"ListItem\",\"position\":1,\"name\":\"Portada\",\"item\":\"https:\/\/avalencia.com\/en\/\"},{\"@type\":\"ListItem\",\"position\":2,\"name\":\"V\u00eddeos\"}]},{\"@type\":\"WebSite\",\"@id\":\"https:\/\/avalencia.com\/en\/#website\",\"url\":\"https:\/\/avalencia.com\/en\/\",\"name\":\"AVALENCIA\",\"description\":\"Visitas culturales por Valencia y alrededores\",\"publisher\":{\"@id\":\"https:\/\/avalencia.com\/en\/#organization\"},\"potentialAction\":[{\"@type\":\"SearchAction\",\"target\":{\"@type\":\"EntryPoint\",\"urlTemplate\":\"https:\/\/avalencia.com\/en\/?s={search_term_string}\"},\"query-input\":{\"@type\":\"PropertyValueSpecification\",\"valueRequired\":true,\"valueName\":\"search_term_string\"}}],\"inLanguage\":\"en-US\"},{\"@type\":\"Organization\",\"@id\":\"https:\/\/avalencia.com\/en\/#organization\",\"name\":\"Gu\u00eda Valencia\",\"url\":\"https:\/\/avalencia.com\/en\/\",\"logo\":{\"@type\":\"ImageObject\",\"inLanguage\":\"en-US\",\"@id\":\"https:\/\/avalencia.com\/en\/#\/schema\/logo\/image\/\",\"url\":\"\",\"contentUrl\":\"\",\"caption\":\"Gu\u00eda Valencia\"},\"image\":{\"@id\":\"https:\/\/avalencia.com\/en\/#\/schema\/logo\/image\/\"},\"sameAs\":[\"https:\/\/www.facebook.com\/angela.marisoler\",\"https:\/\/x.com\/angelamari400\",\"https:\/\/www.instagram.com\/angelamarisoler\/\",\"https:\/\/www.linkedin.com\/feed\/?trk=guest_homepage-basic_sign-in-submit\",\"https:\/\/www.youtube.com\/channel\/UC4bWyTV2CWI65Qf0r1pjuXg?view_as=subscriber\"]}]}<\/script>\n<!-- \/ Yoast SEO plugin. -->","yoast_head_json":{"title":"Valencia tourist attractions - V\u00eddeos from Avalencia","description":"Videos from Valencia by \u00c1ngela Mar\u00ed Soler, official tourist guide: historical centre Valencia, Sagunto, Corpus Museum, Carmen quarter.","robots":{"index":"index","follow":"follow","max-snippet":"max-snippet:-1","max-image-preview":"max-image-preview:large","max-video-preview":"max-video-preview:-1"},"canonical":"https:\/\/avalencia.com\/en\/videos-valencia\/","og_locale":"en_US","og_type":"article","og_title":"Valencia tourist attractions - V\u00eddeos from Avalencia","og_description":"Videos from Valencia by \u00c1ngela Mar\u00ed Soler, official tourist guide: historical centre Valencia, Sagunto, Corpus Museum, Carmen quarter.","og_url":"https:\/\/avalencia.com\/en\/videos-valencia\/","og_site_name":"AVALENCIA","article_publisher":"https:\/\/www.facebook.com\/angela.marisoler","article_modified_time":"2022-10-29T10:40:22+00:00","twitter_card":"summary_large_image","twitter_site":"@angelamari400","twitter_misc":{"Est. reading time":"2 minutes"},"schema":{"@context":"https:\/\/schema.org","@graph":[{"@type":"WebPage","@id":"https:\/\/avalencia.com\/en\/videos-valencia\/","url":"https:\/\/avalencia.com\/en\/videos-valencia\/","name":"Valencia tourist attractions - V\u00eddeos from Avalencia","isPartOf":{"@id":"https:\/\/avalencia.com\/en\/#website"},"datePublished":"2020-02-05T13:49:44+00:00","dateModified":"2022-10-29T10:40:22+00:00","description":"Videos from Valencia by \u00c1ngela Mar\u00ed Soler, official tourist guide: historical centre Valencia, Sagunto, Corpus Museum, Carmen quarter.","breadcrumb":{"@id":"https:\/\/avalencia.com\/en\/videos-valencia\/#breadcrumb"},"inLanguage":"en-US","potentialAction":[{"@type":"ReadAction","target":["https:\/\/avalencia.com\/en\/videos-valencia\/"]}]},{"@type":"BreadcrumbList","@id":"https:\/\/avalencia.com\/en\/videos-valencia\/#breadcrumb","itemListElement":[{"@type":"ListItem","position":1,"name":"Portada","item":"https:\/\/avalencia.com\/en\/"},{"@type":"ListItem","position":2,"name":"V\u00eddeos"}]},{"@type":"WebSite","@id":"https:\/\/avalencia.com\/en\/#website","url":"https:\/\/avalencia.com\/en\/","name":"AVALENCIA","description":"Visitas culturales por Valencia y alrededores","publisher":{"@id":"https:\/\/avalencia.com\/en\/#organization"},"potentialAction":[{"@type":"SearchAction","target":{"@type":"EntryPoint","urlTemplate":"https:\/\/avalencia.com\/en\/?s={search_term_string}"},"query-input":{"@type":"PropertyValueSpecification","valueRequired":true,"valueName":"search_term_string"}}],"inLanguage":"en-US"},{"@type":"Organization","@id":"https:\/\/avalencia.com\/en\/#organization","name":"Gu\u00eda Valencia","url":"https:\/\/avalencia.com\/en\/","logo":{"@type":"ImageObject","inLanguage":"en-US","@id":"https:\/\/avalencia.com\/en\/#\/schema\/logo\/image\/","url":"","contentUrl":"","caption":"Gu\u00eda Valencia"},"image":{"@id":"https:\/\/avalencia.com\/en\/#\/schema\/logo\/image\/"},"sameAs":["https:\/\/www.facebook.com\/angela.marisoler","https:\/\/x.com\/angelamari400","https:\/\/www.instagram.com\/angelamarisoler\/","https:\/\/www.linkedin.com\/feed\/?trk=guest_homepage-basic_sign-in-submit","https:\/\/www.youtube.com\/channel\/UC4bWyTV2CWI65Qf0r1pjuXg?view_as=subscriber"]}]}},"featured_image_src":null,"featured_image_src_square":null,"_links":{"self":[{"href":"https:\/\/avalencia.com\/en\/wp-json\/wp\/v2\/pages\/5833","targetHints":{"allow":["GET"]}}],"collection":[{"href":"https:\/\/avalencia.com\/en\/wp-json\/wp\/v2\/pages"}],"about":[{"href":"https:\/\/avalencia.com\/en\/wp-json\/wp\/v2\/types\/page"}],"author":[{"embeddable":true,"href":"https:\/\/avalencia.com\/en\/wp-json\/wp\/v2\/users\/3"}],"replies":[{"embeddable":true,"href":"https:\/\/avalencia.com\/en\/wp-json\/wp\/v2\/comments?post=5833"}],"version-history":[{"count":0,"href":"https:\/\/avalencia.com\/en\/wp-json\/wp\/v2\/pages\/5833\/revisions"}],"wp:attachment":[{"href":"https:\/\/avalencia.com\/en\/wp-json\/wp\/v2\/media?parent=5833"}],"curies":[{"name":"wp","href":"https:\/\/api.w.org\/{rel}","templated":true}]}}