{"id":5721,"date":"2018-03-13T13:15:28","date_gmt":"2018-03-13T13:15:28","guid":{"rendered":"https:\/\/avalencia.com\/a-propos-de-moi\/"},"modified":"2022-07-15T18:11:44","modified_gmt":"2022-07-15T18:11:44","slug":"guide-touristique-valencia","status":"publish","type":"page","link":"https:\/\/avalencia.com\/fr\/guide-touristique-valencia\/","title":{"rendered":"\u00c0 propos de moi"},"content":{"rendered":"<div  class='avia-table main_color avia-pricing-table-container  avia_pricing_default   avia-builder-el-0  el_before_av_textblock  avia-builder-el-first  avia-table-1'  itemscope=\"itemscope\" itemtype=\"https:\/\/schema.org\/Table\" ><div class='pricing-table-wrap'><ul class='pricing-table '><li class=''><div class='first-table-item'><div id=\"TA_linkingWidgetRedesign952\" class=\"TA_linkingWidgetRedesign\">\n<ul id=\"FOZNALfgvA7\" class=\"TA_links vhJXpk8OuNXi\">\n<li id=\"Pi8Z3U\" class=\"tX4q3w\"><\/li>\n<\/ul>\n<\/div>\n<p><script async=\"\" src=\"https:\/\/www.jscache.com\/wejs?wtype=linkingWidgetRedesign&#038;uniq=952&#038;locationId=15224628&#038;lang=es&#038;border=true&#038;display_version=2\" data-loadtrk=\"\" onload=\"this.loadtrk=true\"><\/script><\/div><span class='pricing-extra'><\/span><\/li><\/ul><\/div><\/div>\n<section class=\"av_textblock_section \"  itemscope=\"itemscope\" itemtype=\"https:\/\/schema.org\/CreativeWork\" ><div class='avia_textblock   av-small-font-size-overwrite av-small-font-size-18 av-mini-font-size-overwrite av-mini-font-size-18'   itemprop=\"text\" ><h1 style=\"text-align: center;\"><em><strong>Guide Touristique Valencia<\/strong><\/em><\/h1>\n<p><img decoding=\"async\" class=\"wp-image-15251 size-medium aligncenter\" src=\"https:\/\/avalencia.com\/wp-content\/uploads\/2022\/07\/32-Quien-soy--264x300.webp\" alt=\"Guide officiel de Valencia\" width=\"264\" height=\"300\" srcset=\"https:\/\/avalencia.com\/wp-content\/uploads\/2022\/07\/32-Quien-soy--264x300.webp 264w, https:\/\/avalencia.com\/wp-content\/uploads\/2022\/07\/32-Quien-soy-.webp 347w\" sizes=\"(max-width: 264px) 100vw, 264px\" \/><\/p>\n<h3><em><strong>Angela Mar\u00ed Soler\u00a0<\/strong><\/em><\/h3>\n<p>Je suis guide touristique officiel autonome, membre de l\u2019association de Guides Touristiques Professionnels de Valence dont les membres sont habilit\u00e9s officiellement par la \u00ab Conseller\u00eda \u00bb du Tourisme (Gouvernement autonome de Valence).<\/p>\n<p>J\u2019ai 20 ans d\u2019exp\u00e9rience dans le domaine, j\u2019adore mon travail et mon plaisir est de transmettre mon savoir et ma passion aux touristes de diff\u00e9rentes cultures desquelles j\u2019apprends \u00e9norm\u00e9ment.<br \/>\n<strong><a href=\"https:\/\/avalencia.com\/fr\/que-voir-et-visiter-a-valencia\/\" target=\"_blank\" rel=\"noopener noreferrer\">J\u2019effectue des visites<\/a><\/strong> en espagnol, en anglais, en fran\u00e7ais en allemand et en italien aussi bien \u00e0 Valence qu\u2019aux alentours.<\/p>\n<p>Mes visites peuvent \u00eatre soit individuelles (en fonction des besoins des clients), soit pour des groupes, pour tous ceux qui d\u00e9sirent conna\u00eetre l\u2019histoire, l\u2019art, l\u2019architecture et les traditions.<br \/>\nMes visites peuvent \u00eatre \u00e9ducatives, historiques, culturelles mais aussi ludiques (en v\u00e9lo, en segway), gastronomiques (Le tour des \u00ab tapas \u00bb) et relatives \u00e0 la nature (le Parc Naturel de l\u2019Albufera avec promenade en barque mais il y a aussi la possibilit\u00e9 de faire des itin\u00e9raires \u00e0 pied par la Devesa) car \u00e0 Valence, il y a une grande s\u00e9lection de visites possibles.<\/p>\n<p>Par ailleurs, je peux aider les agences de voyage \u00e0 organiser leurs programmes.<br \/>\nJe m\u2019occupe \u00e9galement des \u00ab transferts \u00bb, l\u2019assistance \u00e0 l\u2019a\u00e9roport ou bien au port, \u00e0 la gare et les r\u00e9servations dans les mus\u00e9es.<\/p>\n<p>Pour tout renseignement compl\u00e9mentaire et pour les tarifs:<\/p>\n<p><img decoding=\"async\" class=\"size-medium wp-image-15290 aligncenter\" src=\"https:\/\/avalencia.com\/wp-content\/uploads\/2022\/07\/02-5-Logo-AGO-300x78.webp\" alt=\"\" width=\"300\" height=\"78\" srcset=\"https:\/\/avalencia.com\/wp-content\/uploads\/2022\/07\/02-5-Logo-AGO-300x78.webp 300w, https:\/\/avalencia.com\/wp-content\/uploads\/2022\/07\/02-5-Logo-AGO.webp 383w\" sizes=\"(max-width: 300px) 100vw, 300px\" \/><\/p>\n<p><img decoding=\"async\" class=\"size-medium wp-image-15295 aligncenter\" src=\"https:\/\/avalencia.com\/wp-content\/uploads\/2022\/07\/03-7-Cefapit-paraweb-300x87.webp\" alt=\"\" width=\"300\" height=\"87\" srcset=\"https:\/\/avalencia.com\/wp-content\/uploads\/2022\/07\/03-7-Cefapit-paraweb-300x87.webp 300w, https:\/\/avalencia.com\/wp-content\/uploads\/2022\/07\/03-7-Cefapit-paraweb.webp 380w\" sizes=\"(max-width: 300px) 100vw, 300px\" \/><\/p>\n<div  class='avia-button-wrap avia-button-center  avia-builder-el-2  avia-builder-el-no-sibling ' ><a href='https:\/\/avalencia.com\/fr\/guide-officiel-de-valence\/'  class='avia-button  avia-color-theme-color   avia-icon_select-ue800 avia-size-medium avia-position-center '  target=\"_blank\"  rel=\"noopener noreferrer\"  ><span class='avia_iconbox_title' >Contac<\/span><\/a><\/div>\n<\/div><\/section>\n<div  class='av-social-sharing-box  avia-builder-el-3  el_after_av_textblock  avia-builder-el-last  '><div class='av-share-box'><h5 class='av-share-link-description av-no-toc '>Partager<\/h5><ul class='av-share-box-list noLightbox'><li class='av-share-link av-social-link-facebook' ><a target=\"_blank\" aria-label=\"Partager sur Facebook\" href='https:\/\/www.facebook.com\/sharer.php?u=https:\/\/avalencia.com\/fr\/guide-touristique-valencia\/&#038;t=%C3%80%20propos%20de%20moi' aria-hidden='false' data-av_icon='\ue8f3' data-av_iconfont='entypo-fontello' title='' data-avia-related-tooltip='Partager sur Facebook' rel=\"noopener\"><span class='avia_hidden_link_text'>Partager sur Facebook<\/span><\/a><\/li><li class='av-share-link av-social-link-twitter' ><a target=\"_blank\" aria-label=\"Partager sur Twitter\" href='https:\/\/twitter.com\/share?text=%C3%80%20propos%20de%20moi&#038;url=https:\/\/avalencia.com\/fr\/?p=5721' aria-hidden='false' data-av_icon='\ue8f1' data-av_iconfont='entypo-fontello' title='' data-avia-related-tooltip='Partager sur Twitter' rel=\"noopener\"><span class='avia_hidden_link_text'>Partager sur Twitter<\/span><\/a><\/li><li class='av-share-link av-social-link-pinterest' ><a target=\"_blank\" aria-label=\"Partager sur Pinterest\" href='https:\/\/pinterest.com\/pin\/create\/button\/?url=https%3A%2F%2Favalencia.com%2Ffr%2Fguide-touristique-valencia%2F&#038;description=%C3%80%20propos%20de%20moi&#038;media=https%3A%2F%2Favalencia.com%2Fwp-content%2Fuploads%2F2022%2F07%2F32-Quien-soy-.webp' aria-hidden='false' data-av_icon='\ue8f8' data-av_iconfont='entypo-fontello' title='' data-avia-related-tooltip='Partager sur Pinterest' rel=\"noopener\"><span class='avia_hidden_link_text'>Partager sur Pinterest<\/span><\/a><\/li><li class='av-share-link av-social-link-linkedin' ><a target=\"_blank\" aria-label=\"Partager sur LinkedIn\" href='https:\/\/linkedin.com\/shareArticle?mini=true&#038;title=%C3%80%20propos%20de%20moi&#038;url=https:\/\/avalencia.com\/fr\/guide-touristique-valencia\/' aria-hidden='false' data-av_icon='\ue8fc' data-av_iconfont='entypo-fontello' title='' data-avia-related-tooltip='Partager sur LinkedIn' rel=\"noopener\"><span class='avia_hidden_link_text'>Partager sur LinkedIn<\/span><\/a><\/li><li class='av-share-link av-social-link-mail' ><a  aria-label=\"Partager par Mail\" href='mailto:?subject=%C3%80%20propos%20de%20moi&#038;body=https:\/\/avalencia.com\/fr\/guide-touristique-valencia\/' aria-hidden='false' data-av_icon='\ue805' data-av_iconfont='entypo-fontello' title='' data-avia-related-tooltip='Partager par Mail'><span class='avia_hidden_link_text'>Partager par Mail<\/span><\/a><\/li><\/ul><\/div><\/div>\n","protected":false},"excerpt":{"rendered":"<p>Angela Maria Soler &#8211; Guia oficial de turismo Valencia<\/p>\n","protected":false},"author":3,"featured_media":15251,"parent":0,"menu_order":0,"comment_status":"closed","ping_status":"closed","template":"","meta":{"footnotes":""},"class_list":["post-5721","page","type-page","status-publish","has-post-thumbnail","hentry"],"yoast_head":"<!-- This site is optimized with the Yoast SEO plugin v26.8 - https:\/\/yoast.com\/product\/yoast-seo-wordpress\/ -->\n<title>Guide touristique Valencia | visites guid\u00e9es Valencia - fran\u00e7ais<\/title>\n<meta name=\"description\" content=\"Je suis un guide touristique officiel de Valencia. Gr\u00e2ce \u00e0 mes visites guid\u00e9es, vous saurez tout sur cette ville magnifique, son histoire et son art.\" \/>\n<meta name=\"robots\" content=\"index, follow, max-snippet:-1, max-image-preview:large, max-video-preview:-1\" \/>\n<link rel=\"canonical\" href=\"https:\/\/avalencia.com\/fr\/guide-touristique-valencia\/\" \/>\n<meta property=\"og:locale\" content=\"fr_FR\" \/>\n<meta property=\"og:type\" content=\"article\" \/>\n<meta property=\"og:title\" content=\"Guide touristique Valencia | visites guid\u00e9es Valencia - fran\u00e7ais\" \/>\n<meta property=\"og:description\" content=\"Je suis un guide touristique officiel de Valencia. Gr\u00e2ce \u00e0 mes visites guid\u00e9es, vous saurez tout sur cette ville magnifique, son histoire et son art.\" \/>\n<meta property=\"og:url\" content=\"https:\/\/avalencia.com\/fr\/guide-touristique-valencia\/\" \/>\n<meta property=\"og:site_name\" content=\"AVALENCIA\" \/>\n<meta property=\"article:publisher\" content=\"https:\/\/www.facebook.com\/angela.marisoler\" \/>\n<meta property=\"article:modified_time\" content=\"2022-07-15T18:11:44+00:00\" \/>\n<meta property=\"og:image\" content=\"https:\/\/avalencia.com\/wp-content\/uploads\/2022\/07\/32-Quien-soy-.webp\" \/>\n\t<meta property=\"og:image:width\" content=\"347\" \/>\n\t<meta property=\"og:image:height\" content=\"395\" \/>\n\t<meta property=\"og:image:type\" content=\"image\/webp\" \/>\n<meta name=\"twitter:card\" content=\"summary_large_image\" \/>\n<meta name=\"twitter:site\" content=\"@angelamari400\" \/>\n<meta name=\"twitter:label1\" content=\"Est. reading time\" \/>\n\t<meta name=\"twitter:data1\" content=\"2 minutes\" \/>\n<script type=\"application\/ld+json\" class=\"yoast-schema-graph\">{\"@context\":\"https:\/\/schema.org\",\"@graph\":[{\"@type\":\"WebPage\",\"@id\":\"https:\/\/avalencia.com\/fr\/guide-touristique-valencia\/\",\"url\":\"https:\/\/avalencia.com\/fr\/guide-touristique-valencia\/\",\"name\":\"Guide touristique Valencia | visites guid\u00e9es Valencia - fran\u00e7ais\",\"isPartOf\":{\"@id\":\"https:\/\/avalencia.com\/fr\/#website\"},\"primaryImageOfPage\":{\"@id\":\"https:\/\/avalencia.com\/fr\/guide-touristique-valencia\/#primaryimage\"},\"image\":{\"@id\":\"https:\/\/avalencia.com\/fr\/guide-touristique-valencia\/#primaryimage\"},\"thumbnailUrl\":\"https:\/\/avalencia.com\/wp-content\/uploads\/2022\/07\/32-Quien-soy-.webp\",\"datePublished\":\"2018-03-13T13:15:28+00:00\",\"dateModified\":\"2022-07-15T18:11:44+00:00\",\"description\":\"Je suis un guide touristique officiel de Valencia. Gr\u00e2ce \u00e0 mes visites guid\u00e9es, vous saurez tout sur cette ville magnifique, son histoire et son art.\",\"breadcrumb\":{\"@id\":\"https:\/\/avalencia.com\/fr\/guide-touristique-valencia\/#breadcrumb\"},\"inLanguage\":\"fr-FR\",\"potentialAction\":[{\"@type\":\"ReadAction\",\"target\":[\"https:\/\/avalencia.com\/fr\/guide-touristique-valencia\/\"]}]},{\"@type\":\"ImageObject\",\"inLanguage\":\"fr-FR\",\"@id\":\"https:\/\/avalencia.com\/fr\/guide-touristique-valencia\/#primaryimage\",\"url\":\"https:\/\/avalencia.com\/wp-content\/uploads\/2022\/07\/32-Quien-soy-.webp\",\"contentUrl\":\"https:\/\/avalencia.com\/wp-content\/uploads\/2022\/07\/32-Quien-soy-.webp\",\"width\":347,\"height\":395,\"caption\":\"Gu\u00eda en Valencia\"},{\"@type\":\"BreadcrumbList\",\"@id\":\"https:\/\/avalencia.com\/fr\/guide-touristique-valencia\/#breadcrumb\",\"itemListElement\":[{\"@type\":\"ListItem\",\"position\":1,\"name\":\"Portada\",\"item\":\"https:\/\/avalencia.com\/fr\/\"},{\"@type\":\"ListItem\",\"position\":2,\"name\":\"\u00c0 propos de moi\"}]},{\"@type\":\"WebSite\",\"@id\":\"https:\/\/avalencia.com\/fr\/#website\",\"url\":\"https:\/\/avalencia.com\/fr\/\",\"name\":\"AVALENCIA\",\"description\":\"Visitas culturales por Valencia y alrededores\",\"publisher\":{\"@id\":\"https:\/\/avalencia.com\/fr\/#organization\"},\"potentialAction\":[{\"@type\":\"SearchAction\",\"target\":{\"@type\":\"EntryPoint\",\"urlTemplate\":\"https:\/\/avalencia.com\/fr\/?s={search_term_string}\"},\"query-input\":{\"@type\":\"PropertyValueSpecification\",\"valueRequired\":true,\"valueName\":\"search_term_string\"}}],\"inLanguage\":\"fr-FR\"},{\"@type\":\"Organization\",\"@id\":\"https:\/\/avalencia.com\/fr\/#organization\",\"name\":\"Gu\u00eda Valencia\",\"url\":\"https:\/\/avalencia.com\/fr\/\",\"logo\":{\"@type\":\"ImageObject\",\"inLanguage\":\"fr-FR\",\"@id\":\"https:\/\/avalencia.com\/fr\/#\/schema\/logo\/image\/\",\"url\":\"\",\"contentUrl\":\"\",\"caption\":\"Gu\u00eda Valencia\"},\"image\":{\"@id\":\"https:\/\/avalencia.com\/fr\/#\/schema\/logo\/image\/\"},\"sameAs\":[\"https:\/\/www.facebook.com\/angela.marisoler\",\"https:\/\/x.com\/angelamari400\",\"https:\/\/www.instagram.com\/angelamarisoler\/\",\"https:\/\/www.linkedin.com\/feed\/?trk=guest_homepage-basic_sign-in-submit\",\"https:\/\/www.youtube.com\/channel\/UC4bWyTV2CWI65Qf0r1pjuXg?view_as=subscriber\"]}]}<\/script>\n<!-- \/ Yoast SEO plugin. -->","yoast_head_json":{"title":"Guide touristique Valencia | visites guid\u00e9es Valencia - fran\u00e7ais","description":"Je suis un guide touristique officiel de Valencia. Gr\u00e2ce \u00e0 mes visites guid\u00e9es, vous saurez tout sur cette ville magnifique, son histoire et son art.","robots":{"index":"index","follow":"follow","max-snippet":"max-snippet:-1","max-image-preview":"max-image-preview:large","max-video-preview":"max-video-preview:-1"},"canonical":"https:\/\/avalencia.com\/fr\/guide-touristique-valencia\/","og_locale":"fr_FR","og_type":"article","og_title":"Guide touristique Valencia | visites guid\u00e9es Valencia - fran\u00e7ais","og_description":"Je suis un guide touristique officiel de Valencia. Gr\u00e2ce \u00e0 mes visites guid\u00e9es, vous saurez tout sur cette ville magnifique, son histoire et son art.","og_url":"https:\/\/avalencia.com\/fr\/guide-touristique-valencia\/","og_site_name":"AVALENCIA","article_publisher":"https:\/\/www.facebook.com\/angela.marisoler","article_modified_time":"2022-07-15T18:11:44+00:00","og_image":[{"width":347,"height":395,"url":"https:\/\/avalencia.com\/wp-content\/uploads\/2022\/07\/32-Quien-soy-.webp","type":"image\/webp"}],"twitter_card":"summary_large_image","twitter_site":"@angelamari400","twitter_misc":{"Est. reading time":"2 minutes"},"schema":{"@context":"https:\/\/schema.org","@graph":[{"@type":"WebPage","@id":"https:\/\/avalencia.com\/fr\/guide-touristique-valencia\/","url":"https:\/\/avalencia.com\/fr\/guide-touristique-valencia\/","name":"Guide touristique Valencia | visites guid\u00e9es Valencia - fran\u00e7ais","isPartOf":{"@id":"https:\/\/avalencia.com\/fr\/#website"},"primaryImageOfPage":{"@id":"https:\/\/avalencia.com\/fr\/guide-touristique-valencia\/#primaryimage"},"image":{"@id":"https:\/\/avalencia.com\/fr\/guide-touristique-valencia\/#primaryimage"},"thumbnailUrl":"https:\/\/avalencia.com\/wp-content\/uploads\/2022\/07\/32-Quien-soy-.webp","datePublished":"2018-03-13T13:15:28+00:00","dateModified":"2022-07-15T18:11:44+00:00","description":"Je suis un guide touristique officiel de Valencia. Gr\u00e2ce \u00e0 mes visites guid\u00e9es, vous saurez tout sur cette ville magnifique, son histoire et son art.","breadcrumb":{"@id":"https:\/\/avalencia.com\/fr\/guide-touristique-valencia\/#breadcrumb"},"inLanguage":"fr-FR","potentialAction":[{"@type":"ReadAction","target":["https:\/\/avalencia.com\/fr\/guide-touristique-valencia\/"]}]},{"@type":"ImageObject","inLanguage":"fr-FR","@id":"https:\/\/avalencia.com\/fr\/guide-touristique-valencia\/#primaryimage","url":"https:\/\/avalencia.com\/wp-content\/uploads\/2022\/07\/32-Quien-soy-.webp","contentUrl":"https:\/\/avalencia.com\/wp-content\/uploads\/2022\/07\/32-Quien-soy-.webp","width":347,"height":395,"caption":"Gu\u00eda en Valencia"},{"@type":"BreadcrumbList","@id":"https:\/\/avalencia.com\/fr\/guide-touristique-valencia\/#breadcrumb","itemListElement":[{"@type":"ListItem","position":1,"name":"Portada","item":"https:\/\/avalencia.com\/fr\/"},{"@type":"ListItem","position":2,"name":"\u00c0 propos de moi"}]},{"@type":"WebSite","@id":"https:\/\/avalencia.com\/fr\/#website","url":"https:\/\/avalencia.com\/fr\/","name":"AVALENCIA","description":"Visitas culturales por Valencia y alrededores","publisher":{"@id":"https:\/\/avalencia.com\/fr\/#organization"},"potentialAction":[{"@type":"SearchAction","target":{"@type":"EntryPoint","urlTemplate":"https:\/\/avalencia.com\/fr\/?s={search_term_string}"},"query-input":{"@type":"PropertyValueSpecification","valueRequired":true,"valueName":"search_term_string"}}],"inLanguage":"fr-FR"},{"@type":"Organization","@id":"https:\/\/avalencia.com\/fr\/#organization","name":"Gu\u00eda Valencia","url":"https:\/\/avalencia.com\/fr\/","logo":{"@type":"ImageObject","inLanguage":"fr-FR","@id":"https:\/\/avalencia.com\/fr\/#\/schema\/logo\/image\/","url":"","contentUrl":"","caption":"Gu\u00eda Valencia"},"image":{"@id":"https:\/\/avalencia.com\/fr\/#\/schema\/logo\/image\/"},"sameAs":["https:\/\/www.facebook.com\/angela.marisoler","https:\/\/x.com\/angelamari400","https:\/\/www.instagram.com\/angelamarisoler\/","https:\/\/www.linkedin.com\/feed\/?trk=guest_homepage-basic_sign-in-submit","https:\/\/www.youtube.com\/channel\/UC4bWyTV2CWI65Qf0r1pjuXg?view_as=subscriber"]}]}},"featured_image_src":"https:\/\/avalencia.com\/wp-content\/uploads\/2022\/07\/32-Quien-soy-.webp","featured_image_src_square":"https:\/\/avalencia.com\/wp-content\/uploads\/2022\/07\/32-Quien-soy-.webp","_links":{"self":[{"href":"https:\/\/avalencia.com\/fr\/wp-json\/wp\/v2\/pages\/5721","targetHints":{"allow":["GET"]}}],"collection":[{"href":"https:\/\/avalencia.com\/fr\/wp-json\/wp\/v2\/pages"}],"about":[{"href":"https:\/\/avalencia.com\/fr\/wp-json\/wp\/v2\/types\/page"}],"author":[{"embeddable":true,"href":"https:\/\/avalencia.com\/fr\/wp-json\/wp\/v2\/users\/3"}],"replies":[{"embeddable":true,"href":"https:\/\/avalencia.com\/fr\/wp-json\/wp\/v2\/comments?post=5721"}],"version-history":[{"count":0,"href":"https:\/\/avalencia.com\/fr\/wp-json\/wp\/v2\/pages\/5721\/revisions"}],"wp:featuredmedia":[{"embeddable":true,"href":"https:\/\/avalencia.com\/fr\/wp-json\/wp\/v2\/media\/15251"}],"wp:attachment":[{"href":"https:\/\/avalencia.com\/fr\/wp-json\/wp\/v2\/media?parent=5721"}],"curies":[{"name":"wp","href":"https:\/\/api.w.org\/{rel}","templated":true}]}}