{"id":5751,"date":"2018-03-31T18:31:04","date_gmt":"2018-03-31T18:31:04","guid":{"rendered":"https:\/\/avalencia.com\/cite-des-arts-et-des-sciences\/"},"modified":"2022-09-30T17:47:45","modified_gmt":"2022-09-30T17:47:45","slug":"la-cite-des-arts-et-des-sciences-de-valencia","status":"publish","type":"page","link":"https:\/\/avalencia.com\/fr\/la-cite-des-arts-et-des-sciences-de-valencia\/","title":{"rendered":"Cit\u00e9 des Arts et des Sciences"},"content":{"rendered":"\n<h2 class=\"wp-block-heading\"><strong>Visite de la Cit\u00e9 des Arts et des Sciences et l&#8217;Oc\u00e9anographique de Valencia<\/strong><\/h2>\n\n\n\n<p>La Cit\u00e9 des Arts et des Sciences de Valencia est un espace de loisirs dans lequel la culture et la technologie sont les protagonistes. Un cadre architectural unique du 21\u00e8me si\u00e8cle de Santiago Calatrava de Valencia.&nbsp; Il s&#8217;agit d&#8217;un lieu o\u00f9 on peut apprendre en s&#8217;amusant, se promener et profiter au maximum de ce grand parc urbain de 350.000 m2, situ\u00e9 dans l&#8217;ancien lit du fleuve Turia.<\/p>\n\n\n\n<figure class=\"wp-block-gallery has-nested-images columns-default is-cropped wp-block-gallery-1 is-layout-flex wp-block-gallery-is-layout-flex\">\n<figure class=\"wp-block-image size-full\"><a href=\"https:\/\/avalencia.com\/wp-content\/uploads\/2022\/07\/01-TDgUHjnTBLfb0S0h.webp\"><img decoding=\"async\" width=\"816\" height=\"612\" data-id=\"15714\" src=\"https:\/\/avalencia.com\/wp-content\/uploads\/2022\/07\/01-TDgUHjnTBLfb0S0h.webp\" alt=\"\" class=\"wp-image-15714\" srcset=\"https:\/\/avalencia.com\/wp-content\/uploads\/2022\/07\/01-TDgUHjnTBLfb0S0h.webp 816w, https:\/\/avalencia.com\/wp-content\/uploads\/2022\/07\/01-TDgUHjnTBLfb0S0h-300x225.webp 300w, https:\/\/avalencia.com\/wp-content\/uploads\/2022\/07\/01-TDgUHjnTBLfb0S0h-768x576.webp 768w, https:\/\/avalencia.com\/wp-content\/uploads\/2022\/07\/01-TDgUHjnTBLfb0S0h-705x529.webp 705w\" sizes=\"(max-width: 816px) 100vw, 816px\" \/><\/a><\/figure>\n\n\n\n<figure class=\"wp-block-image size-full\"><a href=\"https:\/\/avalencia.com\/wp-content\/uploads\/2022\/07\/02-OAgtyq5y0qu0xGHF-1.webp\"><img decoding=\"async\" width=\"999\" height=\"671\" data-id=\"15719\" src=\"https:\/\/avalencia.com\/wp-content\/uploads\/2022\/07\/02-OAgtyq5y0qu0xGHF-1.webp\" alt=\"\" class=\"wp-image-15719\" srcset=\"https:\/\/avalencia.com\/wp-content\/uploads\/2022\/07\/02-OAgtyq5y0qu0xGHF-1.webp 999w, https:\/\/avalencia.com\/wp-content\/uploads\/2022\/07\/02-OAgtyq5y0qu0xGHF-1-300x202.webp 300w, https:\/\/avalencia.com\/wp-content\/uploads\/2022\/07\/02-OAgtyq5y0qu0xGHF-1-768x516.webp 768w, https:\/\/avalencia.com\/wp-content\/uploads\/2022\/07\/02-OAgtyq5y0qu0xGHF-1-705x474.webp 705w\" sizes=\"(max-width: 999px) 100vw, 999px\" \/><\/a><\/figure>\n\n\n\n<figure class=\"wp-block-image size-full\"><a href=\"https:\/\/avalencia.com\/wp-content\/uploads\/2022\/07\/03-FQO3VpiNbDJOM9x-1.webp\"><img decoding=\"async\" width=\"850\" height=\"570\" data-id=\"15724\" src=\"https:\/\/avalencia.com\/wp-content\/uploads\/2022\/07\/03-FQO3VpiNbDJOM9x-1.webp\" alt=\"\" class=\"wp-image-15724\" srcset=\"https:\/\/avalencia.com\/wp-content\/uploads\/2022\/07\/03-FQO3VpiNbDJOM9x-1.webp 850w, https:\/\/avalencia.com\/wp-content\/uploads\/2022\/07\/03-FQO3VpiNbDJOM9x-1-300x201.webp 300w, https:\/\/avalencia.com\/wp-content\/uploads\/2022\/07\/03-FQO3VpiNbDJOM9x-1-768x515.webp 768w, https:\/\/avalencia.com\/wp-content\/uploads\/2022\/07\/03-FQO3VpiNbDJOM9x-1-705x473.webp 705w\" sizes=\"(max-width: 850px) 100vw, 850px\" \/><\/a><\/figure>\n\n\n\n<figure class=\"wp-block-image size-full\"><a href=\"https:\/\/avalencia.com\/wp-content\/uploads\/2022\/07\/CAC-OPERA-Valencia-2-1-1.webp\"><img decoding=\"async\" width=\"999\" height=\"563\" data-id=\"15734\" src=\"https:\/\/avalencia.com\/wp-content\/uploads\/2022\/07\/CAC-OPERA-Valencia-2-1-1.webp\" alt=\"\" class=\"wp-image-15734\" srcset=\"https:\/\/avalencia.com\/wp-content\/uploads\/2022\/07\/CAC-OPERA-Valencia-2-1-1.webp 999w, https:\/\/avalencia.com\/wp-content\/uploads\/2022\/07\/CAC-OPERA-Valencia-2-1-1-300x169.webp 300w, https:\/\/avalencia.com\/wp-content\/uploads\/2022\/07\/CAC-OPERA-Valencia-2-1-1-768x433.webp 768w, https:\/\/avalencia.com\/wp-content\/uploads\/2022\/07\/CAC-OPERA-Valencia-2-1-1-705x397.webp 705w\" sizes=\"(max-width: 999px) 100vw, 999px\" \/><\/a><\/figure>\n<\/figure>\n\n\n\n<h4 class=\"wp-block-heading\">Form\u00e9 de cinq blocs diff\u00e9renci\u00e9s:<\/h4>\n\n\n\n<p><strong>Umbracle<\/strong>, espace promenade&nbsp;panorama avec un jardin&nbsp;central arbor\u00e9.<\/p>\n\n\n\n<p><strong>Hemisf\u00e8ric<\/strong>, la seule salle en Espagne qui dispose d&#8217;un syst\u00e8me capable de projeter des spectacles audiovisuels sur un \u00e9cran g\u00e9ant de 900 m2.<\/p>\n\n\n\n<p><strong>Mus\u00e9e des Sciences Principe Felipe, <\/strong>il s&#8217;agit d&#8217;un mus\u00e9e de la Science&nbsp;et la Technologie o\u00f9 se combinent l&#8217;architecture d&#8217;avant garde et le contenu&nbsp; interactif, propres au 21\u00e8me si\u00e8cle et qui transforme Valencia en un point&nbsp;de r\u00e9f\u00e9rence international.<\/p>\n\n\n\n<p><strong>Palais des Arts, <\/strong>cet \u00e9difice embl\u00e9matique est devenu un des plus grands centres artistiques et culturels au monde, vou\u00e9 \u00e0 la cr\u00e9ation et \u00e0 la diffusion des arts sc\u00e9niques.<\/p>\n\n\n\n<h4 class=\"wp-block-heading\"><strong>L&#8217;Agora et le Pont de l&#8217;Azud de Oro:<\/strong><\/h4>\n\n\n\n<p>L&#8217;Agora, con\u00e7u aussi par Santiago Calatrava, est le b\u00e2timent situ\u00e9 entre le pont nouveau L&#8217;Assut de l&#8217;Or et de l&#8217;Oceanografic, cet \u00e9difice spectaculaire est con\u00e7u comme une grande place couverte multifonctionnelle qui est devenu l&#8217;h\u00f4te de nombreux \u00e9v\u00e9nements de nature diff\u00e9rente, \u00e9tant l&#8217;Open 500 de tennis, l&#8217;\u00e9v\u00e9nement inaugural en novembre 2009. Sans aucun doute devenu un des stades plus particuliers du circuit de tennis ATP.<\/p>\n\n\n\n<h2 class=\"wp-block-heading\"><strong>L&#8217;Oc\u00e9anographique<\/strong><\/h2>\n\n\n\n<figure class=\"wp-block-embed is-type-video is-provider-youtube wp-block-embed-youtube wp-embed-aspect-4-3 wp-has-aspect-ratio\"><div class=\"wp-block-embed__wrapper\">\n<div class='avia-iframe-wrap'><iframe title=\"Belugas Oceanogr\u00e0fic\" width=\"1333\" height=\"1000\" src=\"https:\/\/www.youtube.com\/embed\/TFZtsdkkjVw?feature=oembed\" frameborder=\"0\" allow=\"accelerometer; autoplay; clipboard-write; encrypted-media; gyroscope; picture-in-picture\" allowfullscreen><\/iframe><\/div>\n<\/div><figcaption>Yulka et Kylu<\/figcaption><\/figure>\n\n\n\n<figure class=\"wp-block-gallery has-nested-images columns-default is-cropped wp-block-gallery-2 is-layout-flex wp-block-gallery-is-layout-flex\">\n<figure class=\"wp-block-image size-full\"><a href=\"https:\/\/avalencia.com\/wp-content\/uploads\/2022\/07\/05-GL2-Oceanografic-ballena-ninos-2.webp\"><img decoding=\"async\" width=\"785\" height=\"490\" data-id=\"15739\" src=\"https:\/\/avalencia.com\/wp-content\/uploads\/2022\/07\/05-GL2-Oceanografic-ballena-ninos-2.webp\" alt=\"\" class=\"wp-image-15739\" srcset=\"https:\/\/avalencia.com\/wp-content\/uploads\/2022\/07\/05-GL2-Oceanografic-ballena-ninos-2.webp 785w, https:\/\/avalencia.com\/wp-content\/uploads\/2022\/07\/05-GL2-Oceanografic-ballena-ninos-2-300x187.webp 300w, https:\/\/avalencia.com\/wp-content\/uploads\/2022\/07\/05-GL2-Oceanografic-ballena-ninos-2-768x479.webp 768w, https:\/\/avalencia.com\/wp-content\/uploads\/2022\/07\/05-GL2-Oceanografic-ballena-ninos-2-705x440.webp 705w\" sizes=\"(max-width: 785px) 100vw, 785px\" \/><\/a><\/figure>\n<\/figure>\n\n\n\n<p><a href=\"https:\/\/cac.es\/en\/oceanografic\/descubre-el-oceanografic.html\" target=\"_blank\" rel=\"noreferrer noopener\"><strong>L&#8217;Oceanographique <\/strong><\/a>est un&nbsp;une v\u00e9ritable ville sous marine de 110.000 m2 pour que vous plongerez et voyagerez dans les diff\u00e9rents habitats marins de notre plan\u00e8te.<\/p>\n\n\n\n<div style=\"height:24px\" aria-hidden=\"true\" class=\"wp-block-spacer\"><\/div>\n\n\n\n<div class=\"wp-block-buttons is-layout-flex wp-block-buttons-is-layout-flex\">\n<div class=\"wp-block-button\"><a class=\"wp-block-button__link\" href=\"https:\/\/avalencia.com\/fr\/guide-officiel-de-valence\/\" target=\"_blank\" rel=\"noreferrer noopener\">Veuillez me contacter<\/a><\/div>\n<\/div>\n\n\n\n<div style=\"height:49px\" aria-hidden=\"true\" class=\"wp-block-spacer\"><\/div>\n\n\n<div  class='av-social-sharing-box  avia-builder-el-0  avia-builder-el-no-sibling  '><div class='av-share-box'><h5 class='av-share-link-description av-no-toc '>Partager<\/h5><ul class='av-share-box-list noLightbox'><li class='av-share-link av-social-link-facebook' ><a target=\"_blank\" aria-label=\"Partager sur Facebook\" href='https:\/\/www.facebook.com\/sharer.php?u=https:\/\/avalencia.com\/fr\/la-cite-des-arts-et-des-sciences-de-valencia\/&#038;t=Cit%C3%A9%20des%20Arts%20et%20des%20Sciences' aria-hidden='false' data-av_icon='\ue8f3' data-av_iconfont='entypo-fontello' title='' data-avia-related-tooltip='Partager sur Facebook' rel=\"noopener\"><span class='avia_hidden_link_text'>Partager sur Facebook<\/span><\/a><\/li><li class='av-share-link av-social-link-twitter' ><a target=\"_blank\" aria-label=\"Partager sur Twitter\" href='https:\/\/twitter.com\/share?text=Cit%C3%A9%20des%20Arts%20et%20des%20Sciences&#038;url=https:\/\/avalencia.com\/fr\/?p=5751' aria-hidden='false' data-av_icon='\ue8f1' data-av_iconfont='entypo-fontello' title='' data-avia-related-tooltip='Partager sur Twitter' rel=\"noopener\"><span class='avia_hidden_link_text'>Partager sur Twitter<\/span><\/a><\/li><li class='av-share-link av-social-link-pinterest' ><a target=\"_blank\" aria-label=\"Partager sur Pinterest\" href='https:\/\/pinterest.com\/pin\/create\/button\/?url=https%3A%2F%2Favalencia.com%2Ffr%2Fla-cite-des-arts-et-des-sciences-de-valencia%2F&#038;description=Cit%C3%A9%20des%20Arts%20et%20des%20Sciences&#038;media=https%3A%2F%2Favalencia.com%2Fwp-content%2Fuploads%2F2022%2F07%2Fdestacada-4rPbCVj8E2dPRAQB-2-705x378.webp' aria-hidden='false' data-av_icon='\ue8f8' data-av_iconfont='entypo-fontello' title='' data-avia-related-tooltip='Partager sur Pinterest' rel=\"noopener\"><span class='avia_hidden_link_text'>Partager sur Pinterest<\/span><\/a><\/li><li class='av-share-link av-social-link-linkedin' ><a target=\"_blank\" aria-label=\"Partager sur LinkedIn\" href='https:\/\/linkedin.com\/shareArticle?mini=true&#038;title=Cit%C3%A9%20des%20Arts%20et%20des%20Sciences&#038;url=https:\/\/avalencia.com\/fr\/la-cite-des-arts-et-des-sciences-de-valencia\/' aria-hidden='false' data-av_icon='\ue8fc' data-av_iconfont='entypo-fontello' title='' data-avia-related-tooltip='Partager sur LinkedIn' rel=\"noopener\"><span class='avia_hidden_link_text'>Partager sur LinkedIn<\/span><\/a><\/li><li class='av-share-link av-social-link-mail' ><a  aria-label=\"Partager par Mail\" href='mailto:?subject=Cit%C3%A9%20des%20Arts%20et%20des%20Sciences&#038;body=https:\/\/avalencia.com\/fr\/la-cite-des-arts-et-des-sciences-de-valencia\/' aria-hidden='false' data-av_icon='\ue805' data-av_iconfont='entypo-fontello' title='' data-avia-related-tooltip='Partager par Mail'><span class='avia_hidden_link_text'>Partager par Mail<\/span><\/a><\/li><\/ul><\/div><\/div>\n\n\n\n<p><\/p>\n","protected":false},"excerpt":{"rendered":"<p>Cit\u00e9 des Arts et des Sciences<\/p>\n","protected":false},"author":3,"featured_media":15708,"parent":0,"menu_order":0,"comment_status":"closed","ping_status":"closed","template":"","meta":{"footnotes":""},"class_list":["post-5751","page","type-page","status-publish","has-post-thumbnail","hentry"],"yoast_head":"<!-- This site is optimized with the Yoast SEO plugin v26.8 - https:\/\/yoast.com\/product\/yoast-seo-wordpress\/ -->\n<title>La Cit\u00e9 des Arts et des Sciences de Valencia - Visite guid\u00e9e AValencia<\/title>\n<meta name=\"description\" content=\"Visite guid\u00e9e de la Cit\u00e9 des Arts et des Sciences et l&#039;Oc\u00e9anographique, l&#039;infrastructure la plus moderne de Valencia, avec un guide officiel AVALENCIA.\" \/>\n<meta name=\"robots\" content=\"index, follow, max-snippet:-1, max-image-preview:large, max-video-preview:-1\" \/>\n<link rel=\"canonical\" href=\"https:\/\/avalencia.com\/fr\/la-cite-des-arts-et-des-sciences-de-valencia\/\" \/>\n<meta property=\"og:locale\" content=\"fr_FR\" \/>\n<meta property=\"og:type\" content=\"article\" \/>\n<meta property=\"og:title\" content=\"La Cit\u00e9 des Arts et des Sciences de Valencia - Visite guid\u00e9e AValencia\" \/>\n<meta property=\"og:description\" content=\"Visite guid\u00e9e de la Cit\u00e9 des Arts et des Sciences et l&#039;Oc\u00e9anographique, l&#039;infrastructure la plus moderne de Valencia, avec un guide officiel AVALENCIA.\" \/>\n<meta property=\"og:url\" content=\"https:\/\/avalencia.com\/fr\/la-cite-des-arts-et-des-sciences-de-valencia\/\" \/>\n<meta property=\"og:site_name\" content=\"AVALENCIA\" \/>\n<meta property=\"article:publisher\" content=\"https:\/\/www.facebook.com\/angela.marisoler\" \/>\n<meta property=\"article:modified_time\" content=\"2022-09-30T17:47:45+00:00\" \/>\n<meta property=\"og:image\" content=\"https:\/\/avalencia.com\/wp-content\/uploads\/2022\/07\/destacada-4rPbCVj8E2dPRAQB-2.webp\" \/>\n\t<meta property=\"og:image:width\" content=\"849\" \/>\n\t<meta property=\"og:image:height\" content=\"455\" \/>\n\t<meta property=\"og:image:type\" content=\"image\/webp\" \/>\n<meta name=\"twitter:card\" content=\"summary_large_image\" \/>\n<meta name=\"twitter:site\" content=\"@angelamari400\" \/>\n<meta name=\"twitter:label1\" content=\"Est. reading time\" \/>\n\t<meta name=\"twitter:data1\" content=\"3 minutes\" \/>\n<script type=\"application\/ld+json\" class=\"yoast-schema-graph\">{\"@context\":\"https:\/\/schema.org\",\"@graph\":[{\"@type\":\"WebPage\",\"@id\":\"https:\/\/avalencia.com\/fr\/la-cite-des-arts-et-des-sciences-de-valencia\/\",\"url\":\"https:\/\/avalencia.com\/fr\/la-cite-des-arts-et-des-sciences-de-valencia\/\",\"name\":\"La Cit\u00e9 des Arts et des Sciences de Valencia - Visite guid\u00e9e AValencia\",\"isPartOf\":{\"@id\":\"https:\/\/avalencia.com\/fr\/#website\"},\"primaryImageOfPage\":{\"@id\":\"https:\/\/avalencia.com\/fr\/la-cite-des-arts-et-des-sciences-de-valencia\/#primaryimage\"},\"image\":{\"@id\":\"https:\/\/avalencia.com\/fr\/la-cite-des-arts-et-des-sciences-de-valencia\/#primaryimage\"},\"thumbnailUrl\":\"https:\/\/avalencia.com\/wp-content\/uploads\/2022\/07\/destacada-4rPbCVj8E2dPRAQB-2.webp\",\"datePublished\":\"2018-03-31T18:31:04+00:00\",\"dateModified\":\"2022-09-30T17:47:45+00:00\",\"description\":\"Visite guid\u00e9e de la Cit\u00e9 des Arts et des Sciences et l'Oc\u00e9anographique, l'infrastructure la plus moderne de Valencia, avec un guide officiel AVALENCIA.\",\"breadcrumb\":{\"@id\":\"https:\/\/avalencia.com\/fr\/la-cite-des-arts-et-des-sciences-de-valencia\/#breadcrumb\"},\"inLanguage\":\"fr-FR\",\"potentialAction\":[{\"@type\":\"ReadAction\",\"target\":[\"https:\/\/avalencia.com\/fr\/la-cite-des-arts-et-des-sciences-de-valencia\/\"]}]},{\"@type\":\"ImageObject\",\"inLanguage\":\"fr-FR\",\"@id\":\"https:\/\/avalencia.com\/fr\/la-cite-des-arts-et-des-sciences-de-valencia\/#primaryimage\",\"url\":\"https:\/\/avalencia.com\/wp-content\/uploads\/2022\/07\/destacada-4rPbCVj8E2dPRAQB-2.webp\",\"contentUrl\":\"https:\/\/avalencia.com\/wp-content\/uploads\/2022\/07\/destacada-4rPbCVj8E2dPRAQB-2.webp\",\"width\":849,\"height\":455},{\"@type\":\"BreadcrumbList\",\"@id\":\"https:\/\/avalencia.com\/fr\/la-cite-des-arts-et-des-sciences-de-valencia\/#breadcrumb\",\"itemListElement\":[{\"@type\":\"ListItem\",\"position\":1,\"name\":\"Portada\",\"item\":\"https:\/\/avalencia.com\/fr\/\"},{\"@type\":\"ListItem\",\"position\":2,\"name\":\"Cit\u00e9 des Arts et des Sciences\"}]},{\"@type\":\"WebSite\",\"@id\":\"https:\/\/avalencia.com\/fr\/#website\",\"url\":\"https:\/\/avalencia.com\/fr\/\",\"name\":\"AVALENCIA\",\"description\":\"Visitas culturales por Valencia y alrededores\",\"publisher\":{\"@id\":\"https:\/\/avalencia.com\/fr\/#organization\"},\"potentialAction\":[{\"@type\":\"SearchAction\",\"target\":{\"@type\":\"EntryPoint\",\"urlTemplate\":\"https:\/\/avalencia.com\/fr\/?s={search_term_string}\"},\"query-input\":{\"@type\":\"PropertyValueSpecification\",\"valueRequired\":true,\"valueName\":\"search_term_string\"}}],\"inLanguage\":\"fr-FR\"},{\"@type\":\"Organization\",\"@id\":\"https:\/\/avalencia.com\/fr\/#organization\",\"name\":\"Gu\u00eda Valencia\",\"url\":\"https:\/\/avalencia.com\/fr\/\",\"logo\":{\"@type\":\"ImageObject\",\"inLanguage\":\"fr-FR\",\"@id\":\"https:\/\/avalencia.com\/fr\/#\/schema\/logo\/image\/\",\"url\":\"\",\"contentUrl\":\"\",\"caption\":\"Gu\u00eda Valencia\"},\"image\":{\"@id\":\"https:\/\/avalencia.com\/fr\/#\/schema\/logo\/image\/\"},\"sameAs\":[\"https:\/\/www.facebook.com\/angela.marisoler\",\"https:\/\/x.com\/angelamari400\",\"https:\/\/www.instagram.com\/angelamarisoler\/\",\"https:\/\/www.linkedin.com\/feed\/?trk=guest_homepage-basic_sign-in-submit\",\"https:\/\/www.youtube.com\/channel\/UC4bWyTV2CWI65Qf0r1pjuXg?view_as=subscriber\"]}]}<\/script>\n<!-- \/ Yoast SEO plugin. -->","yoast_head_json":{"title":"La Cit\u00e9 des Arts et des Sciences de Valencia - Visite guid\u00e9e AValencia","description":"Visite guid\u00e9e de la Cit\u00e9 des Arts et des Sciences et l'Oc\u00e9anographique, l'infrastructure la plus moderne de Valencia, avec un guide officiel AVALENCIA.","robots":{"index":"index","follow":"follow","max-snippet":"max-snippet:-1","max-image-preview":"max-image-preview:large","max-video-preview":"max-video-preview:-1"},"canonical":"https:\/\/avalencia.com\/fr\/la-cite-des-arts-et-des-sciences-de-valencia\/","og_locale":"fr_FR","og_type":"article","og_title":"La Cit\u00e9 des Arts et des Sciences de Valencia - Visite guid\u00e9e AValencia","og_description":"Visite guid\u00e9e de la Cit\u00e9 des Arts et des Sciences et l'Oc\u00e9anographique, l'infrastructure la plus moderne de Valencia, avec un guide officiel AVALENCIA.","og_url":"https:\/\/avalencia.com\/fr\/la-cite-des-arts-et-des-sciences-de-valencia\/","og_site_name":"AVALENCIA","article_publisher":"https:\/\/www.facebook.com\/angela.marisoler","article_modified_time":"2022-09-30T17:47:45+00:00","og_image":[{"width":849,"height":455,"url":"https:\/\/avalencia.com\/wp-content\/uploads\/2022\/07\/destacada-4rPbCVj8E2dPRAQB-2.webp","type":"image\/webp"}],"twitter_card":"summary_large_image","twitter_site":"@angelamari400","twitter_misc":{"Est. reading time":"3 minutes"},"schema":{"@context":"https:\/\/schema.org","@graph":[{"@type":"WebPage","@id":"https:\/\/avalencia.com\/fr\/la-cite-des-arts-et-des-sciences-de-valencia\/","url":"https:\/\/avalencia.com\/fr\/la-cite-des-arts-et-des-sciences-de-valencia\/","name":"La Cit\u00e9 des Arts et des Sciences de Valencia - Visite guid\u00e9e AValencia","isPartOf":{"@id":"https:\/\/avalencia.com\/fr\/#website"},"primaryImageOfPage":{"@id":"https:\/\/avalencia.com\/fr\/la-cite-des-arts-et-des-sciences-de-valencia\/#primaryimage"},"image":{"@id":"https:\/\/avalencia.com\/fr\/la-cite-des-arts-et-des-sciences-de-valencia\/#primaryimage"},"thumbnailUrl":"https:\/\/avalencia.com\/wp-content\/uploads\/2022\/07\/destacada-4rPbCVj8E2dPRAQB-2.webp","datePublished":"2018-03-31T18:31:04+00:00","dateModified":"2022-09-30T17:47:45+00:00","description":"Visite guid\u00e9e de la Cit\u00e9 des Arts et des Sciences et l'Oc\u00e9anographique, l'infrastructure la plus moderne de Valencia, avec un guide officiel AVALENCIA.","breadcrumb":{"@id":"https:\/\/avalencia.com\/fr\/la-cite-des-arts-et-des-sciences-de-valencia\/#breadcrumb"},"inLanguage":"fr-FR","potentialAction":[{"@type":"ReadAction","target":["https:\/\/avalencia.com\/fr\/la-cite-des-arts-et-des-sciences-de-valencia\/"]}]},{"@type":"ImageObject","inLanguage":"fr-FR","@id":"https:\/\/avalencia.com\/fr\/la-cite-des-arts-et-des-sciences-de-valencia\/#primaryimage","url":"https:\/\/avalencia.com\/wp-content\/uploads\/2022\/07\/destacada-4rPbCVj8E2dPRAQB-2.webp","contentUrl":"https:\/\/avalencia.com\/wp-content\/uploads\/2022\/07\/destacada-4rPbCVj8E2dPRAQB-2.webp","width":849,"height":455},{"@type":"BreadcrumbList","@id":"https:\/\/avalencia.com\/fr\/la-cite-des-arts-et-des-sciences-de-valencia\/#breadcrumb","itemListElement":[{"@type":"ListItem","position":1,"name":"Portada","item":"https:\/\/avalencia.com\/fr\/"},{"@type":"ListItem","position":2,"name":"Cit\u00e9 des Arts et des Sciences"}]},{"@type":"WebSite","@id":"https:\/\/avalencia.com\/fr\/#website","url":"https:\/\/avalencia.com\/fr\/","name":"AVALENCIA","description":"Visitas culturales por Valencia y alrededores","publisher":{"@id":"https:\/\/avalencia.com\/fr\/#organization"},"potentialAction":[{"@type":"SearchAction","target":{"@type":"EntryPoint","urlTemplate":"https:\/\/avalencia.com\/fr\/?s={search_term_string}"},"query-input":{"@type":"PropertyValueSpecification","valueRequired":true,"valueName":"search_term_string"}}],"inLanguage":"fr-FR"},{"@type":"Organization","@id":"https:\/\/avalencia.com\/fr\/#organization","name":"Gu\u00eda Valencia","url":"https:\/\/avalencia.com\/fr\/","logo":{"@type":"ImageObject","inLanguage":"fr-FR","@id":"https:\/\/avalencia.com\/fr\/#\/schema\/logo\/image\/","url":"","contentUrl":"","caption":"Gu\u00eda Valencia"},"image":{"@id":"https:\/\/avalencia.com\/fr\/#\/schema\/logo\/image\/"},"sameAs":["https:\/\/www.facebook.com\/angela.marisoler","https:\/\/x.com\/angelamari400","https:\/\/www.instagram.com\/angelamarisoler\/","https:\/\/www.linkedin.com\/feed\/?trk=guest_homepage-basic_sign-in-submit","https:\/\/www.youtube.com\/channel\/UC4bWyTV2CWI65Qf0r1pjuXg?view_as=subscriber"]}]}},"featured_image_src":"https:\/\/avalencia.com\/wp-content\/uploads\/2022\/07\/destacada-4rPbCVj8E2dPRAQB-2-600x400.webp","featured_image_src_square":"https:\/\/avalencia.com\/wp-content\/uploads\/2022\/07\/destacada-4rPbCVj8E2dPRAQB-2-600x455.webp","_links":{"self":[{"href":"https:\/\/avalencia.com\/fr\/wp-json\/wp\/v2\/pages\/5751","targetHints":{"allow":["GET"]}}],"collection":[{"href":"https:\/\/avalencia.com\/fr\/wp-json\/wp\/v2\/pages"}],"about":[{"href":"https:\/\/avalencia.com\/fr\/wp-json\/wp\/v2\/types\/page"}],"author":[{"embeddable":true,"href":"https:\/\/avalencia.com\/fr\/wp-json\/wp\/v2\/users\/3"}],"replies":[{"embeddable":true,"href":"https:\/\/avalencia.com\/fr\/wp-json\/wp\/v2\/comments?post=5751"}],"version-history":[{"count":0,"href":"https:\/\/avalencia.com\/fr\/wp-json\/wp\/v2\/pages\/5751\/revisions"}],"wp:featuredmedia":[{"embeddable":true,"href":"https:\/\/avalencia.com\/fr\/wp-json\/wp\/v2\/media\/15708"}],"wp:attachment":[{"href":"https:\/\/avalencia.com\/fr\/wp-json\/wp\/v2\/media?parent=5751"}],"curies":[{"name":"wp","href":"https:\/\/api.w.org\/{rel}","templated":true}]}}