{"id":5757,"date":"2018-03-31T18:40:49","date_gmt":"2018-03-31T18:40:49","guid":{"rendered":"https:\/\/avalencia.com\/le-parc-naturel-de-lalbufera\/"},"modified":"2022-09-01T10:11:31","modified_gmt":"2022-09-01T10:11:31","slug":"le-parc-naturel-de-lalbufera","status":"publish","type":"page","link":"https:\/\/avalencia.com\/fr\/le-parc-naturel-de-lalbufera\/","title":{"rendered":"Le Parc Naturel de l&#8217;Albufera de Valencia"},"content":{"rendered":"\n<p><\/p>\n\n\n\n<h4 class=\"wp-block-heading\"><strong>EXCURSION AU LAC DE L&#8217;ALBUFERA, DECLAR\u00c9 PARC NATUREL<\/strong><\/h4>\n\n\n\n<p>Le Parc Naturel de l&#8217;Albufera de Valencia se trouve entre la mer et les rizi\u00e8res, enserr\u00e9 entre les bras du Turia et du J\u00facar \u00e0 leur embouchure, il est le paradis des oiseaux migrateurs et une zone d&#8217;expansion de la m\u00e9tropole valencienne et des communes de sa banlieue. Situ\u00e9 \u00e0 quelques 11 kilom\u00e8tres au sud de la capitale, s\u00e9par\u00e9 des eaux de la M\u00e9diterran\u00e9e par un chapelet de dunes et de pin\u00e8des.<\/p>\n\n\n\n<figure class=\"wp-block-gallery has-nested-images columns-default is-cropped wp-block-gallery-1 is-layout-flex wp-block-gallery-is-layout-flex\">\n<figure class=\"wp-block-image size-full\"><a href=\"https:\/\/avalencia.com\/wp-content\/uploads\/2022\/07\/GL1-01-Albufera-albufera_1-1-1.webp\"><img decoding=\"async\" width=\"850\" height=\"570\" data-id=\"16025\" src=\"https:\/\/avalencia.com\/wp-content\/uploads\/2022\/07\/GL1-01-Albufera-albufera_1-1-1.webp\" alt=\"Itin\u00e9raire en bateau Albufera de Valencia\" class=\"wp-image-16025\" srcset=\"https:\/\/avalencia.com\/wp-content\/uploads\/2022\/07\/GL1-01-Albufera-albufera_1-1-1.webp 850w, https:\/\/avalencia.com\/wp-content\/uploads\/2022\/07\/GL1-01-Albufera-albufera_1-1-1-300x201.webp 300w, https:\/\/avalencia.com\/wp-content\/uploads\/2022\/07\/GL1-01-Albufera-albufera_1-1-1-768x515.webp 768w, https:\/\/avalencia.com\/wp-content\/uploads\/2022\/07\/GL1-01-Albufera-albufera_1-1-1-705x473.webp 705w\" sizes=\"(max-width: 850px) 100vw, 850px\" \/><\/a><\/figure>\n\n\n\n<figure class=\"wp-block-image size-full\"><a href=\"https:\/\/avalencia.com\/wp-content\/uploads\/2022\/07\/GL1-02-Albufera-.webp\"><img decoding=\"async\" width=\"850\" height=\"570\" data-id=\"16030\" src=\"https:\/\/avalencia.com\/wp-content\/uploads\/2022\/07\/GL1-02-Albufera-.webp\" alt=\"Faune de la Albufera de Valence\" class=\"wp-image-16030\" srcset=\"https:\/\/avalencia.com\/wp-content\/uploads\/2022\/07\/GL1-02-Albufera-.webp 850w, https:\/\/avalencia.com\/wp-content\/uploads\/2022\/07\/GL1-02-Albufera--300x201.webp 300w, https:\/\/avalencia.com\/wp-content\/uploads\/2022\/07\/GL1-02-Albufera--768x515.webp 768w, https:\/\/avalencia.com\/wp-content\/uploads\/2022\/07\/GL1-02-Albufera--705x473.webp 705w\" sizes=\"(max-width: 850px) 100vw, 850px\" \/><\/a><\/figure>\n\n\n\n<figure class=\"wp-block-image size-full\"><a href=\"https:\/\/avalencia.com\/wp-content\/uploads\/2022\/07\/GL1-03-Albufera-gp-Hugria-018-.webp\"><img decoding=\"async\" width=\"850\" height=\"637\" data-id=\"16035\" src=\"https:\/\/avalencia.com\/wp-content\/uploads\/2022\/07\/GL1-03-Albufera-gp-Hugria-018-.webp\" alt=\"Albufera de Valencia\" class=\"wp-image-16035\" srcset=\"https:\/\/avalencia.com\/wp-content\/uploads\/2022\/07\/GL1-03-Albufera-gp-Hugria-018-.webp 850w, https:\/\/avalencia.com\/wp-content\/uploads\/2022\/07\/GL1-03-Albufera-gp-Hugria-018--300x225.webp 300w, https:\/\/avalencia.com\/wp-content\/uploads\/2022\/07\/GL1-03-Albufera-gp-Hugria-018--768x576.webp 768w, https:\/\/avalencia.com\/wp-content\/uploads\/2022\/07\/GL1-03-Albufera-gp-Hugria-018--705x528.webp 705w\" sizes=\"(max-width: 850px) 100vw, 850px\" \/><\/a><\/figure>\n<\/figure>\n\n\n\n<ul class=\"wp-block-list\"><li>Vue panoramique du lac et des vannes.<\/li><li>Rac\u00f3 de L&#8217;Olla.<ul><li>Zone d&#8217;information (panneaux et audiovisuels informatifs des caract\u00e9ristiques naturelles, historiques et sociales dans le Parc Naturel de l&#8217;Albufera de Valencia).<\/li><li>Zone d&#8217;Interpr\u00e9tation <a href=\"http:\/\/www.parquesnaturales.gva.es\/es\/web\/pn-l-albufera\/itinerarios-por-la-devesa\" target=\"_blank\" rel=\"noreferrer noopener\">(itin\u00e9raire pour conna\u00eetre directement les \u00e9cosyst\u00e8mes typiques de cette zone<\/a>: sa faune et flore).<\/li><\/ul><\/li><\/ul>\n\n\n\n<figure class=\"wp-block-gallery has-nested-images columns-default is-cropped wp-block-gallery-2 is-layout-flex wp-block-gallery-is-layout-flex\">\n<figure class=\"wp-block-image size-full\"><a href=\"https:\/\/avalencia.com\/wp-content\/uploads\/2022\/07\/GL2-01-Albufera-albufera_7-.webp\"><img decoding=\"async\" width=\"850\" height=\"479\" data-id=\"16040\" src=\"https:\/\/avalencia.com\/wp-content\/uploads\/2022\/07\/GL2-01-Albufera-albufera_7-.webp\" alt=\"Route \u00e0 v\u00e9lo sur la Albufera de Valence\" class=\"wp-image-16040\" srcset=\"https:\/\/avalencia.com\/wp-content\/uploads\/2022\/07\/GL2-01-Albufera-albufera_7-.webp 850w, https:\/\/avalencia.com\/wp-content\/uploads\/2022\/07\/GL2-01-Albufera-albufera_7--300x169.webp 300w, https:\/\/avalencia.com\/wp-content\/uploads\/2022\/07\/GL2-01-Albufera-albufera_7--768x433.webp 768w, https:\/\/avalencia.com\/wp-content\/uploads\/2022\/07\/GL2-01-Albufera-albufera_7--705x397.webp 705w\" sizes=\"(max-width: 850px) 100vw, 850px\" \/><\/a><\/figure>\n\n\n\n<figure class=\"wp-block-image size-full\"><a href=\"https:\/\/avalencia.com\/wp-content\/uploads\/2022\/07\/GL2-02-Albufera-20180826_182242-.webp\"><img decoding=\"async\" width=\"849\" height=\"480\" data-id=\"16045\" src=\"https:\/\/avalencia.com\/wp-content\/uploads\/2022\/07\/GL2-02-Albufera-20180826_182242-.webp\" alt=\"Visite de Albufera de Valence\" class=\"wp-image-16045\" srcset=\"https:\/\/avalencia.com\/wp-content\/uploads\/2022\/07\/GL2-02-Albufera-20180826_182242-.webp 849w, https:\/\/avalencia.com\/wp-content\/uploads\/2022\/07\/GL2-02-Albufera-20180826_182242--300x170.webp 300w, https:\/\/avalencia.com\/wp-content\/uploads\/2022\/07\/GL2-02-Albufera-20180826_182242--768x434.webp 768w, https:\/\/avalencia.com\/wp-content\/uploads\/2022\/07\/GL2-02-Albufera-20180826_182242--705x399.webp 705w\" sizes=\"(max-width: 849px) 100vw, 849px\" \/><\/a><\/figure>\n\n\n\n<figure class=\"wp-block-image size-full\"><a href=\"https:\/\/avalencia.com\/wp-content\/uploads\/2022\/07\/GL2-03-Albufera-albufera_6.webp\"><img decoding=\"async\" width=\"850\" height=\"479\" data-id=\"16050\" src=\"https:\/\/avalencia.com\/wp-content\/uploads\/2022\/07\/GL2-03-Albufera-albufera_6.webp\" alt=\"Visite guid\u00e9e de Albufera de Valencia\" class=\"wp-image-16050\" srcset=\"https:\/\/avalencia.com\/wp-content\/uploads\/2022\/07\/GL2-03-Albufera-albufera_6.webp 850w, https:\/\/avalencia.com\/wp-content\/uploads\/2022\/07\/GL2-03-Albufera-albufera_6-300x169.webp 300w, https:\/\/avalencia.com\/wp-content\/uploads\/2022\/07\/GL2-03-Albufera-albufera_6-768x433.webp 768w, https:\/\/avalencia.com\/wp-content\/uploads\/2022\/07\/GL2-03-Albufera-albufera_6-705x397.webp 705w\" sizes=\"(max-width: 850px) 100vw, 850px\" \/><\/a><\/figure>\n<\/figure>\n\n\n\n<ul class=\"wp-block-list\"><li>Emprunter les barques pour voguer sur le lac pilot\u00e9es \u00e0 la perche par les anciens p\u00eacheurs. Possibilit\u00e9 de d\u00e9jeuner \u00e0 l&#8217;\u00eelle du Palmar, un petit village de p\u00eacheurs aussi declar\u00e9 Parc Naturel.<\/li><\/ul>\n\n\n\n<figure class=\"wp-block-gallery has-nested-images columns-default is-cropped wp-block-gallery-3 is-layout-flex wp-block-gallery-is-layout-flex\">\n<figure class=\"wp-block-image size-full\"><a href=\"https:\/\/avalencia.com\/wp-content\/uploads\/2022\/07\/GL3-01-Albufera-webpalbufera.webp\"><img decoding=\"async\" width=\"850\" height=\"570\" data-id=\"16055\" src=\"https:\/\/avalencia.com\/wp-content\/uploads\/2022\/07\/GL3-01-Albufera-webpalbufera.webp\" alt=\"Guide touristique Albufera de Valencia\" class=\"wp-image-16055\" srcset=\"https:\/\/avalencia.com\/wp-content\/uploads\/2022\/07\/GL3-01-Albufera-webpalbufera.webp 850w, https:\/\/avalencia.com\/wp-content\/uploads\/2022\/07\/GL3-01-Albufera-webpalbufera-300x201.webp 300w, https:\/\/avalencia.com\/wp-content\/uploads\/2022\/07\/GL3-01-Albufera-webpalbufera-768x515.webp 768w, https:\/\/avalencia.com\/wp-content\/uploads\/2022\/07\/GL3-01-Albufera-webpalbufera-705x473.webp 705w\" sizes=\"(max-width: 850px) 100vw, 850px\" \/><\/a><\/figure>\n\n\n\n<figure class=\"wp-block-image size-full\"><a href=\"https:\/\/avalencia.com\/wp-content\/uploads\/2022\/07\/GL3-02-Albuferaalbufera.webp\"><img decoding=\"async\" width=\"850\" height=\"570\" data-id=\"16060\" src=\"https:\/\/avalencia.com\/wp-content\/uploads\/2022\/07\/GL3-02-Albuferaalbufera.webp\" alt=\"Visite guid\u00e9e de Albufera de Valencia\" class=\"wp-image-16060\" srcset=\"https:\/\/avalencia.com\/wp-content\/uploads\/2022\/07\/GL3-02-Albuferaalbufera.webp 850w, https:\/\/avalencia.com\/wp-content\/uploads\/2022\/07\/GL3-02-Albuferaalbufera-300x201.webp 300w, https:\/\/avalencia.com\/wp-content\/uploads\/2022\/07\/GL3-02-Albuferaalbufera-768x515.webp 768w, https:\/\/avalencia.com\/wp-content\/uploads\/2022\/07\/GL3-02-Albuferaalbufera-705x473.webp 705w\" sizes=\"(max-width: 850px) 100vw, 850px\" \/><\/a><\/figure>\n<\/figure>\n\n\n\n<div style=\"height:45px\" aria-hidden=\"true\" class=\"wp-block-spacer\"><\/div>\n\n\n<p><em><strong>Les diff\u00e9rents itin\u00e9raires peuvent \u00eatre modifi\u00e9s et adapt\u00e9s aux besoins des clients.<\/strong><\/em><\/p>\n<p><strong><em>Si vous voulez plus d&#8217;information et des prix, appelez s&#8217;il vous pla\u00eet \u00e0:<\/em><\/strong><\/p>\n\n\n<div class=\"wp-block-buttons is-content-justification-center is-layout-flex wp-container-core-buttons-is-layout-1 wp-block-buttons-is-layout-flex\">\n<div class=\"wp-block-button\"><a class=\"wp-block-button__link\" href=\"https:\/\/avalencia.com\/fr\/guide-officiel-de-valence\/\" target=\"_blank\" rel=\"noreferrer noopener\">Angela Mar\u00ed Soler<\/a><\/div>\n<\/div>\n\n\n<div  class='av-social-sharing-box  avia-builder-el-0  avia-builder-el-no-sibling  '><div class='av-share-box'><h5 class='av-share-link-description av-no-toc '>Partager<\/h5><ul class='av-share-box-list noLightbox'><li class='av-share-link av-social-link-facebook' ><a target=\"_blank\" aria-label=\"Partager sur Facebook\" href='https:\/\/www.facebook.com\/sharer.php?u=https:\/\/avalencia.com\/fr\/le-parc-naturel-de-lalbufera\/&#038;t=Le%20Parc%20Naturel%20de%20l%E2%80%99Albufera%20de%20Valencia' aria-hidden='false' data-av_icon='\ue8f3' data-av_iconfont='entypo-fontello' title='' data-avia-related-tooltip='Partager sur Facebook' rel=\"noopener\"><span class='avia_hidden_link_text'>Partager sur Facebook<\/span><\/a><\/li><li class='av-share-link av-social-link-twitter' ><a target=\"_blank\" aria-label=\"Partager sur Twitter\" href='https:\/\/twitter.com\/share?text=Le%20Parc%20Naturel%20de%20l%E2%80%99Albufera%20de%20Valencia&#038;url=https:\/\/avalencia.com\/fr\/?p=5757' aria-hidden='false' data-av_icon='\ue8f1' data-av_iconfont='entypo-fontello' title='' data-avia-related-tooltip='Partager sur Twitter' rel=\"noopener\"><span class='avia_hidden_link_text'>Partager sur Twitter<\/span><\/a><\/li><li class='av-share-link av-social-link-pinterest' ><a target=\"_blank\" aria-label=\"Partager sur Pinterest\" href='https:\/\/pinterest.com\/pin\/create\/button\/?url=https%3A%2F%2Favalencia.com%2Ffr%2Fle-parc-naturel-de-lalbufera%2F&#038;description=Le%20Parc%20Naturel%20de%20l%E2%80%99Albufera%20de%20Valencia&#038;media=https%3A%2F%2Favalencia.com%2Fwp-content%2Fuploads%2F2022%2F07%2FDestacada-Albufera.423-1-705x246.webp' aria-hidden='false' data-av_icon='\ue8f8' data-av_iconfont='entypo-fontello' title='' data-avia-related-tooltip='Partager sur Pinterest' rel=\"noopener\"><span class='avia_hidden_link_text'>Partager sur Pinterest<\/span><\/a><\/li><li class='av-share-link av-social-link-linkedin' ><a target=\"_blank\" aria-label=\"Partager sur LinkedIn\" href='https:\/\/linkedin.com\/shareArticle?mini=true&#038;title=Le%20Parc%20Naturel%20de%20l%E2%80%99Albufera%20de%20Valencia&#038;url=https:\/\/avalencia.com\/fr\/le-parc-naturel-de-lalbufera\/' aria-hidden='false' data-av_icon='\ue8fc' data-av_iconfont='entypo-fontello' title='' data-avia-related-tooltip='Partager sur LinkedIn' rel=\"noopener\"><span class='avia_hidden_link_text'>Partager sur LinkedIn<\/span><\/a><\/li><li class='av-share-link av-social-link-mail' ><a  aria-label=\"Partager par Mail\" href='mailto:?subject=Le%20Parc%20Naturel%20de%20l%E2%80%99Albufera%20de%20Valencia&#038;body=https:\/\/avalencia.com\/fr\/le-parc-naturel-de-lalbufera\/' aria-hidden='false' data-av_icon='\ue805' data-av_iconfont='entypo-fontello' title='' data-avia-related-tooltip='Partager par Mail'><span class='avia_hidden_link_text'>Partager par Mail<\/span><\/a><\/li><\/ul><\/div><\/div>\n\n\n\n<p><\/p>\n","protected":false},"excerpt":{"rendered":"<p>Albufera de Valence<\/p>\n","protected":false},"author":3,"featured_media":16020,"parent":0,"menu_order":0,"comment_status":"closed","ping_status":"closed","template":"","meta":{"footnotes":""},"class_list":["post-5757","page","type-page","status-publish","has-post-thumbnail","hentry"],"yoast_head":"<!-- This site is optimized with the Yoast SEO plugin v26.8 - https:\/\/yoast.com\/product\/yoast-seo-wordpress\/ -->\n<title>Le Parc Naturel de l&#039;Albufera de Valencia - AVALENCIA<\/title>\n<meta name=\"description\" content=\"Visite essentielle: Le Parc Naturel de l&#039;Albufera de Valencia, un paradis des oiseaux migrateurs, emprunter les barques, faire la route botanique...\" \/>\n<meta name=\"robots\" content=\"index, follow, max-snippet:-1, max-image-preview:large, max-video-preview:-1\" \/>\n<link rel=\"canonical\" href=\"https:\/\/avalencia.com\/fr\/le-parc-naturel-de-lalbufera\/\" \/>\n<meta property=\"og:locale\" content=\"fr_FR\" \/>\n<meta property=\"og:type\" content=\"article\" \/>\n<meta property=\"og:title\" content=\"Le Parc Naturel de l&#039;Albufera de Valencia - AVALENCIA\" \/>\n<meta property=\"og:description\" content=\"Visite essentielle: Le Parc Naturel de l&#039;Albufera de Valencia, un paradis des oiseaux migrateurs, emprunter les barques, faire la route botanique...\" \/>\n<meta property=\"og:url\" content=\"https:\/\/avalencia.com\/fr\/le-parc-naturel-de-lalbufera\/\" \/>\n<meta property=\"og:site_name\" content=\"AVALENCIA\" \/>\n<meta property=\"article:publisher\" content=\"https:\/\/www.facebook.com\/angela.marisoler\" \/>\n<meta property=\"article:modified_time\" content=\"2022-09-01T10:11:31+00:00\" \/>\n<meta property=\"og:image\" content=\"https:\/\/avalencia.com\/wp-content\/uploads\/2022\/07\/Destacada-Albufera.423-1.webp\" \/>\n\t<meta property=\"og:image:width\" content=\"1210\" \/>\n\t<meta property=\"og:image:height\" content=\"423\" \/>\n\t<meta property=\"og:image:type\" content=\"image\/webp\" \/>\n<meta name=\"twitter:card\" content=\"summary_large_image\" \/>\n<meta name=\"twitter:site\" content=\"@angelamari400\" \/>\n<meta name=\"twitter:label1\" content=\"Est. reading time\" \/>\n\t<meta name=\"twitter:data1\" content=\"3 minutes\" \/>\n<script type=\"application\/ld+json\" class=\"yoast-schema-graph\">{\"@context\":\"https:\/\/schema.org\",\"@graph\":[{\"@type\":\"WebPage\",\"@id\":\"https:\/\/avalencia.com\/fr\/le-parc-naturel-de-lalbufera\/\",\"url\":\"https:\/\/avalencia.com\/fr\/le-parc-naturel-de-lalbufera\/\",\"name\":\"Le Parc Naturel de l'Albufera de Valencia - AVALENCIA\",\"isPartOf\":{\"@id\":\"https:\/\/avalencia.com\/fr\/#website\"},\"primaryImageOfPage\":{\"@id\":\"https:\/\/avalencia.com\/fr\/le-parc-naturel-de-lalbufera\/#primaryimage\"},\"image\":{\"@id\":\"https:\/\/avalencia.com\/fr\/le-parc-naturel-de-lalbufera\/#primaryimage\"},\"thumbnailUrl\":\"https:\/\/avalencia.com\/wp-content\/uploads\/2022\/07\/Destacada-Albufera.423-1.webp\",\"datePublished\":\"2018-03-31T18:40:49+00:00\",\"dateModified\":\"2022-09-01T10:11:31+00:00\",\"description\":\"Visite essentielle: Le Parc Naturel de l'Albufera de Valencia, un paradis des oiseaux migrateurs, emprunter les barques, faire la route botanique...\",\"breadcrumb\":{\"@id\":\"https:\/\/avalencia.com\/fr\/le-parc-naturel-de-lalbufera\/#breadcrumb\"},\"inLanguage\":\"fr-FR\",\"potentialAction\":[{\"@type\":\"ReadAction\",\"target\":[\"https:\/\/avalencia.com\/fr\/le-parc-naturel-de-lalbufera\/\"]}]},{\"@type\":\"ImageObject\",\"inLanguage\":\"fr-FR\",\"@id\":\"https:\/\/avalencia.com\/fr\/le-parc-naturel-de-lalbufera\/#primaryimage\",\"url\":\"https:\/\/avalencia.com\/wp-content\/uploads\/2022\/07\/Destacada-Albufera.423-1.webp\",\"contentUrl\":\"https:\/\/avalencia.com\/wp-content\/uploads\/2022\/07\/Destacada-Albufera.423-1.webp\",\"width\":1210,\"height\":423},{\"@type\":\"BreadcrumbList\",\"@id\":\"https:\/\/avalencia.com\/fr\/le-parc-naturel-de-lalbufera\/#breadcrumb\",\"itemListElement\":[{\"@type\":\"ListItem\",\"position\":1,\"name\":\"Portada\",\"item\":\"https:\/\/avalencia.com\/fr\/\"},{\"@type\":\"ListItem\",\"position\":2,\"name\":\"Le Parc Naturel de l&#8217;Albufera de Valencia\"}]},{\"@type\":\"WebSite\",\"@id\":\"https:\/\/avalencia.com\/fr\/#website\",\"url\":\"https:\/\/avalencia.com\/fr\/\",\"name\":\"AVALENCIA\",\"description\":\"Visitas culturales por Valencia y alrededores\",\"publisher\":{\"@id\":\"https:\/\/avalencia.com\/fr\/#organization\"},\"potentialAction\":[{\"@type\":\"SearchAction\",\"target\":{\"@type\":\"EntryPoint\",\"urlTemplate\":\"https:\/\/avalencia.com\/fr\/?s={search_term_string}\"},\"query-input\":{\"@type\":\"PropertyValueSpecification\",\"valueRequired\":true,\"valueName\":\"search_term_string\"}}],\"inLanguage\":\"fr-FR\"},{\"@type\":\"Organization\",\"@id\":\"https:\/\/avalencia.com\/fr\/#organization\",\"name\":\"Gu\u00eda Valencia\",\"url\":\"https:\/\/avalencia.com\/fr\/\",\"logo\":{\"@type\":\"ImageObject\",\"inLanguage\":\"fr-FR\",\"@id\":\"https:\/\/avalencia.com\/fr\/#\/schema\/logo\/image\/\",\"url\":\"\",\"contentUrl\":\"\",\"caption\":\"Gu\u00eda Valencia\"},\"image\":{\"@id\":\"https:\/\/avalencia.com\/fr\/#\/schema\/logo\/image\/\"},\"sameAs\":[\"https:\/\/www.facebook.com\/angela.marisoler\",\"https:\/\/x.com\/angelamari400\",\"https:\/\/www.instagram.com\/angelamarisoler\/\",\"https:\/\/www.linkedin.com\/feed\/?trk=guest_homepage-basic_sign-in-submit\",\"https:\/\/www.youtube.com\/channel\/UC4bWyTV2CWI65Qf0r1pjuXg?view_as=subscriber\"]}]}<\/script>\n<!-- \/ Yoast SEO plugin. -->","yoast_head_json":{"title":"Le Parc Naturel de l'Albufera de Valencia - AVALENCIA","description":"Visite essentielle: Le Parc Naturel de l'Albufera de Valencia, un paradis des oiseaux migrateurs, emprunter les barques, faire la route botanique...","robots":{"index":"index","follow":"follow","max-snippet":"max-snippet:-1","max-image-preview":"max-image-preview:large","max-video-preview":"max-video-preview:-1"},"canonical":"https:\/\/avalencia.com\/fr\/le-parc-naturel-de-lalbufera\/","og_locale":"fr_FR","og_type":"article","og_title":"Le Parc Naturel de l'Albufera de Valencia - AVALENCIA","og_description":"Visite essentielle: Le Parc Naturel de l'Albufera de Valencia, un paradis des oiseaux migrateurs, emprunter les barques, faire la route botanique...","og_url":"https:\/\/avalencia.com\/fr\/le-parc-naturel-de-lalbufera\/","og_site_name":"AVALENCIA","article_publisher":"https:\/\/www.facebook.com\/angela.marisoler","article_modified_time":"2022-09-01T10:11:31+00:00","og_image":[{"width":1210,"height":423,"url":"https:\/\/avalencia.com\/wp-content\/uploads\/2022\/07\/Destacada-Albufera.423-1.webp","type":"image\/webp"}],"twitter_card":"summary_large_image","twitter_site":"@angelamari400","twitter_misc":{"Est. reading time":"3 minutes"},"schema":{"@context":"https:\/\/schema.org","@graph":[{"@type":"WebPage","@id":"https:\/\/avalencia.com\/fr\/le-parc-naturel-de-lalbufera\/","url":"https:\/\/avalencia.com\/fr\/le-parc-naturel-de-lalbufera\/","name":"Le Parc Naturel de l'Albufera de Valencia - AVALENCIA","isPartOf":{"@id":"https:\/\/avalencia.com\/fr\/#website"},"primaryImageOfPage":{"@id":"https:\/\/avalencia.com\/fr\/le-parc-naturel-de-lalbufera\/#primaryimage"},"image":{"@id":"https:\/\/avalencia.com\/fr\/le-parc-naturel-de-lalbufera\/#primaryimage"},"thumbnailUrl":"https:\/\/avalencia.com\/wp-content\/uploads\/2022\/07\/Destacada-Albufera.423-1.webp","datePublished":"2018-03-31T18:40:49+00:00","dateModified":"2022-09-01T10:11:31+00:00","description":"Visite essentielle: Le Parc Naturel de l'Albufera de Valencia, un paradis des oiseaux migrateurs, emprunter les barques, faire la route botanique...","breadcrumb":{"@id":"https:\/\/avalencia.com\/fr\/le-parc-naturel-de-lalbufera\/#breadcrumb"},"inLanguage":"fr-FR","potentialAction":[{"@type":"ReadAction","target":["https:\/\/avalencia.com\/fr\/le-parc-naturel-de-lalbufera\/"]}]},{"@type":"ImageObject","inLanguage":"fr-FR","@id":"https:\/\/avalencia.com\/fr\/le-parc-naturel-de-lalbufera\/#primaryimage","url":"https:\/\/avalencia.com\/wp-content\/uploads\/2022\/07\/Destacada-Albufera.423-1.webp","contentUrl":"https:\/\/avalencia.com\/wp-content\/uploads\/2022\/07\/Destacada-Albufera.423-1.webp","width":1210,"height":423},{"@type":"BreadcrumbList","@id":"https:\/\/avalencia.com\/fr\/le-parc-naturel-de-lalbufera\/#breadcrumb","itemListElement":[{"@type":"ListItem","position":1,"name":"Portada","item":"https:\/\/avalencia.com\/fr\/"},{"@type":"ListItem","position":2,"name":"Le Parc Naturel de l&#8217;Albufera de Valencia"}]},{"@type":"WebSite","@id":"https:\/\/avalencia.com\/fr\/#website","url":"https:\/\/avalencia.com\/fr\/","name":"AVALENCIA","description":"Visitas culturales por Valencia y alrededores","publisher":{"@id":"https:\/\/avalencia.com\/fr\/#organization"},"potentialAction":[{"@type":"SearchAction","target":{"@type":"EntryPoint","urlTemplate":"https:\/\/avalencia.com\/fr\/?s={search_term_string}"},"query-input":{"@type":"PropertyValueSpecification","valueRequired":true,"valueName":"search_term_string"}}],"inLanguage":"fr-FR"},{"@type":"Organization","@id":"https:\/\/avalencia.com\/fr\/#organization","name":"Gu\u00eda Valencia","url":"https:\/\/avalencia.com\/fr\/","logo":{"@type":"ImageObject","inLanguage":"fr-FR","@id":"https:\/\/avalencia.com\/fr\/#\/schema\/logo\/image\/","url":"","contentUrl":"","caption":"Gu\u00eda Valencia"},"image":{"@id":"https:\/\/avalencia.com\/fr\/#\/schema\/logo\/image\/"},"sameAs":["https:\/\/www.facebook.com\/angela.marisoler","https:\/\/x.com\/angelamari400","https:\/\/www.instagram.com\/angelamarisoler\/","https:\/\/www.linkedin.com\/feed\/?trk=guest_homepage-basic_sign-in-submit","https:\/\/www.youtube.com\/channel\/UC4bWyTV2CWI65Qf0r1pjuXg?view_as=subscriber"]}]}},"featured_image_src":"https:\/\/avalencia.com\/wp-content\/uploads\/2022\/07\/Destacada-Albufera.423-1-600x400.webp","featured_image_src_square":"https:\/\/avalencia.com\/wp-content\/uploads\/2022\/07\/Destacada-Albufera.423-1-600x423.webp","_links":{"self":[{"href":"https:\/\/avalencia.com\/fr\/wp-json\/wp\/v2\/pages\/5757","targetHints":{"allow":["GET"]}}],"collection":[{"href":"https:\/\/avalencia.com\/fr\/wp-json\/wp\/v2\/pages"}],"about":[{"href":"https:\/\/avalencia.com\/fr\/wp-json\/wp\/v2\/types\/page"}],"author":[{"embeddable":true,"href":"https:\/\/avalencia.com\/fr\/wp-json\/wp\/v2\/users\/3"}],"replies":[{"embeddable":true,"href":"https:\/\/avalencia.com\/fr\/wp-json\/wp\/v2\/comments?post=5757"}],"version-history":[{"count":0,"href":"https:\/\/avalencia.com\/fr\/wp-json\/wp\/v2\/pages\/5757\/revisions"}],"wp:featuredmedia":[{"embeddable":true,"href":"https:\/\/avalencia.com\/fr\/wp-json\/wp\/v2\/media\/16020"}],"wp:attachment":[{"href":"https:\/\/avalencia.com\/fr\/wp-json\/wp\/v2\/media?parent=5757"}],"curies":[{"name":"wp","href":"https:\/\/api.w.org\/{rel}","templated":true}]}}