{"id":5777,"date":"2018-03-31T18:52:03","date_gmt":"2018-03-31T18:52:03","guid":{"rendered":"https:\/\/avalencia.com\/monastere-de-puig\/"},"modified":"2022-08-04T17:17:02","modified_gmt":"2022-08-04T17:17:02","slug":"monastere-du-puig-valencia","status":"publish","type":"page","link":"https:\/\/avalencia.com\/fr\/monastere-du-puig-valencia\/","title":{"rendered":"Monast\u00e8re du Puig"},"content":{"rendered":"\n<p>Le Monast\u00e8re du Puig \/ Valencia<\/p>\n\n\n\n<h3 class=\"wp-block-heading\">Le Monast\u00e8re du Puig se trouve dans la ville qui porte son nom \u00e0 seulement 12 kms au nord de Valencia.<\/h3>\n\n\n\n<p><\/p>\n\n\n\n<h4 class=\"wp-block-heading\"><strong>L\u2019histoire \u2013 Le couvent \u2013 Le sanctuaire<\/strong><\/h4>\n\n\n\n<p>Ce monast\u00e8re tient son origine de la d\u00e9couverte, sur la cime de la colline, (\u00ab Puig \u00bb en valencien signifie \u00ab \u00e9lev\u00e9 \u00bb) d\u2019une sculpture de la Vierge Marie.  Saint Pierre Nolasque, fondateur de l\u2019Ordre de la Merced, en 1237, l&#8217;a trouv\u00e9 sous une cloche ; tandis que les troupes de Jacques Ier se pr\u00e9paraient pour la conqu\u00eate de Valence.<\/p>\n\n\n\n<p>Cette structure est conserv\u00e9e dans la chapelle majeure du sanctuaire o\u00f9 l\u2019on peut la v\u00e9n\u00e9rer. <\/p>\n\n\n\n<p>Jacques Ier le Conqu\u00e9rant consid\u00e9ra la protection de la Vierge comme une cause d\u00e9terminante et efficace pour la conqu\u00eate du Royaume de Valence.<\/p>\n\n\n\n<p>Il proclama cette Vierge del Puig Patronne du royaume conquis. Il \u00e9rigea le premier temple d\u00e9di\u00e9 \u00e0 Dame C\u00e9lestielle des Terres Conquises et il souhait\u00e1 que les merc\u00e9daires religieux fussent les gardiens perp\u00e9tuels du sanctuaire.<\/p>\n\n\n\n<div class=\"wp-block-group\"><div class=\"wp-block-group__inner-container is-layout-flow wp-block-group-is-layout-flow\">\n<div class=\"wp-block-columns is-layout-flex wp-container-core-columns-is-layout-1 wp-block-columns-is-layout-flex\">\n<div class=\"wp-block-column is-layout-flow wp-block-column-is-layout-flow\" style=\"flex-basis:100%\">\n<div class=\"wp-block-group\"><div class=\"wp-block-group__inner-container is-layout-flow wp-block-group-is-layout-flow\"><span class=\"collapseomatic \" id=\"id69e7a20a6cb5f\"  tabindex=\"0\" title=\"lire plus...\"    >lire plus...<\/span><div id=\"target-id69e7a20a6cb5f\" class=\"collapseomatic_content \">\n<p><strong>Le monast\u00e8re comprend 2 \u00e9l\u00e9ments architectoniques diff\u00e9rents<\/strong>:<\/p>\n<p>l<strong>e couvent proprement<\/strong> dit (la r\u00e9sidence des religieuses) et <strong>le sanctuaire<\/strong> de la patronne de Valence, ces deux \u00e9l\u00e9ments constituent une grande construction rectangulaire flanqu\u00e9e de 4 immenses tours qui se distinguent sur la plaine fertile verdoyante et sur les \u00e9difices urbains qui l\u2019entourent.<\/p>\n<p>De nombreuses personnes se rendaient sans cesse au Sanctuaire de Santa Mar\u00eda del Puig en p\u00e8lerinages fervents. Les rois Jacques Ier, Alphonse X El Sabio, Pedro III El Grande, Pedro el Cruel, Felipe III et notre roi \u00e9m\u00e9rite D. Juan Carlos et D\u00aa Sof\u00eda ont rendu hommage \u00e0 Santa Mar\u00eda del Puig.<\/p>\n<p>Devant la sculpture de Santa Mar\u00eda del Puig, les papes B\u00e9n\u00e9dicte XIII, Calixte III et Alexandre VI ainsi que les archev\u00eaques Santo Tom\u00e1s de Villanueva, San Juan de Ribera et les autres pr\u00e9lats valenciens, sans exception jusqu\u2019\u00e0 nos jours se quitt\u00e8rent leur tiare.<\/p>\n<p>Le couvent actuel de plan et style escurialense (style particulier de l\u2019Escorial) fut initi\u00e9 avec la b\u00e9n\u00e9diction de San Juan de Ribera en 1588, jour de la pose de la premi\u00e8re pierre, sur la grande tour sud-est. Son architecte et premier ma\u00eetre d\u2019\u0153uvre fut Ant\u00f3n Dexado de la Cossa.<\/p>\n<\/div>\n\n\n\n<p><\/p>\n<\/div><\/div>\n<\/div>\n<\/div>\n<\/div><\/div>\n\n\n\n<p><\/p>\n\n\n\n<h4 class=\"wp-block-heading\"><strong>Pendant la visite, nous pourrons parcourir les 2 clo\u00eetres :<\/strong><\/h4>\n\n\n\n<p>&#8211; <strong>Le premier<\/strong> contient <strong>le R\u00e9fectoire de la Communaut\u00e9 et surtout le Salon gothique<\/strong> en plus des 4 ailes dans lesquelles se trouvent plusieurs tableaux de Jos\u00e9 Vergara (XVIIIe s.); au centre des 4 ailes du clo\u00eetre on peut acc\u00e9der \u00e0 la cour centrale.<br>&#8211; <strong>Dans le deuxi\u00e8me<\/strong> on peut admirer aussi des tableaux de divers auteurs et th\u00e8mes: Vergara, Espinosa, etc. De plus, il y a <strong>le Salon Royal<\/strong>, <strong>le Salon de l\u2019Ordre des Chevaliers du Puig<\/strong>, diverses vitrines avec des ornements et des images anciennes, etc. D\u2019ici on peut acc\u00e9der \u00e0 l\u2019\u00e9glise.<\/p>\n\n\n\n<h4 class=\"wp-block-heading\"><strong>Le sanctuaire<\/strong><\/h4>\n\n\n\n<p>La construction de l\u2019\u00e9glise actuelle fut commenc\u00e9e par l\u2019Amiral D. Roger de Lauria.<\/p>\n\n\n\n<p>En 1300 continu\u00e9e par son \u00e9pouse D\u00aa Saurina de Entenza et c&#8217;\u00e9tait enfin termin\u00e9e \u00e0 la moiti\u00e9 du XIVe si\u00e8cle par leur fille D\u00aa Margarita de Lauria y Entenza.<\/p>\n\n\n<div class=\"wp-block-image\">\n<figure class=\"aligncenter size-full\"><img decoding=\"async\" width=\"680\" height=\"680\" src=\"https:\/\/avalencia.com\/wp-content\/uploads\/2022\/08\/GL1-01-Elpuig-1.webp\" alt=\"\" class=\"wp-image-16619\" srcset=\"https:\/\/avalencia.com\/wp-content\/uploads\/2022\/08\/GL1-01-Elpuig-1.webp 680w, https:\/\/avalencia.com\/wp-content\/uploads\/2022\/08\/GL1-01-Elpuig-1-300x300.webp 300w, https:\/\/avalencia.com\/wp-content\/uploads\/2022\/08\/GL1-01-Elpuig-1-120x120.webp 120w, https:\/\/avalencia.com\/wp-content\/uploads\/2022\/08\/GL1-01-Elpuig-1-36x36.webp 36w, https:\/\/avalencia.com\/wp-content\/uploads\/2022\/08\/GL1-01-Elpuig-1-180x180.webp 180w, https:\/\/avalencia.com\/wp-content\/uploads\/2022\/08\/GL1-01-Elpuig-1-600x600.webp 600w\" sizes=\"(max-width: 680px) 100vw, 680px\" \/><\/figure><\/div>\n\n\n<h5 class=\"wp-block-heading\">L&#8217;\u00e9glise est rectangulaire avec trois nefs et des vo\u00fbtes en crois\u00e9e d\u2019ogives soutenues par des pilastres. <\/h5>\n\n\n\n<p>L\u2019enceinte mesure 26,40 m sur 16 m (sans compter la profondeur des chapelles lat\u00e9rales). Elle est pr\u00e9sid\u00e9e par le ma\u00eetre autel, l\u2019abside carr\u00e9e, dans le style des temples visigoths.<\/p>\n\n\n\n<p>Avant l\u2019\u00e9glise que l\u2019on conna\u00eet actuellement, il y avait une \u00e9glise d\u2019une seule nef construite par l\u2019Ordre de Jacques Ier le Conqu\u00e9rant en 1238. Puis elle fu c\u00e9d\u00e9e par le roi \u00e0 l\u2019Ordre de la Merced en 1240 et de laquelle on ne conserve que l\u2019extraordinaire fa\u00e7ade qui fut d\u00e9plac\u00e9e de son endroit d\u2019origine \u00e0 l\u2019endroit o\u00f9 elle se trouve actuellement.<\/p>\n\n\n\n<h4 class=\"wp-block-heading\">La niche de la Vierge<\/h4>\n\n\n\n<p>Elle se trouve derri\u00e8re le ma\u00eetre autel, sur sa coupole, les pendentifs et les murs Jos\u00e9 Vergara a peint ce que la tradition nous raconte de la sculpture de Santa Mar\u00eda del Puig:<\/p>\n\n\n\n<p>Que les anges sont ceux qui l\u2019ont construite \u00e0 partir d\u2019une pierre du s\u00e9pulcre de Mar\u00eda.<\/p>\n\n\n\n<p>Qu\u2019ils l\u2019ont amen\u00e9 au Puig, qu\u2019elle \u00e9tait v\u00e9n\u00e9r\u00e9e ici par les ap\u00f4tres et les moines.<\/p>\n\n\n\n<p>Qu\u2019elle fut enterr\u00e9e sous une cloche pendant l\u2019invasion musulmane, et qu\u2019elle fut ensuite trouv\u00e9e. <\/p>\n\n\n\n<p>Et  que le roi Jacques Ier d\u00e9posa les cl\u00e9s de la ville de Valence aux pieds de la Dame C\u00e9lestielle apr\u00e8s les avoir obtenues par le Roi maure Zeyan.<\/p>\n\n\n\n<h4 class=\"wp-block-heading\">Ici, on peut visiter aussi:<\/h4>\n\n\n\n<p> <a href=\"http:\/\/www.encajabaja.com\/2012\/01\/el-museo-de-la-imprenta-de-el-puig.html\" target=\"_blank\" rel=\"noopener noreferrer\"><strong>Le Mus\u00e9e de l\u2019Imprimerie<\/strong><\/a>, inaugur\u00e9 en 1985 et restaur\u00e9 et agrandi entre 2007 et 2008. <\/p>\n\n\n\n<p>Ce fut le premier Mus\u00e9e d\u2019Imprimerie d\u2019Espagne (selon les responsables) et le deuxi\u00e8me plus important en Europe apr\u00e8s celui de Mayence.<\/p>\n\n\n\n<p>Pour tout renseignement compl\u00e9menter et pour les tarifs:<\/p>\n\n\n\n<div class=\"wp-block-buttons is-layout-flex wp-block-buttons-is-layout-flex\">\n<div class=\"wp-block-button\"><a class=\"wp-block-button__link\" href=\"https:\/\/avalencia.com\/fr\/guide-officiel-de-valence\/\" target=\"_blank\" rel=\"noreferrer noopener\">veuillez me contacter<\/a><\/div>\n<\/div>\n\n\n\n<p><\/p>\n\n\n<div  class='av-social-sharing-box  avia-builder-el-0  avia-builder-el-no-sibling  '><div class='av-share-box'><h5 class='av-share-link-description av-no-toc '>Comparte<\/h5><ul class='av-share-box-list noLightbox'><li class='av-share-link av-social-link-facebook' ><a target=\"_blank\" aria-label=\"Partager sur Facebook\" href='https:\/\/www.facebook.com\/sharer.php?u=https:\/\/avalencia.com\/fr\/monastere-du-puig-valencia\/&#038;t=Monast%C3%A8re%20du%20Puig' aria-hidden='false' data-av_icon='\ue8f3' data-av_iconfont='entypo-fontello' title='' data-avia-related-tooltip='Partager sur Facebook' rel=\"noopener\"><span class='avia_hidden_link_text'>Partager sur Facebook<\/span><\/a><\/li><li class='av-share-link av-social-link-twitter' ><a target=\"_blank\" aria-label=\"Partager sur Twitter\" href='https:\/\/twitter.com\/share?text=Monast%C3%A8re%20du%20Puig&#038;url=https:\/\/avalencia.com\/fr\/?p=5777' aria-hidden='false' data-av_icon='\ue8f1' data-av_iconfont='entypo-fontello' title='' data-avia-related-tooltip='Partager sur Twitter' rel=\"noopener\"><span class='avia_hidden_link_text'>Partager sur Twitter<\/span><\/a><\/li><li class='av-share-link av-social-link-pinterest' ><a target=\"_blank\" aria-label=\"Partager sur Pinterest\" href='https:\/\/pinterest.com\/pin\/create\/button\/?url=https%3A%2F%2Favalencia.com%2Ffr%2Fmonastere-du-puig-valencia%2F&#038;description=Monast%C3%A8re%20du%20Puig&#038;media=https%3A%2F%2Favalencia.com%2Fwp-content%2Fuploads%2F2022%2F08%2FDestacada-el-Puig-705x418.webp' aria-hidden='false' data-av_icon='\ue8f8' data-av_iconfont='entypo-fontello' title='' data-avia-related-tooltip='Partager sur Pinterest' rel=\"noopener\"><span class='avia_hidden_link_text'>Partager sur Pinterest<\/span><\/a><\/li><li class='av-share-link av-social-link-linkedin' ><a target=\"_blank\" aria-label=\"Partager sur LinkedIn\" href='https:\/\/linkedin.com\/shareArticle?mini=true&#038;title=Monast%C3%A8re%20du%20Puig&#038;url=https:\/\/avalencia.com\/fr\/monastere-du-puig-valencia\/' aria-hidden='false' data-av_icon='\ue8fc' data-av_iconfont='entypo-fontello' title='' data-avia-related-tooltip='Partager sur LinkedIn' rel=\"noopener\"><span class='avia_hidden_link_text'>Partager sur LinkedIn<\/span><\/a><\/li><li class='av-share-link av-social-link-mail' ><a  aria-label=\"Partager par Mail\" href='mailto:?subject=Monast%C3%A8re%20du%20Puig&#038;body=https:\/\/avalencia.com\/fr\/monastere-du-puig-valencia\/' aria-hidden='false' data-av_icon='\ue805' data-av_iconfont='entypo-fontello' title='' data-avia-related-tooltip='Partager par Mail'><span class='avia_hidden_link_text'>Partager par Mail<\/span><\/a><\/li><\/ul><\/div><\/div>\n\n\n\n<p><\/p>\n","protected":false},"excerpt":{"rendered":"<p>Monast\u00e8re de Puig de Valencia<br \/>\nCe monast\u00e8re est structur\u00e9 en deux espaces diff\u00e9rents : le couvent et le sanctuaire de la Vierge<\/p>\n","protected":false},"author":3,"featured_media":16614,"parent":0,"menu_order":0,"comment_status":"closed","ping_status":"closed","template":"","meta":{"footnotes":""},"class_list":["post-5777","page","type-page","status-publish","has-post-thumbnail","hentry"],"yoast_head":"<!-- This site is optimized with the Yoast SEO plugin v26.8 - https:\/\/yoast.com\/product\/yoast-seo-wordpress\/ -->\n<title>Monast\u00e8re du Puig - AVALENCIA<\/title>\n<meta name=\"description\" content=\"Le Monast\u00e8re du Puig se trouve dans la ville qui porte son nom \u00e0 seulement 12 kms au nord de Valencia. D\u00e9couvrez ce monast\u00e8re, son histoire, ses chapelles et ses reliques un guide touristique officiel\" \/>\n<meta name=\"robots\" content=\"index, follow, max-snippet:-1, max-image-preview:large, max-video-preview:-1\" \/>\n<link rel=\"canonical\" href=\"https:\/\/avalencia.com\/fr\/monastere-du-puig-valencia\/\" \/>\n<meta property=\"og:locale\" content=\"fr_FR\" \/>\n<meta property=\"og:type\" content=\"article\" \/>\n<meta property=\"og:title\" content=\"Monast\u00e8re du Puig - AVALENCIA\" \/>\n<meta property=\"og:description\" content=\"Le Monast\u00e8re du Puig se trouve dans la ville qui porte son nom \u00e0 seulement 12 kms au nord de Valencia. D\u00e9couvrez ce monast\u00e8re, son histoire, ses chapelles et ses reliques un guide touristique officiel\" \/>\n<meta property=\"og:url\" content=\"https:\/\/avalencia.com\/fr\/monastere-du-puig-valencia\/\" \/>\n<meta property=\"og:site_name\" content=\"AVALENCIA\" \/>\n<meta property=\"article:publisher\" content=\"https:\/\/www.facebook.com\/angela.marisoler\" \/>\n<meta property=\"article:modified_time\" content=\"2022-08-04T17:17:02+00:00\" \/>\n<meta property=\"og:image\" content=\"https:\/\/avalencia.com\/wp-content\/uploads\/2022\/08\/Destacada-el-Puig.webp\" \/>\n\t<meta property=\"og:image:width\" content=\"1000\" \/>\n\t<meta property=\"og:image:height\" content=\"593\" \/>\n\t<meta property=\"og:image:type\" content=\"image\/webp\" \/>\n<meta name=\"twitter:card\" content=\"summary_large_image\" \/>\n<meta name=\"twitter:site\" content=\"@angelamari400\" \/>\n<meta name=\"twitter:label1\" content=\"Est. reading time\" \/>\n\t<meta name=\"twitter:data1\" content=\"4 minutes\" \/>\n<script type=\"application\/ld+json\" class=\"yoast-schema-graph\">{\"@context\":\"https:\/\/schema.org\",\"@graph\":[{\"@type\":\"WebPage\",\"@id\":\"https:\/\/avalencia.com\/fr\/monastere-du-puig-valencia\/\",\"url\":\"https:\/\/avalencia.com\/fr\/monastere-du-puig-valencia\/\",\"name\":\"Monast\u00e8re du Puig - AVALENCIA\",\"isPartOf\":{\"@id\":\"https:\/\/avalencia.com\/fr\/#website\"},\"primaryImageOfPage\":{\"@id\":\"https:\/\/avalencia.com\/fr\/monastere-du-puig-valencia\/#primaryimage\"},\"image\":{\"@id\":\"https:\/\/avalencia.com\/fr\/monastere-du-puig-valencia\/#primaryimage\"},\"thumbnailUrl\":\"https:\/\/avalencia.com\/wp-content\/uploads\/2022\/08\/Destacada-el-Puig.webp\",\"datePublished\":\"2018-03-31T18:52:03+00:00\",\"dateModified\":\"2022-08-04T17:17:02+00:00\",\"description\":\"Le Monast\u00e8re du Puig se trouve dans la ville qui porte son nom \u00e0 seulement 12 kms au nord de Valencia. D\u00e9couvrez ce monast\u00e8re, son histoire, ses chapelles et ses reliques un guide touristique officiel\",\"breadcrumb\":{\"@id\":\"https:\/\/avalencia.com\/fr\/monastere-du-puig-valencia\/#breadcrumb\"},\"inLanguage\":\"fr-FR\",\"potentialAction\":[{\"@type\":\"ReadAction\",\"target\":[\"https:\/\/avalencia.com\/fr\/monastere-du-puig-valencia\/\"]}]},{\"@type\":\"ImageObject\",\"inLanguage\":\"fr-FR\",\"@id\":\"https:\/\/avalencia.com\/fr\/monastere-du-puig-valencia\/#primaryimage\",\"url\":\"https:\/\/avalencia.com\/wp-content\/uploads\/2022\/08\/Destacada-el-Puig.webp\",\"contentUrl\":\"https:\/\/avalencia.com\/wp-content\/uploads\/2022\/08\/Destacada-el-Puig.webp\",\"width\":1000,\"height\":593,\"caption\":\"Iglesia de Santa Mar\u00eda del Puig\"},{\"@type\":\"BreadcrumbList\",\"@id\":\"https:\/\/avalencia.com\/fr\/monastere-du-puig-valencia\/#breadcrumb\",\"itemListElement\":[{\"@type\":\"ListItem\",\"position\":1,\"name\":\"Portada\",\"item\":\"https:\/\/avalencia.com\/fr\/\"},{\"@type\":\"ListItem\",\"position\":2,\"name\":\"Monast\u00e8re du Puig\"}]},{\"@type\":\"WebSite\",\"@id\":\"https:\/\/avalencia.com\/fr\/#website\",\"url\":\"https:\/\/avalencia.com\/fr\/\",\"name\":\"AVALENCIA\",\"description\":\"Visitas culturales por Valencia y alrededores\",\"publisher\":{\"@id\":\"https:\/\/avalencia.com\/fr\/#organization\"},\"potentialAction\":[{\"@type\":\"SearchAction\",\"target\":{\"@type\":\"EntryPoint\",\"urlTemplate\":\"https:\/\/avalencia.com\/fr\/?s={search_term_string}\"},\"query-input\":{\"@type\":\"PropertyValueSpecification\",\"valueRequired\":true,\"valueName\":\"search_term_string\"}}],\"inLanguage\":\"fr-FR\"},{\"@type\":\"Organization\",\"@id\":\"https:\/\/avalencia.com\/fr\/#organization\",\"name\":\"Gu\u00eda Valencia\",\"url\":\"https:\/\/avalencia.com\/fr\/\",\"logo\":{\"@type\":\"ImageObject\",\"inLanguage\":\"fr-FR\",\"@id\":\"https:\/\/avalencia.com\/fr\/#\/schema\/logo\/image\/\",\"url\":\"\",\"contentUrl\":\"\",\"caption\":\"Gu\u00eda Valencia\"},\"image\":{\"@id\":\"https:\/\/avalencia.com\/fr\/#\/schema\/logo\/image\/\"},\"sameAs\":[\"https:\/\/www.facebook.com\/angela.marisoler\",\"https:\/\/x.com\/angelamari400\",\"https:\/\/www.instagram.com\/angelamarisoler\/\",\"https:\/\/www.linkedin.com\/feed\/?trk=guest_homepage-basic_sign-in-submit\",\"https:\/\/www.youtube.com\/channel\/UC4bWyTV2CWI65Qf0r1pjuXg?view_as=subscriber\"]}]}<\/script>\n<!-- \/ Yoast SEO plugin. -->","yoast_head_json":{"title":"Monast\u00e8re du Puig - AVALENCIA","description":"Le Monast\u00e8re du Puig se trouve dans la ville qui porte son nom \u00e0 seulement 12 kms au nord de Valencia. D\u00e9couvrez ce monast\u00e8re, son histoire, ses chapelles et ses reliques un guide touristique officiel","robots":{"index":"index","follow":"follow","max-snippet":"max-snippet:-1","max-image-preview":"max-image-preview:large","max-video-preview":"max-video-preview:-1"},"canonical":"https:\/\/avalencia.com\/fr\/monastere-du-puig-valencia\/","og_locale":"fr_FR","og_type":"article","og_title":"Monast\u00e8re du Puig - AVALENCIA","og_description":"Le Monast\u00e8re du Puig se trouve dans la ville qui porte son nom \u00e0 seulement 12 kms au nord de Valencia. D\u00e9couvrez ce monast\u00e8re, son histoire, ses chapelles et ses reliques un guide touristique officiel","og_url":"https:\/\/avalencia.com\/fr\/monastere-du-puig-valencia\/","og_site_name":"AVALENCIA","article_publisher":"https:\/\/www.facebook.com\/angela.marisoler","article_modified_time":"2022-08-04T17:17:02+00:00","og_image":[{"width":1000,"height":593,"url":"https:\/\/avalencia.com\/wp-content\/uploads\/2022\/08\/Destacada-el-Puig.webp","type":"image\/webp"}],"twitter_card":"summary_large_image","twitter_site":"@angelamari400","twitter_misc":{"Est. reading time":"4 minutes"},"schema":{"@context":"https:\/\/schema.org","@graph":[{"@type":"WebPage","@id":"https:\/\/avalencia.com\/fr\/monastere-du-puig-valencia\/","url":"https:\/\/avalencia.com\/fr\/monastere-du-puig-valencia\/","name":"Monast\u00e8re du Puig - AVALENCIA","isPartOf":{"@id":"https:\/\/avalencia.com\/fr\/#website"},"primaryImageOfPage":{"@id":"https:\/\/avalencia.com\/fr\/monastere-du-puig-valencia\/#primaryimage"},"image":{"@id":"https:\/\/avalencia.com\/fr\/monastere-du-puig-valencia\/#primaryimage"},"thumbnailUrl":"https:\/\/avalencia.com\/wp-content\/uploads\/2022\/08\/Destacada-el-Puig.webp","datePublished":"2018-03-31T18:52:03+00:00","dateModified":"2022-08-04T17:17:02+00:00","description":"Le Monast\u00e8re du Puig se trouve dans la ville qui porte son nom \u00e0 seulement 12 kms au nord de Valencia. D\u00e9couvrez ce monast\u00e8re, son histoire, ses chapelles et ses reliques un guide touristique officiel","breadcrumb":{"@id":"https:\/\/avalencia.com\/fr\/monastere-du-puig-valencia\/#breadcrumb"},"inLanguage":"fr-FR","potentialAction":[{"@type":"ReadAction","target":["https:\/\/avalencia.com\/fr\/monastere-du-puig-valencia\/"]}]},{"@type":"ImageObject","inLanguage":"fr-FR","@id":"https:\/\/avalencia.com\/fr\/monastere-du-puig-valencia\/#primaryimage","url":"https:\/\/avalencia.com\/wp-content\/uploads\/2022\/08\/Destacada-el-Puig.webp","contentUrl":"https:\/\/avalencia.com\/wp-content\/uploads\/2022\/08\/Destacada-el-Puig.webp","width":1000,"height":593,"caption":"Iglesia de Santa Mar\u00eda del Puig"},{"@type":"BreadcrumbList","@id":"https:\/\/avalencia.com\/fr\/monastere-du-puig-valencia\/#breadcrumb","itemListElement":[{"@type":"ListItem","position":1,"name":"Portada","item":"https:\/\/avalencia.com\/fr\/"},{"@type":"ListItem","position":2,"name":"Monast\u00e8re du Puig"}]},{"@type":"WebSite","@id":"https:\/\/avalencia.com\/fr\/#website","url":"https:\/\/avalencia.com\/fr\/","name":"AVALENCIA","description":"Visitas culturales por Valencia y alrededores","publisher":{"@id":"https:\/\/avalencia.com\/fr\/#organization"},"potentialAction":[{"@type":"SearchAction","target":{"@type":"EntryPoint","urlTemplate":"https:\/\/avalencia.com\/fr\/?s={search_term_string}"},"query-input":{"@type":"PropertyValueSpecification","valueRequired":true,"valueName":"search_term_string"}}],"inLanguage":"fr-FR"},{"@type":"Organization","@id":"https:\/\/avalencia.com\/fr\/#organization","name":"Gu\u00eda Valencia","url":"https:\/\/avalencia.com\/fr\/","logo":{"@type":"ImageObject","inLanguage":"fr-FR","@id":"https:\/\/avalencia.com\/fr\/#\/schema\/logo\/image\/","url":"","contentUrl":"","caption":"Gu\u00eda Valencia"},"image":{"@id":"https:\/\/avalencia.com\/fr\/#\/schema\/logo\/image\/"},"sameAs":["https:\/\/www.facebook.com\/angela.marisoler","https:\/\/x.com\/angelamari400","https:\/\/www.instagram.com\/angelamarisoler\/","https:\/\/www.linkedin.com\/feed\/?trk=guest_homepage-basic_sign-in-submit","https:\/\/www.youtube.com\/channel\/UC4bWyTV2CWI65Qf0r1pjuXg?view_as=subscriber"]}]}},"featured_image_src":"https:\/\/avalencia.com\/wp-content\/uploads\/2022\/08\/Destacada-el-Puig-600x400.webp","featured_image_src_square":"https:\/\/avalencia.com\/wp-content\/uploads\/2022\/08\/Destacada-el-Puig-600x593.webp","_links":{"self":[{"href":"https:\/\/avalencia.com\/fr\/wp-json\/wp\/v2\/pages\/5777","targetHints":{"allow":["GET"]}}],"collection":[{"href":"https:\/\/avalencia.com\/fr\/wp-json\/wp\/v2\/pages"}],"about":[{"href":"https:\/\/avalencia.com\/fr\/wp-json\/wp\/v2\/types\/page"}],"author":[{"embeddable":true,"href":"https:\/\/avalencia.com\/fr\/wp-json\/wp\/v2\/users\/3"}],"replies":[{"embeddable":true,"href":"https:\/\/avalencia.com\/fr\/wp-json\/wp\/v2\/comments?post=5777"}],"version-history":[{"count":0,"href":"https:\/\/avalencia.com\/fr\/wp-json\/wp\/v2\/pages\/5777\/revisions"}],"wp:featuredmedia":[{"embeddable":true,"href":"https:\/\/avalencia.com\/fr\/wp-json\/wp\/v2\/media\/16614"}],"wp:attachment":[{"href":"https:\/\/avalencia.com\/fr\/wp-json\/wp\/v2\/media?parent=5777"}],"curies":[{"name":"wp","href":"https:\/\/api.w.org\/{rel}","templated":true}]}}