{"id":5783,"date":"2018-04-01T13:09:55","date_gmt":"2018-04-01T13:09:55","guid":{"rendered":"https:\/\/avalencia.com\/le-musee-des-fallas\/"},"modified":"2022-08-06T19:15:54","modified_gmt":"2022-08-06T19:15:54","slug":"le-musee-des-fallas-valencia","status":"publish","type":"page","link":"https:\/\/avalencia.com\/fr\/le-musee-des-fallas-valencia\/","title":{"rendered":"Le Mus\u00e9e des Fallas Valencia"},"content":{"rendered":"\n<h2 class=\"wp-block-heading\">Visite au<strong> Mus\u00e9e des Fallas Valencia<\/strong><\/h2>\n\n\n\n<figure class=\"wp-block-gallery has-nested-images columns-default is-cropped wp-block-gallery-1 is-layout-flex wp-block-gallery-is-layout-flex\">\n<figure class=\"wp-block-image size-full\"><a href=\"https:\/\/avalencia.com\/wp-content\/uploads\/2022\/08\/01GL-01Museo-Fallero-GP-Bontravel-05-01-2019-3-1.webp\"><img decoding=\"async\" width=\"900\" height=\"604\" data-id=\"16879\" src=\"https:\/\/avalencia.com\/wp-content\/uploads\/2022\/08\/01GL-01Museo-Fallero-GP-Bontravel-05-01-2019-3-1.webp\" alt=\"\" class=\"wp-image-16879\" srcset=\"https:\/\/avalencia.com\/wp-content\/uploads\/2022\/08\/01GL-01Museo-Fallero-GP-Bontravel-05-01-2019-3-1.webp 900w, https:\/\/avalencia.com\/wp-content\/uploads\/2022\/08\/01GL-01Museo-Fallero-GP-Bontravel-05-01-2019-3-1-300x201.webp 300w, https:\/\/avalencia.com\/wp-content\/uploads\/2022\/08\/01GL-01Museo-Fallero-GP-Bontravel-05-01-2019-3-1-768x515.webp 768w, https:\/\/avalencia.com\/wp-content\/uploads\/2022\/08\/01GL-01Museo-Fallero-GP-Bontravel-05-01-2019-3-1-705x473.webp 705w\" sizes=\"(max-width: 900px) 100vw, 900px\" \/><\/a><\/figure>\n\n\n\n<figure class=\"wp-block-image size-full\"><a href=\"https:\/\/avalencia.com\/wp-content\/uploads\/2022\/08\/01GL-02-Museo-Fallero-GP-Bontravel-05-01-2019-4-1.webp\"><img decoding=\"async\" width=\"900\" height=\"605\" data-id=\"16884\" src=\"https:\/\/avalencia.com\/wp-content\/uploads\/2022\/08\/01GL-02-Museo-Fallero-GP-Bontravel-05-01-2019-4-1.webp\" alt=\"\" class=\"wp-image-16884\" srcset=\"https:\/\/avalencia.com\/wp-content\/uploads\/2022\/08\/01GL-02-Museo-Fallero-GP-Bontravel-05-01-2019-4-1.webp 900w, https:\/\/avalencia.com\/wp-content\/uploads\/2022\/08\/01GL-02-Museo-Fallero-GP-Bontravel-05-01-2019-4-1-300x202.webp 300w, https:\/\/avalencia.com\/wp-content\/uploads\/2022\/08\/01GL-02-Museo-Fallero-GP-Bontravel-05-01-2019-4-1-768x516.webp 768w, https:\/\/avalencia.com\/wp-content\/uploads\/2022\/08\/01GL-02-Museo-Fallero-GP-Bontravel-05-01-2019-4-1-705x474.webp 705w\" sizes=\"(max-width: 900px) 100vw, 900px\" \/><\/a><\/figure>\n\n\n\n<figure class=\"wp-block-image size-full\"><a href=\"https:\/\/avalencia.com\/wp-content\/uploads\/2022\/08\/01GL-03-Museo-Fallero-GP-Bontravel-05-01-2019-10-1.webp\"><img decoding=\"async\" width=\"900\" height=\"605\" data-id=\"16889\" src=\"https:\/\/avalencia.com\/wp-content\/uploads\/2022\/08\/01GL-03-Museo-Fallero-GP-Bontravel-05-01-2019-10-1.webp\" alt=\"\" class=\"wp-image-16889\" srcset=\"https:\/\/avalencia.com\/wp-content\/uploads\/2022\/08\/01GL-03-Museo-Fallero-GP-Bontravel-05-01-2019-10-1.webp 900w, https:\/\/avalencia.com\/wp-content\/uploads\/2022\/08\/01GL-03-Museo-Fallero-GP-Bontravel-05-01-2019-10-1-300x202.webp 300w, https:\/\/avalencia.com\/wp-content\/uploads\/2022\/08\/01GL-03-Museo-Fallero-GP-Bontravel-05-01-2019-10-1-768x516.webp 768w, https:\/\/avalencia.com\/wp-content\/uploads\/2022\/08\/01GL-03-Museo-Fallero-GP-Bontravel-05-01-2019-10-1-705x474.webp 705w\" sizes=\"(max-width: 900px) 100vw, 900px\" \/><\/a><\/figure>\n\n\n\n<figure class=\"wp-block-image size-full\"><a href=\"https:\/\/avalencia.com\/wp-content\/uploads\/2022\/08\/01GL-04-Museo-Fallero-GP-Bontravel-05-01-2019-11-1.webp\"><img decoding=\"async\" width=\"900\" height=\"605\" data-id=\"16894\" src=\"https:\/\/avalencia.com\/wp-content\/uploads\/2022\/08\/01GL-04-Museo-Fallero-GP-Bontravel-05-01-2019-11-1.webp\" alt=\"\" class=\"wp-image-16894\" srcset=\"https:\/\/avalencia.com\/wp-content\/uploads\/2022\/08\/01GL-04-Museo-Fallero-GP-Bontravel-05-01-2019-11-1.webp 900w, https:\/\/avalencia.com\/wp-content\/uploads\/2022\/08\/01GL-04-Museo-Fallero-GP-Bontravel-05-01-2019-11-1-300x202.webp 300w, https:\/\/avalencia.com\/wp-content\/uploads\/2022\/08\/01GL-04-Museo-Fallero-GP-Bontravel-05-01-2019-11-1-768x516.webp 768w, https:\/\/avalencia.com\/wp-content\/uploads\/2022\/08\/01GL-04-Museo-Fallero-GP-Bontravel-05-01-2019-11-1-705x474.webp 705w\" sizes=\"(max-width: 900px) 100vw, 900px\" \/><\/a><\/figure>\n\n\n\n<figure class=\"wp-block-image size-full\"><a href=\"https:\/\/avalencia.com\/wp-content\/uploads\/2022\/08\/01GL-05-Museo-Fallero-GP-Bontravel-05-01-2019-14-1.webp\"><img decoding=\"async\" width=\"999\" height=\"671\" data-id=\"16899\" src=\"https:\/\/avalencia.com\/wp-content\/uploads\/2022\/08\/01GL-05-Museo-Fallero-GP-Bontravel-05-01-2019-14-1.webp\" alt=\"\" class=\"wp-image-16899\" srcset=\"https:\/\/avalencia.com\/wp-content\/uploads\/2022\/08\/01GL-05-Museo-Fallero-GP-Bontravel-05-01-2019-14-1.webp 999w, https:\/\/avalencia.com\/wp-content\/uploads\/2022\/08\/01GL-05-Museo-Fallero-GP-Bontravel-05-01-2019-14-1-300x202.webp 300w, https:\/\/avalencia.com\/wp-content\/uploads\/2022\/08\/01GL-05-Museo-Fallero-GP-Bontravel-05-01-2019-14-1-768x516.webp 768w, https:\/\/avalencia.com\/wp-content\/uploads\/2022\/08\/01GL-05-Museo-Fallero-GP-Bontravel-05-01-2019-14-1-705x474.webp 705w\" sizes=\"(max-width: 999px) 100vw, 999px\" \/><\/a><\/figure>\n\n\n\n<figure class=\"wp-block-image size-full\"><a href=\"https:\/\/avalencia.com\/wp-content\/uploads\/2022\/08\/01GL-06-Museo-Fallero-GP-Bontravel-05-01-2019-13-1.webp\"><img decoding=\"async\" width=\"900\" height=\"605\" data-id=\"16904\" src=\"https:\/\/avalencia.com\/wp-content\/uploads\/2022\/08\/01GL-06-Museo-Fallero-GP-Bontravel-05-01-2019-13-1.webp\" alt=\"\" class=\"wp-image-16904\" srcset=\"https:\/\/avalencia.com\/wp-content\/uploads\/2022\/08\/01GL-06-Museo-Fallero-GP-Bontravel-05-01-2019-13-1.webp 900w, https:\/\/avalencia.com\/wp-content\/uploads\/2022\/08\/01GL-06-Museo-Fallero-GP-Bontravel-05-01-2019-13-1-300x202.webp 300w, https:\/\/avalencia.com\/wp-content\/uploads\/2022\/08\/01GL-06-Museo-Fallero-GP-Bontravel-05-01-2019-13-1-768x516.webp 768w, https:\/\/avalencia.com\/wp-content\/uploads\/2022\/08\/01GL-06-Museo-Fallero-GP-Bontravel-05-01-2019-13-1-705x474.webp 705w\" sizes=\"(max-width: 900px) 100vw, 900px\" \/><\/a><\/figure>\n<\/figure>\n\n\n\n<p>Install\u00e9 dans l&#8217;\u00e9difice de l&#8217;ancien Couvent des &#8220;Padres Paules&#8221;, qui se trouve \u00e0 c\u00f4t\u00e9 de l&#8217;\u00e9glise de Montolivete. Le mus\u00e9e abrite aujourd&#8217;hui la collection des Ninots qui depuis 1934 ont \u00e9t\u00e9 chaque ann\u00e9e graci\u00e9s du feu. On y trouve \u00e9galement des affiches et des photographies sur le th\u00e8me des Fallas.<\/p>\n\n\n\n<p><a href=\"https:\/\/www.visitvalencia.com\/fr\/agenda-valencia\/fetes\/les-fallas\" target=\"_blank\" rel=\"noreferrer noopener\">La f\u00eate de Fallas<\/a>  &#8220;Les falles&#8221; sont des monuments satiriques assez particuliers, r\u00e9alis\u00e9s avec des mat\u00e9riaux  combustibles (carton, bois, etc.) qui sont mont\u00e9s dans des places et dans les carrefours principaux des rues. Ils sont expos\u00e9s au public durant plusieurs jours et br\u00fbl\u00e9s la nuit du 19 mars, f\u00eate de la Saint-Joseph.<\/p>\n\n\n\n<p>La confection des monuments est prise en charge par les ma\u00eetres artisans (artistes fallers) et c&#8217;est possible gr\u00e2ce \u00e0 l&#8217;effort des voisins de chaque quartier, qui group\u00e9s dans des commissions, travaillent toute l&#8217;ann\u00e9e pour organiser la f\u00eate.<\/p>\n\n\n\n<p>Vous pouvez en savoir plus sur les origins de la f\u00eate de Fallas, en visitant &#8211; Le Mus\u00e9e des Fallas Valencia &#8211; \u2714<\/p>\n\n\n\n<figure class=\"wp-block-gallery has-nested-images columns-default is-cropped wp-block-gallery-2 is-layout-flex wp-block-gallery-is-layout-flex\">\n<figure class=\"wp-block-image size-full\"><a href=\"https:\/\/avalencia.com\/wp-content\/uploads\/2022\/08\/02GL-01-Museo-Fallero-GP-Italia-01-11-2016-6-1024x768-1-1.webp\"><img decoding=\"async\" width=\"900\" height=\"604\" data-id=\"16910\" src=\"https:\/\/avalencia.com\/wp-content\/uploads\/2022\/08\/02GL-01-Museo-Fallero-GP-Italia-01-11-2016-6-1024x768-1-1.webp\" alt=\"\" class=\"wp-image-16910\" srcset=\"https:\/\/avalencia.com\/wp-content\/uploads\/2022\/08\/02GL-01-Museo-Fallero-GP-Italia-01-11-2016-6-1024x768-1-1.webp 900w, https:\/\/avalencia.com\/wp-content\/uploads\/2022\/08\/02GL-01-Museo-Fallero-GP-Italia-01-11-2016-6-1024x768-1-1-300x201.webp 300w, https:\/\/avalencia.com\/wp-content\/uploads\/2022\/08\/02GL-01-Museo-Fallero-GP-Italia-01-11-2016-6-1024x768-1-1-768x515.webp 768w, https:\/\/avalencia.com\/wp-content\/uploads\/2022\/08\/02GL-01-Museo-Fallero-GP-Italia-01-11-2016-6-1024x768-1-1-705x473.webp 705w\" sizes=\"(max-width: 900px) 100vw, 900px\" \/><\/a><\/figure>\n\n\n\n<figure class=\"wp-block-image size-full\"><a href=\"https:\/\/avalencia.com\/wp-content\/uploads\/2022\/08\/02GL-02-Museo-Fallero-GP-Bontravel-05-01-2019-1.webp\"><img decoding=\"async\" width=\"900\" height=\"605\" data-id=\"16915\" src=\"https:\/\/avalencia.com\/wp-content\/uploads\/2022\/08\/02GL-02-Museo-Fallero-GP-Bontravel-05-01-2019-1.webp\" alt=\"\" class=\"wp-image-16915\" srcset=\"https:\/\/avalencia.com\/wp-content\/uploads\/2022\/08\/02GL-02-Museo-Fallero-GP-Bontravel-05-01-2019-1.webp 900w, https:\/\/avalencia.com\/wp-content\/uploads\/2022\/08\/02GL-02-Museo-Fallero-GP-Bontravel-05-01-2019-1-300x202.webp 300w, https:\/\/avalencia.com\/wp-content\/uploads\/2022\/08\/02GL-02-Museo-Fallero-GP-Bontravel-05-01-2019-1-768x516.webp 768w, https:\/\/avalencia.com\/wp-content\/uploads\/2022\/08\/02GL-02-Museo-Fallero-GP-Bontravel-05-01-2019-1-705x474.webp 705w\" sizes=\"(max-width: 900px) 100vw, 900px\" \/><\/a><\/figure>\n\n\n\n<figure class=\"wp-block-image size-full\"><a href=\"https:\/\/avalencia.com\/wp-content\/uploads\/2022\/08\/02GL-03-Museo-Fallero.5-1.webp\"><img decoding=\"async\" width=\"900\" height=\"603\" data-id=\"16920\" src=\"https:\/\/avalencia.com\/wp-content\/uploads\/2022\/08\/02GL-03-Museo-Fallero.5-1.webp\" alt=\"\" class=\"wp-image-16920\" srcset=\"https:\/\/avalencia.com\/wp-content\/uploads\/2022\/08\/02GL-03-Museo-Fallero.5-1.webp 900w, https:\/\/avalencia.com\/wp-content\/uploads\/2022\/08\/02GL-03-Museo-Fallero.5-1-300x201.webp 300w, https:\/\/avalencia.com\/wp-content\/uploads\/2022\/08\/02GL-03-Museo-Fallero.5-1-768x515.webp 768w, https:\/\/avalencia.com\/wp-content\/uploads\/2022\/08\/02GL-03-Museo-Fallero.5-1-705x472.webp 705w\" sizes=\"(max-width: 900px) 100vw, 900px\" \/><\/a><\/figure>\n\n\n\n<figure class=\"wp-block-image size-full\"><a href=\"https:\/\/avalencia.com\/wp-content\/uploads\/2022\/08\/02GL-04-museo_fallero_6-1.webp\"><img decoding=\"async\" width=\"900\" height=\"603\" data-id=\"16925\" src=\"https:\/\/avalencia.com\/wp-content\/uploads\/2022\/08\/02GL-04-museo_fallero_6-1.webp\" alt=\"\" class=\"wp-image-16925\" srcset=\"https:\/\/avalencia.com\/wp-content\/uploads\/2022\/08\/02GL-04-museo_fallero_6-1.webp 900w, https:\/\/avalencia.com\/wp-content\/uploads\/2022\/08\/02GL-04-museo_fallero_6-1-300x201.webp 300w, https:\/\/avalencia.com\/wp-content\/uploads\/2022\/08\/02GL-04-museo_fallero_6-1-768x515.webp 768w, https:\/\/avalencia.com\/wp-content\/uploads\/2022\/08\/02GL-04-museo_fallero_6-1-705x472.webp 705w\" sizes=\"(max-width: 900px) 100vw, 900px\" \/><\/a><\/figure>\n\n\n\n<figure class=\"wp-block-image size-full\"><a href=\"https:\/\/avalencia.com\/wp-content\/uploads\/2022\/08\/02GL-05-Museo-Fallero-GP-Italia-01-11-2016-5-1024x768-1.webp\"><img decoding=\"async\" width=\"900\" height=\"604\" data-id=\"16930\" src=\"https:\/\/avalencia.com\/wp-content\/uploads\/2022\/08\/02GL-05-Museo-Fallero-GP-Italia-01-11-2016-5-1024x768-1.webp\" alt=\"\" class=\"wp-image-16930\" srcset=\"https:\/\/avalencia.com\/wp-content\/uploads\/2022\/08\/02GL-05-Museo-Fallero-GP-Italia-01-11-2016-5-1024x768-1.webp 900w, https:\/\/avalencia.com\/wp-content\/uploads\/2022\/08\/02GL-05-Museo-Fallero-GP-Italia-01-11-2016-5-1024x768-1-300x201.webp 300w, https:\/\/avalencia.com\/wp-content\/uploads\/2022\/08\/02GL-05-Museo-Fallero-GP-Italia-01-11-2016-5-1024x768-1-768x515.webp 768w, https:\/\/avalencia.com\/wp-content\/uploads\/2022\/08\/02GL-05-Museo-Fallero-GP-Italia-01-11-2016-5-1024x768-1-705x473.webp 705w\" sizes=\"(max-width: 900px) 100vw, 900px\" \/><\/a><\/figure>\n\n\n\n<figure class=\"wp-block-image size-full\"><a href=\"https:\/\/avalencia.com\/wp-content\/uploads\/2022\/08\/02GL-06-museo_fallero_7-1.webp\"><img decoding=\"async\" width=\"900\" height=\"603\" data-id=\"16935\" src=\"https:\/\/avalencia.com\/wp-content\/uploads\/2022\/08\/02GL-06-museo_fallero_7-1.webp\" alt=\"\" class=\"wp-image-16935\" srcset=\"https:\/\/avalencia.com\/wp-content\/uploads\/2022\/08\/02GL-06-museo_fallero_7-1.webp 900w, https:\/\/avalencia.com\/wp-content\/uploads\/2022\/08\/02GL-06-museo_fallero_7-1-300x201.webp 300w, https:\/\/avalencia.com\/wp-content\/uploads\/2022\/08\/02GL-06-museo_fallero_7-1-768x515.webp 768w, https:\/\/avalencia.com\/wp-content\/uploads\/2022\/08\/02GL-06-museo_fallero_7-1-705x472.webp 705w\" sizes=\"(max-width: 900px) 100vw, 900px\" \/><\/a><\/figure>\n<\/figure>\n\n\n\n<div class=\"wp-block-buttons is-content-justification-center is-layout-flex wp-container-core-buttons-is-layout-1 wp-block-buttons-is-layout-flex\">\n<div class=\"wp-block-button\"><a class=\"wp-block-button__link\" href=\"https:\/\/avalencia.com\/fr\/guide-officiel-de-valence\/\" target=\"_blank\" rel=\"noreferrer noopener\">Kontakt<\/a><\/div>\n<\/div>\n\n\n\n<div style=\"height:48px\" aria-hidden=\"true\" class=\"wp-block-spacer\"><\/div>\n\n\n<div  class='av-social-sharing-box  avia-builder-el-0  avia-builder-el-no-sibling  '><div class='av-share-box'><h5 class='av-share-link-description av-no-toc '>Partager<\/h5><ul class='av-share-box-list noLightbox'><li class='av-share-link av-social-link-facebook' ><a target=\"_blank\" aria-label=\"Partager sur Facebook\" href='https:\/\/www.facebook.com\/sharer.php?u=https:\/\/avalencia.com\/fr\/le-musee-des-fallas-valencia\/&#038;t=Le%20Mus%C3%A9e%20des%20Fallas%20Valencia' aria-hidden='false' data-av_icon='\ue8f3' data-av_iconfont='entypo-fontello' title='' data-avia-related-tooltip='Partager sur Facebook' rel=\"noopener\"><span class='avia_hidden_link_text'>Partager sur Facebook<\/span><\/a><\/li><li class='av-share-link av-social-link-twitter' ><a target=\"_blank\" aria-label=\"Partager sur Twitter\" href='https:\/\/twitter.com\/share?text=Le%20Mus%C3%A9e%20des%20Fallas%20Valencia&#038;url=https:\/\/avalencia.com\/fr\/?p=5783' aria-hidden='false' data-av_icon='\ue8f1' data-av_iconfont='entypo-fontello' title='' data-avia-related-tooltip='Partager sur Twitter' rel=\"noopener\"><span class='avia_hidden_link_text'>Partager sur Twitter<\/span><\/a><\/li><li class='av-share-link av-social-link-pinterest' ><a target=\"_blank\" aria-label=\"Partager sur Pinterest\" href='https:\/\/pinterest.com\/pin\/create\/button\/?url=https%3A%2F%2Favalencia.com%2Ffr%2Fle-musee-des-fallas-valencia%2F&#038;description=Le%20Mus%C3%A9e%20des%20Fallas%20Valencia&#038;media=https%3A%2F%2Favalencia.com%2Fwp-content%2Fuploads%2F2022%2F08%2Fdestacada-museo_fallero_0-999x423-1-705x306.webp' aria-hidden='false' data-av_icon='\ue8f8' data-av_iconfont='entypo-fontello' title='' data-avia-related-tooltip='Partager sur Pinterest' rel=\"noopener\"><span class='avia_hidden_link_text'>Partager sur Pinterest<\/span><\/a><\/li><li class='av-share-link av-social-link-linkedin' ><a target=\"_blank\" aria-label=\"Partager sur LinkedIn\" href='https:\/\/linkedin.com\/shareArticle?mini=true&#038;title=Le%20Mus%C3%A9e%20des%20Fallas%20Valencia&#038;url=https:\/\/avalencia.com\/fr\/le-musee-des-fallas-valencia\/' aria-hidden='false' data-av_icon='\ue8fc' data-av_iconfont='entypo-fontello' title='' data-avia-related-tooltip='Partager sur LinkedIn' rel=\"noopener\"><span class='avia_hidden_link_text'>Partager sur LinkedIn<\/span><\/a><\/li><li class='av-share-link av-social-link-mail' ><a  aria-label=\"Partager par Mail\" href='mailto:?subject=Le%20Mus%C3%A9e%20des%20Fallas%20Valencia&#038;body=https:\/\/avalencia.com\/fr\/le-musee-des-fallas-valencia\/' aria-hidden='false' data-av_icon='\ue805' data-av_iconfont='entypo-fontello' title='' data-avia-related-tooltip='Partager par Mail'><span class='avia_hidden_link_text'>Partager par Mail<\/span><\/a><\/li><\/ul><\/div><\/div>\n","protected":false},"excerpt":{"rendered":"<p>Mus\u00e9e Fallero<\/p>\n","protected":false},"author":3,"featured_media":16872,"parent":0,"menu_order":0,"comment_status":"closed","ping_status":"closed","template":"","meta":{"footnotes":""},"class_list":["post-5783","page","type-page","status-publish","has-post-thumbnail","hentry"],"yoast_head":"<!-- This site is optimized with the Yoast SEO plugin v26.8 - https:\/\/yoast.com\/product\/yoast-seo-wordpress\/ -->\n<title>Le Mus\u00e9e des Fallas Valencia - visite guid\u00e9e - AValencia<\/title>\n<meta name=\"description\" content=\"Le Mus\u00e9e des Fallas Valencia abrite aujourd&#039;hui la collection des Ninots graci\u00e9s du feu depuis 1934. R\u00e9servez cette visite avec un guide local\" \/>\n<meta name=\"robots\" content=\"index, follow, max-snippet:-1, max-image-preview:large, max-video-preview:-1\" \/>\n<link rel=\"canonical\" href=\"https:\/\/avalencia.com\/fr\/le-musee-des-fallas-valencia\/\" \/>\n<meta property=\"og:locale\" content=\"fr_FR\" \/>\n<meta property=\"og:type\" content=\"article\" \/>\n<meta property=\"og:title\" content=\"Le Mus\u00e9e des Fallas Valencia - visite guid\u00e9e - AValencia\" \/>\n<meta property=\"og:description\" content=\"Le Mus\u00e9e des Fallas Valencia abrite aujourd&#039;hui la collection des Ninots graci\u00e9s du feu depuis 1934. R\u00e9servez cette visite avec un guide local\" \/>\n<meta property=\"og:url\" content=\"https:\/\/avalencia.com\/fr\/le-musee-des-fallas-valencia\/\" \/>\n<meta property=\"og:site_name\" content=\"AVALENCIA\" \/>\n<meta property=\"article:publisher\" content=\"https:\/\/www.facebook.com\/angela.marisoler\" \/>\n<meta property=\"article:modified_time\" content=\"2022-08-06T19:15:54+00:00\" \/>\n<meta property=\"og:image\" content=\"https:\/\/avalencia.com\/wp-content\/uploads\/2022\/08\/destacada-museo_fallero_0-999x423-1.webp\" \/>\n\t<meta property=\"og:image:width\" content=\"973\" \/>\n\t<meta property=\"og:image:height\" content=\"423\" \/>\n\t<meta property=\"og:image:type\" content=\"image\/webp\" \/>\n<meta name=\"twitter:card\" content=\"summary_large_image\" \/>\n<meta name=\"twitter:site\" content=\"@angelamari400\" \/>\n<meta name=\"twitter:label1\" content=\"Est. reading time\" \/>\n\t<meta name=\"twitter:data1\" content=\"4 minutes\" \/>\n<script type=\"application\/ld+json\" class=\"yoast-schema-graph\">{\"@context\":\"https:\/\/schema.org\",\"@graph\":[{\"@type\":\"WebPage\",\"@id\":\"https:\/\/avalencia.com\/fr\/le-musee-des-fallas-valencia\/\",\"url\":\"https:\/\/avalencia.com\/fr\/le-musee-des-fallas-valencia\/\",\"name\":\"Le Mus\u00e9e des Fallas Valencia - visite guid\u00e9e - AValencia\",\"isPartOf\":{\"@id\":\"https:\/\/avalencia.com\/fr\/#website\"},\"primaryImageOfPage\":{\"@id\":\"https:\/\/avalencia.com\/fr\/le-musee-des-fallas-valencia\/#primaryimage\"},\"image\":{\"@id\":\"https:\/\/avalencia.com\/fr\/le-musee-des-fallas-valencia\/#primaryimage\"},\"thumbnailUrl\":\"https:\/\/avalencia.com\/wp-content\/uploads\/2022\/08\/destacada-museo_fallero_0-999x423-1.webp\",\"datePublished\":\"2018-04-01T13:09:55+00:00\",\"dateModified\":\"2022-08-06T19:15:54+00:00\",\"description\":\"Le Mus\u00e9e des Fallas Valencia abrite aujourd'hui la collection des Ninots graci\u00e9s du feu depuis 1934. R\u00e9servez cette visite avec un guide local\",\"breadcrumb\":{\"@id\":\"https:\/\/avalencia.com\/fr\/le-musee-des-fallas-valencia\/#breadcrumb\"},\"inLanguage\":\"fr-FR\",\"potentialAction\":[{\"@type\":\"ReadAction\",\"target\":[\"https:\/\/avalencia.com\/fr\/le-musee-des-fallas-valencia\/\"]}]},{\"@type\":\"ImageObject\",\"inLanguage\":\"fr-FR\",\"@id\":\"https:\/\/avalencia.com\/fr\/le-musee-des-fallas-valencia\/#primaryimage\",\"url\":\"https:\/\/avalencia.com\/wp-content\/uploads\/2022\/08\/destacada-museo_fallero_0-999x423-1.webp\",\"contentUrl\":\"https:\/\/avalencia.com\/wp-content\/uploads\/2022\/08\/destacada-museo_fallero_0-999x423-1.webp\",\"width\":973,\"height\":423},{\"@type\":\"BreadcrumbList\",\"@id\":\"https:\/\/avalencia.com\/fr\/le-musee-des-fallas-valencia\/#breadcrumb\",\"itemListElement\":[{\"@type\":\"ListItem\",\"position\":1,\"name\":\"Portada\",\"item\":\"https:\/\/avalencia.com\/fr\/\"},{\"@type\":\"ListItem\",\"position\":2,\"name\":\"Le Mus\u00e9e des Fallas Valencia\"}]},{\"@type\":\"WebSite\",\"@id\":\"https:\/\/avalencia.com\/fr\/#website\",\"url\":\"https:\/\/avalencia.com\/fr\/\",\"name\":\"AVALENCIA\",\"description\":\"Visitas culturales por Valencia y alrededores\",\"publisher\":{\"@id\":\"https:\/\/avalencia.com\/fr\/#organization\"},\"potentialAction\":[{\"@type\":\"SearchAction\",\"target\":{\"@type\":\"EntryPoint\",\"urlTemplate\":\"https:\/\/avalencia.com\/fr\/?s={search_term_string}\"},\"query-input\":{\"@type\":\"PropertyValueSpecification\",\"valueRequired\":true,\"valueName\":\"search_term_string\"}}],\"inLanguage\":\"fr-FR\"},{\"@type\":\"Organization\",\"@id\":\"https:\/\/avalencia.com\/fr\/#organization\",\"name\":\"Gu\u00eda Valencia\",\"url\":\"https:\/\/avalencia.com\/fr\/\",\"logo\":{\"@type\":\"ImageObject\",\"inLanguage\":\"fr-FR\",\"@id\":\"https:\/\/avalencia.com\/fr\/#\/schema\/logo\/image\/\",\"url\":\"\",\"contentUrl\":\"\",\"caption\":\"Gu\u00eda Valencia\"},\"image\":{\"@id\":\"https:\/\/avalencia.com\/fr\/#\/schema\/logo\/image\/\"},\"sameAs\":[\"https:\/\/www.facebook.com\/angela.marisoler\",\"https:\/\/x.com\/angelamari400\",\"https:\/\/www.instagram.com\/angelamarisoler\/\",\"https:\/\/www.linkedin.com\/feed\/?trk=guest_homepage-basic_sign-in-submit\",\"https:\/\/www.youtube.com\/channel\/UC4bWyTV2CWI65Qf0r1pjuXg?view_as=subscriber\"]}]}<\/script>\n<!-- \/ Yoast SEO plugin. -->","yoast_head_json":{"title":"Le Mus\u00e9e des Fallas Valencia - visite guid\u00e9e - AValencia","description":"Le Mus\u00e9e des Fallas Valencia abrite aujourd'hui la collection des Ninots graci\u00e9s du feu depuis 1934. R\u00e9servez cette visite avec un guide local","robots":{"index":"index","follow":"follow","max-snippet":"max-snippet:-1","max-image-preview":"max-image-preview:large","max-video-preview":"max-video-preview:-1"},"canonical":"https:\/\/avalencia.com\/fr\/le-musee-des-fallas-valencia\/","og_locale":"fr_FR","og_type":"article","og_title":"Le Mus\u00e9e des Fallas Valencia - visite guid\u00e9e - AValencia","og_description":"Le Mus\u00e9e des Fallas Valencia abrite aujourd'hui la collection des Ninots graci\u00e9s du feu depuis 1934. R\u00e9servez cette visite avec un guide local","og_url":"https:\/\/avalencia.com\/fr\/le-musee-des-fallas-valencia\/","og_site_name":"AVALENCIA","article_publisher":"https:\/\/www.facebook.com\/angela.marisoler","article_modified_time":"2022-08-06T19:15:54+00:00","og_image":[{"width":973,"height":423,"url":"https:\/\/avalencia.com\/wp-content\/uploads\/2022\/08\/destacada-museo_fallero_0-999x423-1.webp","type":"image\/webp"}],"twitter_card":"summary_large_image","twitter_site":"@angelamari400","twitter_misc":{"Est. reading time":"4 minutes"},"schema":{"@context":"https:\/\/schema.org","@graph":[{"@type":"WebPage","@id":"https:\/\/avalencia.com\/fr\/le-musee-des-fallas-valencia\/","url":"https:\/\/avalencia.com\/fr\/le-musee-des-fallas-valencia\/","name":"Le Mus\u00e9e des Fallas Valencia - visite guid\u00e9e - AValencia","isPartOf":{"@id":"https:\/\/avalencia.com\/fr\/#website"},"primaryImageOfPage":{"@id":"https:\/\/avalencia.com\/fr\/le-musee-des-fallas-valencia\/#primaryimage"},"image":{"@id":"https:\/\/avalencia.com\/fr\/le-musee-des-fallas-valencia\/#primaryimage"},"thumbnailUrl":"https:\/\/avalencia.com\/wp-content\/uploads\/2022\/08\/destacada-museo_fallero_0-999x423-1.webp","datePublished":"2018-04-01T13:09:55+00:00","dateModified":"2022-08-06T19:15:54+00:00","description":"Le Mus\u00e9e des Fallas Valencia abrite aujourd'hui la collection des Ninots graci\u00e9s du feu depuis 1934. R\u00e9servez cette visite avec un guide local","breadcrumb":{"@id":"https:\/\/avalencia.com\/fr\/le-musee-des-fallas-valencia\/#breadcrumb"},"inLanguage":"fr-FR","potentialAction":[{"@type":"ReadAction","target":["https:\/\/avalencia.com\/fr\/le-musee-des-fallas-valencia\/"]}]},{"@type":"ImageObject","inLanguage":"fr-FR","@id":"https:\/\/avalencia.com\/fr\/le-musee-des-fallas-valencia\/#primaryimage","url":"https:\/\/avalencia.com\/wp-content\/uploads\/2022\/08\/destacada-museo_fallero_0-999x423-1.webp","contentUrl":"https:\/\/avalencia.com\/wp-content\/uploads\/2022\/08\/destacada-museo_fallero_0-999x423-1.webp","width":973,"height":423},{"@type":"BreadcrumbList","@id":"https:\/\/avalencia.com\/fr\/le-musee-des-fallas-valencia\/#breadcrumb","itemListElement":[{"@type":"ListItem","position":1,"name":"Portada","item":"https:\/\/avalencia.com\/fr\/"},{"@type":"ListItem","position":2,"name":"Le Mus\u00e9e des Fallas Valencia"}]},{"@type":"WebSite","@id":"https:\/\/avalencia.com\/fr\/#website","url":"https:\/\/avalencia.com\/fr\/","name":"AVALENCIA","description":"Visitas culturales por Valencia y alrededores","publisher":{"@id":"https:\/\/avalencia.com\/fr\/#organization"},"potentialAction":[{"@type":"SearchAction","target":{"@type":"EntryPoint","urlTemplate":"https:\/\/avalencia.com\/fr\/?s={search_term_string}"},"query-input":{"@type":"PropertyValueSpecification","valueRequired":true,"valueName":"search_term_string"}}],"inLanguage":"fr-FR"},{"@type":"Organization","@id":"https:\/\/avalencia.com\/fr\/#organization","name":"Gu\u00eda Valencia","url":"https:\/\/avalencia.com\/fr\/","logo":{"@type":"ImageObject","inLanguage":"fr-FR","@id":"https:\/\/avalencia.com\/fr\/#\/schema\/logo\/image\/","url":"","contentUrl":"","caption":"Gu\u00eda Valencia"},"image":{"@id":"https:\/\/avalencia.com\/fr\/#\/schema\/logo\/image\/"},"sameAs":["https:\/\/www.facebook.com\/angela.marisoler","https:\/\/x.com\/angelamari400","https:\/\/www.instagram.com\/angelamarisoler\/","https:\/\/www.linkedin.com\/feed\/?trk=guest_homepage-basic_sign-in-submit","https:\/\/www.youtube.com\/channel\/UC4bWyTV2CWI65Qf0r1pjuXg?view_as=subscriber"]}]}},"featured_image_src":"https:\/\/avalencia.com\/wp-content\/uploads\/2022\/08\/destacada-museo_fallero_0-999x423-1-600x400.webp","featured_image_src_square":"https:\/\/avalencia.com\/wp-content\/uploads\/2022\/08\/destacada-museo_fallero_0-999x423-1-600x423.webp","_links":{"self":[{"href":"https:\/\/avalencia.com\/fr\/wp-json\/wp\/v2\/pages\/5783","targetHints":{"allow":["GET"]}}],"collection":[{"href":"https:\/\/avalencia.com\/fr\/wp-json\/wp\/v2\/pages"}],"about":[{"href":"https:\/\/avalencia.com\/fr\/wp-json\/wp\/v2\/types\/page"}],"author":[{"embeddable":true,"href":"https:\/\/avalencia.com\/fr\/wp-json\/wp\/v2\/users\/3"}],"replies":[{"embeddable":true,"href":"https:\/\/avalencia.com\/fr\/wp-json\/wp\/v2\/comments?post=5783"}],"version-history":[{"count":0,"href":"https:\/\/avalencia.com\/fr\/wp-json\/wp\/v2\/pages\/5783\/revisions"}],"wp:featuredmedia":[{"embeddable":true,"href":"https:\/\/avalencia.com\/fr\/wp-json\/wp\/v2\/media\/16872"}],"wp:attachment":[{"href":"https:\/\/avalencia.com\/fr\/wp-json\/wp\/v2\/media?parent=5783"}],"curies":[{"name":"wp","href":"https:\/\/api.w.org\/{rel}","templated":true}]}}