{"id":5835,"date":"2020-02-05T13:49:44","date_gmt":"2020-02-05T13:49:44","guid":{"rendered":"https:\/\/avalencia.com\/videos\/"},"modified":"2022-10-29T12:01:27","modified_gmt":"2022-10-29T12:01:27","slug":"videos","status":"publish","type":"page","link":"https:\/\/avalencia.com\/fr\/videos\/","title":{"rendered":"V\u00eddeos"},"content":{"rendered":"\n<h2 class=\"has-text-align-center wp-block-heading\">Visites Guid\u00e9es \u00e0 Valencia  &#8211; Videos<\/h2>\n\n\n\n<h3 class=\"wp-block-heading\"><a href=\"https:\/\/avalencia.com\/guia-oficial-de-turismo\/\"><br><\/a><a href=\"https:\/\/avalencia.com\/fr\/centre-historique-de-valencia\/\" target=\"_blank\" rel=\"noreferrer noopener\">Visite au Centre Historique<\/a><\/h3>\n\n\n\n<figure><figcaption>Gu\u00eda Valencia: visites guid\u00e9es au centre historique de la ville de Valencia<\/figcaption><\/figure>\n\n\n\n<figure class=\"wp-block-embed is-type-video is-provider-youtube wp-block-embed-youtube wp-embed-aspect-16-9 wp-has-aspect-ratio\"><div class=\"wp-block-embed__wrapper\">\n<div class='avia-iframe-wrap'><iframe title=\"Visitas guiadas Valencia con gu\u00eda oficial\" width=\"1500\" height=\"844\" src=\"https:\/\/www.youtube.com\/embed\/ZaI0z9tIDbw?feature=oembed\" frameborder=\"0\" allow=\"accelerometer; autoplay; clipboard-write; encrypted-media; gyroscope; picture-in-picture\" allowfullscreen><\/iframe><\/div>\n<\/div><\/figure>\n\n\n\n<h3 class=\"wp-block-heading\">Graffiti<\/h3>\n\n\n\n<figure class=\"wp-block-embed is-type-video is-provider-youtube wp-block-embed-youtube wp-embed-aspect-16-9 wp-has-aspect-ratio\"><div class=\"wp-block-embed__wrapper\">\n<div class='avia-iframe-wrap'><iframe title=\"Visita guiada Grafiti Valencia\" width=\"1500\" height=\"844\" src=\"https:\/\/www.youtube.com\/embed\/AjiHII9ZhfI?feature=oembed\" frameborder=\"0\" allow=\"accelerometer; autoplay; clipboard-write; encrypted-media; gyroscope; picture-in-picture\" allowfullscreen><\/iframe><\/div>\n<\/div><\/figure>\n\n\n\n<h3 class=\"wp-block-heading\">Video<a href=\"http:\/\/turismo.sagunto.es\/\"> Sagunto<\/a><\/h3>\n\n\n\n<figure class=\"wp-block-embed is-type-video is-provider-youtube wp-block-embed-youtube wp-embed-aspect-16-9 wp-has-aspect-ratio\"><div class=\"wp-block-embed__wrapper\">\n<div class='avia-iframe-wrap'><iframe title=\"Sagunto Valencia\" width=\"1500\" height=\"844\" src=\"https:\/\/www.youtube.com\/embed\/UX5l53qJ36w?feature=oembed\" frameborder=\"0\" allow=\"accelerometer; autoplay; clipboard-write; encrypted-media; gyroscope; picture-in-picture\" allowfullscreen><\/iframe><\/div>\n<\/div><\/figure>\n\n\n\n<p><\/p>\n\n\n\n<figure class=\"wp-block-embed is-type-video is-provider-youtube wp-block-embed-youtube wp-embed-aspect-16-9 wp-has-aspect-ratio\"><div class=\"wp-block-embed__wrapper\">\n<div class='avia-iframe-wrap'><iframe title=\"Sagunto visitas guiadas - Angela Mar\u00ed Soler\" width=\"1500\" height=\"844\" src=\"https:\/\/www.youtube.com\/embed\/uqYy567LGSI?feature=oembed\" frameborder=\"0\" allow=\"accelerometer; autoplay; clipboard-write; encrypted-media; gyroscope; picture-in-picture\" allowfullscreen><\/iframe><\/div>\n<\/div><\/figure>\n\n\n<h3>Fallas Valencia &#8211; La mis \u00e0 feu du monument satirique\u00a0 2020 de la place de la Mairie \u00e0 huis clos en raison du covid-19<\/h3>\n<p><div class='avia-iframe-wrap'><iframe title=\"Crem\u00e0FallaAjuntament\" width=\"1500\" height=\"844\" src=\"https:\/\/www.youtube.com\/embed\/MyYwiVR5yGs?feature=oembed\" frameborder=\"0\" allow=\"accelerometer; autoplay; clipboard-write; encrypted-media; gyroscope; picture-in-picture\" allowfullscreen><\/iframe><\/div><\/p>\n\n\n<figure><figcaption> Visite guid\u00e9e Sagunto, la ville romaine situ\u00e9e \u00e0 25 kilom\u00e8tres de Valencia dans la r\u00e9gion du Camp del Morverdre, a plus de deux mille ans d&#8217;existence. <\/figcaption><\/figure>\n\n\n\n<h3 class=\"wp-block-heading\">F\u00eate du Corpus Christi Valencia<\/h3>\n\n\n\n<figure class=\"wp-block-embed is-type-video is-provider-youtube wp-block-embed-youtube wp-embed-aspect-16-9 wp-has-aspect-ratio\"><div class=\"wp-block-embed__wrapper\">\n<div class='avia-iframe-wrap'><iframe title=\"Gu\u00eda Valencia, Procesi\u00f3n del Corpus Valencia\" width=\"1500\" height=\"844\" src=\"https:\/\/www.youtube.com\/embed\/bxlDcPtHkdU?feature=oembed\" frameborder=\"0\" allow=\"accelerometer; autoplay; clipboard-write; encrypted-media; gyroscope; picture-in-picture\" allowfullscreen><\/iframe><\/div>\n<\/div><\/figure>\n\n\n\n<figure><figcaption>Gu\u00eda Valencia &#8211; Le Mus\u00e9e du Corpus Christi est situ\u00e9 dans l&#8217;ancienne Maison des Roches. <br>La f\u00eate du Corpus est consid\u00e9r\u00e9e comme l&#8217;une des plus importantes de Valencia. <\/figcaption><\/figure>\n\n\n\n<h3 class=\"wp-block-heading\"> La Valentia Romaine<\/h3>\n\n\n\n<figure class=\"wp-block-embed is-type-video is-provider-youtube wp-block-embed-youtube wp-embed-aspect-16-9 wp-has-aspect-ratio\"><div class=\"wp-block-embed__wrapper\">\n<div class='avia-iframe-wrap'><iframe title=\"La Valencia Romana\" width=\"1500\" height=\"844\" src=\"https:\/\/www.youtube.com\/embed\/EZ3wr8XuAog?feature=oembed\" frameborder=\"0\" allow=\"accelerometer; autoplay; clipboard-write; encrypted-media; gyroscope; picture-in-picture\" allowfullscreen><\/iframe><\/div>\n<\/div><\/figure>\n\n\n\n<figure><figcaption>La Valentia romaine avec un guide touristique officiel, d\u00e9couvrez notre histoire la plus ancienne, la Valentia Edetanorum, fut fond\u00e9e en 138 av. J.C.<\/figcaption><\/figure>\n\n\n\n<p><a href=\"https:\/\/avalencia.com\/fr\/\" target=\"_blank\" rel=\"noreferrer noopener\">AVALENCIA<\/a><\/p>\n","protected":false},"excerpt":{"rendered":"<p>Visites Guid\u00e9es \u00e0 Valencia &#8211; Videos Visite au Centre Historique Gu\u00eda Valencia: visites guid\u00e9es au centre historique de la ville de Valencia Graffiti Video Sagunto Fallas Valencia &#8211; La mis \u00e0 feu du monument satirique\u00a0 2020 de la place de la Mairie \u00e0 huis clos en raison du covid-19 Visite guid\u00e9e Sagunto, la ville romaine [&hellip;]<\/p>\n","protected":false},"author":3,"featured_media":0,"parent":0,"menu_order":0,"comment_status":"open","ping_status":"closed","template":"","meta":{"footnotes":""},"class_list":["post-5835","page","type-page","status-publish","hentry"],"yoast_head":"<!-- This site is optimized with the Yoast SEO plugin v26.8 - https:\/\/yoast.com\/product\/yoast-seo-wordpress\/ -->\n<title>Visiter Valencia: Videos - Visites Guid\u00e9es \/ Avalencia<\/title>\n<meta name=\"description\" content=\"Videos de Valencia par \u00c1ngela Mar\u00ed Soler, guide officiel: Centre Historique de Valencia, le Mus\u00e9e du Corpus, le quartier du Carmen...\" \/>\n<meta name=\"robots\" content=\"index, follow, max-snippet:-1, max-image-preview:large, max-video-preview:-1\" \/>\n<link rel=\"canonical\" href=\"https:\/\/avalencia.com\/fr\/videos\/\" \/>\n<meta property=\"og:locale\" content=\"fr_FR\" \/>\n<meta property=\"og:type\" content=\"article\" \/>\n<meta property=\"og:title\" content=\"Visiter Valencia: Videos - Visites Guid\u00e9es \/ Avalencia\" \/>\n<meta property=\"og:description\" content=\"Videos de Valencia par \u00c1ngela Mar\u00ed Soler, guide officiel: Centre Historique de Valencia, le Mus\u00e9e du Corpus, le quartier du Carmen...\" \/>\n<meta property=\"og:url\" content=\"https:\/\/avalencia.com\/fr\/videos\/\" \/>\n<meta property=\"og:site_name\" content=\"AVALENCIA\" \/>\n<meta property=\"article:publisher\" content=\"https:\/\/www.facebook.com\/angela.marisoler\" \/>\n<meta property=\"article:modified_time\" content=\"2022-10-29T12:01:27+00:00\" \/>\n<meta name=\"twitter:card\" content=\"summary_large_image\" \/>\n<meta name=\"twitter:site\" content=\"@angelamari400\" \/>\n<meta name=\"twitter:label1\" content=\"Est. reading time\" \/>\n\t<meta name=\"twitter:data1\" content=\"1 minute\" \/>\n<script type=\"application\/ld+json\" class=\"yoast-schema-graph\">{\"@context\":\"https:\/\/schema.org\",\"@graph\":[{\"@type\":\"WebPage\",\"@id\":\"https:\/\/avalencia.com\/fr\/videos\/\",\"url\":\"https:\/\/avalencia.com\/fr\/videos\/\",\"name\":\"Visiter Valencia: Videos - Visites Guid\u00e9es \/ Avalencia\",\"isPartOf\":{\"@id\":\"https:\/\/avalencia.com\/fr\/#website\"},\"datePublished\":\"2020-02-05T13:49:44+00:00\",\"dateModified\":\"2022-10-29T12:01:27+00:00\",\"description\":\"Videos de Valencia par \u00c1ngela Mar\u00ed Soler, guide officiel: Centre Historique de Valencia, le Mus\u00e9e du Corpus, le quartier du Carmen...\",\"breadcrumb\":{\"@id\":\"https:\/\/avalencia.com\/fr\/videos\/#breadcrumb\"},\"inLanguage\":\"fr-FR\",\"potentialAction\":[{\"@type\":\"ReadAction\",\"target\":[\"https:\/\/avalencia.com\/fr\/videos\/\"]}]},{\"@type\":\"BreadcrumbList\",\"@id\":\"https:\/\/avalencia.com\/fr\/videos\/#breadcrumb\",\"itemListElement\":[{\"@type\":\"ListItem\",\"position\":1,\"name\":\"Portada\",\"item\":\"https:\/\/avalencia.com\/fr\/\"},{\"@type\":\"ListItem\",\"position\":2,\"name\":\"V\u00eddeos\"}]},{\"@type\":\"WebSite\",\"@id\":\"https:\/\/avalencia.com\/fr\/#website\",\"url\":\"https:\/\/avalencia.com\/fr\/\",\"name\":\"AVALENCIA\",\"description\":\"Visitas culturales por Valencia y alrededores\",\"publisher\":{\"@id\":\"https:\/\/avalencia.com\/fr\/#organization\"},\"potentialAction\":[{\"@type\":\"SearchAction\",\"target\":{\"@type\":\"EntryPoint\",\"urlTemplate\":\"https:\/\/avalencia.com\/fr\/?s={search_term_string}\"},\"query-input\":{\"@type\":\"PropertyValueSpecification\",\"valueRequired\":true,\"valueName\":\"search_term_string\"}}],\"inLanguage\":\"fr-FR\"},{\"@type\":\"Organization\",\"@id\":\"https:\/\/avalencia.com\/fr\/#organization\",\"name\":\"Gu\u00eda Valencia\",\"url\":\"https:\/\/avalencia.com\/fr\/\",\"logo\":{\"@type\":\"ImageObject\",\"inLanguage\":\"fr-FR\",\"@id\":\"https:\/\/avalencia.com\/fr\/#\/schema\/logo\/image\/\",\"url\":\"\",\"contentUrl\":\"\",\"caption\":\"Gu\u00eda Valencia\"},\"image\":{\"@id\":\"https:\/\/avalencia.com\/fr\/#\/schema\/logo\/image\/\"},\"sameAs\":[\"https:\/\/www.facebook.com\/angela.marisoler\",\"https:\/\/x.com\/angelamari400\",\"https:\/\/www.instagram.com\/angelamarisoler\/\",\"https:\/\/www.linkedin.com\/feed\/?trk=guest_homepage-basic_sign-in-submit\",\"https:\/\/www.youtube.com\/channel\/UC4bWyTV2CWI65Qf0r1pjuXg?view_as=subscriber\"]}]}<\/script>\n<!-- \/ Yoast SEO plugin. -->","yoast_head_json":{"title":"Visiter Valencia: Videos - Visites Guid\u00e9es \/ Avalencia","description":"Videos de Valencia par \u00c1ngela Mar\u00ed Soler, guide officiel: Centre Historique de Valencia, le Mus\u00e9e du Corpus, le quartier du Carmen...","robots":{"index":"index","follow":"follow","max-snippet":"max-snippet:-1","max-image-preview":"max-image-preview:large","max-video-preview":"max-video-preview:-1"},"canonical":"https:\/\/avalencia.com\/fr\/videos\/","og_locale":"fr_FR","og_type":"article","og_title":"Visiter Valencia: Videos - Visites Guid\u00e9es \/ Avalencia","og_description":"Videos de Valencia par \u00c1ngela Mar\u00ed Soler, guide officiel: Centre Historique de Valencia, le Mus\u00e9e du Corpus, le quartier du Carmen...","og_url":"https:\/\/avalencia.com\/fr\/videos\/","og_site_name":"AVALENCIA","article_publisher":"https:\/\/www.facebook.com\/angela.marisoler","article_modified_time":"2022-10-29T12:01:27+00:00","twitter_card":"summary_large_image","twitter_site":"@angelamari400","twitter_misc":{"Est. reading time":"1 minute"},"schema":{"@context":"https:\/\/schema.org","@graph":[{"@type":"WebPage","@id":"https:\/\/avalencia.com\/fr\/videos\/","url":"https:\/\/avalencia.com\/fr\/videos\/","name":"Visiter Valencia: Videos - Visites Guid\u00e9es \/ Avalencia","isPartOf":{"@id":"https:\/\/avalencia.com\/fr\/#website"},"datePublished":"2020-02-05T13:49:44+00:00","dateModified":"2022-10-29T12:01:27+00:00","description":"Videos de Valencia par \u00c1ngela Mar\u00ed Soler, guide officiel: Centre Historique de Valencia, le Mus\u00e9e du Corpus, le quartier du Carmen...","breadcrumb":{"@id":"https:\/\/avalencia.com\/fr\/videos\/#breadcrumb"},"inLanguage":"fr-FR","potentialAction":[{"@type":"ReadAction","target":["https:\/\/avalencia.com\/fr\/videos\/"]}]},{"@type":"BreadcrumbList","@id":"https:\/\/avalencia.com\/fr\/videos\/#breadcrumb","itemListElement":[{"@type":"ListItem","position":1,"name":"Portada","item":"https:\/\/avalencia.com\/fr\/"},{"@type":"ListItem","position":2,"name":"V\u00eddeos"}]},{"@type":"WebSite","@id":"https:\/\/avalencia.com\/fr\/#website","url":"https:\/\/avalencia.com\/fr\/","name":"AVALENCIA","description":"Visitas culturales por Valencia y alrededores","publisher":{"@id":"https:\/\/avalencia.com\/fr\/#organization"},"potentialAction":[{"@type":"SearchAction","target":{"@type":"EntryPoint","urlTemplate":"https:\/\/avalencia.com\/fr\/?s={search_term_string}"},"query-input":{"@type":"PropertyValueSpecification","valueRequired":true,"valueName":"search_term_string"}}],"inLanguage":"fr-FR"},{"@type":"Organization","@id":"https:\/\/avalencia.com\/fr\/#organization","name":"Gu\u00eda Valencia","url":"https:\/\/avalencia.com\/fr\/","logo":{"@type":"ImageObject","inLanguage":"fr-FR","@id":"https:\/\/avalencia.com\/fr\/#\/schema\/logo\/image\/","url":"","contentUrl":"","caption":"Gu\u00eda Valencia"},"image":{"@id":"https:\/\/avalencia.com\/fr\/#\/schema\/logo\/image\/"},"sameAs":["https:\/\/www.facebook.com\/angela.marisoler","https:\/\/x.com\/angelamari400","https:\/\/www.instagram.com\/angelamarisoler\/","https:\/\/www.linkedin.com\/feed\/?trk=guest_homepage-basic_sign-in-submit","https:\/\/www.youtube.com\/channel\/UC4bWyTV2CWI65Qf0r1pjuXg?view_as=subscriber"]}]}},"featured_image_src":null,"featured_image_src_square":null,"_links":{"self":[{"href":"https:\/\/avalencia.com\/fr\/wp-json\/wp\/v2\/pages\/5835","targetHints":{"allow":["GET"]}}],"collection":[{"href":"https:\/\/avalencia.com\/fr\/wp-json\/wp\/v2\/pages"}],"about":[{"href":"https:\/\/avalencia.com\/fr\/wp-json\/wp\/v2\/types\/page"}],"author":[{"embeddable":true,"href":"https:\/\/avalencia.com\/fr\/wp-json\/wp\/v2\/users\/3"}],"replies":[{"embeddable":true,"href":"https:\/\/avalencia.com\/fr\/wp-json\/wp\/v2\/comments?post=5835"}],"version-history":[{"count":0,"href":"https:\/\/avalencia.com\/fr\/wp-json\/wp\/v2\/pages\/5835\/revisions"}],"wp:attachment":[{"href":"https:\/\/avalencia.com\/fr\/wp-json\/wp\/v2\/media?parent=5835"}],"curies":[{"name":"wp","href":"https:\/\/api.w.org\/{rel}","templated":true}]}}