{"id":6678,"date":"2020-05-04T19:08:46","date_gmt":"2020-05-04T19:08:46","guid":{"rendered":"https:\/\/avalencia.com\/?page_id=6678"},"modified":"2022-08-30T10:30:46","modified_gmt":"2022-08-30T10:30:46","slug":"la-valentia-romaine-les-origins-de-la-ville","status":"publish","type":"page","link":"https:\/\/avalencia.com\/fr\/la-valentia-romaine-les-origins-de-la-ville\/","title":{"rendered":"La Valentia romaine, les origins de la ville"},"content":{"rendered":"\n<h2 class=\"wp-block-heading\"><strong><em>La Valentia romaine<\/em><\/strong><\/h2>\n\n\n\n<h4 class=\"wp-block-heading\"><strong><em>Notre histoire la plus ancienne.<\/em><\/strong><\/h4>\n\n\n\n<p>On peut encore trouver des ruines de la Valentia Edetanorum: de la muraille, de l\u2019aqueduc, du cirque romain, de la c\u00e9ramique, etc\u2026 dans des espaces priv\u00e9s au rez-de chauss\u00e9e ou dans les <a rel=\"noreferrer noopener\" href=\"http:\/\/www.valencia.es\/ayuntamiento\/almoina.nsf\/vDocumentosTituloAux\/Presentaci\u00f3n?opendocument\" target=\"_blank\">Fouilles arch\u00e9ologiques de l\u2019Almoina<\/a> et dans la crypte de Saint Vincent Martyr.<\/p>\n\n\n\n<p>Valentia fut fond\u00e9e en 138 av. J.C. sous le Consulat de D\u00e9cimo Junio Bruto sur une \u00eele fluviale \u00e0 quelques kilom\u00e8tres vers l\u2019int\u00e9rieur, sur une petite \u00e9l\u00e9vation topographique. mais qu\u2019y avait-il avant la fondation romaine ? Maintenant il y a des sources arch\u00e9ologiques qui prouvent que, bien avant la fondation de la ville romaine, il y avait, dans ce qui constitue Valence et sa plaine fertile, des groupes d\u2019humains, car on a trouv\u00e9 des puits dans lesquels on faisait des sacrifices et des offrandes (ustensiles de l\u2019\u00e9poque pr\u00e9historique situ\u00e9e entre 7000 et 10.000 ans en arri\u00e8re). Ceci signifie qu\u2019elle fut habit\u00e9e par des humains qui chassaient ou qui r\u00e9coltaient. C\u2019\u00e9tait une zone sacr\u00e9e. On a trouv\u00e9 \u00e9galement de la c\u00e9ramique ib\u00e8re.<\/p>\n\n\n\n<p><strong><em>Venez donc d\u00e9couvrir la Valentia Edetanorum !<\/em><\/strong><\/p>\n\n\n\n<div class=\"wp-block-buttons is-layout-flex wp-block-buttons-is-layout-flex\">\n<div class=\"wp-block-button\"><a class=\"wp-block-button__link\" href=\"https:\/\/avalencia.com\/fr\/guide-officiel-de-valence\/\" target=\"_blank\" rel=\"noreferrer noopener\">Veuillez me contacter: Angela Mar\u00ed soler<\/a><\/div>\n<\/div>\n\n\n\n<div style=\"height:64px\" aria-hidden=\"true\" class=\"wp-block-spacer\"><\/div>\n\n\n\n<figure class=\"wp-block-gallery has-nested-images columns-default is-cropped wp-block-gallery-1 is-layout-flex wp-block-gallery-is-layout-flex\">\n<figure class=\"wp-block-image size-full\"><a href=\"https:\/\/avalencia.com\/wp-content\/uploads\/2022\/07\/GL-01-01-la-valencia-romana-2019-11-24-1.webp\"><img decoding=\"async\" width=\"900\" height=\"675\" data-id=\"16313\" src=\"https:\/\/avalencia.com\/wp-content\/uploads\/2022\/07\/GL-01-01-la-valencia-romana-2019-11-24-1.webp\" alt=\"Centre arch\u00e9ologique de Valence\" class=\"wp-image-16313\" srcset=\"https:\/\/avalencia.com\/wp-content\/uploads\/2022\/07\/GL-01-01-la-valencia-romana-2019-11-24-1.webp 900w, https:\/\/avalencia.com\/wp-content\/uploads\/2022\/07\/GL-01-01-la-valencia-romana-2019-11-24-1-300x225.webp 300w, https:\/\/avalencia.com\/wp-content\/uploads\/2022\/07\/GL-01-01-la-valencia-romana-2019-11-24-1-768x576.webp 768w, https:\/\/avalencia.com\/wp-content\/uploads\/2022\/07\/GL-01-01-la-valencia-romana-2019-11-24-1-705x529.webp 705w\" sizes=\"(max-width: 900px) 100vw, 900px\" \/><\/a><\/figure>\n\n\n\n<figure class=\"wp-block-image size-full\"><a href=\"https:\/\/avalencia.com\/wp-content\/uploads\/2022\/07\/GL-01-02-la-valencia-romana-20191124_133624-1.webp\"><img decoding=\"async\" width=\"900\" height=\"675\" data-id=\"16318\" src=\"https:\/\/avalencia.com\/wp-content\/uploads\/2022\/07\/GL-01-02-la-valencia-romana-20191124_133624-1.webp\" alt=\"Mus\u00e9e du centre arch\u00e9ologique de Valence\" class=\"wp-image-16318\" srcset=\"https:\/\/avalencia.com\/wp-content\/uploads\/2022\/07\/GL-01-02-la-valencia-romana-20191124_133624-1.webp 900w, https:\/\/avalencia.com\/wp-content\/uploads\/2022\/07\/GL-01-02-la-valencia-romana-20191124_133624-1-300x225.webp 300w, https:\/\/avalencia.com\/wp-content\/uploads\/2022\/07\/GL-01-02-la-valencia-romana-20191124_133624-1-768x576.webp 768w, https:\/\/avalencia.com\/wp-content\/uploads\/2022\/07\/GL-01-02-la-valencia-romana-20191124_133624-1-705x529.webp 705w\" sizes=\"(max-width: 900px) 100vw, 900px\" \/><\/a><\/figure>\n\n\n\n<figure class=\"wp-block-image size-full\"><a href=\"https:\/\/avalencia.com\/wp-content\/uploads\/2022\/07\/GL-01-03-la-valencia-romana-Almoina-Termas1-24-11-2019-1.webp\"><img decoding=\"async\" width=\"900\" height=\"675\" data-id=\"16323\" src=\"https:\/\/avalencia.com\/wp-content\/uploads\/2022\/07\/GL-01-03-la-valencia-romana-Almoina-Termas1-24-11-2019-1.webp\" alt=\"vestiges arch\u00e9ologiques de Valence\" class=\"wp-image-16323\" srcset=\"https:\/\/avalencia.com\/wp-content\/uploads\/2022\/07\/GL-01-03-la-valencia-romana-Almoina-Termas1-24-11-2019-1.webp 900w, https:\/\/avalencia.com\/wp-content\/uploads\/2022\/07\/GL-01-03-la-valencia-romana-Almoina-Termas1-24-11-2019-1-300x225.webp 300w, https:\/\/avalencia.com\/wp-content\/uploads\/2022\/07\/GL-01-03-la-valencia-romana-Almoina-Termas1-24-11-2019-1-768x576.webp 768w, https:\/\/avalencia.com\/wp-content\/uploads\/2022\/07\/GL-01-03-la-valencia-romana-Almoina-Termas1-24-11-2019-1-705x529.webp 705w\" sizes=\"(max-width: 900px) 100vw, 900px\" \/><\/a><\/figure>\n\n\n\n<figure class=\"wp-block-image size-full\"><a href=\"https:\/\/avalencia.com\/wp-content\/uploads\/2022\/07\/GL01-04-la-valencia-romana-CardoMaximo-24-11-2019-1.webp\"><img decoding=\"async\" width=\"900\" height=\"675\" data-id=\"16328\" src=\"https:\/\/avalencia.com\/wp-content\/uploads\/2022\/07\/GL01-04-la-valencia-romana-CardoMaximo-24-11-2019-1.webp\" alt=\"visite mus\u00e9e arch\u00e9ologique de Valence\" class=\"wp-image-16328\" srcset=\"https:\/\/avalencia.com\/wp-content\/uploads\/2022\/07\/GL01-04-la-valencia-romana-CardoMaximo-24-11-2019-1.webp 900w, https:\/\/avalencia.com\/wp-content\/uploads\/2022\/07\/GL01-04-la-valencia-romana-CardoMaximo-24-11-2019-1-300x225.webp 300w, https:\/\/avalencia.com\/wp-content\/uploads\/2022\/07\/GL01-04-la-valencia-romana-CardoMaximo-24-11-2019-1-768x576.webp 768w, https:\/\/avalencia.com\/wp-content\/uploads\/2022\/07\/GL01-04-la-valencia-romana-CardoMaximo-24-11-2019-1-705x529.webp 705w\" sizes=\"(max-width: 900px) 100vw, 900px\" \/><\/a><\/figure>\n\n\n\n<figure class=\"wp-block-image size-full\"><a href=\"https:\/\/avalencia.com\/wp-content\/uploads\/2022\/07\/GL-01-05-la-valencia-romana-Acueducto-24-11-19-1.webp\"><img decoding=\"async\" width=\"900\" height=\"675\" data-id=\"16333\" src=\"https:\/\/avalencia.com\/wp-content\/uploads\/2022\/07\/GL-01-05-la-valencia-romana-Acueducto-24-11-19-1.webp\" alt=\"arch\u00e9ologie de Valence\" class=\"wp-image-16333\" srcset=\"https:\/\/avalencia.com\/wp-content\/uploads\/2022\/07\/GL-01-05-la-valencia-romana-Acueducto-24-11-19-1.webp 900w, https:\/\/avalencia.com\/wp-content\/uploads\/2022\/07\/GL-01-05-la-valencia-romana-Acueducto-24-11-19-1-300x225.webp 300w, https:\/\/avalencia.com\/wp-content\/uploads\/2022\/07\/GL-01-05-la-valencia-romana-Acueducto-24-11-19-1-768x576.webp 768w, https:\/\/avalencia.com\/wp-content\/uploads\/2022\/07\/GL-01-05-la-valencia-romana-Acueducto-24-11-19-1-705x529.webp 705w\" sizes=\"(max-width: 900px) 100vw, 900px\" \/><\/a><\/figure>\n\n\n\n<figure class=\"wp-block-image size-full\"><a href=\"https:\/\/avalencia.com\/wp-content\/uploads\/2022\/07\/GL-01-06-la-valencia-romana-LaMeta24-11-2019-1.webp\"><img decoding=\"async\" data-id=\"16338\" src=\"https:\/\/avalencia.com\/wp-content\/uploads\/2022\/07\/GL-01-06-la-valencia-romana-LaMeta24-11-2019-1.webp\" alt=\"Mus\u00e9e arch\u00e9ologique de Valence\" class=\"wp-image-16338\"\/><\/a><\/figure>\n<\/figure>\n\n\n\n<div style=\"height:49px\" aria-hidden=\"true\" class=\"wp-block-spacer\"><\/div>\n\n\n<div  class='av-social-sharing-box  avia-builder-el-0  avia-builder-el-no-sibling  '><div class='av-share-box'><h5 class='av-share-link-description av-no-toc '>Partager<\/h5><ul class='av-share-box-list noLightbox'><li class='av-share-link av-social-link-facebook' ><a target=\"_blank\" aria-label=\"Partager sur Facebook\" href='https:\/\/www.facebook.com\/sharer.php?u=https:\/\/avalencia.com\/fr\/la-valentia-romaine-les-origins-de-la-ville\/&#038;t=La%20Valentia%20romaine%2C%20les%20origins%20de%20la%20ville' aria-hidden='false' data-av_icon='\ue8f3' data-av_iconfont='entypo-fontello' title='' data-avia-related-tooltip='Partager sur Facebook' rel=\"noopener\"><span class='avia_hidden_link_text'>Partager sur Facebook<\/span><\/a><\/li><li class='av-share-link av-social-link-twitter' ><a target=\"_blank\" aria-label=\"Partager sur Twitter\" href='https:\/\/twitter.com\/share?text=La%20Valentia%20romaine%2C%20les%20origins%20de%20la%20ville&#038;url=https:\/\/avalencia.com\/fr\/?p=6678' aria-hidden='false' data-av_icon='\ue8f1' data-av_iconfont='entypo-fontello' title='' data-avia-related-tooltip='Partager sur Twitter' rel=\"noopener\"><span class='avia_hidden_link_text'>Partager sur Twitter<\/span><\/a><\/li><li class='av-share-link av-social-link-pinterest' ><a target=\"_blank\" aria-label=\"Partager sur Pinterest\" href='https:\/\/pinterest.com\/pin\/create\/button\/?url=https%3A%2F%2Favalencia.com%2Ffr%2Fla-valentia-romaine-les-origins-de-la-ville%2F&#038;description=La%20Valentia%20romaine%2C%20les%20origins%20de%20la%20ville&#038;media=https%3A%2F%2Favalencia.com%2Fwp-content%2Fuploads%2F2022%2F07%2F80-destacada-La-valencia-romana-ExcavacionesAlmoina24-11-020-1-705x322.webp' aria-hidden='false' data-av_icon='\ue8f8' data-av_iconfont='entypo-fontello' title='' data-avia-related-tooltip='Partager sur Pinterest' rel=\"noopener\"><span class='avia_hidden_link_text'>Partager sur Pinterest<\/span><\/a><\/li><li class='av-share-link av-social-link-linkedin' ><a target=\"_blank\" aria-label=\"Partager sur LinkedIn\" href='https:\/\/linkedin.com\/shareArticle?mini=true&#038;title=La%20Valentia%20romaine%2C%20les%20origins%20de%20la%20ville&#038;url=https:\/\/avalencia.com\/fr\/la-valentia-romaine-les-origins-de-la-ville\/' aria-hidden='false' data-av_icon='\ue8fc' data-av_iconfont='entypo-fontello' title='' data-avia-related-tooltip='Partager sur LinkedIn' rel=\"noopener\"><span class='avia_hidden_link_text'>Partager sur LinkedIn<\/span><\/a><\/li><li class='av-share-link av-social-link-mail' ><a  aria-label=\"Partager par Mail\" href='mailto:?subject=La%20Valentia%20romaine%2C%20les%20origins%20de%20la%20ville&#038;body=https:\/\/avalencia.com\/fr\/la-valentia-romaine-les-origins-de-la-ville\/' aria-hidden='false' data-av_icon='\ue805' data-av_iconfont='entypo-fontello' title='' data-avia-related-tooltip='Partager par Mail'><span class='avia_hidden_link_text'>Partager par Mail<\/span><\/a><\/li><\/ul><\/div><\/div>\n","protected":false},"excerpt":{"rendered":"<p>La Valentia romaine Notre histoire la plus ancienne. On peut encore trouver des ruines de la Valentia Edetanorum: de la muraille, de l\u2019aqueduc, du cirque romain, de la c\u00e9ramique, etc\u2026 dans des espaces priv\u00e9s au rez-de chauss\u00e9e ou dans les Fouilles arch\u00e9ologiques de l\u2019Almoina et dans la crypte de Saint Vincent Martyr. Valentia fut fond\u00e9e [&hellip;]<\/p>\n","protected":false},"author":3,"featured_media":16307,"parent":0,"menu_order":0,"comment_status":"closed","ping_status":"closed","template":"","meta":{"footnotes":""},"class_list":["post-6678","page","type-page","status-publish","has-post-thumbnail","hentry"],"yoast_head":"<!-- This site is optimized with the Yoast SEO plugin v26.8 - https:\/\/yoast.com\/product\/yoast-seo-wordpress\/ -->\n<title>La Valentia romaine, les origins de la ville - AVALENCIA<\/title>\n<meta name=\"description\" content=\"D\u00e9couvrez le circuit de la Valentia romaine, Valentia Edetanorum. Plongez dans l&#039;\u00e9poque romaine avec cette visite guid\u00e9e qui vous fera remonter le temps et tout voir\" \/>\n<meta name=\"robots\" content=\"index, follow, max-snippet:-1, max-image-preview:large, max-video-preview:-1\" \/>\n<link rel=\"canonical\" href=\"https:\/\/avalencia.com\/fr\/la-valentia-romaine-les-origins-de-la-ville\/\" \/>\n<meta property=\"og:locale\" content=\"fr_FR\" \/>\n<meta property=\"og:type\" content=\"article\" \/>\n<meta property=\"og:title\" content=\"La Valentia romaine, les origins de la ville - AVALENCIA\" \/>\n<meta property=\"og:description\" content=\"D\u00e9couvrez le circuit de la Valentia romaine, Valentia Edetanorum. Plongez dans l&#039;\u00e9poque romaine avec cette visite guid\u00e9e qui vous fera remonter le temps et tout voir\" \/>\n<meta property=\"og:url\" content=\"https:\/\/avalencia.com\/fr\/la-valentia-romaine-les-origins-de-la-ville\/\" \/>\n<meta property=\"og:site_name\" content=\"AVALENCIA\" \/>\n<meta property=\"article:publisher\" content=\"https:\/\/www.facebook.com\/angela.marisoler\" \/>\n<meta property=\"article:modified_time\" content=\"2022-08-30T10:30:46+00:00\" \/>\n<meta property=\"og:image\" content=\"https:\/\/avalencia.com\/wp-content\/uploads\/2022\/07\/80-destacada-La-valencia-romana-ExcavacionesAlmoina24-11-020-1.webp\" \/>\n\t<meta property=\"og:image:width\" content=\"1200\" \/>\n\t<meta property=\"og:image:height\" content=\"548\" \/>\n\t<meta property=\"og:image:type\" content=\"image\/webp\" \/>\n<meta name=\"twitter:card\" content=\"summary_large_image\" \/>\n<meta name=\"twitter:site\" content=\"@angelamari400\" \/>\n<meta name=\"twitter:label1\" content=\"Est. reading time\" \/>\n\t<meta name=\"twitter:data1\" content=\"3 minutes\" \/>\n<script type=\"application\/ld+json\" class=\"yoast-schema-graph\">{\"@context\":\"https:\/\/schema.org\",\"@graph\":[{\"@type\":\"WebPage\",\"@id\":\"https:\/\/avalencia.com\/fr\/la-valentia-romaine-les-origins-de-la-ville\/\",\"url\":\"https:\/\/avalencia.com\/fr\/la-valentia-romaine-les-origins-de-la-ville\/\",\"name\":\"La Valentia romaine, les origins de la ville - AVALENCIA\",\"isPartOf\":{\"@id\":\"https:\/\/avalencia.com\/fr\/#website\"},\"primaryImageOfPage\":{\"@id\":\"https:\/\/avalencia.com\/fr\/la-valentia-romaine-les-origins-de-la-ville\/#primaryimage\"},\"image\":{\"@id\":\"https:\/\/avalencia.com\/fr\/la-valentia-romaine-les-origins-de-la-ville\/#primaryimage\"},\"thumbnailUrl\":\"https:\/\/avalencia.com\/wp-content\/uploads\/2022\/07\/80-destacada-La-valencia-romana-ExcavacionesAlmoina24-11-020-1.webp\",\"datePublished\":\"2020-05-04T19:08:46+00:00\",\"dateModified\":\"2022-08-30T10:30:46+00:00\",\"description\":\"D\u00e9couvrez le circuit de la Valentia romaine, Valentia Edetanorum. Plongez dans l'\u00e9poque romaine avec cette visite guid\u00e9e qui vous fera remonter le temps et tout voir\",\"breadcrumb\":{\"@id\":\"https:\/\/avalencia.com\/fr\/la-valentia-romaine-les-origins-de-la-ville\/#breadcrumb\"},\"inLanguage\":\"fr-FR\",\"potentialAction\":[{\"@type\":\"ReadAction\",\"target\":[\"https:\/\/avalencia.com\/fr\/la-valentia-romaine-les-origins-de-la-ville\/\"]}]},{\"@type\":\"ImageObject\",\"inLanguage\":\"fr-FR\",\"@id\":\"https:\/\/avalencia.com\/fr\/la-valentia-romaine-les-origins-de-la-ville\/#primaryimage\",\"url\":\"https:\/\/avalencia.com\/wp-content\/uploads\/2022\/07\/80-destacada-La-valencia-romana-ExcavacionesAlmoina24-11-020-1.webp\",\"contentUrl\":\"https:\/\/avalencia.com\/wp-content\/uploads\/2022\/07\/80-destacada-La-valencia-romana-ExcavacionesAlmoina24-11-020-1.webp\",\"width\":1200,\"height\":548},{\"@type\":\"BreadcrumbList\",\"@id\":\"https:\/\/avalencia.com\/fr\/la-valentia-romaine-les-origins-de-la-ville\/#breadcrumb\",\"itemListElement\":[{\"@type\":\"ListItem\",\"position\":1,\"name\":\"Portada\",\"item\":\"https:\/\/avalencia.com\/fr\/\"},{\"@type\":\"ListItem\",\"position\":2,\"name\":\"La Valentia romaine, les origins de la ville\"}]},{\"@type\":\"WebSite\",\"@id\":\"https:\/\/avalencia.com\/fr\/#website\",\"url\":\"https:\/\/avalencia.com\/fr\/\",\"name\":\"AVALENCIA\",\"description\":\"Visitas culturales por Valencia y alrededores\",\"publisher\":{\"@id\":\"https:\/\/avalencia.com\/fr\/#organization\"},\"potentialAction\":[{\"@type\":\"SearchAction\",\"target\":{\"@type\":\"EntryPoint\",\"urlTemplate\":\"https:\/\/avalencia.com\/fr\/?s={search_term_string}\"},\"query-input\":{\"@type\":\"PropertyValueSpecification\",\"valueRequired\":true,\"valueName\":\"search_term_string\"}}],\"inLanguage\":\"fr-FR\"},{\"@type\":\"Organization\",\"@id\":\"https:\/\/avalencia.com\/fr\/#organization\",\"name\":\"Gu\u00eda Valencia\",\"url\":\"https:\/\/avalencia.com\/fr\/\",\"logo\":{\"@type\":\"ImageObject\",\"inLanguage\":\"fr-FR\",\"@id\":\"https:\/\/avalencia.com\/fr\/#\/schema\/logo\/image\/\",\"url\":\"\",\"contentUrl\":\"\",\"caption\":\"Gu\u00eda Valencia\"},\"image\":{\"@id\":\"https:\/\/avalencia.com\/fr\/#\/schema\/logo\/image\/\"},\"sameAs\":[\"https:\/\/www.facebook.com\/angela.marisoler\",\"https:\/\/x.com\/angelamari400\",\"https:\/\/www.instagram.com\/angelamarisoler\/\",\"https:\/\/www.linkedin.com\/feed\/?trk=guest_homepage-basic_sign-in-submit\",\"https:\/\/www.youtube.com\/channel\/UC4bWyTV2CWI65Qf0r1pjuXg?view_as=subscriber\"]}]}<\/script>\n<!-- \/ Yoast SEO plugin. -->","yoast_head_json":{"title":"La Valentia romaine, les origins de la ville - AVALENCIA","description":"D\u00e9couvrez le circuit de la Valentia romaine, Valentia Edetanorum. Plongez dans l'\u00e9poque romaine avec cette visite guid\u00e9e qui vous fera remonter le temps et tout voir","robots":{"index":"index","follow":"follow","max-snippet":"max-snippet:-1","max-image-preview":"max-image-preview:large","max-video-preview":"max-video-preview:-1"},"canonical":"https:\/\/avalencia.com\/fr\/la-valentia-romaine-les-origins-de-la-ville\/","og_locale":"fr_FR","og_type":"article","og_title":"La Valentia romaine, les origins de la ville - AVALENCIA","og_description":"D\u00e9couvrez le circuit de la Valentia romaine, Valentia Edetanorum. Plongez dans l'\u00e9poque romaine avec cette visite guid\u00e9e qui vous fera remonter le temps et tout voir","og_url":"https:\/\/avalencia.com\/fr\/la-valentia-romaine-les-origins-de-la-ville\/","og_site_name":"AVALENCIA","article_publisher":"https:\/\/www.facebook.com\/angela.marisoler","article_modified_time":"2022-08-30T10:30:46+00:00","og_image":[{"width":1200,"height":548,"url":"https:\/\/avalencia.com\/wp-content\/uploads\/2022\/07\/80-destacada-La-valencia-romana-ExcavacionesAlmoina24-11-020-1.webp","type":"image\/webp"}],"twitter_card":"summary_large_image","twitter_site":"@angelamari400","twitter_misc":{"Est. reading time":"3 minutes"},"schema":{"@context":"https:\/\/schema.org","@graph":[{"@type":"WebPage","@id":"https:\/\/avalencia.com\/fr\/la-valentia-romaine-les-origins-de-la-ville\/","url":"https:\/\/avalencia.com\/fr\/la-valentia-romaine-les-origins-de-la-ville\/","name":"La Valentia romaine, les origins de la ville - AVALENCIA","isPartOf":{"@id":"https:\/\/avalencia.com\/fr\/#website"},"primaryImageOfPage":{"@id":"https:\/\/avalencia.com\/fr\/la-valentia-romaine-les-origins-de-la-ville\/#primaryimage"},"image":{"@id":"https:\/\/avalencia.com\/fr\/la-valentia-romaine-les-origins-de-la-ville\/#primaryimage"},"thumbnailUrl":"https:\/\/avalencia.com\/wp-content\/uploads\/2022\/07\/80-destacada-La-valencia-romana-ExcavacionesAlmoina24-11-020-1.webp","datePublished":"2020-05-04T19:08:46+00:00","dateModified":"2022-08-30T10:30:46+00:00","description":"D\u00e9couvrez le circuit de la Valentia romaine, Valentia Edetanorum. Plongez dans l'\u00e9poque romaine avec cette visite guid\u00e9e qui vous fera remonter le temps et tout voir","breadcrumb":{"@id":"https:\/\/avalencia.com\/fr\/la-valentia-romaine-les-origins-de-la-ville\/#breadcrumb"},"inLanguage":"fr-FR","potentialAction":[{"@type":"ReadAction","target":["https:\/\/avalencia.com\/fr\/la-valentia-romaine-les-origins-de-la-ville\/"]}]},{"@type":"ImageObject","inLanguage":"fr-FR","@id":"https:\/\/avalencia.com\/fr\/la-valentia-romaine-les-origins-de-la-ville\/#primaryimage","url":"https:\/\/avalencia.com\/wp-content\/uploads\/2022\/07\/80-destacada-La-valencia-romana-ExcavacionesAlmoina24-11-020-1.webp","contentUrl":"https:\/\/avalencia.com\/wp-content\/uploads\/2022\/07\/80-destacada-La-valencia-romana-ExcavacionesAlmoina24-11-020-1.webp","width":1200,"height":548},{"@type":"BreadcrumbList","@id":"https:\/\/avalencia.com\/fr\/la-valentia-romaine-les-origins-de-la-ville\/#breadcrumb","itemListElement":[{"@type":"ListItem","position":1,"name":"Portada","item":"https:\/\/avalencia.com\/fr\/"},{"@type":"ListItem","position":2,"name":"La Valentia romaine, les origins de la ville"}]},{"@type":"WebSite","@id":"https:\/\/avalencia.com\/fr\/#website","url":"https:\/\/avalencia.com\/fr\/","name":"AVALENCIA","description":"Visitas culturales por Valencia y alrededores","publisher":{"@id":"https:\/\/avalencia.com\/fr\/#organization"},"potentialAction":[{"@type":"SearchAction","target":{"@type":"EntryPoint","urlTemplate":"https:\/\/avalencia.com\/fr\/?s={search_term_string}"},"query-input":{"@type":"PropertyValueSpecification","valueRequired":true,"valueName":"search_term_string"}}],"inLanguage":"fr-FR"},{"@type":"Organization","@id":"https:\/\/avalencia.com\/fr\/#organization","name":"Gu\u00eda Valencia","url":"https:\/\/avalencia.com\/fr\/","logo":{"@type":"ImageObject","inLanguage":"fr-FR","@id":"https:\/\/avalencia.com\/fr\/#\/schema\/logo\/image\/","url":"","contentUrl":"","caption":"Gu\u00eda Valencia"},"image":{"@id":"https:\/\/avalencia.com\/fr\/#\/schema\/logo\/image\/"},"sameAs":["https:\/\/www.facebook.com\/angela.marisoler","https:\/\/x.com\/angelamari400","https:\/\/www.instagram.com\/angelamarisoler\/","https:\/\/www.linkedin.com\/feed\/?trk=guest_homepage-basic_sign-in-submit","https:\/\/www.youtube.com\/channel\/UC4bWyTV2CWI65Qf0r1pjuXg?view_as=subscriber"]}]}},"featured_image_src":"https:\/\/avalencia.com\/wp-content\/uploads\/2022\/07\/80-destacada-La-valencia-romana-ExcavacionesAlmoina24-11-020-1-600x400.webp","featured_image_src_square":"https:\/\/avalencia.com\/wp-content\/uploads\/2022\/07\/80-destacada-La-valencia-romana-ExcavacionesAlmoina24-11-020-1-600x548.webp","_links":{"self":[{"href":"https:\/\/avalencia.com\/fr\/wp-json\/wp\/v2\/pages\/6678","targetHints":{"allow":["GET"]}}],"collection":[{"href":"https:\/\/avalencia.com\/fr\/wp-json\/wp\/v2\/pages"}],"about":[{"href":"https:\/\/avalencia.com\/fr\/wp-json\/wp\/v2\/types\/page"}],"author":[{"embeddable":true,"href":"https:\/\/avalencia.com\/fr\/wp-json\/wp\/v2\/users\/3"}],"replies":[{"embeddable":true,"href":"https:\/\/avalencia.com\/fr\/wp-json\/wp\/v2\/comments?post=6678"}],"version-history":[{"count":0,"href":"https:\/\/avalencia.com\/fr\/wp-json\/wp\/v2\/pages\/6678\/revisions"}],"wp:featuredmedia":[{"embeddable":true,"href":"https:\/\/avalencia.com\/fr\/wp-json\/wp\/v2\/media\/16307"}],"wp:attachment":[{"href":"https:\/\/avalencia.com\/fr\/wp-json\/wp\/v2\/media?parent=6678"}],"curies":[{"name":"wp","href":"https:\/\/api.w.org\/{rel}","templated":true}]}}