{"id":5752,"date":"2018-03-31T18:31:04","date_gmt":"2018-03-31T18:31:04","guid":{"rendered":"https:\/\/avalencia.com\/parco-oceanografico\/"},"modified":"2022-09-30T17:51:36","modified_gmt":"2022-09-30T17:51:36","slug":"citta-delle-arti-e-delle-scienze-e-oceanografico-di-valencia","status":"publish","type":"page","link":"https:\/\/avalencia.com\/it\/citta-delle-arti-e-delle-scienze-e-oceanografico-di-valencia\/","title":{"rendered":"Citt\u00e0 delle Arti e delle Scienze e Oceanografico di Valencia"},"content":{"rendered":"\n<h2 class=\"wp-block-heading\"><strong>C<\/strong><em><strong>itt\u00e0 delle Arti e delle Scienze di Valencia<\/strong><\/em> |<strong> Oceanografico<\/strong><\/h2>\n\n\n\n<p>La Citt\u00e0 delle Arti e delle Scienze e Oceanografico di Valencia, \u00e8 uno spazio per il tempo libero in cui la cultura \u00e8 la protagonista. Situato nel vecchio letto del fiume Turia, \u00e8 uno stimolo importante per il turismo urbano e colloca Valencia tra le citt\u00e0 con un&#8217;infrastruttura culturale pi\u00f9 moderna. <\/p>\n\n\n\n<p>Sorprendente per dimensioni e architettura, questa struttura progettata da Santiago Calatrava, nasce con l&#8217;obiettivo di essere il segno dell&#8217;avanguardia artistica e culturale di Valencia.<\/p>\n\n\n\n<figure class=\"wp-block-gallery has-nested-images columns-default is-cropped wp-block-gallery-1 is-layout-flex wp-block-gallery-is-layout-flex\">\n<figure class=\"wp-block-image size-full\"><a href=\"https:\/\/avalencia.com\/wp-content\/uploads\/2022\/07\/01-TDgUHjnTBLfb0S0h.webp\"><img decoding=\"async\" width=\"816\" height=\"612\" data-id=\"15716\" src=\"https:\/\/avalencia.com\/wp-content\/uploads\/2022\/07\/01-TDgUHjnTBLfb0S0h.webp\" alt=\"\" class=\"wp-image-15716\" srcset=\"https:\/\/avalencia.com\/wp-content\/uploads\/2022\/07\/01-TDgUHjnTBLfb0S0h.webp 816w, https:\/\/avalencia.com\/wp-content\/uploads\/2022\/07\/01-TDgUHjnTBLfb0S0h-300x225.webp 300w, https:\/\/avalencia.com\/wp-content\/uploads\/2022\/07\/01-TDgUHjnTBLfb0S0h-768x576.webp 768w, https:\/\/avalencia.com\/wp-content\/uploads\/2022\/07\/01-TDgUHjnTBLfb0S0h-705x529.webp 705w\" sizes=\"(max-width: 816px) 100vw, 816px\" \/><\/a><\/figure>\n\n\n\n<figure class=\"wp-block-image size-full\"><a href=\"https:\/\/avalencia.com\/wp-content\/uploads\/2022\/07\/02-OAgtyq5y0qu0xGHF-1.webp\"><img decoding=\"async\" width=\"999\" height=\"671\" data-id=\"15721\" src=\"https:\/\/avalencia.com\/wp-content\/uploads\/2022\/07\/02-OAgtyq5y0qu0xGHF-1.webp\" alt=\"\" class=\"wp-image-15721\" srcset=\"https:\/\/avalencia.com\/wp-content\/uploads\/2022\/07\/02-OAgtyq5y0qu0xGHF-1.webp 999w, https:\/\/avalencia.com\/wp-content\/uploads\/2022\/07\/02-OAgtyq5y0qu0xGHF-1-300x202.webp 300w, https:\/\/avalencia.com\/wp-content\/uploads\/2022\/07\/02-OAgtyq5y0qu0xGHF-1-768x516.webp 768w, https:\/\/avalencia.com\/wp-content\/uploads\/2022\/07\/02-OAgtyq5y0qu0xGHF-1-705x474.webp 705w\" sizes=\"(max-width: 999px) 100vw, 999px\" \/><\/a><\/figure>\n\n\n\n<figure class=\"wp-block-image size-full\"><a href=\"https:\/\/avalencia.com\/wp-content\/uploads\/2022\/07\/03-FQO3VpiNbDJOM9x-1.webp\"><img decoding=\"async\" width=\"850\" height=\"570\" data-id=\"15726\" src=\"https:\/\/avalencia.com\/wp-content\/uploads\/2022\/07\/03-FQO3VpiNbDJOM9x-1.webp\" alt=\"\" class=\"wp-image-15726\" srcset=\"https:\/\/avalencia.com\/wp-content\/uploads\/2022\/07\/03-FQO3VpiNbDJOM9x-1.webp 850w, https:\/\/avalencia.com\/wp-content\/uploads\/2022\/07\/03-FQO3VpiNbDJOM9x-1-300x201.webp 300w, https:\/\/avalencia.com\/wp-content\/uploads\/2022\/07\/03-FQO3VpiNbDJOM9x-1-768x515.webp 768w, https:\/\/avalencia.com\/wp-content\/uploads\/2022\/07\/03-FQO3VpiNbDJOM9x-1-705x473.webp 705w\" sizes=\"(max-width: 850px) 100vw, 850px\" \/><\/a><\/figure>\n\n\n\n<figure class=\"wp-block-image size-full\"><a href=\"https:\/\/avalencia.com\/wp-content\/uploads\/2022\/07\/CAC-OPERA-Valencia-2-1-1.webp\"><img decoding=\"async\" width=\"999\" height=\"563\" data-id=\"15736\" src=\"https:\/\/avalencia.com\/wp-content\/uploads\/2022\/07\/CAC-OPERA-Valencia-2-1-1.webp\" alt=\"\" class=\"wp-image-15736\" srcset=\"https:\/\/avalencia.com\/wp-content\/uploads\/2022\/07\/CAC-OPERA-Valencia-2-1-1.webp 999w, https:\/\/avalencia.com\/wp-content\/uploads\/2022\/07\/CAC-OPERA-Valencia-2-1-1-300x169.webp 300w, https:\/\/avalencia.com\/wp-content\/uploads\/2022\/07\/CAC-OPERA-Valencia-2-1-1-768x433.webp 768w, https:\/\/avalencia.com\/wp-content\/uploads\/2022\/07\/CAC-OPERA-Valencia-2-1-1-705x397.webp 705w\" sizes=\"(max-width: 999px) 100vw, 999px\" \/><\/a><\/figure>\n<\/figure>\n\n\n\n<h4 class=\"wp-block-heading\"><strong>Umbracle<\/strong><\/h4>\n\n\n\n<p>Concepito come una grande piattaforma panoramica, con un giardino centrale alberato.<\/p>\n\n\n\n<h4 class=\"wp-block-heading\"><strong>Hemisf\u00e8ric<\/strong><\/h4>\n\n\n\n<p>L&#8217;unica sala in Spagna in cui tre spettacoli audiovisivi sono proiettati su un gigantesco schermo concavo di 900 m2: planetario o rappresentazioni di fenomeni dell&#8217;Universo, Imax Cinema e Laserium.<\/p>\n\n\n\n<h4 class=\"wp-block-heading\"><strong>Museo de les Ci\u00e8ncies Principe Felipe<\/strong><\/h4>\n\n\n\n<p>Un museo di scienza e tecnologia con architettura d&#8217;avanguardia e contenuti interattivi tipici della s. XXI.<\/p>\n\n\n\n<h4 class=\"wp-block-heading\">Palau de les Arts <\/h4>\n\n\n\n<p>Spettacolare edificio dedicato alla promozione e diffusione delle arti dello spettacolo.<\/p>\n\n\n\n<h4 class=\"wp-block-heading\"><strong>L&#8217;Agora<\/strong> <\/h4>\n\n\n\n<p>\u00c8 l&#8217;edificio che termina il complesso della Citt\u00e0 delle Arti e delle Scienze di Valencia. Situato tra il ponte L&#8217;Assut de l&#8217;Or recentemente inaugurato e l&#8217;Oceanografico, questo spettacolare edificio concepito come una grande piazza coperta multifunzionale in cui ospitare una moltitudine di eventi di diversa natura, come il Valencia Open 500, l&#8217;evento inaugurale di Novembre 2009.<br>Senza rompere con l&#8217;armonia della Citt\u00e0 delle Arti e delle Scienze, l&#8217;Agora \u00e8 circondata da stagni d&#8217;acqua e dal giardino del vecchio letto del fiume Turia. Una nuova pietra miliare per la citt\u00e0 di Valencia che non lascer\u00e0 nessuno indifferente.<\/p>\n\n\n\n<h2 class=\"wp-block-heading\"><em>Parco Oceanografico<\/em><\/h2>\n\n\n\n<p><a href=\"https:\/\/www.cac.es\/en\/oceanografic\/descubre-el-oceanografic.html\" target=\"_blank\" rel=\"noreferrer noopener\"><strong>L<\/strong>&#8216;<strong>Oceanografico di Valencia<\/strong><\/a> \u00e8 Il pi\u00f9 grande centro marino di Europa con 45000 esemplari di 500 specie.<\/p>\n\n\n\n<p>L&#8217;Ocenanogr\u00e0fic permette al visitante immergersi negli oceani e conoscere la flora e la fauna marina delle zone climatiche pi\u00f9 rappresentative del nostro pianeta. Con una superficie complessiva di 110.000 m2 e un volume di 42 milioni di litri di acqua.<\/p>\n\n\n\n<p>L&#8217;Oceanogr\u00e0fic di Valencia \u00e8 formato de nove torri sottomarine tematiche. Per poterle visitare, bisogna scendere al piano inferiore (sotterraneo), dove troviamo la maggior parte degli acquari e quindi <em><strong>Risalire<\/strong><\/em> in superficie per proseguire con la nostra <em><strong>visita verso l&#8217;edificio sucesivo.<\/strong><\/em><\/p>\n\n\n\n<figure class=\"wp-block-embed is-type-video is-provider-youtube wp-block-embed-youtube wp-embed-aspect-4-3 wp-has-aspect-ratio\"><div class=\"wp-block-embed__wrapper\">\n<div class='avia-iframe-wrap'><iframe title=\"Belugas Oceanogr\u00e0fic\" width=\"1333\" height=\"1000\" src=\"https:\/\/www.youtube.com\/embed\/TFZtsdkkjVw?feature=oembed\" frameborder=\"0\" allow=\"accelerometer; autoplay; clipboard-write; encrypted-media; gyroscope; picture-in-picture\" allowfullscreen><\/iframe><\/div>\n<\/div><figcaption>Yulka e Kylu<\/figcaption><\/figure>\n\n\n\n<figure class=\"wp-block-gallery has-nested-images columns-default is-cropped wp-block-gallery-2 is-layout-flex wp-block-gallery-is-layout-flex\">\n<figure class=\"wp-block-image size-full\"><a href=\"https:\/\/avalencia.com\/wp-content\/uploads\/2022\/07\/05-GL2-Oceanografic-ballena-ninos-2.webp\"><img decoding=\"async\" width=\"785\" height=\"490\" data-id=\"15741\" src=\"https:\/\/avalencia.com\/wp-content\/uploads\/2022\/07\/05-GL2-Oceanografic-ballena-ninos-2.webp\" alt=\"\" class=\"wp-image-15741\" srcset=\"https:\/\/avalencia.com\/wp-content\/uploads\/2022\/07\/05-GL2-Oceanografic-ballena-ninos-2.webp 785w, https:\/\/avalencia.com\/wp-content\/uploads\/2022\/07\/05-GL2-Oceanografic-ballena-ninos-2-300x187.webp 300w, https:\/\/avalencia.com\/wp-content\/uploads\/2022\/07\/05-GL2-Oceanografic-ballena-ninos-2-768x479.webp 768w, https:\/\/avalencia.com\/wp-content\/uploads\/2022\/07\/05-GL2-Oceanografic-ballena-ninos-2-705x440.webp 705w\" sizes=\"(max-width: 785px) 100vw, 785px\" \/><\/a><\/figure>\n<\/figure>\n\n\n<p><strong data-rich-text-format-boundary=\"true\">Mediterraneo<\/strong> con sette acquari diversi<\/p>\n<p><strong style=\"font-size: inherit;\">Zone Umide, <\/strong><span style=\"font-size: inherit;\">una area di mangrovie ed una palude<\/span><\/p>\n<p><strong>Temperate<\/strong>&nbsp;<strong>e<\/strong> <strong>Tropicali<\/strong><\/p>\n<p><strong>Oceani <\/strong>con due zone: Isole Bermude e Canarie, dove si possono ammirare squali di grandi dimensioni come lo squalo toro<\/p>\n<p><strong>Artico<\/strong> con due balene bianche e il loro vitello che \u00e8 un maschio<\/p>\n<p><strong>Antartide <\/strong>con pinguini della specie popularmente chiamata &#8220;Juanito&#8221;<\/p>\n<p><strong>Isole dei leoni marini<\/strong><\/p>\n<p><strong>L&#8217;Auditorium Mar Rosso<\/strong><\/p>\n<p><strong>Delfinario<\/strong><\/p>\n<p><strong>Ristorante Sottomarino&nbsp;<\/strong><\/p>\n<p><\/p>\n<p>La visita dura&nbsp; 3,30 \/ 4 ore circa<\/p>\n<p>Faremo una passeggiata per vedere i diversi edifici della Citt\u00e0 delle Arti e delle Scienze con una spiegazione della loro architettura e poi la visita guidata all&#8217;interno dell&#8217;Ocenografico.<\/p>\n<p>La visita p\u00f9o essere adattata a diversi gruppi o privati. Per maggiori informazioni e prezzi<\/p>\n\n\n<hr class=\"wp-block-separator has-css-opacity\"\/>\n\n\n\n<div class=\"wp-block-buttons is-layout-flex wp-block-buttons-is-layout-flex\">\n<div class=\"wp-block-button\"><a class=\"wp-block-button__link\" href=\"https:\/\/avalencia.com\/it\/contatto-guida-ufficiale-di-valencia\/\" target=\"_blank\" rel=\"noreferrer noopener\">Contattatemi<\/a><\/div>\n<\/div>\n\n\n\n<div style=\"height:23px\" aria-hidden=\"true\" class=\"wp-block-spacer\"><\/div>\n\n\n<div  class='av-social-sharing-box  avia-builder-el-0  avia-builder-el-no-sibling  '><div class='av-share-box'><h5 class='av-share-link-description av-no-toc '>Condividi<\/h5><ul class='av-share-box-list noLightbox'><li class='av-share-link av-social-link-facebook' ><a target=\"_blank\" aria-label=\"Condividi su Facebook\" href='https:\/\/www.facebook.com\/sharer.php?u=https:\/\/avalencia.com\/it\/citta-delle-arti-e-delle-scienze-e-oceanografico-di-valencia\/&#038;t=Citt%C3%A0%20delle%20Arti%20e%20delle%20Scienze%20e%20Oceanografico%20di%20Valencia' aria-hidden='false' data-av_icon='\ue8f3' data-av_iconfont='entypo-fontello' title='' data-avia-related-tooltip='Condividi su Facebook' rel=\"noopener\"><span class='avia_hidden_link_text'>Condividi su Facebook<\/span><\/a><\/li><li class='av-share-link av-social-link-twitter' ><a target=\"_blank\" aria-label=\"Condividi su Twitter\" href='https:\/\/twitter.com\/share?text=Citt%C3%A0%20delle%20Arti%20e%20delle%20Scienze%20e%20Oceanografico%20di%20Valencia&#038;url=https:\/\/avalencia.com\/it\/?p=5752' aria-hidden='false' data-av_icon='\ue8f1' data-av_iconfont='entypo-fontello' title='' data-avia-related-tooltip='Condividi su Twitter' rel=\"noopener\"><span class='avia_hidden_link_text'>Condividi su Twitter<\/span><\/a><\/li><li class='av-share-link av-social-link-pinterest' ><a target=\"_blank\" aria-label=\"Condividi su Pinterest\" href='https:\/\/pinterest.com\/pin\/create\/button\/?url=https%3A%2F%2Favalencia.com%2Fit%2Fcitta-delle-arti-e-delle-scienze-e-oceanografico-di-valencia%2F&#038;description=Citt%C3%A0%20delle%20Arti%20e%20delle%20Scienze%20e%20Oceanografico%20di%20Valencia&#038;media=https%3A%2F%2Favalencia.com%2Fwp-content%2Fuploads%2F2022%2F07%2Fdestacada-4rPbCVj8E2dPRAQB-2-705x378.webp' aria-hidden='false' data-av_icon='\ue8f8' data-av_iconfont='entypo-fontello' title='' data-avia-related-tooltip='Condividi su Pinterest' rel=\"noopener\"><span class='avia_hidden_link_text'>Condividi su Pinterest<\/span><\/a><\/li><li class='av-share-link av-social-link-linkedin' ><a target=\"_blank\" aria-label=\"Condividi su LinkedIn\" href='https:\/\/linkedin.com\/shareArticle?mini=true&#038;title=Citt%C3%A0%20delle%20Arti%20e%20delle%20Scienze%20e%20Oceanografico%20di%20Valencia&#038;url=https:\/\/avalencia.com\/it\/citta-delle-arti-e-delle-scienze-e-oceanografico-di-valencia\/' aria-hidden='false' data-av_icon='\ue8fc' data-av_iconfont='entypo-fontello' title='' data-avia-related-tooltip='Condividi su LinkedIn' rel=\"noopener\"><span class='avia_hidden_link_text'>Condividi su LinkedIn<\/span><\/a><\/li><li class='av-share-link av-social-link-mail' ><a  aria-label=\"Condividi attraverso Mail\" href='mailto:?subject=Citt%C3%A0%20delle%20Arti%20e%20delle%20Scienze%20e%20Oceanografico%20di%20Valencia&#038;body=https:\/\/avalencia.com\/it\/citta-delle-arti-e-delle-scienze-e-oceanografico-di-valencia\/' aria-hidden='false' data-av_icon='\ue805' data-av_iconfont='entypo-fontello' title='' data-avia-related-tooltip='Condividi attraverso Mail'><span class='avia_hidden_link_text'>Condividi attraverso Mail<\/span><\/a><\/li><\/ul><\/div><\/div>\n\n\n\n<p><\/p>\n","protected":false},"excerpt":{"rendered":"<p>Citt\u00e0 delle Arti e delle Scienze<\/p>\n","protected":false},"author":3,"featured_media":15709,"parent":0,"menu_order":0,"comment_status":"closed","ping_status":"closed","template":"","meta":{"footnotes":""},"class_list":["post-5752","page","type-page","status-publish","has-post-thumbnail","hentry"],"yoast_head":"<!-- This site is optimized with the Yoast SEO plugin v26.8 - https:\/\/yoast.com\/product\/yoast-seo-wordpress\/ -->\n<title>La Citt\u00e0 delle Arti e delle Scienze e Oceanografico di Valencia - Avalencia<\/title>\n<meta name=\"description\" content=\"Scoprite La Citt\u00e0 delle Arti e delle Scienze e oceanografico di Valencia, dalla mano di una guida turistica ufficiale \ud83d\udc40\" \/>\n<meta name=\"robots\" content=\"index, follow, max-snippet:-1, max-image-preview:large, max-video-preview:-1\" \/>\n<link rel=\"canonical\" href=\"https:\/\/avalencia.com\/it\/citta-delle-arti-e-delle-scienze-e-oceanografico-di-valencia\/\" \/>\n<meta property=\"og:locale\" content=\"it_IT\" \/>\n<meta property=\"og:type\" content=\"article\" \/>\n<meta property=\"og:title\" content=\"La Citt\u00e0 delle Arti e delle Scienze e Oceanografico di Valencia - Avalencia\" \/>\n<meta property=\"og:description\" content=\"Scoprite La Citt\u00e0 delle Arti e delle Scienze e oceanografico di Valencia, dalla mano di una guida turistica ufficiale \ud83d\udc40\" \/>\n<meta property=\"og:url\" content=\"https:\/\/avalencia.com\/it\/citta-delle-arti-e-delle-scienze-e-oceanografico-di-valencia\/\" \/>\n<meta property=\"og:site_name\" content=\"AVALENCIA\" \/>\n<meta property=\"article:publisher\" content=\"https:\/\/www.facebook.com\/angela.marisoler\" \/>\n<meta property=\"article:modified_time\" content=\"2022-09-30T17:51:36+00:00\" \/>\n<meta property=\"og:image\" content=\"https:\/\/avalencia.com\/wp-content\/uploads\/2022\/07\/destacada-4rPbCVj8E2dPRAQB-2.webp\" \/>\n\t<meta property=\"og:image:width\" content=\"849\" \/>\n\t<meta property=\"og:image:height\" content=\"455\" \/>\n\t<meta property=\"og:image:type\" content=\"image\/webp\" \/>\n<meta name=\"twitter:card\" content=\"summary_large_image\" \/>\n<meta name=\"twitter:site\" content=\"@angelamari400\" \/>\n<meta name=\"twitter:label1\" content=\"Est. reading time\" \/>\n\t<meta name=\"twitter:data1\" content=\"4 minutes\" \/>\n<script type=\"application\/ld+json\" class=\"yoast-schema-graph\">{\"@context\":\"https:\/\/schema.org\",\"@graph\":[{\"@type\":\"WebPage\",\"@id\":\"https:\/\/avalencia.com\/it\/citta-delle-arti-e-delle-scienze-e-oceanografico-di-valencia\/\",\"url\":\"https:\/\/avalencia.com\/it\/citta-delle-arti-e-delle-scienze-e-oceanografico-di-valencia\/\",\"name\":\"La Citt\u00e0 delle Arti e delle Scienze e Oceanografico di Valencia - Avalencia\",\"isPartOf\":{\"@id\":\"https:\/\/avalencia.com\/it\/#website\"},\"primaryImageOfPage\":{\"@id\":\"https:\/\/avalencia.com\/it\/citta-delle-arti-e-delle-scienze-e-oceanografico-di-valencia\/#primaryimage\"},\"image\":{\"@id\":\"https:\/\/avalencia.com\/it\/citta-delle-arti-e-delle-scienze-e-oceanografico-di-valencia\/#primaryimage\"},\"thumbnailUrl\":\"https:\/\/avalencia.com\/wp-content\/uploads\/2022\/07\/destacada-4rPbCVj8E2dPRAQB-2.webp\",\"datePublished\":\"2018-03-31T18:31:04+00:00\",\"dateModified\":\"2022-09-30T17:51:36+00:00\",\"description\":\"Scoprite La Citt\u00e0 delle Arti e delle Scienze e oceanografico di Valencia, dalla mano di una guida turistica ufficiale \ud83d\udc40\",\"breadcrumb\":{\"@id\":\"https:\/\/avalencia.com\/it\/citta-delle-arti-e-delle-scienze-e-oceanografico-di-valencia\/#breadcrumb\"},\"inLanguage\":\"it-IT\",\"potentialAction\":[{\"@type\":\"ReadAction\",\"target\":[\"https:\/\/avalencia.com\/it\/citta-delle-arti-e-delle-scienze-e-oceanografico-di-valencia\/\"]}]},{\"@type\":\"ImageObject\",\"inLanguage\":\"it-IT\",\"@id\":\"https:\/\/avalencia.com\/it\/citta-delle-arti-e-delle-scienze-e-oceanografico-di-valencia\/#primaryimage\",\"url\":\"https:\/\/avalencia.com\/wp-content\/uploads\/2022\/07\/destacada-4rPbCVj8E2dPRAQB-2.webp\",\"contentUrl\":\"https:\/\/avalencia.com\/wp-content\/uploads\/2022\/07\/destacada-4rPbCVj8E2dPRAQB-2.webp\",\"width\":849,\"height\":455},{\"@type\":\"BreadcrumbList\",\"@id\":\"https:\/\/avalencia.com\/it\/citta-delle-arti-e-delle-scienze-e-oceanografico-di-valencia\/#breadcrumb\",\"itemListElement\":[{\"@type\":\"ListItem\",\"position\":1,\"name\":\"Portada\",\"item\":\"https:\/\/avalencia.com\/it\/\"},{\"@type\":\"ListItem\",\"position\":2,\"name\":\"Citt\u00e0 delle Arti e delle Scienze e Oceanografico di Valencia\"}]},{\"@type\":\"WebSite\",\"@id\":\"https:\/\/avalencia.com\/it\/#website\",\"url\":\"https:\/\/avalencia.com\/it\/\",\"name\":\"AVALENCIA\",\"description\":\"Visitas culturales por Valencia y alrededores\",\"publisher\":{\"@id\":\"https:\/\/avalencia.com\/it\/#organization\"},\"potentialAction\":[{\"@type\":\"SearchAction\",\"target\":{\"@type\":\"EntryPoint\",\"urlTemplate\":\"https:\/\/avalencia.com\/it\/?s={search_term_string}\"},\"query-input\":{\"@type\":\"PropertyValueSpecification\",\"valueRequired\":true,\"valueName\":\"search_term_string\"}}],\"inLanguage\":\"it-IT\"},{\"@type\":\"Organization\",\"@id\":\"https:\/\/avalencia.com\/it\/#organization\",\"name\":\"Gu\u00eda Valencia\",\"url\":\"https:\/\/avalencia.com\/it\/\",\"logo\":{\"@type\":\"ImageObject\",\"inLanguage\":\"it-IT\",\"@id\":\"https:\/\/avalencia.com\/it\/#\/schema\/logo\/image\/\",\"url\":\"\",\"contentUrl\":\"\",\"caption\":\"Gu\u00eda Valencia\"},\"image\":{\"@id\":\"https:\/\/avalencia.com\/it\/#\/schema\/logo\/image\/\"},\"sameAs\":[\"https:\/\/www.facebook.com\/angela.marisoler\",\"https:\/\/x.com\/angelamari400\",\"https:\/\/www.instagram.com\/angelamarisoler\/\",\"https:\/\/www.linkedin.com\/feed\/?trk=guest_homepage-basic_sign-in-submit\",\"https:\/\/www.youtube.com\/channel\/UC4bWyTV2CWI65Qf0r1pjuXg?view_as=subscriber\"]}]}<\/script>\n<!-- \/ Yoast SEO plugin. -->","yoast_head_json":{"title":"La Citt\u00e0 delle Arti e delle Scienze e Oceanografico di Valencia - Avalencia","description":"Scoprite La Citt\u00e0 delle Arti e delle Scienze e oceanografico di Valencia, dalla mano di una guida turistica ufficiale \ud83d\udc40","robots":{"index":"index","follow":"follow","max-snippet":"max-snippet:-1","max-image-preview":"max-image-preview:large","max-video-preview":"max-video-preview:-1"},"canonical":"https:\/\/avalencia.com\/it\/citta-delle-arti-e-delle-scienze-e-oceanografico-di-valencia\/","og_locale":"it_IT","og_type":"article","og_title":"La Citt\u00e0 delle Arti e delle Scienze e Oceanografico di Valencia - Avalencia","og_description":"Scoprite La Citt\u00e0 delle Arti e delle Scienze e oceanografico di Valencia, dalla mano di una guida turistica ufficiale \ud83d\udc40","og_url":"https:\/\/avalencia.com\/it\/citta-delle-arti-e-delle-scienze-e-oceanografico-di-valencia\/","og_site_name":"AVALENCIA","article_publisher":"https:\/\/www.facebook.com\/angela.marisoler","article_modified_time":"2022-09-30T17:51:36+00:00","og_image":[{"width":849,"height":455,"url":"https:\/\/avalencia.com\/wp-content\/uploads\/2022\/07\/destacada-4rPbCVj8E2dPRAQB-2.webp","type":"image\/webp"}],"twitter_card":"summary_large_image","twitter_site":"@angelamari400","twitter_misc":{"Est. reading time":"4 minutes"},"schema":{"@context":"https:\/\/schema.org","@graph":[{"@type":"WebPage","@id":"https:\/\/avalencia.com\/it\/citta-delle-arti-e-delle-scienze-e-oceanografico-di-valencia\/","url":"https:\/\/avalencia.com\/it\/citta-delle-arti-e-delle-scienze-e-oceanografico-di-valencia\/","name":"La Citt\u00e0 delle Arti e delle Scienze e Oceanografico di Valencia - Avalencia","isPartOf":{"@id":"https:\/\/avalencia.com\/it\/#website"},"primaryImageOfPage":{"@id":"https:\/\/avalencia.com\/it\/citta-delle-arti-e-delle-scienze-e-oceanografico-di-valencia\/#primaryimage"},"image":{"@id":"https:\/\/avalencia.com\/it\/citta-delle-arti-e-delle-scienze-e-oceanografico-di-valencia\/#primaryimage"},"thumbnailUrl":"https:\/\/avalencia.com\/wp-content\/uploads\/2022\/07\/destacada-4rPbCVj8E2dPRAQB-2.webp","datePublished":"2018-03-31T18:31:04+00:00","dateModified":"2022-09-30T17:51:36+00:00","description":"Scoprite La Citt\u00e0 delle Arti e delle Scienze e oceanografico di Valencia, dalla mano di una guida turistica ufficiale \ud83d\udc40","breadcrumb":{"@id":"https:\/\/avalencia.com\/it\/citta-delle-arti-e-delle-scienze-e-oceanografico-di-valencia\/#breadcrumb"},"inLanguage":"it-IT","potentialAction":[{"@type":"ReadAction","target":["https:\/\/avalencia.com\/it\/citta-delle-arti-e-delle-scienze-e-oceanografico-di-valencia\/"]}]},{"@type":"ImageObject","inLanguage":"it-IT","@id":"https:\/\/avalencia.com\/it\/citta-delle-arti-e-delle-scienze-e-oceanografico-di-valencia\/#primaryimage","url":"https:\/\/avalencia.com\/wp-content\/uploads\/2022\/07\/destacada-4rPbCVj8E2dPRAQB-2.webp","contentUrl":"https:\/\/avalencia.com\/wp-content\/uploads\/2022\/07\/destacada-4rPbCVj8E2dPRAQB-2.webp","width":849,"height":455},{"@type":"BreadcrumbList","@id":"https:\/\/avalencia.com\/it\/citta-delle-arti-e-delle-scienze-e-oceanografico-di-valencia\/#breadcrumb","itemListElement":[{"@type":"ListItem","position":1,"name":"Portada","item":"https:\/\/avalencia.com\/it\/"},{"@type":"ListItem","position":2,"name":"Citt\u00e0 delle Arti e delle Scienze e Oceanografico di Valencia"}]},{"@type":"WebSite","@id":"https:\/\/avalencia.com\/it\/#website","url":"https:\/\/avalencia.com\/it\/","name":"AVALENCIA","description":"Visitas culturales por Valencia y alrededores","publisher":{"@id":"https:\/\/avalencia.com\/it\/#organization"},"potentialAction":[{"@type":"SearchAction","target":{"@type":"EntryPoint","urlTemplate":"https:\/\/avalencia.com\/it\/?s={search_term_string}"},"query-input":{"@type":"PropertyValueSpecification","valueRequired":true,"valueName":"search_term_string"}}],"inLanguage":"it-IT"},{"@type":"Organization","@id":"https:\/\/avalencia.com\/it\/#organization","name":"Gu\u00eda Valencia","url":"https:\/\/avalencia.com\/it\/","logo":{"@type":"ImageObject","inLanguage":"it-IT","@id":"https:\/\/avalencia.com\/it\/#\/schema\/logo\/image\/","url":"","contentUrl":"","caption":"Gu\u00eda Valencia"},"image":{"@id":"https:\/\/avalencia.com\/it\/#\/schema\/logo\/image\/"},"sameAs":["https:\/\/www.facebook.com\/angela.marisoler","https:\/\/x.com\/angelamari400","https:\/\/www.instagram.com\/angelamarisoler\/","https:\/\/www.linkedin.com\/feed\/?trk=guest_homepage-basic_sign-in-submit","https:\/\/www.youtube.com\/channel\/UC4bWyTV2CWI65Qf0r1pjuXg?view_as=subscriber"]}]}},"featured_image_src":"https:\/\/avalencia.com\/wp-content\/uploads\/2022\/07\/destacada-4rPbCVj8E2dPRAQB-2-600x400.webp","featured_image_src_square":"https:\/\/avalencia.com\/wp-content\/uploads\/2022\/07\/destacada-4rPbCVj8E2dPRAQB-2-600x455.webp","_links":{"self":[{"href":"https:\/\/avalencia.com\/it\/wp-json\/wp\/v2\/pages\/5752","targetHints":{"allow":["GET"]}}],"collection":[{"href":"https:\/\/avalencia.com\/it\/wp-json\/wp\/v2\/pages"}],"about":[{"href":"https:\/\/avalencia.com\/it\/wp-json\/wp\/v2\/types\/page"}],"author":[{"embeddable":true,"href":"https:\/\/avalencia.com\/it\/wp-json\/wp\/v2\/users\/3"}],"replies":[{"embeddable":true,"href":"https:\/\/avalencia.com\/it\/wp-json\/wp\/v2\/comments?post=5752"}],"version-history":[{"count":0,"href":"https:\/\/avalencia.com\/it\/wp-json\/wp\/v2\/pages\/5752\/revisions"}],"wp:featuredmedia":[{"embeddable":true,"href":"https:\/\/avalencia.com\/it\/wp-json\/wp\/v2\/media\/15709"}],"wp:attachment":[{"href":"https:\/\/avalencia.com\/it\/wp-json\/wp\/v2\/media?parent=5752"}],"curies":[{"name":"wp","href":"https:\/\/api.w.org\/{rel}","templated":true}]}}