{"id":5836,"date":"2020-02-05T13:49:44","date_gmt":"2020-02-05T13:49:44","guid":{"rendered":"https:\/\/avalencia.com\/videos\/"},"modified":"2024-08-10T11:24:34","modified_gmt":"2024-08-10T11:24:34","slug":"videos-visitare-valencia","status":"publish","type":"page","link":"https:\/\/avalencia.com\/it\/videos-visitare-valencia\/","title":{"rendered":"V\u00eddeo Tour Valencia"},"content":{"rendered":"\n<h2 class=\"wp-block-heading\">Video Tour a Valencia &#8211; Avalencia<\/h2>\n\n\n\n<h3 class=\"wp-block-heading\"> <a href=\"https:\/\/avalencia.com\/it\/centro-storico-di-valencia\/\" target=\"_blank\" rel=\"noreferrer noopener\">Centro storico di Valencia con guida turistica ufficiale<\/a><\/h3>\n\n\n\n<figure class=\"wp-block-embed is-type-video is-provider-youtube wp-block-embed-youtube wp-embed-aspect-16-9 wp-has-aspect-ratio\"><div class=\"wp-block-embed__wrapper\">\n<div class='avia-iframe-wrap'><iframe title=\"Visitas guiadas Valencia con gu\u00eda oficial\" width=\"1500\" height=\"844\" src=\"https:\/\/www.youtube.com\/embed\/ZaI0z9tIDbw?feature=oembed\" frameborder=\"0\" allow=\"accelerometer; autoplay; clipboard-write; encrypted-media; gyroscope; picture-in-picture\" allowfullscreen><\/iframe><\/div>\n<\/div><\/figure>\n\n\n\n<figure><figcaption>Gu\u00eda Valencia: visite guidate in centro storico di Valencia<\/figcaption><\/figure>\n\n\n\n<div style=\"height:35px\" aria-hidden=\"true\" class=\"wp-block-spacer\"><\/div>\n\n\n\n<h3 class=\"wp-block-heading\">Street art a Valencia con la guida ufficiale Angela<\/h3>\n\n\n\n<figure class=\"wp-block-embed is-type-video is-provider-youtube wp-block-embed-youtube wp-embed-aspect-16-9 wp-has-aspect-ratio\"><div class=\"wp-block-embed__wrapper\">\n<div class='avia-iframe-wrap'><iframe title=\"Ruta Street Art - grafiti en Valencia - Barrio del Carmen\" width=\"1500\" height=\"844\" src=\"https:\/\/www.youtube.com\/embed\/wR0ZZk9L9K8?feature=oembed\" frameborder=\"0\" allow=\"accelerometer; autoplay; clipboard-write; encrypted-media; gyroscope; picture-in-picture\" allowfullscreen><\/iframe><\/div>\n<\/div><\/figure>\n\n\n\n<h3 class=\"wp-block-heading\">Escursione al Parco Naturale dell&#8217;Albufera di Valencia<\/h3>\n\n\n\n<figure class=\"wp-block-embed is-type-video is-provider-youtube wp-block-embed-youtube wp-embed-aspect-16-9 wp-has-aspect-ratio\"><div class=\"wp-block-embed__wrapper\">\n<div class='avia-iframe-wrap'><iframe title=\"Albufera de Valencia - Rutas Devesa Saler\" width=\"1500\" height=\"844\" src=\"https:\/\/www.youtube.com\/embed\/IyTRNLriYkc?feature=oembed\" frameborder=\"0\" allow=\"accelerometer; autoplay; clipboard-write; encrypted-media; gyroscope; picture-in-picture\" allowfullscreen><\/iframe><\/div>\n<\/div><figcaption class=\"wp-element-caption\">Il Parco Naturale dell&#8217;Albufera e il suo lago d&#8217;acqua dolce, dista solo 11 km dal centro di Valencia ed \u00e8 incluso nella lista delle cosiddette zone umide d&#8217;importanza internazionale.<\/figcaption><\/figure>\n\n\n\n<h3 class=\"wp-block-heading\"><strong>Crem\u00e0 falla de l&#8217;Ajuntament 2020<\/strong> &#8211; Il fal\u00f2 della Piazza del Ayuntamiento di Valencia brusciato a porte chiuse a causa di Covid-19<\/h3>\n\n\n\n<figure class=\"wp-block-embed is-type-video is-provider-youtube wp-block-embed-youtube wp-embed-aspect-16-9 wp-has-aspect-ratio\"><div class=\"wp-block-embed__wrapper\">\n<div class='avia-iframe-wrap'><iframe title=\"Crem\u00e0FallaAjuntament\" width=\"1500\" height=\"844\" src=\"https:\/\/www.youtube.com\/embed\/MyYwiVR5yGs?feature=oembed\" frameborder=\"0\" allow=\"accelerometer; autoplay; clipboard-write; encrypted-media; gyroscope; picture-in-picture\" allowfullscreen><\/iframe><\/div>\n<\/div><\/figure>\n\n\n\n<h3 class=\"wp-block-heading\"><a href=\"https:\/\/avalencia.com\/guia-oficial-de-turismo\/\"><br><\/a>Video<a href=\"http:\/\/turismo.sagunto.es\/\"> Visita a Sagunto<\/a><\/h3>\n\n\n\n<figure class=\"wp-block-embed is-type-video is-provider-youtube wp-block-embed-youtube wp-embed-aspect-16-9 wp-has-aspect-ratio\"><div class=\"wp-block-embed__wrapper\">\n<div class='avia-iframe-wrap'><iframe title=\"Sagunto Valencia\" width=\"1500\" height=\"844\" src=\"https:\/\/www.youtube.com\/embed\/UX5l53qJ36w?feature=oembed\" frameborder=\"0\" allow=\"accelerometer; autoplay; clipboard-write; encrypted-media; gyroscope; picture-in-picture\" allowfullscreen><\/iframe><\/div>\n<\/div><\/figure>\n\n\n\n<figure><figcaption> Visita guidata di Sagunto, a 25 chilomitri da Valencia nella regione del Camp del Morverdre, una citt\u00e0 con pi\u00f9 di duemila anni di esistenza. <\/figcaption><\/figure>\n\n\n\n<h3 class=\"wp-block-heading\">La festa del Corpus Domini di Valencia<\/h3>\n\n\n\n<figure class=\"wp-block-embed is-type-video is-provider-youtube wp-block-embed-youtube wp-embed-aspect-16-9 wp-has-aspect-ratio\"><div class=\"wp-block-embed__wrapper\">\n<div class='avia-iframe-wrap'><iframe title=\"Gu\u00eda Valencia, Procesi\u00f3n del Corpus Valencia\" width=\"1500\" height=\"844\" src=\"https:\/\/www.youtube.com\/embed\/bxlDcPtHkdU?feature=oembed\" frameborder=\"0\" allow=\"accelerometer; autoplay; clipboard-write; encrypted-media; gyroscope; picture-in-picture\" allowfullscreen><\/iframe><\/div>\n<\/div><\/figure>\n\n\n\n<figure><figcaption>Gu\u00eda Valencia &#8211; Museo del Corpus Domini situato nell&#8217;antica Casa de las Rocas. <br>La festa del Corpus Domini \u00e8 considerata una delle pi\u00f9 importanti di Valencia. <\/figcaption><\/figure>\n\n\n\n<h3 class=\"wp-block-heading\"> La Valencia Romana<\/h3>\n\n\n\n<figure class=\"wp-block-embed is-type-video is-provider-youtube wp-block-embed-youtube wp-embed-aspect-16-9 wp-has-aspect-ratio\"><div class=\"wp-block-embed__wrapper\">\n<div class='avia-iframe-wrap'><iframe title=\"La Valencia Romana\" width=\"1500\" height=\"844\" src=\"https:\/\/www.youtube.com\/embed\/EZ3wr8XuAog?feature=oembed\" frameborder=\"0\" allow=\"accelerometer; autoplay; clipboard-write; encrypted-media; gyroscope; picture-in-picture\" allowfullscreen><\/iframe><\/div>\n<\/div><\/figure>\n\n\n\n<figure><figcaption>La Valencia romana con la guida ufficiale, scopri la nostra storia pi\u00f9 antica, la Valentia Edetanorum, fondata nel 138 a.C.<\/figcaption><\/figure>\n","protected":false},"excerpt":{"rendered":"<p>Video Tour a Valencia &#8211; Avalencia Centro storico di Valencia con guida turistica ufficiale Gu\u00eda Valencia: visite guidate in centro storico di Valencia Street art a Valencia con la guida ufficiale Angela Escursione al Parco Naturale dell&#8217;Albufera di Valencia Crem\u00e0 falla de l&#8217;Ajuntament 2020 &#8211; Il fal\u00f2 della Piazza del Ayuntamiento di Valencia brusciato a [&hellip;]<\/p>\n","protected":false},"author":3,"featured_media":0,"parent":0,"menu_order":0,"comment_status":"open","ping_status":"closed","template":"","meta":{"footnotes":""},"class_list":["post-5836","page","type-page","status-publish","hentry"],"yoast_head":"<!-- This site is optimized with the Yoast SEO plugin v26.8 - https:\/\/yoast.com\/product\/yoast-seo-wordpress\/ -->\n<title>Visitare Valencia I Videos Visite guidate con guida ufficiale I AValencia<\/title>\n<meta name=\"description\" content=\"Diversi video di Valencia con guida ufficiale \u00c1ngela Mar\u00ed Soler: Centro Storico di Valencia, il Museo del Corpus, il quartiere del Carmen...\" \/>\n<meta name=\"robots\" content=\"index, follow, max-snippet:-1, max-image-preview:large, max-video-preview:-1\" \/>\n<link rel=\"canonical\" href=\"https:\/\/avalencia.com\/it\/videos-visitare-valencia\/\" \/>\n<meta property=\"og:locale\" content=\"it_IT\" \/>\n<meta property=\"og:type\" content=\"article\" \/>\n<meta property=\"og:title\" content=\"Visitare Valencia I Videos Visite guidate con guida ufficiale I AValencia\" \/>\n<meta property=\"og:description\" content=\"Diversi video di Valencia con guida ufficiale \u00c1ngela Mar\u00ed Soler: Centro Storico di Valencia, il Museo del Corpus, il quartiere del Carmen...\" \/>\n<meta property=\"og:url\" content=\"https:\/\/avalencia.com\/it\/videos-visitare-valencia\/\" \/>\n<meta property=\"og:site_name\" content=\"AVALENCIA\" \/>\n<meta property=\"article:publisher\" content=\"https:\/\/www.facebook.com\/angela.marisoler\" \/>\n<meta property=\"article:modified_time\" content=\"2024-08-10T11:24:34+00:00\" \/>\n<meta name=\"twitter:card\" content=\"summary_large_image\" \/>\n<meta name=\"twitter:site\" content=\"@angelamari400\" \/>\n<meta name=\"twitter:label1\" content=\"Est. reading time\" \/>\n\t<meta name=\"twitter:data1\" content=\"1 minute\" \/>\n<script type=\"application\/ld+json\" class=\"yoast-schema-graph\">{\"@context\":\"https:\/\/schema.org\",\"@graph\":[{\"@type\":\"WebPage\",\"@id\":\"https:\/\/avalencia.com\/it\/videos-visitare-valencia\/\",\"url\":\"https:\/\/avalencia.com\/it\/videos-visitare-valencia\/\",\"name\":\"Visitare Valencia I Videos Visite guidate con guida ufficiale I AValencia\",\"isPartOf\":{\"@id\":\"https:\/\/avalencia.com\/it\/#website\"},\"datePublished\":\"2020-02-05T13:49:44+00:00\",\"dateModified\":\"2024-08-10T11:24:34+00:00\",\"description\":\"Diversi video di Valencia con guida ufficiale \u00c1ngela Mar\u00ed Soler: Centro Storico di Valencia, il Museo del Corpus, il quartiere del Carmen...\",\"breadcrumb\":{\"@id\":\"https:\/\/avalencia.com\/it\/videos-visitare-valencia\/#breadcrumb\"},\"inLanguage\":\"it-IT\",\"potentialAction\":[{\"@type\":\"ReadAction\",\"target\":[\"https:\/\/avalencia.com\/it\/videos-visitare-valencia\/\"]}]},{\"@type\":\"BreadcrumbList\",\"@id\":\"https:\/\/avalencia.com\/it\/videos-visitare-valencia\/#breadcrumb\",\"itemListElement\":[{\"@type\":\"ListItem\",\"position\":1,\"name\":\"Portada\",\"item\":\"https:\/\/avalencia.com\/it\/\"},{\"@type\":\"ListItem\",\"position\":2,\"name\":\"V\u00eddeo Tour Valencia\"}]},{\"@type\":\"WebSite\",\"@id\":\"https:\/\/avalencia.com\/it\/#website\",\"url\":\"https:\/\/avalencia.com\/it\/\",\"name\":\"AVALENCIA\",\"description\":\"Visitas culturales por Valencia y alrededores\",\"publisher\":{\"@id\":\"https:\/\/avalencia.com\/it\/#organization\"},\"potentialAction\":[{\"@type\":\"SearchAction\",\"target\":{\"@type\":\"EntryPoint\",\"urlTemplate\":\"https:\/\/avalencia.com\/it\/?s={search_term_string}\"},\"query-input\":{\"@type\":\"PropertyValueSpecification\",\"valueRequired\":true,\"valueName\":\"search_term_string\"}}],\"inLanguage\":\"it-IT\"},{\"@type\":\"Organization\",\"@id\":\"https:\/\/avalencia.com\/it\/#organization\",\"name\":\"Gu\u00eda Valencia\",\"url\":\"https:\/\/avalencia.com\/it\/\",\"logo\":{\"@type\":\"ImageObject\",\"inLanguage\":\"it-IT\",\"@id\":\"https:\/\/avalencia.com\/it\/#\/schema\/logo\/image\/\",\"url\":\"\",\"contentUrl\":\"\",\"caption\":\"Gu\u00eda Valencia\"},\"image\":{\"@id\":\"https:\/\/avalencia.com\/it\/#\/schema\/logo\/image\/\"},\"sameAs\":[\"https:\/\/www.facebook.com\/angela.marisoler\",\"https:\/\/x.com\/angelamari400\",\"https:\/\/www.instagram.com\/angelamarisoler\/\",\"https:\/\/www.linkedin.com\/feed\/?trk=guest_homepage-basic_sign-in-submit\",\"https:\/\/www.youtube.com\/channel\/UC4bWyTV2CWI65Qf0r1pjuXg?view_as=subscriber\"]}]}<\/script>\n<!-- \/ Yoast SEO plugin. -->","yoast_head_json":{"title":"Visitare Valencia I Videos Visite guidate con guida ufficiale I AValencia","description":"Diversi video di Valencia con guida ufficiale \u00c1ngela Mar\u00ed Soler: Centro Storico di Valencia, il Museo del Corpus, il quartiere del Carmen...","robots":{"index":"index","follow":"follow","max-snippet":"max-snippet:-1","max-image-preview":"max-image-preview:large","max-video-preview":"max-video-preview:-1"},"canonical":"https:\/\/avalencia.com\/it\/videos-visitare-valencia\/","og_locale":"it_IT","og_type":"article","og_title":"Visitare Valencia I Videos Visite guidate con guida ufficiale I AValencia","og_description":"Diversi video di Valencia con guida ufficiale \u00c1ngela Mar\u00ed Soler: Centro Storico di Valencia, il Museo del Corpus, il quartiere del Carmen...","og_url":"https:\/\/avalencia.com\/it\/videos-visitare-valencia\/","og_site_name":"AVALENCIA","article_publisher":"https:\/\/www.facebook.com\/angela.marisoler","article_modified_time":"2024-08-10T11:24:34+00:00","twitter_card":"summary_large_image","twitter_site":"@angelamari400","twitter_misc":{"Est. reading time":"1 minute"},"schema":{"@context":"https:\/\/schema.org","@graph":[{"@type":"WebPage","@id":"https:\/\/avalencia.com\/it\/videos-visitare-valencia\/","url":"https:\/\/avalencia.com\/it\/videos-visitare-valencia\/","name":"Visitare Valencia I Videos Visite guidate con guida ufficiale I AValencia","isPartOf":{"@id":"https:\/\/avalencia.com\/it\/#website"},"datePublished":"2020-02-05T13:49:44+00:00","dateModified":"2024-08-10T11:24:34+00:00","description":"Diversi video di Valencia con guida ufficiale \u00c1ngela Mar\u00ed Soler: Centro Storico di Valencia, il Museo del Corpus, il quartiere del Carmen...","breadcrumb":{"@id":"https:\/\/avalencia.com\/it\/videos-visitare-valencia\/#breadcrumb"},"inLanguage":"it-IT","potentialAction":[{"@type":"ReadAction","target":["https:\/\/avalencia.com\/it\/videos-visitare-valencia\/"]}]},{"@type":"BreadcrumbList","@id":"https:\/\/avalencia.com\/it\/videos-visitare-valencia\/#breadcrumb","itemListElement":[{"@type":"ListItem","position":1,"name":"Portada","item":"https:\/\/avalencia.com\/it\/"},{"@type":"ListItem","position":2,"name":"V\u00eddeo Tour Valencia"}]},{"@type":"WebSite","@id":"https:\/\/avalencia.com\/it\/#website","url":"https:\/\/avalencia.com\/it\/","name":"AVALENCIA","description":"Visitas culturales por Valencia y alrededores","publisher":{"@id":"https:\/\/avalencia.com\/it\/#organization"},"potentialAction":[{"@type":"SearchAction","target":{"@type":"EntryPoint","urlTemplate":"https:\/\/avalencia.com\/it\/?s={search_term_string}"},"query-input":{"@type":"PropertyValueSpecification","valueRequired":true,"valueName":"search_term_string"}}],"inLanguage":"it-IT"},{"@type":"Organization","@id":"https:\/\/avalencia.com\/it\/#organization","name":"Gu\u00eda Valencia","url":"https:\/\/avalencia.com\/it\/","logo":{"@type":"ImageObject","inLanguage":"it-IT","@id":"https:\/\/avalencia.com\/it\/#\/schema\/logo\/image\/","url":"","contentUrl":"","caption":"Gu\u00eda Valencia"},"image":{"@id":"https:\/\/avalencia.com\/it\/#\/schema\/logo\/image\/"},"sameAs":["https:\/\/www.facebook.com\/angela.marisoler","https:\/\/x.com\/angelamari400","https:\/\/www.instagram.com\/angelamarisoler\/","https:\/\/www.linkedin.com\/feed\/?trk=guest_homepage-basic_sign-in-submit","https:\/\/www.youtube.com\/channel\/UC4bWyTV2CWI65Qf0r1pjuXg?view_as=subscriber"]}]}},"featured_image_src":null,"featured_image_src_square":null,"_links":{"self":[{"href":"https:\/\/avalencia.com\/it\/wp-json\/wp\/v2\/pages\/5836","targetHints":{"allow":["GET"]}}],"collection":[{"href":"https:\/\/avalencia.com\/it\/wp-json\/wp\/v2\/pages"}],"about":[{"href":"https:\/\/avalencia.com\/it\/wp-json\/wp\/v2\/types\/page"}],"author":[{"embeddable":true,"href":"https:\/\/avalencia.com\/it\/wp-json\/wp\/v2\/users\/3"}],"replies":[{"embeddable":true,"href":"https:\/\/avalencia.com\/it\/wp-json\/wp\/v2\/comments?post=5836"}],"version-history":[{"count":1,"href":"https:\/\/avalencia.com\/it\/wp-json\/wp\/v2\/pages\/5836\/revisions"}],"predecessor-version":[{"id":18762,"href":"https:\/\/avalencia.com\/it\/wp-json\/wp\/v2\/pages\/5836\/revisions\/18762"}],"wp:attachment":[{"href":"https:\/\/avalencia.com\/it\/wp-json\/wp\/v2\/media?parent=5836"}],"curies":[{"name":"wp","href":"https:\/\/api.w.org\/{rel}","templated":true}]}}