{"id":6652,"date":"2020-05-04T18:46:38","date_gmt":"2020-05-04T18:46:38","guid":{"rendered":"https:\/\/avalencia.com\/?page_id=6652"},"modified":"2022-08-30T10:38:34","modified_gmt":"2022-08-30T10:38:34","slug":"la-valentia-romana-origini-della-citta","status":"publish","type":"page","link":"https:\/\/avalencia.com\/it\/la-valentia-romana-origini-della-citta\/","title":{"rendered":"La Valentia romana origini della citt\u00e0"},"content":{"rendered":"\n<h1 class=\"wp-block-heading\"><strong><em>La Valentia romana<\/em><\/strong><\/h1>\n\n\n\n<p><\/p>\n\n\n\n<h3 class=\"wp-block-heading\"><strong>L<em>a nostra storia pi\u00f9 antica<\/em><\/strong> &#8211; La Valentia Edetanorum <\/h3>\n\n\n\n<p><br>Resti dela Valentia romana si possono ancora vedere: resti di mura, dell&#8217;acquedotto, del circo romano, della ceramica, ecc.  in spazi privati, a livello della strada o negli Scavi dell&#8217;Almoina e della Cripta di San Vicente M\u00e1rtir.<br>Valentia fu fondata nel 138 a.C. sotto il consolato di D\u00e9cimo Junio Bruto su un&#8217;isola fluviale a pochi chilometri nell&#8217;entroterra,  su una piccola altitudine topografica.  Ma cosa \u00e8 successo prima della fondazione romana? Ora abbiamo gi\u00e0 fonti archeologiche che mostrano che gi\u00e0 prima della fondazione della citt\u00e0 romana, in quello che \u00e8 Valencia e la sua pianura fertile, c&#8217;erano gruppi umani \u2026<\/p>\n\n\n\n<p><strong><em> <\/em><\/strong><\/p>\n\n\n\n<figure class=\"wp-block-gallery has-nested-images columns-default is-cropped wp-block-gallery-1 is-layout-flex wp-block-gallery-is-layout-flex\">\n<figure class=\"wp-block-image size-full\"><a href=\"https:\/\/avalencia.com\/wp-content\/uploads\/2022\/07\/GL-01-01-la-valencia-romana-2019-11-24-1.webp\"><img decoding=\"async\" width=\"900\" height=\"675\" data-id=\"16315\" src=\"https:\/\/avalencia.com\/wp-content\/uploads\/2022\/07\/GL-01-01-la-valencia-romana-2019-11-24-1.webp\" alt=\"Centro archeologico di Valencia\" class=\"wp-image-16315\" srcset=\"https:\/\/avalencia.com\/wp-content\/uploads\/2022\/07\/GL-01-01-la-valencia-romana-2019-11-24-1.webp 900w, https:\/\/avalencia.com\/wp-content\/uploads\/2022\/07\/GL-01-01-la-valencia-romana-2019-11-24-1-300x225.webp 300w, https:\/\/avalencia.com\/wp-content\/uploads\/2022\/07\/GL-01-01-la-valencia-romana-2019-11-24-1-768x576.webp 768w, https:\/\/avalencia.com\/wp-content\/uploads\/2022\/07\/GL-01-01-la-valencia-romana-2019-11-24-1-705x529.webp 705w\" sizes=\"(max-width: 900px) 100vw, 900px\" \/><\/a><\/figure>\n\n\n\n<figure class=\"wp-block-image size-full\"><a href=\"https:\/\/avalencia.com\/wp-content\/uploads\/2022\/07\/GL-01-02-la-valencia-romana-20191124_133624-1.webp\"><img decoding=\"async\" width=\"900\" height=\"675\" data-id=\"16320\" src=\"https:\/\/avalencia.com\/wp-content\/uploads\/2022\/07\/GL-01-02-la-valencia-romana-20191124_133624-1.webp\" alt=\"Museo del centro archeologico di Valencia\" class=\"wp-image-16320\" srcset=\"https:\/\/avalencia.com\/wp-content\/uploads\/2022\/07\/GL-01-02-la-valencia-romana-20191124_133624-1.webp 900w, https:\/\/avalencia.com\/wp-content\/uploads\/2022\/07\/GL-01-02-la-valencia-romana-20191124_133624-1-300x225.webp 300w, https:\/\/avalencia.com\/wp-content\/uploads\/2022\/07\/GL-01-02-la-valencia-romana-20191124_133624-1-768x576.webp 768w, https:\/\/avalencia.com\/wp-content\/uploads\/2022\/07\/GL-01-02-la-valencia-romana-20191124_133624-1-705x529.webp 705w\" sizes=\"(max-width: 900px) 100vw, 900px\" \/><\/a><\/figure>\n\n\n\n<figure class=\"wp-block-image size-full\"><a href=\"https:\/\/avalencia.com\/wp-content\/uploads\/2022\/07\/GL-01-03-la-valencia-romana-Almoina-Termas1-24-11-2019-1.webp\"><img decoding=\"async\" width=\"900\" height=\"675\" data-id=\"16325\" src=\"https:\/\/avalencia.com\/wp-content\/uploads\/2022\/07\/GL-01-03-la-valencia-romana-Almoina-Termas1-24-11-2019-1.webp\" alt=\"resti archeologici di Valencia\" class=\"wp-image-16325\" srcset=\"https:\/\/avalencia.com\/wp-content\/uploads\/2022\/07\/GL-01-03-la-valencia-romana-Almoina-Termas1-24-11-2019-1.webp 900w, https:\/\/avalencia.com\/wp-content\/uploads\/2022\/07\/GL-01-03-la-valencia-romana-Almoina-Termas1-24-11-2019-1-300x225.webp 300w, https:\/\/avalencia.com\/wp-content\/uploads\/2022\/07\/GL-01-03-la-valencia-romana-Almoina-Termas1-24-11-2019-1-768x576.webp 768w, https:\/\/avalencia.com\/wp-content\/uploads\/2022\/07\/GL-01-03-la-valencia-romana-Almoina-Termas1-24-11-2019-1-705x529.webp 705w\" sizes=\"(max-width: 900px) 100vw, 900px\" \/><\/a><\/figure>\n\n\n\n<figure class=\"wp-block-image size-full\"><a href=\"https:\/\/avalencia.com\/wp-content\/uploads\/2022\/07\/GL01-04-la-valencia-romana-CardoMaximo-24-11-2019-1.webp\"><img decoding=\"async\" width=\"900\" height=\"675\" data-id=\"16330\" src=\"https:\/\/avalencia.com\/wp-content\/uploads\/2022\/07\/GL01-04-la-valencia-romana-CardoMaximo-24-11-2019-1.webp\" alt=\"visita al Museo Archeologico di Valencia\" class=\"wp-image-16330\" srcset=\"https:\/\/avalencia.com\/wp-content\/uploads\/2022\/07\/GL01-04-la-valencia-romana-CardoMaximo-24-11-2019-1.webp 900w, https:\/\/avalencia.com\/wp-content\/uploads\/2022\/07\/GL01-04-la-valencia-romana-CardoMaximo-24-11-2019-1-300x225.webp 300w, https:\/\/avalencia.com\/wp-content\/uploads\/2022\/07\/GL01-04-la-valencia-romana-CardoMaximo-24-11-2019-1-768x576.webp 768w, https:\/\/avalencia.com\/wp-content\/uploads\/2022\/07\/GL01-04-la-valencia-romana-CardoMaximo-24-11-2019-1-705x529.webp 705w\" sizes=\"(max-width: 900px) 100vw, 900px\" \/><\/a><\/figure>\n\n\n\n<figure class=\"wp-block-image size-full\"><a href=\"https:\/\/avalencia.com\/wp-content\/uploads\/2022\/07\/GL-01-05-la-valencia-romana-Acueducto-24-11-19-1.webp\"><img decoding=\"async\" width=\"900\" height=\"675\" data-id=\"16335\" src=\"https:\/\/avalencia.com\/wp-content\/uploads\/2022\/07\/GL-01-05-la-valencia-romana-Acueducto-24-11-19-1.webp\" alt=\"archeologia di Valencia\" class=\"wp-image-16335\" srcset=\"https:\/\/avalencia.com\/wp-content\/uploads\/2022\/07\/GL-01-05-la-valencia-romana-Acueducto-24-11-19-1.webp 900w, https:\/\/avalencia.com\/wp-content\/uploads\/2022\/07\/GL-01-05-la-valencia-romana-Acueducto-24-11-19-1-300x225.webp 300w, https:\/\/avalencia.com\/wp-content\/uploads\/2022\/07\/GL-01-05-la-valencia-romana-Acueducto-24-11-19-1-768x576.webp 768w, https:\/\/avalencia.com\/wp-content\/uploads\/2022\/07\/GL-01-05-la-valencia-romana-Acueducto-24-11-19-1-705x529.webp 705w\" sizes=\"(max-width: 900px) 100vw, 900px\" \/><\/a><\/figure>\n\n\n\n<figure class=\"wp-block-image size-full\"><a href=\"https:\/\/avalencia.com\/wp-content\/uploads\/2022\/07\/GL-01-06-la-valencia-romana-LaMeta24-11-2019-1.webp\"><img decoding=\"async\" data-id=\"16340\" src=\"https:\/\/avalencia.com\/wp-content\/uploads\/2022\/07\/GL-01-06-la-valencia-romana-LaMeta24-11-2019-1.webp\" alt=\"Museo Archeologico di Valencia\" class=\"wp-image-16340\"\/><\/a><figcaption>The Roman Valentia<\/figcaption><\/figure>\n<\/figure>\n\n\n\n<p><strong><em>Vieni a scoprire la <a href=\"https:\/\/historiaeweb.com\/2018\/04\/21\/valentia-edetanorum\/\" target=\"_blank\" rel=\"noreferrer noopener\">Valentia Edetanorum<\/a> !!<\/em><\/strong><\/p>\n\n\n\n<div class=\"wp-block-buttons is-layout-flex wp-block-buttons-is-layout-flex\">\n<div class=\"wp-block-button\"><a class=\"wp-block-button__link\" href=\"https:\/\/avalencia.com\/it\/contatto-guida-ufficiale-di-valencia\/\" target=\"_blank\" rel=\"noreferrer noopener\">Con Angela Mar\u00ed Soler<\/a><\/div>\n<\/div>\n\n\n\n<div style=\"color:#ddd\" class=\"wp-block-atomic-blocks-ab-spacer ab-block-spacer ab-divider-solid ab-divider-size-1\"><hr style=\"height:30px\"\/><\/div>\n\n\n<div  class='av-social-sharing-box  avia-builder-el-0  avia-builder-el-no-sibling  '><div class='av-share-box'><h5 class='av-share-link-description av-no-toc '>Condividi<\/h5><ul class='av-share-box-list noLightbox'><li class='av-share-link av-social-link-facebook' ><a target=\"_blank\" aria-label=\"Condividi su Facebook\" href='https:\/\/www.facebook.com\/sharer.php?u=https:\/\/avalencia.com\/it\/la-valentia-romana-origini-della-citta\/&#038;t=La%20Valentia%20romana%20origini%20della%20citt%C3%A0' aria-hidden='false' data-av_icon='\ue8f3' data-av_iconfont='entypo-fontello' title='' data-avia-related-tooltip='Condividi su Facebook' rel=\"noopener\"><span class='avia_hidden_link_text'>Condividi su Facebook<\/span><\/a><\/li><li class='av-share-link av-social-link-twitter' ><a target=\"_blank\" aria-label=\"Condividi su Twitter\" href='https:\/\/twitter.com\/share?text=La%20Valentia%20romana%20origini%20della%20citt%C3%A0&#038;url=https:\/\/avalencia.com\/it\/?p=6652' aria-hidden='false' data-av_icon='\ue8f1' data-av_iconfont='entypo-fontello' title='' data-avia-related-tooltip='Condividi su Twitter' rel=\"noopener\"><span class='avia_hidden_link_text'>Condividi su Twitter<\/span><\/a><\/li><li class='av-share-link av-social-link-pinterest' ><a target=\"_blank\" aria-label=\"Condividi su Pinterest\" href='https:\/\/pinterest.com\/pin\/create\/button\/?url=https%3A%2F%2Favalencia.com%2Fit%2Fla-valentia-romana-origini-della-citta%2F&#038;description=La%20Valentia%20romana%20origini%20della%20citt%C3%A0&#038;media=https%3A%2F%2Favalencia.com%2Fwp-content%2Fuploads%2F2022%2F07%2F80-destacada-La-valencia-romana-ExcavacionesAlmoina24-11-020-1-705x322.webp' aria-hidden='false' data-av_icon='\ue8f8' data-av_iconfont='entypo-fontello' title='' data-avia-related-tooltip='Condividi su Pinterest' rel=\"noopener\"><span class='avia_hidden_link_text'>Condividi su Pinterest<\/span><\/a><\/li><li class='av-share-link av-social-link-linkedin' ><a target=\"_blank\" aria-label=\"Condividi su LinkedIn\" href='https:\/\/linkedin.com\/shareArticle?mini=true&#038;title=La%20Valentia%20romana%20origini%20della%20citt%C3%A0&#038;url=https:\/\/avalencia.com\/it\/la-valentia-romana-origini-della-citta\/' aria-hidden='false' data-av_icon='\ue8fc' data-av_iconfont='entypo-fontello' title='' data-avia-related-tooltip='Condividi su LinkedIn' rel=\"noopener\"><span class='avia_hidden_link_text'>Condividi su LinkedIn<\/span><\/a><\/li><li class='av-share-link av-social-link-mail' ><a  aria-label=\"Condividi attraverso Mail\" href='mailto:?subject=La%20Valentia%20romana%20origini%20della%20citt%C3%A0&#038;body=https:\/\/avalencia.com\/it\/la-valentia-romana-origini-della-citta\/' aria-hidden='false' data-av_icon='\ue805' data-av_iconfont='entypo-fontello' title='' data-avia-related-tooltip='Condividi attraverso Mail'><span class='avia_hidden_link_text'>Condividi attraverso Mail<\/span><\/a><\/li><\/ul><\/div><\/div>\n","protected":false},"excerpt":{"rendered":"<p>La Valentia romana La nostra storia pi\u00f9 antica &#8211; La Valentia Edetanorum Resti dela Valentia romana si possono ancora vedere: resti di mura, dell&#8217;acquedotto, del circo romano, della ceramica, ecc. in spazi privati, a livello della strada o negli Scavi dell&#8217;Almoina e della Cripta di San Vicente M\u00e1rtir.Valentia fu fondata nel 138 a.C. sotto il [&hellip;]<\/p>\n","protected":false},"author":3,"featured_media":16309,"parent":0,"menu_order":0,"comment_status":"closed","ping_status":"closed","template":"","meta":{"footnotes":""},"class_list":["post-6652","page","type-page","status-publish","has-post-thumbnail","hentry"],"yoast_head":"<!-- This site is optimized with the Yoast SEO plugin v26.8 - https:\/\/yoast.com\/product\/yoast-seo-wordpress\/ -->\n<title>La Valentia romana orinigi della citt\u00e0 | AValentia<\/title>\n<meta name=\"description\" content=\"Resti di &quot;Valentia Edetanorum&quot;, la Valentia romana si possono ancora vedere resti di mura, dell&#039;acquedotto, del circo... vieni a scoprirla\" \/>\n<meta name=\"robots\" content=\"index, follow, max-snippet:-1, max-image-preview:large, max-video-preview:-1\" \/>\n<link rel=\"canonical\" href=\"https:\/\/avalencia.com\/it\/la-valentia-romana-origini-della-citta\/\" \/>\n<meta property=\"og:locale\" content=\"it_IT\" \/>\n<meta property=\"og:type\" content=\"article\" \/>\n<meta property=\"og:title\" content=\"La Valentia romana orinigi della citt\u00e0 | AValentia\" \/>\n<meta property=\"og:description\" content=\"Resti di &quot;Valentia Edetanorum&quot;, la Valentia romana si possono ancora vedere resti di mura, dell&#039;acquedotto, del circo... vieni a scoprirla\" \/>\n<meta property=\"og:url\" content=\"https:\/\/avalencia.com\/it\/la-valentia-romana-origini-della-citta\/\" \/>\n<meta property=\"og:site_name\" content=\"AVALENCIA\" \/>\n<meta property=\"article:publisher\" content=\"https:\/\/www.facebook.com\/angela.marisoler\" \/>\n<meta property=\"article:modified_time\" content=\"2022-08-30T10:38:34+00:00\" \/>\n<meta property=\"og:image\" content=\"https:\/\/avalencia.com\/wp-content\/uploads\/2022\/07\/80-destacada-La-valencia-romana-ExcavacionesAlmoina24-11-020-1.webp\" \/>\n\t<meta property=\"og:image:width\" content=\"1200\" \/>\n\t<meta property=\"og:image:height\" content=\"548\" \/>\n\t<meta property=\"og:image:type\" content=\"image\/webp\" \/>\n<meta name=\"twitter:card\" content=\"summary_large_image\" \/>\n<meta name=\"twitter:site\" content=\"@angelamari400\" \/>\n<meta name=\"twitter:label1\" content=\"Est. reading time\" \/>\n\t<meta name=\"twitter:data1\" content=\"2 minutes\" \/>\n<script type=\"application\/ld+json\" class=\"yoast-schema-graph\">{\"@context\":\"https:\/\/schema.org\",\"@graph\":[{\"@type\":\"WebPage\",\"@id\":\"https:\/\/avalencia.com\/it\/la-valentia-romana-origini-della-citta\/\",\"url\":\"https:\/\/avalencia.com\/it\/la-valentia-romana-origini-della-citta\/\",\"name\":\"La Valentia romana orinigi della citt\u00e0 | AValentia\",\"isPartOf\":{\"@id\":\"https:\/\/avalencia.com\/it\/#website\"},\"primaryImageOfPage\":{\"@id\":\"https:\/\/avalencia.com\/it\/la-valentia-romana-origini-della-citta\/#primaryimage\"},\"image\":{\"@id\":\"https:\/\/avalencia.com\/it\/la-valentia-romana-origini-della-citta\/#primaryimage\"},\"thumbnailUrl\":\"https:\/\/avalencia.com\/wp-content\/uploads\/2022\/07\/80-destacada-La-valencia-romana-ExcavacionesAlmoina24-11-020-1.webp\",\"datePublished\":\"2020-05-04T18:46:38+00:00\",\"dateModified\":\"2022-08-30T10:38:34+00:00\",\"description\":\"Resti di \\\"Valentia Edetanorum\\\", la Valentia romana si possono ancora vedere resti di mura, dell'acquedotto, del circo... vieni a scoprirla\",\"breadcrumb\":{\"@id\":\"https:\/\/avalencia.com\/it\/la-valentia-romana-origini-della-citta\/#breadcrumb\"},\"inLanguage\":\"it-IT\",\"potentialAction\":[{\"@type\":\"ReadAction\",\"target\":[\"https:\/\/avalencia.com\/it\/la-valentia-romana-origini-della-citta\/\"]}]},{\"@type\":\"ImageObject\",\"inLanguage\":\"it-IT\",\"@id\":\"https:\/\/avalencia.com\/it\/la-valentia-romana-origini-della-citta\/#primaryimage\",\"url\":\"https:\/\/avalencia.com\/wp-content\/uploads\/2022\/07\/80-destacada-La-valencia-romana-ExcavacionesAlmoina24-11-020-1.webp\",\"contentUrl\":\"https:\/\/avalencia.com\/wp-content\/uploads\/2022\/07\/80-destacada-La-valencia-romana-ExcavacionesAlmoina24-11-020-1.webp\",\"width\":1200,\"height\":548},{\"@type\":\"BreadcrumbList\",\"@id\":\"https:\/\/avalencia.com\/it\/la-valentia-romana-origini-della-citta\/#breadcrumb\",\"itemListElement\":[{\"@type\":\"ListItem\",\"position\":1,\"name\":\"Portada\",\"item\":\"https:\/\/avalencia.com\/it\/\"},{\"@type\":\"ListItem\",\"position\":2,\"name\":\"La Valentia romana origini della citt\u00e0\"}]},{\"@type\":\"WebSite\",\"@id\":\"https:\/\/avalencia.com\/it\/#website\",\"url\":\"https:\/\/avalencia.com\/it\/\",\"name\":\"AVALENCIA\",\"description\":\"Visitas culturales por Valencia y alrededores\",\"publisher\":{\"@id\":\"https:\/\/avalencia.com\/it\/#organization\"},\"potentialAction\":[{\"@type\":\"SearchAction\",\"target\":{\"@type\":\"EntryPoint\",\"urlTemplate\":\"https:\/\/avalencia.com\/it\/?s={search_term_string}\"},\"query-input\":{\"@type\":\"PropertyValueSpecification\",\"valueRequired\":true,\"valueName\":\"search_term_string\"}}],\"inLanguage\":\"it-IT\"},{\"@type\":\"Organization\",\"@id\":\"https:\/\/avalencia.com\/it\/#organization\",\"name\":\"Gu\u00eda Valencia\",\"url\":\"https:\/\/avalencia.com\/it\/\",\"logo\":{\"@type\":\"ImageObject\",\"inLanguage\":\"it-IT\",\"@id\":\"https:\/\/avalencia.com\/it\/#\/schema\/logo\/image\/\",\"url\":\"\",\"contentUrl\":\"\",\"caption\":\"Gu\u00eda Valencia\"},\"image\":{\"@id\":\"https:\/\/avalencia.com\/it\/#\/schema\/logo\/image\/\"},\"sameAs\":[\"https:\/\/www.facebook.com\/angela.marisoler\",\"https:\/\/x.com\/angelamari400\",\"https:\/\/www.instagram.com\/angelamarisoler\/\",\"https:\/\/www.linkedin.com\/feed\/?trk=guest_homepage-basic_sign-in-submit\",\"https:\/\/www.youtube.com\/channel\/UC4bWyTV2CWI65Qf0r1pjuXg?view_as=subscriber\"]}]}<\/script>\n<!-- \/ Yoast SEO plugin. -->","yoast_head_json":{"title":"La Valentia romana orinigi della citt\u00e0 | AValentia","description":"Resti di \"Valentia Edetanorum\", la Valentia romana si possono ancora vedere resti di mura, dell'acquedotto, del circo... vieni a scoprirla","robots":{"index":"index","follow":"follow","max-snippet":"max-snippet:-1","max-image-preview":"max-image-preview:large","max-video-preview":"max-video-preview:-1"},"canonical":"https:\/\/avalencia.com\/it\/la-valentia-romana-origini-della-citta\/","og_locale":"it_IT","og_type":"article","og_title":"La Valentia romana orinigi della citt\u00e0 | AValentia","og_description":"Resti di \"Valentia Edetanorum\", la Valentia romana si possono ancora vedere resti di mura, dell'acquedotto, del circo... vieni a scoprirla","og_url":"https:\/\/avalencia.com\/it\/la-valentia-romana-origini-della-citta\/","og_site_name":"AVALENCIA","article_publisher":"https:\/\/www.facebook.com\/angela.marisoler","article_modified_time":"2022-08-30T10:38:34+00:00","og_image":[{"width":1200,"height":548,"url":"https:\/\/avalencia.com\/wp-content\/uploads\/2022\/07\/80-destacada-La-valencia-romana-ExcavacionesAlmoina24-11-020-1.webp","type":"image\/webp"}],"twitter_card":"summary_large_image","twitter_site":"@angelamari400","twitter_misc":{"Est. reading time":"2 minutes"},"schema":{"@context":"https:\/\/schema.org","@graph":[{"@type":"WebPage","@id":"https:\/\/avalencia.com\/it\/la-valentia-romana-origini-della-citta\/","url":"https:\/\/avalencia.com\/it\/la-valentia-romana-origini-della-citta\/","name":"La Valentia romana orinigi della citt\u00e0 | AValentia","isPartOf":{"@id":"https:\/\/avalencia.com\/it\/#website"},"primaryImageOfPage":{"@id":"https:\/\/avalencia.com\/it\/la-valentia-romana-origini-della-citta\/#primaryimage"},"image":{"@id":"https:\/\/avalencia.com\/it\/la-valentia-romana-origini-della-citta\/#primaryimage"},"thumbnailUrl":"https:\/\/avalencia.com\/wp-content\/uploads\/2022\/07\/80-destacada-La-valencia-romana-ExcavacionesAlmoina24-11-020-1.webp","datePublished":"2020-05-04T18:46:38+00:00","dateModified":"2022-08-30T10:38:34+00:00","description":"Resti di \"Valentia Edetanorum\", la Valentia romana si possono ancora vedere resti di mura, dell'acquedotto, del circo... vieni a scoprirla","breadcrumb":{"@id":"https:\/\/avalencia.com\/it\/la-valentia-romana-origini-della-citta\/#breadcrumb"},"inLanguage":"it-IT","potentialAction":[{"@type":"ReadAction","target":["https:\/\/avalencia.com\/it\/la-valentia-romana-origini-della-citta\/"]}]},{"@type":"ImageObject","inLanguage":"it-IT","@id":"https:\/\/avalencia.com\/it\/la-valentia-romana-origini-della-citta\/#primaryimage","url":"https:\/\/avalencia.com\/wp-content\/uploads\/2022\/07\/80-destacada-La-valencia-romana-ExcavacionesAlmoina24-11-020-1.webp","contentUrl":"https:\/\/avalencia.com\/wp-content\/uploads\/2022\/07\/80-destacada-La-valencia-romana-ExcavacionesAlmoina24-11-020-1.webp","width":1200,"height":548},{"@type":"BreadcrumbList","@id":"https:\/\/avalencia.com\/it\/la-valentia-romana-origini-della-citta\/#breadcrumb","itemListElement":[{"@type":"ListItem","position":1,"name":"Portada","item":"https:\/\/avalencia.com\/it\/"},{"@type":"ListItem","position":2,"name":"La Valentia romana origini della citt\u00e0"}]},{"@type":"WebSite","@id":"https:\/\/avalencia.com\/it\/#website","url":"https:\/\/avalencia.com\/it\/","name":"AVALENCIA","description":"Visitas culturales por Valencia y alrededores","publisher":{"@id":"https:\/\/avalencia.com\/it\/#organization"},"potentialAction":[{"@type":"SearchAction","target":{"@type":"EntryPoint","urlTemplate":"https:\/\/avalencia.com\/it\/?s={search_term_string}"},"query-input":{"@type":"PropertyValueSpecification","valueRequired":true,"valueName":"search_term_string"}}],"inLanguage":"it-IT"},{"@type":"Organization","@id":"https:\/\/avalencia.com\/it\/#organization","name":"Gu\u00eda Valencia","url":"https:\/\/avalencia.com\/it\/","logo":{"@type":"ImageObject","inLanguage":"it-IT","@id":"https:\/\/avalencia.com\/it\/#\/schema\/logo\/image\/","url":"","contentUrl":"","caption":"Gu\u00eda Valencia"},"image":{"@id":"https:\/\/avalencia.com\/it\/#\/schema\/logo\/image\/"},"sameAs":["https:\/\/www.facebook.com\/angela.marisoler","https:\/\/x.com\/angelamari400","https:\/\/www.instagram.com\/angelamarisoler\/","https:\/\/www.linkedin.com\/feed\/?trk=guest_homepage-basic_sign-in-submit","https:\/\/www.youtube.com\/channel\/UC4bWyTV2CWI65Qf0r1pjuXg?view_as=subscriber"]}]}},"featured_image_src":"https:\/\/avalencia.com\/wp-content\/uploads\/2022\/07\/80-destacada-La-valencia-romana-ExcavacionesAlmoina24-11-020-1-600x400.webp","featured_image_src_square":"https:\/\/avalencia.com\/wp-content\/uploads\/2022\/07\/80-destacada-La-valencia-romana-ExcavacionesAlmoina24-11-020-1-600x548.webp","_links":{"self":[{"href":"https:\/\/avalencia.com\/it\/wp-json\/wp\/v2\/pages\/6652","targetHints":{"allow":["GET"]}}],"collection":[{"href":"https:\/\/avalencia.com\/it\/wp-json\/wp\/v2\/pages"}],"about":[{"href":"https:\/\/avalencia.com\/it\/wp-json\/wp\/v2\/types\/page"}],"author":[{"embeddable":true,"href":"https:\/\/avalencia.com\/it\/wp-json\/wp\/v2\/users\/3"}],"replies":[{"embeddable":true,"href":"https:\/\/avalencia.com\/it\/wp-json\/wp\/v2\/comments?post=6652"}],"version-history":[{"count":0,"href":"https:\/\/avalencia.com\/it\/wp-json\/wp\/v2\/pages\/6652\/revisions"}],"wp:featuredmedia":[{"embeddable":true,"href":"https:\/\/avalencia.com\/it\/wp-json\/wp\/v2\/media\/16309"}],"wp:attachment":[{"href":"https:\/\/avalencia.com\/it\/wp-json\/wp\/v2\/media?parent=6652"}],"curies":[{"name":"wp","href":"https:\/\/api.w.org\/{rel}","templated":true}]}}