{"id":6717,"date":"2020-05-05T08:29:17","date_gmt":"2020-05-05T08:29:17","guid":{"rendered":"https:\/\/avalencia.com\/?page_id=6717"},"modified":"2022-09-01T09:00:12","modified_gmt":"2022-09-01T09:00:12","slug":"via-della-seta-valencia","status":"publish","type":"page","link":"https:\/\/avalencia.com\/it\/via-della-seta-valencia\/","title":{"rendered":"Via della Seta Valencia"},"content":{"rendered":"\n<h1 class=\"wp-block-heading\">Visita guidada &#8220;<em><strong>La Via della Seta<\/strong><\/em>&#8220;<\/h1>\n\n\n\n<p>La Spagna \u00e8 stata inclusa nel 2015 come 32 \u00b0 Stato membro nel Programma della Via della Seta dell&#8217;UNESCO. <\/p>\n\n\n\n<p>Valencia era un importante centro serico, situato al chilometro 9090 delle mappe storiche del percorso. <\/p>\n\n\n\n<p>Nei quartieri di Velluters e Mercat abbiamo gli edifici pi\u00f9 emblematici che ci ricordano la loro importanza storica.<\/p>\n\n\n\n<figure class=\"wp-block-gallery has-nested-images columns-default is-cropped wp-block-gallery-1 is-layout-flex wp-block-gallery-is-layout-flex\">\n<figure class=\"wp-block-image size-full\"><a href=\"https:\/\/avalencia.com\/wp-content\/uploads\/2022\/07\/GL-01-01-02-Ruta-de-la-Seda-taller-March-1.webp\"><img decoding=\"async\" width=\"756\" height=\"454\" data-id=\"16362\" src=\"https:\/\/avalencia.com\/wp-content\/uploads\/2022\/07\/GL-01-01-02-Ruta-de-la-Seda-taller-March-1.webp\" alt=\"Via della seta Valencia\" class=\"wp-image-16362\" srcset=\"https:\/\/avalencia.com\/wp-content\/uploads\/2022\/07\/GL-01-01-02-Ruta-de-la-Seda-taller-March-1.webp 756w, https:\/\/avalencia.com\/wp-content\/uploads\/2022\/07\/GL-01-01-02-Ruta-de-la-Seda-taller-March-1-300x180.webp 300w, https:\/\/avalencia.com\/wp-content\/uploads\/2022\/07\/GL-01-01-02-Ruta-de-la-Seda-taller-March-1-705x423.webp 705w\" sizes=\"(max-width: 756px) 100vw, 756px\" \/><\/a><\/figure>\n\n\n\n<figure class=\"wp-block-image size-full\"><a href=\"https:\/\/avalencia.com\/wp-content\/uploads\/2022\/07\/GL-01-02-Ruta-de-la-Seda-Museo-Seda-1.webp\"><img decoding=\"async\" width=\"850\" height=\"637\" data-id=\"16367\" src=\"https:\/\/avalencia.com\/wp-content\/uploads\/2022\/07\/GL-01-02-Ruta-de-la-Seda-Museo-Seda-1.webp\" alt=\"Guida turistica di Valencia \" class=\"wp-image-16367\" srcset=\"https:\/\/avalencia.com\/wp-content\/uploads\/2022\/07\/GL-01-02-Ruta-de-la-Seda-Museo-Seda-1.webp 850w, https:\/\/avalencia.com\/wp-content\/uploads\/2022\/07\/GL-01-02-Ruta-de-la-Seda-Museo-Seda-1-300x225.webp 300w, https:\/\/avalencia.com\/wp-content\/uploads\/2022\/07\/GL-01-02-Ruta-de-la-Seda-Museo-Seda-1-768x576.webp 768w, https:\/\/avalencia.com\/wp-content\/uploads\/2022\/07\/GL-01-02-Ruta-de-la-Seda-Museo-Seda-1-705x528.webp 705w\" sizes=\"(max-width: 850px) 100vw, 850px\" \/><\/a><\/figure>\n\n\n\n<figure class=\"wp-block-image size-full\"><a href=\"https:\/\/avalencia.com\/wp-content\/uploads\/2022\/07\/GL-02-02-Ruta-de-la-Seda-07-06-2020-4-copia-1.webp\"><img decoding=\"async\" width=\"900\" height=\"604\" data-id=\"16383\" src=\"https:\/\/avalencia.com\/wp-content\/uploads\/2022\/07\/GL-02-02-Ruta-de-la-Seda-07-06-2020-4-copia-1.webp\" alt=\"Guida turistica via della seta Valencia\" class=\"wp-image-16383\" srcset=\"https:\/\/avalencia.com\/wp-content\/uploads\/2022\/07\/GL-02-02-Ruta-de-la-Seda-07-06-2020-4-copia-1.webp 900w, https:\/\/avalencia.com\/wp-content\/uploads\/2022\/07\/GL-02-02-Ruta-de-la-Seda-07-06-2020-4-copia-1-300x201.webp 300w, https:\/\/avalencia.com\/wp-content\/uploads\/2022\/07\/GL-02-02-Ruta-de-la-Seda-07-06-2020-4-copia-1-768x515.webp 768w, https:\/\/avalencia.com\/wp-content\/uploads\/2022\/07\/GL-02-02-Ruta-de-la-Seda-07-06-2020-4-copia-1-705x473.webp 705w\" sizes=\"(max-width: 900px) 100vw, 900px\" \/><\/a><\/figure>\n\n\n\n<figure class=\"wp-block-image size-full\"><a href=\"https:\/\/avalencia.com\/wp-content\/uploads\/2022\/07\/GL-02-03-Ruta-de-la-Seda-07-06-2020-5-1.webp\"><img decoding=\"async\" width=\"900\" height=\"604\" data-id=\"16388\" src=\"https:\/\/avalencia.com\/wp-content\/uploads\/2022\/07\/GL-02-03-Ruta-de-la-Seda-07-06-2020-5-1.webp\" alt=\"Mercato della seta di Valencia\" class=\"wp-image-16388\" srcset=\"https:\/\/avalencia.com\/wp-content\/uploads\/2022\/07\/GL-02-03-Ruta-de-la-Seda-07-06-2020-5-1.webp 900w, https:\/\/avalencia.com\/wp-content\/uploads\/2022\/07\/GL-02-03-Ruta-de-la-Seda-07-06-2020-5-1-300x201.webp 300w, https:\/\/avalencia.com\/wp-content\/uploads\/2022\/07\/GL-02-03-Ruta-de-la-Seda-07-06-2020-5-1-768x515.webp 768w, https:\/\/avalencia.com\/wp-content\/uploads\/2022\/07\/GL-02-03-Ruta-de-la-Seda-07-06-2020-5-1-705x473.webp 705w\" sizes=\"(max-width: 900px) 100vw, 900px\" \/><\/a><\/figure>\n\n\n\n<figure class=\"wp-block-image size-full\"><a href=\"https:\/\/avalencia.com\/wp-content\/uploads\/2022\/07\/GL-02-04-Ruta-de-la-Seda-07-06-2020-3-1.webp\"><img decoding=\"async\" width=\"900\" height=\"604\" data-id=\"16393\" src=\"https:\/\/avalencia.com\/wp-content\/uploads\/2022\/07\/GL-02-04-Ruta-de-la-Seda-07-06-2020-3-1.webp\" alt=\"Scuola della seta Valencia\" class=\"wp-image-16393\" srcset=\"https:\/\/avalencia.com\/wp-content\/uploads\/2022\/07\/GL-02-04-Ruta-de-la-Seda-07-06-2020-3-1.webp 900w, https:\/\/avalencia.com\/wp-content\/uploads\/2022\/07\/GL-02-04-Ruta-de-la-Seda-07-06-2020-3-1-300x201.webp 300w, https:\/\/avalencia.com\/wp-content\/uploads\/2022\/07\/GL-02-04-Ruta-de-la-Seda-07-06-2020-3-1-768x515.webp 768w, https:\/\/avalencia.com\/wp-content\/uploads\/2022\/07\/GL-02-04-Ruta-de-la-Seda-07-06-2020-3-1-705x473.webp 705w\" sizes=\"(max-width: 900px) 100vw, 900px\" \/><\/a><\/figure>\n\n\n\n<figure class=\"wp-block-image size-full\"><a href=\"https:\/\/avalencia.com\/wp-content\/uploads\/2022\/07\/GL-02-05-LlonjadelaSeda-1-1.webp\"><img decoding=\"async\" width=\"900\" height=\"629\" data-id=\"16398\" src=\"https:\/\/avalencia.com\/wp-content\/uploads\/2022\/07\/GL-02-05-LlonjadelaSeda-1-1.webp\" alt=\"Guida al Museo della Seta Valencia\" class=\"wp-image-16398\" srcset=\"https:\/\/avalencia.com\/wp-content\/uploads\/2022\/07\/GL-02-05-LlonjadelaSeda-1-1.webp 900w, https:\/\/avalencia.com\/wp-content\/uploads\/2022\/07\/GL-02-05-LlonjadelaSeda-1-1-300x210.webp 300w, https:\/\/avalencia.com\/wp-content\/uploads\/2022\/07\/GL-02-05-LlonjadelaSeda-1-1-768x537.webp 768w, https:\/\/avalencia.com\/wp-content\/uploads\/2022\/07\/GL-02-05-LlonjadelaSeda-1-1-705x493.webp 705w\" sizes=\"(max-width: 900px) 100vw, 900px\" \/><\/a><\/figure>\n<\/figure>\n\n\n<p><!-- \/wp:paragraph --><\/p>\n<p><!-- wp:paragraph --><\/p>\n<h4>Durante questo tour della &#8220;Via della Seta Valencia&#8221; visiteremo:<\/h4>\n<h4>Il College di Arte Maggiore della Seta<\/h4>\n<p>Un edificio storico, simbolo dello splendore del commercio e dell&#8217;industria della seta di Valencia, che ha riaperto completamente le sue porte, dopo i lavori di restauro, nel giugno 2016, come il Museo della seta di Valencia, dopo due anni di restauro e dopo un investimento privato di quasi due milioni di euro da parte della Fondazione Hortensia Herrero.<\/p>\n<p>Questa fondazione ha deciso di assumere il salvataggio dell&#8217;edificio.&nbsp;<\/p>\n<p>Visiteremo la mostra per conoscere la storia della seta valenciana, e quindi vedremo:<\/p>\n<p><strong>l&#8217;Archivio, la Cappella, la Sala Pometa, la Sala della Fama, la Sala di Arti Minori e ai telai assisteremo a una dimostrazione del processo di elaborazione artigianale del espol\u00edn<\/strong> (tessuto di seta operato a fiorami).<\/p>\n<p><strong>Cammineremo attraverso il quartiere di Velluters<\/strong> per conoscere la sua storia e vedere la sua configurazione fisica legata alla sua origine febbrile e produttiva. Vedremo una delle facciate del laboratorio-Casa, come il Palacio de Tamarit. Questo edificio \u00e8 stato costruito come una casa di famiglia e un laboratorio da D. Vicente Tamarit nel XVIII secolo, e oggi \u00e8 la sede di FUNDACODE (Fondazione per la cooperazione e lo sviluppo interregionale), cos\u00ec come la sede Unesco \/ Valencia.<\/p>\n<h4>Visiteremo <strong>il Palazzo Balmes<\/strong><\/h4>\n<p>Un gioiello architettonico, costruito nel XV secolo dagli artigiani del legno di Valencia per gli incontri della fratellanza, fu ricostruita nel s. XVIII dagli stessi falegnami come sede generale dela fratellanza e riabilitato alla fine del s. XX.<\/p>\n<h4><strong>La Lonja de la Seda (Borsa della Seta<\/strong>)<\/h4>\n<p>Edificio emblematico di Valencia, del gotico civile del XV-XVI, secolo e migliore testimonianza dello splendore raggiunto dal commercio della seta a Valencia. Concepito come un tempio per il commercio e utilizzato essenzialmente per l&#8217;acquisto e la vendita di tessuti di seta, nel corso della storia ha avuto usi diversi. Il secondo incontro del programma &#8220;Via della seta&#8221; dell&#8217;Unesco si \u00e8 tenuto qui dall&#8217;8 al 12 giugno 2016.<\/p>\n<h4><strong>Possibilit\u00e0 di visitare il Reale College del las Escuelas Pias<\/strong> (Escolapi)<\/h4>\n<p>Il cui ordine di chierici regolari poveri \u00e8 stato fondato all&#8217;inizio del s. XVII dallo spagnolo San Jos\u00e9 de Calasanz, con l&#8217;obiettivo di dare educazione ai bambini senza risorse economiche. La Iglesia de las Escuelas P\u00edas \u00e8 un chiaro e puro esempio dell&#8217;architettura religiosa del neoclassicismo a Valencia. La sua cupola di 40 metri \u00e8 la seconda pi\u00f9 grande in Spagna e la prima nella Comunit\u00e0 Valenciana.<\/p>\n<h4><strong>E il Laboratorio \u2013 casa March<\/strong><\/h4>\n<p>Situato nel cuore del quartiere Carmen, uno dei quartieri pi\u00f9 affascinanti di Valencia. La Casa-taller March \u00e8 stata creata come un laboratorio di seta a met\u00e0 s. XIX, ma ben presto inizi\u00f2 a ospitare altre attivit\u00e0 come immagini, oreficeria, forgiatura e ceramica, mantenendo sempre la tradizionale struttura abitativa laboratorio-casa. Oggi \u00e8 la sede dell&#8217;Associazione degli artisti e degli artigiani \u00abLabor Art\u00bb ed \u00e8 una delle ultime botteghe artigiane rimaste nel centro storico di Valencia.<\/p>\n<p>In questa visita possiamo includere il mercato centrale, un edificio arte Liberty, inaugurato nel 1928, situato di fronte alla Lonja (Borsa della Seta). E se c&#8217;\u00e8 ancora tempo, potremmo fare una degustazione di &#8220;horchata&#8221; e un &#8220;fart\u00f3&#8221; bevanda e dolce tipico di Valencia.<\/p>\n<p><\/p>\n<p><!-- wp:buttons --><\/p>\n<div class=\"wp-block-buttons\"><!-- wp:button --><p><\/p>\n<div class=\"wp-block-button\"><a class=\"wp-block-button__link\" href=\"https:\/\/avalencia.com\/it\/contatto-guida-ufficiale-di-valencia\/\" target=\"_blank\" rel=\"noreferrer noopener\">Contatta con Angela Mar\u00ed Soler<\/a><\/div>\n<p><!-- \/wp:button --><\/p>\n<\/div>\n<p><!-- \/wp:buttons --><\/p>\n<p><!-- wp:atomic-blocks\/ab-spacer --><\/p>\n<div class=\"wp-block-atomic-blocks-ab-spacer ab-block-spacer ab-divider-solid ab-divider-size-1\" style=\"color: #ddd;\">\n<hr style=\"height: 30px;\"><\/div>\n<p><!-- \/wp:atomic-blocks\/ab-spacer --><\/p>\n<p><!-- wp:shortcode --><\/p>\n<p><!-- \/wp:shortcode --><\/p>\n<p><!-- wp:shortcode --><br><div  class='av-social-sharing-box  avia-builder-el-0  avia-builder-el-no-sibling  '><div class='av-share-box'><h5 class='av-share-link-description av-no-toc '>Condividi<\/h5><ul class='av-share-box-list noLightbox'><li class='av-share-link av-social-link-facebook' ><a target=\"_blank\" aria-label=\"Condividi su Facebook\" href='https:\/\/www.facebook.com\/sharer.php?u=https:\/\/avalencia.com\/it\/via-della-seta-valencia\/&#038;t=Via%20della%20Seta%20Valencia' aria-hidden='false' data-av_icon='\ue8f3' data-av_iconfont='entypo-fontello' title='' data-avia-related-tooltip='Condividi su Facebook' rel=\"noopener\"><span class='avia_hidden_link_text'>Condividi su Facebook<\/span><\/a><\/li><li class='av-share-link av-social-link-twitter' ><a target=\"_blank\" aria-label=\"Condividi su Twitter\" href='https:\/\/twitter.com\/share?text=Via%20della%20Seta%20Valencia&#038;url=https:\/\/avalencia.com\/it\/?p=6717' aria-hidden='false' data-av_icon='\ue8f1' data-av_iconfont='entypo-fontello' title='' data-avia-related-tooltip='Condividi su Twitter' rel=\"noopener\"><span class='avia_hidden_link_text'>Condividi su Twitter<\/span><\/a><\/li><li class='av-share-link av-social-link-pinterest' ><a target=\"_blank\" aria-label=\"Condividi su Pinterest\" href='https:\/\/pinterest.com\/pin\/create\/button\/?url=https%3A%2F%2Favalencia.com%2Fit%2Fvia-della-seta-valencia%2F&#038;description=Via%20della%20Seta%20Valencia&#038;media=https%3A%2F%2Favalencia.com%2Fwp-content%2Fuploads%2F2022%2F07%2Fdestacada-Ruta-de-la-Seda-20170518_201423--705x409.webp' aria-hidden='false' data-av_icon='\ue8f8' data-av_iconfont='entypo-fontello' title='' data-avia-related-tooltip='Condividi su Pinterest' rel=\"noopener\"><span class='avia_hidden_link_text'>Condividi su Pinterest<\/span><\/a><\/li><li class='av-share-link av-social-link-linkedin' ><a target=\"_blank\" aria-label=\"Condividi su LinkedIn\" href='https:\/\/linkedin.com\/shareArticle?mini=true&#038;title=Via%20della%20Seta%20Valencia&#038;url=https:\/\/avalencia.com\/it\/via-della-seta-valencia\/' aria-hidden='false' data-av_icon='\ue8fc' data-av_iconfont='entypo-fontello' title='' data-avia-related-tooltip='Condividi su LinkedIn' rel=\"noopener\"><span class='avia_hidden_link_text'>Condividi su LinkedIn<\/span><\/a><\/li><li class='av-share-link av-social-link-mail' ><a  aria-label=\"Condividi attraverso Mail\" href='mailto:?subject=Via%20della%20Seta%20Valencia&#038;body=https:\/\/avalencia.com\/it\/via-della-seta-valencia\/' aria-hidden='false' data-av_icon='\ue805' data-av_iconfont='entypo-fontello' title='' data-avia-related-tooltip='Condividi attraverso Mail'><span class='avia_hidden_link_text'>Condividi attraverso Mail<\/span><\/a><\/li><\/ul><\/div><\/div><br><!-- \/wp:shortcode --><\/p>","protected":false},"excerpt":{"rendered":"<p>Visita guidada &#8220;La Via della Seta&#8220; La Spagna \u00e8 stata inclusa nel 2015 come 32 \u00b0 Stato membro nel Programma della Via della Seta dell&#8217;UNESCO. Valencia era un importante centro serico, situato al chilometro 9090 delle mappe storiche del percorso. Nei quartieri di Velluters e Mercat abbiamo gli edifici pi\u00f9 emblematici che ci ricordano la [&hellip;]<\/p>\n","protected":false},"author":3,"featured_media":16355,"parent":0,"menu_order":0,"comment_status":"closed","ping_status":"closed","template":"","meta":{"footnotes":""},"class_list":["post-6717","page","type-page","status-publish","has-post-thumbnail","hentry"],"yoast_head":"<!-- This site is optimized with the Yoast SEO plugin v26.8 - https:\/\/yoast.com\/product\/yoast-seo-wordpress\/ -->\n<title>Via della Seta Valencia - con guida ufficiale - AVALENCIA<\/title>\n<meta name=\"description\" content=\"Visite guidate alla scoperta della Via della Seta Valencia \/ quartiere di Velluters. La citt\u00e0 fu un importante centro serico situata al chilometro 9090.\" \/>\n<meta name=\"robots\" content=\"index, follow, max-snippet:-1, max-image-preview:large, max-video-preview:-1\" \/>\n<link rel=\"canonical\" href=\"https:\/\/avalencia.com\/it\/via-della-seta-valencia\/\" \/>\n<meta property=\"og:locale\" content=\"it_IT\" \/>\n<meta property=\"og:type\" content=\"article\" \/>\n<meta property=\"og:title\" content=\"Via della Seta Valencia - con guida ufficiale - AVALENCIA\" \/>\n<meta property=\"og:description\" content=\"Visite guidate alla scoperta della Via della Seta Valencia \/ quartiere di Velluters. La citt\u00e0 fu un importante centro serico situata al chilometro 9090.\" \/>\n<meta property=\"og:url\" content=\"https:\/\/avalencia.com\/it\/via-della-seta-valencia\/\" \/>\n<meta property=\"og:site_name\" content=\"AVALENCIA\" \/>\n<meta property=\"article:publisher\" content=\"https:\/\/www.facebook.com\/angela.marisoler\" \/>\n<meta property=\"article:modified_time\" content=\"2022-09-01T09:00:12+00:00\" \/>\n<meta property=\"og:image\" content=\"https:\/\/avalencia.com\/wp-content\/uploads\/2022\/07\/destacada-Ruta-de-la-Seda-20170518_201423--e1659009083117.webp\" \/>\n\t<meta property=\"og:image:width\" content=\"999\" \/>\n\t<meta property=\"og:image:height\" content=\"579\" \/>\n\t<meta property=\"og:image:type\" content=\"image\/webp\" \/>\n<meta name=\"twitter:card\" content=\"summary_large_image\" \/>\n<meta name=\"twitter:site\" content=\"@angelamari400\" \/>\n<meta name=\"twitter:label1\" content=\"Est. reading time\" \/>\n\t<meta name=\"twitter:data1\" content=\"4 minutes\" \/>\n<script type=\"application\/ld+json\" class=\"yoast-schema-graph\">{\"@context\":\"https:\/\/schema.org\",\"@graph\":[{\"@type\":\"WebPage\",\"@id\":\"https:\/\/avalencia.com\/it\/via-della-seta-valencia\/\",\"url\":\"https:\/\/avalencia.com\/it\/via-della-seta-valencia\/\",\"name\":\"Via della Seta Valencia - con guida ufficiale - AVALENCIA\",\"isPartOf\":{\"@id\":\"https:\/\/avalencia.com\/it\/#website\"},\"primaryImageOfPage\":{\"@id\":\"https:\/\/avalencia.com\/it\/via-della-seta-valencia\/#primaryimage\"},\"image\":{\"@id\":\"https:\/\/avalencia.com\/it\/via-della-seta-valencia\/#primaryimage\"},\"thumbnailUrl\":\"https:\/\/avalencia.com\/wp-content\/uploads\/2022\/07\/destacada-Ruta-de-la-Seda-20170518_201423--e1659009083117.webp\",\"datePublished\":\"2020-05-05T08:29:17+00:00\",\"dateModified\":\"2022-09-01T09:00:12+00:00\",\"description\":\"Visite guidate alla scoperta della Via della Seta Valencia \/ quartiere di Velluters. La citt\u00e0 fu un importante centro serico situata al chilometro 9090.\",\"breadcrumb\":{\"@id\":\"https:\/\/avalencia.com\/it\/via-della-seta-valencia\/#breadcrumb\"},\"inLanguage\":\"it-IT\",\"potentialAction\":[{\"@type\":\"ReadAction\",\"target\":[\"https:\/\/avalencia.com\/it\/via-della-seta-valencia\/\"]}]},{\"@type\":\"ImageObject\",\"inLanguage\":\"it-IT\",\"@id\":\"https:\/\/avalencia.com\/it\/via-della-seta-valencia\/#primaryimage\",\"url\":\"https:\/\/avalencia.com\/wp-content\/uploads\/2022\/07\/destacada-Ruta-de-la-Seda-20170518_201423--e1659009083117.webp\",\"contentUrl\":\"https:\/\/avalencia.com\/wp-content\/uploads\/2022\/07\/destacada-Ruta-de-la-Seda-20170518_201423--e1659009083117.webp\",\"width\":999,\"height\":579},{\"@type\":\"BreadcrumbList\",\"@id\":\"https:\/\/avalencia.com\/it\/via-della-seta-valencia\/#breadcrumb\",\"itemListElement\":[{\"@type\":\"ListItem\",\"position\":1,\"name\":\"Portada\",\"item\":\"https:\/\/avalencia.com\/it\/\"},{\"@type\":\"ListItem\",\"position\":2,\"name\":\"Via della Seta Valencia\"}]},{\"@type\":\"WebSite\",\"@id\":\"https:\/\/avalencia.com\/it\/#website\",\"url\":\"https:\/\/avalencia.com\/it\/\",\"name\":\"AVALENCIA\",\"description\":\"Visitas culturales por Valencia y alrededores\",\"publisher\":{\"@id\":\"https:\/\/avalencia.com\/it\/#organization\"},\"potentialAction\":[{\"@type\":\"SearchAction\",\"target\":{\"@type\":\"EntryPoint\",\"urlTemplate\":\"https:\/\/avalencia.com\/it\/?s={search_term_string}\"},\"query-input\":{\"@type\":\"PropertyValueSpecification\",\"valueRequired\":true,\"valueName\":\"search_term_string\"}}],\"inLanguage\":\"it-IT\"},{\"@type\":\"Organization\",\"@id\":\"https:\/\/avalencia.com\/it\/#organization\",\"name\":\"Gu\u00eda Valencia\",\"url\":\"https:\/\/avalencia.com\/it\/\",\"logo\":{\"@type\":\"ImageObject\",\"inLanguage\":\"it-IT\",\"@id\":\"https:\/\/avalencia.com\/it\/#\/schema\/logo\/image\/\",\"url\":\"\",\"contentUrl\":\"\",\"caption\":\"Gu\u00eda Valencia\"},\"image\":{\"@id\":\"https:\/\/avalencia.com\/it\/#\/schema\/logo\/image\/\"},\"sameAs\":[\"https:\/\/www.facebook.com\/angela.marisoler\",\"https:\/\/x.com\/angelamari400\",\"https:\/\/www.instagram.com\/angelamarisoler\/\",\"https:\/\/www.linkedin.com\/feed\/?trk=guest_homepage-basic_sign-in-submit\",\"https:\/\/www.youtube.com\/channel\/UC4bWyTV2CWI65Qf0r1pjuXg?view_as=subscriber\"]}]}<\/script>\n<!-- \/ Yoast SEO plugin. -->","yoast_head_json":{"title":"Via della Seta Valencia - con guida ufficiale - AVALENCIA","description":"Visite guidate alla scoperta della Via della Seta Valencia \/ quartiere di Velluters. La citt\u00e0 fu un importante centro serico situata al chilometro 9090.","robots":{"index":"index","follow":"follow","max-snippet":"max-snippet:-1","max-image-preview":"max-image-preview:large","max-video-preview":"max-video-preview:-1"},"canonical":"https:\/\/avalencia.com\/it\/via-della-seta-valencia\/","og_locale":"it_IT","og_type":"article","og_title":"Via della Seta Valencia - con guida ufficiale - AVALENCIA","og_description":"Visite guidate alla scoperta della Via della Seta Valencia \/ quartiere di Velluters. La citt\u00e0 fu un importante centro serico situata al chilometro 9090.","og_url":"https:\/\/avalencia.com\/it\/via-della-seta-valencia\/","og_site_name":"AVALENCIA","article_publisher":"https:\/\/www.facebook.com\/angela.marisoler","article_modified_time":"2022-09-01T09:00:12+00:00","og_image":[{"width":999,"height":579,"url":"https:\/\/avalencia.com\/wp-content\/uploads\/2022\/07\/destacada-Ruta-de-la-Seda-20170518_201423--e1659009083117.webp","type":"image\/webp"}],"twitter_card":"summary_large_image","twitter_site":"@angelamari400","twitter_misc":{"Est. reading time":"4 minutes"},"schema":{"@context":"https:\/\/schema.org","@graph":[{"@type":"WebPage","@id":"https:\/\/avalencia.com\/it\/via-della-seta-valencia\/","url":"https:\/\/avalencia.com\/it\/via-della-seta-valencia\/","name":"Via della Seta Valencia - con guida ufficiale - AVALENCIA","isPartOf":{"@id":"https:\/\/avalencia.com\/it\/#website"},"primaryImageOfPage":{"@id":"https:\/\/avalencia.com\/it\/via-della-seta-valencia\/#primaryimage"},"image":{"@id":"https:\/\/avalencia.com\/it\/via-della-seta-valencia\/#primaryimage"},"thumbnailUrl":"https:\/\/avalencia.com\/wp-content\/uploads\/2022\/07\/destacada-Ruta-de-la-Seda-20170518_201423--e1659009083117.webp","datePublished":"2020-05-05T08:29:17+00:00","dateModified":"2022-09-01T09:00:12+00:00","description":"Visite guidate alla scoperta della Via della Seta Valencia \/ quartiere di Velluters. La citt\u00e0 fu un importante centro serico situata al chilometro 9090.","breadcrumb":{"@id":"https:\/\/avalencia.com\/it\/via-della-seta-valencia\/#breadcrumb"},"inLanguage":"it-IT","potentialAction":[{"@type":"ReadAction","target":["https:\/\/avalencia.com\/it\/via-della-seta-valencia\/"]}]},{"@type":"ImageObject","inLanguage":"it-IT","@id":"https:\/\/avalencia.com\/it\/via-della-seta-valencia\/#primaryimage","url":"https:\/\/avalencia.com\/wp-content\/uploads\/2022\/07\/destacada-Ruta-de-la-Seda-20170518_201423--e1659009083117.webp","contentUrl":"https:\/\/avalencia.com\/wp-content\/uploads\/2022\/07\/destacada-Ruta-de-la-Seda-20170518_201423--e1659009083117.webp","width":999,"height":579},{"@type":"BreadcrumbList","@id":"https:\/\/avalencia.com\/it\/via-della-seta-valencia\/#breadcrumb","itemListElement":[{"@type":"ListItem","position":1,"name":"Portada","item":"https:\/\/avalencia.com\/it\/"},{"@type":"ListItem","position":2,"name":"Via della Seta Valencia"}]},{"@type":"WebSite","@id":"https:\/\/avalencia.com\/it\/#website","url":"https:\/\/avalencia.com\/it\/","name":"AVALENCIA","description":"Visitas culturales por Valencia y alrededores","publisher":{"@id":"https:\/\/avalencia.com\/it\/#organization"},"potentialAction":[{"@type":"SearchAction","target":{"@type":"EntryPoint","urlTemplate":"https:\/\/avalencia.com\/it\/?s={search_term_string}"},"query-input":{"@type":"PropertyValueSpecification","valueRequired":true,"valueName":"search_term_string"}}],"inLanguage":"it-IT"},{"@type":"Organization","@id":"https:\/\/avalencia.com\/it\/#organization","name":"Gu\u00eda Valencia","url":"https:\/\/avalencia.com\/it\/","logo":{"@type":"ImageObject","inLanguage":"it-IT","@id":"https:\/\/avalencia.com\/it\/#\/schema\/logo\/image\/","url":"","contentUrl":"","caption":"Gu\u00eda Valencia"},"image":{"@id":"https:\/\/avalencia.com\/it\/#\/schema\/logo\/image\/"},"sameAs":["https:\/\/www.facebook.com\/angela.marisoler","https:\/\/x.com\/angelamari400","https:\/\/www.instagram.com\/angelamarisoler\/","https:\/\/www.linkedin.com\/feed\/?trk=guest_homepage-basic_sign-in-submit","https:\/\/www.youtube.com\/channel\/UC4bWyTV2CWI65Qf0r1pjuXg?view_as=subscriber"]}]}},"featured_image_src":"https:\/\/avalencia.com\/wp-content\/uploads\/2022\/07\/destacada-Ruta-de-la-Seda-20170518_201423--600x400.webp","featured_image_src_square":"https:\/\/avalencia.com\/wp-content\/uploads\/2022\/07\/destacada-Ruta-de-la-Seda-20170518_201423--600x579.webp","_links":{"self":[{"href":"https:\/\/avalencia.com\/it\/wp-json\/wp\/v2\/pages\/6717","targetHints":{"allow":["GET"]}}],"collection":[{"href":"https:\/\/avalencia.com\/it\/wp-json\/wp\/v2\/pages"}],"about":[{"href":"https:\/\/avalencia.com\/it\/wp-json\/wp\/v2\/types\/page"}],"author":[{"embeddable":true,"href":"https:\/\/avalencia.com\/it\/wp-json\/wp\/v2\/users\/3"}],"replies":[{"embeddable":true,"href":"https:\/\/avalencia.com\/it\/wp-json\/wp\/v2\/comments?post=6717"}],"version-history":[{"count":0,"href":"https:\/\/avalencia.com\/it\/wp-json\/wp\/v2\/pages\/6717\/revisions"}],"wp:featuredmedia":[{"embeddable":true,"href":"https:\/\/avalencia.com\/it\/wp-json\/wp\/v2\/media\/16355"}],"wp:attachment":[{"href":"https:\/\/avalencia.com\/it\/wp-json\/wp\/v2\/media?parent=6717"}],"curies":[{"name":"wp","href":"https:\/\/api.w.org\/{rel}","templated":true}]}}